{"id":1046693,"date":"2024-06-17T15:56:43","date_gmt":"2024-06-17T07:56:43","guid":{"rendered":"https:\/\/vimaterial.de\/product\/bismuth-metal-2\/"},"modified":"2024-06-17T15:56:43","modified_gmt":"2024-06-17T07:56:43","slug":"bismuth-metal-2","status":"publish","type":"product","link":"https:\/\/vimaterial.de\/fr\/product\/bismuth-metal-2\/","title":{"rendered":"Bismuth m\u00e9tal"},"content":{"rendered":"<p>Les <strong>aiguilles de<span style=\"color: #0000ff;\"><a style=\"color: #0000ff;\" href=\"https:\/\/vimaterial.de\/fr\/search\/?type=name&#038;keyword=Bismuth\">bismuth<\/a><\/span><\/strong> sont des mat\u00e9riaux en forme d&#8217;aiguille fabriqu\u00e9s \u00e0 partir de <strong>bismuth m\u00e9tallique de haute puret\u00e9<\/strong>, largement utilis\u00e9s dans la m\u00e9tallurgie, les semi-conducteurs et les produits pharmaceutiques. <strong><a href=\"https:\/\/vimaterial.de\/fr\/a-propos-de-nous\/\">VIMATERIAL<\/a><\/strong> fournit des mat\u00e9riaux en bismuth m\u00e9tallique de grande puret\u00e9, notamment de la poudre de bismuth, des cibles de bismuth, des tiges de bismuth et des granul\u00e9s de bismuth. Nous appliquons un contr\u00f4le de qualit\u00e9 strict, en subissant de multiples processus de raffinage et de purification afin de garantir l&#8217;homog\u00e9n\u00e9it\u00e9 et la stabilit\u00e9 des lots.<\/p>\n<p>En outre, tout en garantissant la qualit\u00e9 de nos produits, nous veillons \u00e0 ce qu&#8217;ils soient livr\u00e9s \u00e0 nos clients dans les meilleurs d\u00e9lais. Nous fournissons \u00e9galement un syst\u00e8me complet de service apr\u00e8s-vente afin de garantir une assistance compl\u00e8te pendant l&#8217;utilisation du produit. <strong><span style=\"color: #0000ff;\"><a style=\"color: #0000ff;\" href=\"https:\/\/vimaterial.de\/fr\/contact\/\">N&#8217;h\u00e9sitez pas \u00e0 nous contacter<\/a><\/span><\/strong> si n\u00e9cessaire !<\/p>\n<h2><span style=\"font-size: 14pt;\">Propri\u00e9t\u00e9s physiques<\/span><\/h2>\n<table style=\"border-collapse: collapse; width: 61.238%; height: 168px;\">\n<tbody>\n<tr style=\"height: 24px;\">\n<td style=\"width: 25.2458%; height: 24px;\"><strong>Param\u00e8tre<\/strong><\/td>\n<td style=\"width: 35.9922%; height: 24px;\"><strong>Valeur<\/strong><\/td>\n<\/tr>\n<tr style=\"height: 24px;\">\n<td style=\"width: 25.2458%; height: 24px;\">Formule chimique<\/td>\n<td style=\"width: 35.9922%; height: 24px;\">Bi<\/td>\n<\/tr>\n<tr style=\"height: 24px;\">\n<td style=\"width: 25.2458%; height: 24px;\">Poids mol\u00e9culaire<\/td>\n<td style=\"width: 35.9922%; height: 24px;\">208.98 g\/mol<\/td>\n<\/tr>\n<tr style=\"height: 24px;\">\n<td style=\"width: 25.2458%; height: 24px;\">Aspect<\/td>\n<td style=\"width: 35.9922%; height: 24px;\">Blanc argent\u00e9 avec un \u00e9clat m\u00e9tallique<\/td>\n<\/tr>\n<tr style=\"height: 24px;\">\n<td style=\"width: 25.2458%; height: 24px;\">Puret\u00e9<\/td>\n<td style=\"width: 35.9922%; height: 24px;\">99.99%-99.999%<\/td>\n<\/tr>\n<tr style=\"height: 24px;\">\n<td style=\"width: 25.2458%; height: 24px;\">Densit\u00e9<\/td>\n<td style=\"width: 35.9922%; height: 24px;\">9.<sup>78g\/cm3<\/sup><\/td>\n<\/tr>\n<tr style=\"height: 24px;\">\n<td style=\"width: 25.2458%; height: 24px;\">Point de fusion<\/td>\n<td style=\"width: 35.9922%; height: 24px;\">271.5\u2103<\/td>\n<\/tr>\n<tr>\n<td style=\"width: 25.2458%;\">Duret\u00e9<\/td>\n<td style=\"width: 35.9922%;\">La texture est fragile, la duret\u00e9 n&#8217;est pas \u00e9lev\u00e9e.<\/td>\n<\/tr>\n<tr>\n<td style=\"width: 25.2458%;\">Stabilit\u00e9<\/td>\n<td style=\"width: 35.9922%;\">Stable ; Tenir \u00e0 l&#8217;\u00e9cart d&#8217;un environnement fortement acide ou alcalin.<\/td>\n<\/tr>\n<\/tbody>\n<\/table>\n<h2><span style=\"font-size: 14pt;\">Processus de production<\/span><\/h2>\n<p>Pr\u00e9paration des mati\u00e8res premi\u00e8res : Les mati\u00e8res premi\u00e8res utilis\u00e9es pour la production des aiguilles Bi sont principalement du bismuth m\u00e9tal de haute puret\u00e9.<\/p>\n<p>Traitement du moulage : Le bismuth m\u00e9tal est chauff\u00e9 \u00e0 une certaine temp\u00e9rature pour le ramollir, puis il est transform\u00e9 en aiguilles par extrusion, \u00e9tirement et autres proc\u00e9d\u00e9s.<\/p>\n<p>Traitement de surface : Les m\u00e9thodes courantes de traitement de surface comprennent le polissage, la galvanoplastie, etc.<\/p>\n<p>Contr\u00f4le de la qualit\u00e9 : L&#8217;inspection de la qualit\u00e9 des aiguilles de bismuth comprend l&#8217;inspection de la taille, l&#8217;inspection de la qualit\u00e9 de la surface, l&#8217;inspection de la duret\u00e9, etc.<\/p>\n<h2><span style=\"font-size: 14pt;\">Pourquoi nous choisir ?<\/span><\/h2>\n<p><strong>Assistance technique compl\u00e8te :<\/strong> De la consultation avant-vente au service apr\u00e8s-vente, nous veillons \u00e0 ce que les clients ach\u00e8tent des produits ad\u00e9quats et soient satisfaits de nos services, afin de mettre en place une coop\u00e9ration durable et \u00e0 long terme.<\/p>\n<p><strong>Produits personnalis\u00e9s :<\/strong> Nous proposons des services de personnalisation. Si vos besoins ne figurent pas sur notre liste, nous pouvons les adapter \u00e0 vos besoins.<\/p>\n<p><strong>Des \u00e9chantillons peuvent \u00eatre fournis pour des tests effectu\u00e9s par des tiers<\/strong>: Si vous avez des questions sur la qualit\u00e9 des produits, nous pouvons fournir des \u00e9chantillons pour des tests effectu\u00e9s par des tiers, sur demande, afin de garantir vos droits.<\/p>\n<p><strong>Rapport TDS\/MSDS\/COA :<\/strong> Nous fournissons un rapport COA pour chaque lot de produits afin de garantir le suivi et le contr\u00f4le de la qualit\u00e9. Nous fournissons \u00e9galement des rapports MSDS et TDS sur demande.<\/p>\n<h2><span style=\"font-size: 14pt;\">Informations sur l&#8217;emballage des aiguilles de bismuth<\/span><\/h2>\n<p><strong>Emballage int\u00e9rieur :<\/strong> Bouteille\/sac scell\u00e9 sous vide \u00e0 double couche<\/p>\n<p><strong>Emballage ext\u00e9rieur :<\/strong> Carton rempli de mousse souple<\/p>\n<p>Le produit doit \u00eatre stock\u00e9 dans un environnement sec, frais et bien ventil\u00e9, l&#8217;emballage doit rester scell\u00e9 et il faut \u00e9viter les temp\u00e9ratures \u00e9lev\u00e9es, l&#8217;humidit\u00e9 \u00e9lev\u00e9e, la lumi\u00e8re et le contact avec d&#8217;autres produits chimiques.<\/p>\n<h2><span style=\"font-size: 14pt;\">Applications des aiguilles en bismuth<\/span><\/h2>\n<p><strong>Domaine m\u00e9dical<\/strong>: Les aiguilles de bismuth peuvent \u00eatre utilis\u00e9es dans certains traitements sp\u00e9ciaux.<\/p>\n<p><strong>Industrie \u00e9lectronique :<\/strong> Les aiguilles de bismuth peuvent \u00eatre utilis\u00e9es dans l&#8217;industrie \u00e9lectronique pour connecter des composants \u00e9lectroniques, fabriquer des \u00e9lectrodes, etc.<\/p>\n<p><strong>Recherche en laboratoire :<\/strong> Les aiguilles de bismuth peuvent \u00eatre utilis\u00e9es comme mat\u00e9riel exp\u00e9rimental pour \u00e9tudier les propri\u00e9t\u00e9s physiques et chimiques du bismuth.<\/p>\n<h2><span style=\"font-size: 14pt;\">Produits apparent\u00e9s<\/span><\/h2>\n<table style=\"border-collapse: collapse; width: 100%; height: 48px;\">\n<tbody>\n<tr style=\"height: 24px;\">\n<td style=\"width: 33.3333%; height: 24px;\"><strong><span style=\"color: #0000ff;\"><a style=\"color: #0000ff;\" href=\"https:\/\/vimaterial.de\/fr\/product\/bismuth-metal-4\/\">Poudre de bismuth<\/a><\/span><\/strong><\/td>\n<td style=\"width: 33.3333%; height: 24px;\"><strong><span style=\"color: #0000ff;\"><a style=\"color: #0000ff;\" href=\"https:\/\/vimaterial.de\/fr\/product\/bismuth-metal\/\">Cible de pulv\u00e9risation de bismuth<\/a><\/span><\/strong><\/td>\n<td style=\"width: 33.3333%; height: 24px;\"><strong><span style=\"color: #0000ff;\"><a style=\"color: #0000ff;\" href=\"https:\/\/vimaterial.de\/fr\/product\/bismuth-metal-3\/\">Tige de bismuth<\/a><\/span><\/strong><\/td>\n<\/tr>\n<tr style=\"height: 24px;\">\n<td style=\"width: 33.3333%; height: 24px;\"><strong><span style=\"color: #0000ff;\"><a style=\"color: #0000ff;\" href=\"https:\/\/vimaterial.de\/fr\/search\/?type=name&#038;keyword=Bismuth+oxide\">Oxyde de bismuth<\/a><\/span><\/strong><\/td>\n<td style=\"width: 33.3333%; height: 24px;\"><strong><span style=\"color: #0000ff;\"><a style=\"color: #0000ff;\" href=\"https:\/\/vimaterial.de\/fr\/search\/?type=element&#038;keyword=Bi2Te3\">Tellurure de bismuth<\/a><\/span><\/strong><\/td>\n<td style=\"width: 33.3333%; height: 24px;\"><strong><span style=\"color: #0000ff;\"><a style=\"color: #0000ff;\" href=\"https:\/\/vimaterial.de\/fr\/search\/?type=name&#038;keyword=Bismuth+Sulfide\">Sulfure de bismuth<\/a><\/span><\/strong><\/td>\n<\/tr>\n<\/tbody>\n<\/table>\n<h2><span style=\"font-size: 14pt;\">FAQ<\/span><\/h2>\n<p><strong>Q1 : Le bismuth est-il une mati\u00e8re dangereuse ?<\/strong><\/p>\n<p>R : Les cibles de bismuth ne sont pas des marchandises dangereuses et peuvent \u00eatre manipul\u00e9es comme des marchandises ordinaires.<\/p>\n<p>Toutefois, la poudre de bismuth est dangereuse et inflammable. Lorsqu&#8217;elle est utilis\u00e9e, elle doit \u00eatre tenue \u00e0 l&#8217;\u00e9cart des sources de chaleur, des surfaces chaudes, des \u00e9tincelles, des flammes nues et autres sources d&#8217;inflammation. Il est interdit de fumer et des mesures doivent \u00eatre prises pour \u00e9viter l&#8217;accumulation d&#8217;\u00e9lectricit\u00e9 statique.<\/p>\n<p><strong>Q2 : Quel est le d\u00e9lai de livraison ?<\/strong><\/p>\n<p>R : En stock : Exp\u00e9dition imm\u00e9diate<\/p>\n<p>Produits standard : G\u00e9n\u00e9ralement 2-4 semaines<\/p>\n<p>Produits personnalis\u00e9s : D\u00e9termin\u00e9 en fonction des d\u00e9tails requis<\/p>\n<p>Les exigences particuli\u00e8res peuvent \u00eatre discut\u00e9es<\/p>\n<p><strong>Q3 : Fournissez-vous un fichier MSDS ?<\/strong><\/p>\n<p>R : Oui, nous fournissons des fichiers TDS et MSDS. Vous trouverez les boutons &#8220;MSDS&#8221; et &#8220;TDS&#8221; sous la bo\u00eete de demande de renseignements, \u00e0 droite de l&#8217;image du produit.<\/p>\n","protected":false},"excerpt":{"rendered":"<p>Les aiguilles debismuth sont des mat\u00e9riaux en forme d&#8217;aiguille fabriqu\u00e9s \u00e0 partir de bismuth m\u00e9tallique de haute puret\u00e9, largement utilis\u00e9s dans la m\u00e9tallurgie, les semi-conducteurs et les produits pharmaceutiques. VIMATERIAL fournit des mat\u00e9riaux en bismuth m\u00e9tallique de grande puret\u00e9, notamment de la poudre de bismuth, des cibles de bismuth, des tiges de bismuth et des [&hellip;]<\/p>\n","protected":false},"featured_media":1033569,"comment_status":"open","ping_status":"closed","template":"","meta":{"_acf_changed":false},"product_brand":[],"product_cat":[236],"product_tag":[],"class_list":{"0":"post-1046693","1":"product","2":"type-product","3":"status-publish","4":"has-post-thumbnail","6":"product_cat-materiaux-devaporation","8":"first","9":"instock","10":"shipping-taxable","11":"purchasable","12":"product-type-variable"},"acf":[],"_links":{"self":[{"href":"https:\/\/vimaterial.de\/fr\/wp-json\/wp\/v2\/product\/1046693","targetHints":{"allow":["GET"]}}],"collection":[{"href":"https:\/\/vimaterial.de\/fr\/wp-json\/wp\/v2\/product"}],"about":[{"href":"https:\/\/vimaterial.de\/fr\/wp-json\/wp\/v2\/types\/product"}],"replies":[{"embeddable":true,"href":"https:\/\/vimaterial.de\/fr\/wp-json\/wp\/v2\/comments?post=1046693"}],"wp:featuredmedia":[{"embeddable":true,"href":"https:\/\/vimaterial.de\/fr\/wp-json\/wp\/v2\/media\/1033569"}],"wp:attachment":[{"href":"https:\/\/vimaterial.de\/fr\/wp-json\/wp\/v2\/media?parent=1046693"}],"wp:term":[{"taxonomy":"product_brand","embeddable":true,"href":"https:\/\/vimaterial.de\/fr\/wp-json\/wp\/v2\/product_brand?post=1046693"},{"taxonomy":"product_cat","embeddable":true,"href":"https:\/\/vimaterial.de\/fr\/wp-json\/wp\/v2\/product_cat?post=1046693"},{"taxonomy":"product_tag","embeddable":true,"href":"https:\/\/vimaterial.de\/fr\/wp-json\/wp\/v2\/product_tag?post=1046693"}],"curies":[{"name":"wp","href":"https:\/\/api.w.org\/{rel}","templated":true}]}}