{"id":1045040,"date":"2025-08-11T14:51:27","date_gmt":"2025-08-11T06:51:27","guid":{"rendered":"https:\/\/vimaterial.de\/product\/fluorure-de-sodium-3\/"},"modified":"2025-08-11T14:51:27","modified_gmt":"2025-08-11T06:51:27","slug":"fluorure-de-sodium-3","status":"publish","type":"product","link":"https:\/\/vimaterial.de\/fr\/product\/fluorure-de-sodium-3\/","title":{"rendered":"Fluorure de sodium"},"content":{"rendered":"<p><span style=\"color: #3366ff;\"><a style=\"color: #3366ff;\" href=\"https:\/\/vimaterial.de\/fr\/search\/?type=element&#038;keyword=naf\"><strong>Les granul\u00e9s de fluorure de sodium<\/strong><\/a><\/span> sont un sel inorganique de haute puret\u00e9, g\u00e9n\u00e9ralement disponible sous forme de granul\u00e9s cristallins uniformes et bien d\u00e9finis. Ils sont largement utilis\u00e9s dans les mat\u00e9riaux optiques, la fabrication d&#8217;appareils \u00e9lectroniques et la recherche. Gr\u00e2ce \u00e0 leur excellente stabilit\u00e9 chimique et \u00e0 leurs propri\u00e9t\u00e9s optiques, les granul\u00e9s de cristaux de NaF constituent une mati\u00e8re premi\u00e8re essentielle pour la chimie fine, le d\u00e9p\u00f4t de couches minces et d&#8217;autres proc\u00e9d\u00e9s industriels avanc\u00e9s.  <\/p>\n<h2><span style=\"font-size: 14pt;\">Propri\u00e9t\u00e9s physiques :<\/span><\/h2>\n<p>Formule chimique : NaF<\/p>\n<p>Poids mol\u00e9culaire : 41,99 g\/mol<\/p>\n<p>Aspect : Granul\u00e9s cristallins blancs de forme r\u00e9guli\u00e8re et de granulom\u00e9trie uniforme, adapt\u00e9s aux applications de pr\u00e9cision<\/p>\n<p>Puret\u00e9 : Haute puret\u00e9, g\u00e9n\u00e9ralement \u2265 99,9 %, garantissant la performance et la stabilit\u00e9 du mat\u00e9riau<\/p>\n<p>Densit\u00e9 : Environ 2,558 g\/cm\u00b3<\/p>\n<p>Point de fusion : Environ 993 \u00b0C (1 819 \u00b0F), haute tol\u00e9rance thermique adapt\u00e9e \u00e0 divers proc\u00e9d\u00e9s<\/p>\n<h2><span style=\"font-size: 14pt;\">Applications des granul\u00e9s de fluorure de sodium<\/span><\/h2>\n<h3><span style=\"font-size: 12pt;\">Mat\u00e9riaux optiques :<\/span><\/h3>\n<p>Gr\u00e2ce \u00e0 leur grande transparence dans les spectres ultraviolet (UV) et infrarouge (IR), les granul\u00e9s de cristal de NaF sont couramment utilis\u00e9s dans la fabrication de lentilles, fen\u00eatres et filtres optiques afin d\u2019am\u00e9liorer les performances et la durabilit\u00e9 des dispositifs optiques.<\/p>\n<h3><span style=\"font-size: 12pt;\">Industrie de l\u2019\u00e9lectronique et des semi-conducteurs:<\/span><\/h3>\n<p>Utilis\u00e9 pour la pr\u00e9paration de couches isolantes ou de mat\u00e9riaux de modification de surface dans les composants \u00e9lectroniques afin d\u2019am\u00e9liorer la stabilit\u00e9 et la fonctionnalit\u00e9 des dispositifs.<\/p>\n<h3><span style=\"font-size: 12pt;\">Rev\u00eatements protecteurs et antireflets:<\/span><\/h3>\n<p>Dans les rev\u00eatements de protection chimique et environnementale, les granul\u00e9s de fluorure de sodium am\u00e9liorent la r\u00e9sistance \u00e0 la corrosion et la protection contre l&#8217;humidit\u00e9, ce qui les rend adapt\u00e9s aux environnements difficiles.<\/p>\n<h3><span style=\"font-size: 12pt;\">Recherche et d\u00e9veloppement:<\/span><\/h3>\n<p>Largement utilis\u00e9 en science des mat\u00e9riaux et en technologie des couches minces pour faciliter la fabrication et l&#8217;\u00e9tude de nouveaux mat\u00e9riaux opto\u00e9lectroniques et de rev\u00eatements fonctionnels.<\/p>\n<h2><span style=\"font-size: 14pt;\">S\u00e9curit\u00e9 et stockage:<\/span><\/h2>\n<h3><span style=\"font-size: 12pt;\">vMesures de protection:<\/span><\/h3>\n<p>Lors de la manipulation des granul\u00e9s de cristaux de NaF, il est recommand\u00e9 de porter des gants, des lunettes et un masque de protection afin d&#8217;\u00e9viter l&#8217;inhalation ou l&#8217;ingestion de poussi\u00e8res, les fluorures pouvant \u00eatre toxiques.<\/p>\n<h3><span style=\"font-size: 12pt;\">Conditions de stockage:<\/span><\/h3>\n<p>Conserver dans un endroit sec, frais et bien ventil\u00e9. \u00c9viter tout contact avec des mati\u00e8res incompatibles telles que les acides forts afin d&#8217;\u00e9viter toute d\u00e9composition ou r\u00e9action ind\u00e9sirable. <\/p>\n","protected":false},"excerpt":{"rendered":"<p><span style=\"color: #3366ff;\"><a style=\"color: #3366ff;\" href=\"https:\/\/vimaterial.de\/fr\/search\/?type=element&#038;keyword=naf\"><strong>Les granul\u00e9s de fluorure de sodium<\/strong><\/a><\/span> sont un sel inorganique de haute puret\u00e9, g\u00e9n\u00e9ralement disponible sous forme de granul\u00e9s cristallins uniformes et bien d\u00e9finis. Ils sont largement utilis\u00e9s dans les mat\u00e9riaux optiques, la fabrication d&#8217;appareils \u00e9lectroniques et la recherche. Gr\u00e2ce \u00e0 leur excellente stabilit\u00e9 chimique et \u00e0 leurs propri\u00e9t\u00e9s optiques, les granul\u00e9s de cristaux de NaF constituent une mati\u00e8re premi\u00e8re essentielle pour la chimie fine, le d\u00e9p\u00f4t de couches minces et d&#8217;autres proc\u00e9d\u00e9s industriels avanc\u00e9s.  <\/p>\n","protected":false},"featured_media":1044634,"comment_status":"open","ping_status":"closed","template":"","meta":{"_acf_changed":false},"product_brand":[],"product_cat":[235],"product_tag":[],"class_list":{"0":"post-1045040","1":"product","2":"type-product","3":"status-publish","4":"has-post-thumbnail","6":"product_cat-cibles-de-pulverisation-planaire","8":"first","9":"instock","10":"shipping-taxable","11":"product-type-variable"},"acf":[],"_links":{"self":[{"href":"https:\/\/vimaterial.de\/fr\/wp-json\/wp\/v2\/product\/1045040","targetHints":{"allow":["GET"]}}],"collection":[{"href":"https:\/\/vimaterial.de\/fr\/wp-json\/wp\/v2\/product"}],"about":[{"href":"https:\/\/vimaterial.de\/fr\/wp-json\/wp\/v2\/types\/product"}],"replies":[{"embeddable":true,"href":"https:\/\/vimaterial.de\/fr\/wp-json\/wp\/v2\/comments?post=1045040"}],"wp:featuredmedia":[{"embeddable":true,"href":"https:\/\/vimaterial.de\/fr\/wp-json\/wp\/v2\/media\/1044634"}],"wp:attachment":[{"href":"https:\/\/vimaterial.de\/fr\/wp-json\/wp\/v2\/media?parent=1045040"}],"wp:term":[{"taxonomy":"product_brand","embeddable":true,"href":"https:\/\/vimaterial.de\/fr\/wp-json\/wp\/v2\/product_brand?post=1045040"},{"taxonomy":"product_cat","embeddable":true,"href":"https:\/\/vimaterial.de\/fr\/wp-json\/wp\/v2\/product_cat?post=1045040"},{"taxonomy":"product_tag","embeddable":true,"href":"https:\/\/vimaterial.de\/fr\/wp-json\/wp\/v2\/product_tag?post=1045040"}],"curies":[{"name":"wp","href":"https:\/\/api.w.org\/{rel}","templated":true}]}}