{"id":1043473,"date":"2025-03-24T19:01:09","date_gmt":"2025-03-24T11:01:09","guid":{"rendered":"https:\/\/vimaterial.de\/product\/fer-metal\/"},"modified":"2025-06-17T16:04:46","modified_gmt":"2025-06-17T08:04:46","slug":"fer-metal","status":"publish","type":"product","link":"https:\/\/vimaterial.de\/fr\/product\/fer-metal\/","title":{"rendered":"Fer m\u00e9tal"},"content":{"rendered":"<p><a href=\"https:\/\/vimaterial.de\/fr\/product\/metal-ferreux-2\/\"><strong><span style=\"color: #0000ff;\">La poudre sph\u00e9rique de fer m\u00e9tallique<\/span> <\/strong><\/a>est une sorte de mat\u00e9riau en poudre m\u00e9tallique haute performance avec une structure sph\u00e9rique microscopique unique, une forme sph\u00e9rique r\u00e9guli\u00e8re, principalement utilis\u00e9e dans l\u2019impression 3D, le rev\u00eatement de surface et d\u2019autres domaines.<\/p>\n<p>La <strong>poudre sph\u00e9rique de fer m\u00e9tallique<\/strong> fournie par VIMATERIAL a une distribution granulom\u00e9trique uniforme, une finition de surface \u00e9lev\u00e9e, une bonne fluidit\u00e9 et des propri\u00e9t\u00e9s de remplissage, <span style=\"color: #0000ff;\"><a style=\"color: #0000ff;\" href=\"https:\/\/vimaterial.de\/fr\/contact\/\">contactez-nous<\/a><\/span> pour des \u00e9chantillons.<\/p>\n<h2><span style=\"font-size: 14pt;\">Caract\u00e9ristiques<\/span><\/h2>\n<p>Formule chimique : Fe<\/p>\n<p>Poids mol\u00e9culaire : 55,85<\/p>\n<p>Apparence\u00a0: gris argent\u00e9 lustr\u00e9 m\u00e9tallis\u00e9<\/p>\n<p>Densit\u00e9 : 7,87 g\/cm\u00b3<\/p>\n<p>Point de fusion : environ 1538\u00b0C.<\/p>\n<p>Point d\u2019\u00e9bullition : env. 2861\u00b0C<\/p>\n<p>Structure cristalline : \u00c0 temp\u00e9rature et pression ambiantes, la poudre sph\u00e9rique Fe-Metal a une structure cristalline cubique centr\u00e9e sur le corps (BCC), ce qui lui conf\u00e8re un bon \u00e9quilibre entre r\u00e9sistance et t\u00e9nacit\u00e9. Lorsque la temp\u00e9rature augmente \u00e0 912\u00b0C &#8211; 1394\u00b0C, la structure cristalline se transforme en une structure cubique \u00e0 face centr\u00e9e (FCC).<\/p>\n<p>Autres propri\u00e9t\u00e9s : ferromagn\u00e9tisme important<\/p>\n<h2><span style=\"font-size: 14pt;\">Applications<\/span><\/h2>\n<p>Impression 3D : En tant que mati\u00e8re premi\u00e8re importante pour l\u2019impression 3D m\u00e9tallique, la <strong>poudre sph\u00e9rique de fer m\u00e9tallique<\/strong> peut \u00eatre utilis\u00e9e pour fabriquer des pi\u00e8ces m\u00e9talliques de diverses formes complexes.<\/p>\n<p>Industrie de la m\u00e9tallurgie des poudres : Dans la production de produits de m\u00e9tallurgie des poudres, les poudres sph\u00e9riques de m\u00e9taux ferreux peuvent \u00eatre utilis\u00e9es pour fabriquer des pi\u00e8ces m\u00e9caniques, des outils, des roulements, etc. En se m\u00e9langeant avec d\u2019autres poudres m\u00e9talliques et en passant par le pressage, le frittage et d\u2019autres processus, des produits de m\u00e9tallurgie des poudres \u00e0 haute r\u00e9sistance, \u00e0 haute r\u00e9sistance \u00e0 l\u2019usure et \u00e0 bonne r\u00e9sistance \u00e0 la corrosion peuvent \u00eatre pr\u00e9par\u00e9s.<\/p>\n<p>Domaine du rev\u00eatement de surface\u00a0: le rev\u00eatement de surface pr\u00e9par\u00e9 \u00e0 l\u2019aide de<strong> poudre sph\u00e9rique de fer m\u00e9tallique<\/strong> a une bonne r\u00e9sistance \u00e0 l\u2019abrasion, \u00e0 la corrosion et \u00e0 l\u2019oxydation, qui peut \u00eatre largement utilis\u00e9 dans la fabrication de machines, l\u2019industrie p\u00e9trochimique, la construction automobile et d\u2019autres industries pour prot\u00e9ger et renforcer la surface des pi\u00e8ces et prolonger la dur\u00e9e de vie des pi\u00e8ces.<\/p>\n<p>Champ d\u2019information \u00e9lectronique : Dans le domaine de l\u2019emballage \u00e9lectronique, des mat\u00e9riaux magn\u00e9tiques, etc., la poudre sph\u00e9rique de m\u00e9tal ferreux joue \u00e9galement un r\u00f4le important.<\/p>\n<h2><span style=\"font-size: 14pt;\">Contr\u00f4le de la qualit\u00e9<\/span><\/h2>\n<p><span style=\"color: #0000ff;\"><a style=\"color: #0000ff;\" href=\"https:\/\/vimaterial.de\/fr\/controle-qualite\/\">VIMATERIAL<\/a><\/span> adh\u00e8re aux normes les plus \u00e9lev\u00e9es de la R&amp;D, de la production au transport et au service client, enqu\u00eate sur les \u00e9carts sur la base de 8D Proc\u00e9dures de r\u00e9solution de probl\u00e8mes, respecte strictement les r\u00e9glementations REACH et toutes les normes ASTM et industrielles, s\u2019engage \u00e0 contr\u00f4ler la qualit\u00e9 et la coh\u00e9rence des lots, et construit une cha\u00eene d\u2019approvisionnement socialement responsable gr\u00e2ce \u00e0 une documentation compl\u00e8te et \u00e0 la tra\u00e7abilit\u00e9 des lots afin de prot\u00e9ger la sant\u00e9 humaine et la durabilit\u00e9 environnementale.<\/p>\n<h2><span style=\"font-size: 14pt;\">Emballage et stockage<\/span><\/h2>\n<p>Emballage\u00a0: Les petits emballages sont emball\u00e9s dans des bouteilles scell\u00e9es sous vide et emball\u00e9s dans des cartons ext\u00e9rieurs. Les grands emballages sont emball\u00e9s sous vide dans des sacs en papier d\u2019aluminium et emball\u00e9s dans des f\u00fbts sp\u00e9ciaux.<\/p>\n<p>Stockage\u00a0: <strong>Les produits en poudre sph\u00e9rique de fer m\u00e9tallique<\/strong> doivent \u00eatre stock\u00e9s dans des entrep\u00f4ts secs et bien ventil\u00e9s pour \u00e9viter l\u2019humidit\u00e9, la pluie et la lumi\u00e8re directe du soleil.<\/p>\n","protected":false},"excerpt":{"rendered":"<p><a href=\"https:\/\/vimaterial.de\/fr\/product\/metal-ferreux-2\/\"><strong><span style=\"color: #0000ff;\">La poudre sph\u00e9rique de fer m\u00e9tallique<\/span> <\/strong><\/a>est une sorte de mat\u00e9riau en poudre m\u00e9tallique haute performance avec une structure sph\u00e9rique microscopique unique, une forme sph\u00e9rique r\u00e9guli\u00e8re, principalement utilis\u00e9e dans l\u2019impression 3D, le rev\u00eatement de surface et d\u2019autres domaines.<\/p>\n<p>La <strong>poudre sph\u00e9rique de fer m\u00e9tallique<\/strong> fournie par VIMATERIAL a une distribution granulom\u00e9trique uniforme, une finition de surface \u00e9lev\u00e9e, une bonne fluidit\u00e9 et des propri\u00e9t\u00e9s de remplissage, <span style=\"color: #0000ff;\"><a style=\"color: #0000ff;\" href=\"https:\/\/vimaterial.de\/fr\/contact\/\">contactez-nous<\/a><\/span> pour des \u00e9chantillons.<\/p>\n","protected":false},"featured_media":1043469,"comment_status":"open","ping_status":"closed","template":"","meta":{"_acf_changed":false},"product_brand":[],"product_cat":[250],"product_tag":[],"class_list":{"0":"post-1043473","1":"product","2":"type-product","3":"status-publish","4":"has-post-thumbnail","6":"product_cat-poudre-de-metal-pur-et-dalliage","8":"first","9":"instock","10":"shipping-taxable","11":"product-type-variable"},"acf":[],"_links":{"self":[{"href":"https:\/\/vimaterial.de\/fr\/wp-json\/wp\/v2\/product\/1043473","targetHints":{"allow":["GET"]}}],"collection":[{"href":"https:\/\/vimaterial.de\/fr\/wp-json\/wp\/v2\/product"}],"about":[{"href":"https:\/\/vimaterial.de\/fr\/wp-json\/wp\/v2\/types\/product"}],"replies":[{"embeddable":true,"href":"https:\/\/vimaterial.de\/fr\/wp-json\/wp\/v2\/comments?post=1043473"}],"wp:featuredmedia":[{"embeddable":true,"href":"https:\/\/vimaterial.de\/fr\/wp-json\/wp\/v2\/media\/1043469"}],"wp:attachment":[{"href":"https:\/\/vimaterial.de\/fr\/wp-json\/wp\/v2\/media?parent=1043473"}],"wp:term":[{"taxonomy":"product_brand","embeddable":true,"href":"https:\/\/vimaterial.de\/fr\/wp-json\/wp\/v2\/product_brand?post=1043473"},{"taxonomy":"product_cat","embeddable":true,"href":"https:\/\/vimaterial.de\/fr\/wp-json\/wp\/v2\/product_cat?post=1043473"},{"taxonomy":"product_tag","embeddable":true,"href":"https:\/\/vimaterial.de\/fr\/wp-json\/wp\/v2\/product_tag?post=1043473"}],"curies":[{"name":"wp","href":"https:\/\/api.w.org\/{rel}","templated":true}]}}