{"id":1043446,"date":"2025-03-25T10:28:00","date_gmt":"2025-03-25T02:28:00","guid":{"rendered":"https:\/\/vimaterial.de\/product\/tungstene-metal-9\/"},"modified":"2025-06-16T17:46:49","modified_gmt":"2025-06-16T09:46:49","slug":"tungstene-metal-9","status":"publish","type":"product","link":"https:\/\/vimaterial.de\/fr\/product\/tungstene-metal-9\/","title":{"rendered":"Tungst\u00e8ne m\u00e9tal"},"content":{"rendered":"<p>La cible \u00e0 tube <span style=\"color: #0000ff;\"><a style=\"color: #0000ff;\" href=\"https:\/\/vimaterial.de\/fr\/product\/tungstene-metal-7\/\">m\u00e9tallique en tungst\u00e8ne<\/a> <\/span>est une cible creuse en tungst\u00e8ne de haute puret\u00e9 par pressage isostatique \u00e0 chaud (HIP), pulv\u00e9risation de plasma, frittage ou traitement de filage, qui est largement utilis\u00e9e dans le processus de d\u00e9p\u00f4t de couches minces d \u00ab \u00e9crans plats, de cellules solaires, de verre photovolta\u00efque et d \u00bb \u00e9crans tactiles. Son point de fusion \u00e9lev\u00e9, sa haute densit\u00e9 et son excellente conductivit\u00e9 \u00e9lectrique et thermique lui conf\u00e8rent une excellente stabilit\u00e9 structurelle et une uniformit\u00e9 de film dans un environnement sous vide \u00e0 haute temp\u00e9rature.<\/p>\n<p>Les cibles de tube m\u00e9tallique en tungst\u00e8ne fournies par VIMATERIAL ont un point de fusion et une stabilit\u00e9 thermique \u00e9lev\u00e9s, un taux de sortie de film rapide, une couche de film uniforme, un taux de recyclage \u00e9lev\u00e9, une puret\u00e9 \u00e9lev\u00e9e, une faible impuret\u00e9 et une forte r\u00e9sistance \u00e0 la corrosion,<span style=\"color: #0000ff;\"><a style=\"color: #0000ff;\" href=\"https:\/\/vimaterial.de\/fr\/contact\/\"> contactez-nous<\/a><\/span> pour une assistance technique.<\/p>\n<h2><span style=\"font-size: 14pt;\">Caract\u00e9ristique<\/span><\/h2>\n<p>Formule chimique : W<\/p>\n<p>Densit\u00e9 : La masse volumique th\u00e9orique est de 19,3 g\/cm\u00b3.<\/p>\n<p>Point de fusion : 3422\u00b0C<\/p>\n<p>R\u00e9sistivit\u00e9 : environ 5,5 \u03bc\u03a9-cm<\/p>\n<p>Structure cristalline Corps centr\u00e9 cubique (BCC)<\/p>\n<p>Dimensions : personnalis\u00e9es en fonction de l\u2019\u00e9quipement<\/p>\n<h2><span style=\"font-size: 14pt;\">Applications<\/span><\/h2>\n<p>Affichage \u00e0 \u00e9cran plat\u00a0: Les cibles \u00e0 tube m\u00e9tallique en tungst\u00e8ne sont largement utilis\u00e9es pour la pulv\u00e9risation en couches minces d\u2019\u00e9lectrodes m\u00e9talliques dans la production de TFT-LCD et OLED afin de fournir un chemin conducteur stable. Sa grande puret\u00e9 et son faible taux de particules garantissent la qualit\u00e9 de l\u2019affichage et le rendement du panneau.<\/p>\n<p>Rev\u00eatement de verre solaire photovolta\u00efque : Dans le rev\u00eatement \u00e0 faible \u00e9missivit\u00e9 du verre photovolta\u00efque, des cibles en tungst\u00e8ne sont utilis\u00e9es pour d\u00e9poser des couches de film fonctionnelles hautement r\u00e9fl\u00e9chissantes ou r\u00e9fl\u00e9chissantes infrarouges. Leur grande uniformit\u00e9 contribue \u00e0 am\u00e9liorer la transmission de la lumi\u00e8re et l\u2019efficacit\u00e9 de la conversion des cellules. 3.<\/p>\n<p>D\u00e9p\u00f4t de mat\u00e9riau de remplacement de l\u2019\u00e9cran tactile et de l\u2019ITO : En tant que mat\u00e9riau de pulv\u00e9risation cathodique \u00e0 couche mince conducteur, le tungst\u00e8ne m\u00e9tallique peut \u00eatre co-pulv\u00e9ris\u00e9 avec des oxydes pour former une couche conductrice transparente pour remplacer l\u2019ITO. En tant que mat\u00e9riau de pulv\u00e9risation bachot \u00e0 couche mince conducteur, le tungst\u00e8ne peut \u00eatre co-pulv\u00e9ris\u00e9 avec des oxydes pour former des couches conductrices transparentes au lieu de l\u2019ITO. Les cibles en tungst\u00e8ne ont une excellente adh\u00e9rence et stabilit\u00e9 de couche, et conviennent aux \u00e9crans flexibles et \u00e0 d\u2019autres technologies d\u2019affichage \u00e9mergentes.<\/p>\n<p>Semi-conducteurs et micro\u00e9lectronique : En tant que mat\u00e9riau d\u2019interconnexion m\u00e9tallique haute performance, le tungst\u00e8ne m\u00e9tal peut \u00eatre utilis\u00e9 pour le d\u00e9p\u00f4t de couches d\u2019insertion de grille et de contact dans les processus BEOL (back-end-of-chip). Les cibles en tungst\u00e8ne sont d\u00e9pos\u00e9es par pulv\u00e9risation magn\u00e9tron pour former des films m\u00e9talliques \u00e0 haute densit\u00e9 avec une faible r\u00e9sistance et une bonne stabilit\u00e9 thermique.<\/p>\n<h2><span style=\"font-size: 14pt;\">Contr\u00f4le de la qualit\u00e9<\/span><\/h2>\n<p><span style=\"color: #0000ff;\"><a style=\"color: #0000ff;\" href=\"https:\/\/vimaterial.de\/fr\/controle-qualite\/\">VIMATERIAL<\/a> <\/span>met strictement en \u0153uvre un syst\u00e8me de gestion de la qualit\u00e9 pour assurer la coh\u00e9rence et le haut niveau de nos produits tout au long du processus de R&amp;D, de production, d\u2019exp\u00e9dition et de service. Tous les lots doivent passer les tests standardis\u00e9s avant de quitter l\u2019usine et tout \u00e9cart est trait\u00e9 conform\u00e9ment \u00e0 la norme 8D proc\u00e9dure. Nous respectons pleinement les normes internationales telles que REACH et ASTM, et nous nous engageons \u00e0 construire une cha\u00eene d\u2019approvisionnement durable et socialement responsable.<\/p>\n<h2><span style=\"font-size: 14pt;\">Emballage et stockage<\/span><\/h2>\n<p>Les cibles en tube m\u00e9tallique de tungst\u00e8ne sont emball\u00e9es individuellement sous vide et plac\u00e9es dans des bo\u00eetes en bois personnalis\u00e9es.<\/p>\n<p>Les cibles en tube m\u00e9tallique de tungst\u00e8ne sont stock\u00e9es dans un environnement sec, propre et \u00e9tanche \u00e0 la lumi\u00e8re pour \u00e9viter l\u2019oxydation et la contamination de surface\u00a0; la temp\u00e9rature de stockage recommand\u00e9e est de 5 \u00e0 35 \u00b0C et l\u2019humidit\u00e9 &lt; relative de 50 % ; ils peuvent \u00eatre r\u00e9-aspir\u00e9s lorsqu\u2019ils n\u2019ont pas \u00e9t\u00e9 utilis\u00e9s pendant une longue p\u00e9riode.<\/p>\n","protected":false},"excerpt":{"rendered":"<p>La cible \u00e0 tube Tungst\u00e8ne m\u00e9tal<span style=\"color: #0000ff;\">\u00a0<\/span>est une cible creuse en tungst\u00e8ne de haute puret\u00e9 par pressage isostatique \u00e0 chaud (HIP), pulv\u00e9risation de plasma, frittage ou traitement de filage, qui est largement utilis\u00e9e dans le processus de d\u00e9p\u00f4t de couches minces d \u00ab \u00e9crans plats, de cellules solaires, de verre photovolta\u00efque et d \u00bb \u00e9crans tactiles. Son point de fusion \u00e9lev\u00e9, sa haute densit\u00e9 et son excellente conductivit\u00e9 \u00e9lectrique et thermique lui conf\u00e8rent une excellente stabilit\u00e9 structurelle et une uniformit\u00e9 de film dans un environnement sous vide \u00e0 haute temp\u00e9rature.<\/p>\n<p>Les cibles de tube m\u00e9tallique en tungst\u00e8ne fournies par VIMATERIAL ont un point de fusion et une stabilit\u00e9 thermique \u00e9lev\u00e9s, un taux de sortie de film rapide, une couche de film uniforme, un taux de recyclage \u00e9lev\u00e9, une puret\u00e9 \u00e9lev\u00e9e, une faible impuret\u00e9 et une forte r\u00e9sistance \u00e0 la corrosion,<span style=\"color: #0000ff;\"><a style=\"color: #0000ff;\" href=\"https:\/\/vimaterial.de\/fr\/contact\/\"> contactez-nous<\/a><\/span> pour une assistance technique.<\/p>\n","protected":false},"featured_media":1042683,"comment_status":"open","ping_status":"closed","template":"","meta":{"_acf_changed":false},"product_brand":[],"product_cat":[247],"product_tag":[],"class_list":{"0":"post-1043446","1":"product","2":"type-product","3":"status-publish","4":"has-post-thumbnail","6":"product_cat-cibles-de-pulverisation-rotative","8":"first","9":"instock","10":"shipping-taxable","11":"product-type-variable"},"acf":[],"_links":{"self":[{"href":"https:\/\/vimaterial.de\/fr\/wp-json\/wp\/v2\/product\/1043446","targetHints":{"allow":["GET"]}}],"collection":[{"href":"https:\/\/vimaterial.de\/fr\/wp-json\/wp\/v2\/product"}],"about":[{"href":"https:\/\/vimaterial.de\/fr\/wp-json\/wp\/v2\/types\/product"}],"replies":[{"embeddable":true,"href":"https:\/\/vimaterial.de\/fr\/wp-json\/wp\/v2\/comments?post=1043446"}],"wp:featuredmedia":[{"embeddable":true,"href":"https:\/\/vimaterial.de\/fr\/wp-json\/wp\/v2\/media\/1042683"}],"wp:attachment":[{"href":"https:\/\/vimaterial.de\/fr\/wp-json\/wp\/v2\/media?parent=1043446"}],"wp:term":[{"taxonomy":"product_brand","embeddable":true,"href":"https:\/\/vimaterial.de\/fr\/wp-json\/wp\/v2\/product_brand?post=1043446"},{"taxonomy":"product_cat","embeddable":true,"href":"https:\/\/vimaterial.de\/fr\/wp-json\/wp\/v2\/product_cat?post=1043446"},{"taxonomy":"product_tag","embeddable":true,"href":"https:\/\/vimaterial.de\/fr\/wp-json\/wp\/v2\/product_tag?post=1043446"}],"curies":[{"name":"wp","href":"https:\/\/api.w.org\/{rel}","templated":true}]}}