{"id":1043434,"date":"2025-03-25T10:46:46","date_gmt":"2025-03-25T02:46:46","guid":{"rendered":"https:\/\/vimaterial.de\/product\/cobalt-metal\/"},"modified":"2025-06-16T17:27:02","modified_gmt":"2025-06-16T09:27:02","slug":"cobalt-metal","status":"publish","type":"product","link":"https:\/\/vimaterial.de\/fr\/product\/cobalt-metal\/","title":{"rendered":"Cobalt m\u00e9tal"},"content":{"rendered":"<p><span style=\"color: #0000ff;\"><a style=\"color: #0000ff;\" href=\"https:\/\/vimaterial.de\/fr\/product\/metal-cobalt-8\/\">La poudre m\u00e9tallique de cobalt<\/a><\/span> est une poudre m\u00e9tallique grise \u00e0 gris-noir avec des propri\u00e9t\u00e9s magn\u00e9tiques, une conductivit\u00e9 \u00e9lectrique et une bonne stabilit\u00e9 thermique. C\u2019est une mati\u00e8re premi\u00e8re importante pour la fabrication d\u2019alliages haute performance, de mat\u00e9riaux de batterie, de catalyseurs et de mat\u00e9riaux magn\u00e9tiques, et elle est largement utilis\u00e9e dans l\u2019a\u00e9rospatiale, les nouvelles \u00e9nergies, le carbure c\u00e9ment\u00e9 et d\u2019autres domaines.<\/p>\n<p>La <strong>poudre de cobalt<\/strong> fournie par VIMATERIAL se caract\u00e9rise par une grande puret\u00e9, une consistance \u00e9lev\u00e9e, un excellent magn\u00e9tisme et une excellente conductivit\u00e9 \u00e9lectrique, une bonne stabilit\u00e9 chimique et une distribution contr\u00f4lable de la taille des particules, venez <span style=\"color: #0000ff;\"><a style=\"color: #0000ff;\" href=\"https:\/\/vimaterial.de\/fr\/contact\/\">nous contacter<\/a> <\/span>pour des \u00e9chantillons.<\/p>\n<h2><span style=\"font-size: 14pt;\">Caract\u00e9ristiques<\/span><\/h2>\n<p>Formule mol\u00e9culaire Co<\/p>\n<p>Poids mol\u00e9culaire 58,93 g\/mol<\/p>\n<p>Aspect Poudre m\u00e9tallis\u00e9e grise \u00e0 gris-noir avec \u00e9clat.<\/p>\n<p>Densit\u00e9 8,90 g\/cm\u00b3<\/p>\n<p>Point de fusion 1495\u00b0C<\/p>\n<p>Point d\u2019\u00e9bullition 2927\u00b0C<\/p>\n<p>Structure cristalline Structure hexagonale compacte (hcp)<\/p>\n<p>Propri\u00e9t\u00e9s magn\u00e9tiques Ferromagn\u00e9tiques (cobalt m\u00e9tallique)<\/p>\n<h2><span style=\"font-size: 14pt;\">Application<\/span><\/h2>\n<p>Carbure c\u00e9ment\u00e9 et outils de coupe\u00a0: La <strong>poudre de cobalt m\u00e9tallique<\/strong> est le mat\u00e9riau de phase liant pour la fabrication de carbure c\u00e9ment\u00e9 \u00e0 base de carbure de tungst\u00e8ne, ce qui peut am\u00e9liorer consid\u00e9rablement la t\u00e9nacit\u00e9 et la r\u00e9sistance \u00e0 l\u2019usure de l\u2019alliage. Il est largement utilis\u00e9 dans la coupe des m\u00e9taux, les outils miniers, les perceuses et autres pi\u00e8ces dans des conditions de charge \u00e9lev\u00e9e.<\/p>\n<p>Mat\u00e9riaux de la batterie\u00a0: La <strong>poudre de cobalt m\u00e9tallique<\/strong> est un pr\u00e9curseur important des mat\u00e9riaux d\u2019anode ternaires (tels que NCM, NCA) et du cobaltate de lithium pour les batteries lithium-ion. Sa grande stabilit\u00e9 \u00e9lectrochimique contribue \u00e0 am\u00e9liorer la densit\u00e9 \u00e9nerg\u00e9tique et la dur\u00e9e de vie de la batterie.<\/p>\n<p>Mat\u00e9riaux magn\u00e9tiques : Utilis\u00e9s dans la fabrication de mat\u00e9riaux magn\u00e9tiques permanents haute performance, tels que les aimants n\u00e9odyme-fer-bore (NdFeB) et samarium-cobalt (SmCo). L\u2019ajout de cobalt peut am\u00e9liorer la coercivit\u00e9 et la r\u00e9sistance \u00e0 la chaleur des aimants, adapt\u00e9s aux occasions \u00e0 haute temp\u00e9rature.<\/p>\n<p>Mat\u00e9riau catalytique : La <strong>poudre de cobalt m\u00e9tallique<\/strong> est utilis\u00e9e comme catalyseur m\u00e9tallique pour la synth\u00e8se Fischer-Tropsch, l\u2019oxydation de l\u2019ammoniac et d\u2019autres r\u00e9actions dans l\u2019industrie chimique. Sa surface sp\u00e9cifique \u00e9lev\u00e9e et sa dispersion peuvent am\u00e9liorer consid\u00e9rablement l\u2019efficacit\u00e9 catalytique et la dur\u00e9e de vie.<\/p>\n<h2><span style=\"font-size: 14pt;\">Contr\u00f4le de la qualit\u00e9<\/span><\/h2>\n<p><span style=\"color: #0000ff;\"><a style=\"color: #0000ff;\" href=\"https:\/\/vimaterial.de\/fr\/controle-qualite\/\">VIMATERIAL<\/a><\/span> met strictement en \u0153uvre un syst\u00e8me de gestion de la qualit\u00e9 pour assurer la coh\u00e9rence et le haut niveau de nos produits tout au long du processus de R&amp;D, de production, d\u2019exp\u00e9dition et de service. Tous les lots doivent passer les tests standardis\u00e9s avant de quitter l\u2019usine et tout \u00e9cart est trait\u00e9 conform\u00e9ment \u00e0 la norme 8D proc\u00e9dure. Nous respectons pleinement les normes internationales telles que REACH et ASTM, et nous nous engageons \u00e0 construire une cha\u00eene d\u2019approvisionnement durable et socialement responsable.<\/p>\n<h2><span style=\"font-size: 14pt;\">Emballage et stockage<\/span><\/h2>\n<p><strong>La poudre de cobalt m\u00e9tallique<\/strong> en petite quantit\u00e9 est emball\u00e9e dans des bouteilles sous vide doubles avec carton ext\u00e9rieur. De grandes quantit\u00e9s sont emball\u00e9es dans des f\u00fbts avec des sacs sp\u00e9ciaux en papier d\u2019aluminium, ou des emballages personnalis\u00e9s selon les exigences du client.<\/p>\n<p><strong>La poudre de cobalt m\u00e9tallique<\/strong> doit \u00eatre stock\u00e9e dans un environnement sec et bien ventil\u00e9 pour \u00e9viter l\u2019humidit\u00e9 et l\u2019oxydation. \u00c9vitez la lumi\u00e8re directe du soleil, \u00e9loignez-vous des acides, des oxydants et d\u2019autres r\u00e9actifs. Temp\u00e9rature de stockage sugg\u00e9r\u00e9e : 5-30\u00b0C, humidit\u00e9 &lt; relative 50\u00a0%.<\/p>\n","protected":false},"excerpt":{"rendered":"<p><span style=\"color: #0000ff;\"><a style=\"color: #0000ff;\" href=\"https:\/\/vimaterial.de\/fr\/product\/metal-cobalt-8\/\">La poudre m\u00e9tallique de cobalt<\/a><\/span> est une poudre m\u00e9tallique grise \u00e0 gris-noir avec des propri\u00e9t\u00e9s magn\u00e9tiques, une conductivit\u00e9 \u00e9lectrique et une bonne stabilit\u00e9 thermique. C\u2019est une mati\u00e8re premi\u00e8re importante pour la fabrication d\u2019alliages haute performance, de mat\u00e9riaux de batterie, de catalyseurs et de mat\u00e9riaux magn\u00e9tiques, et elle est largement utilis\u00e9e dans l\u2019a\u00e9rospatiale, les nouvelles \u00e9nergies, le carbure c\u00e9ment\u00e9 et d\u2019autres domaines.<\/p>\n<p>La <strong>poudre de cobalt<\/strong> fournie par VIMATERIAL se caract\u00e9rise par une grande puret\u00e9, une consistance \u00e9lev\u00e9e, un excellent magn\u00e9tisme et une excellente conductivit\u00e9 \u00e9lectrique, une bonne stabilit\u00e9 chimique et une distribution contr\u00f4lable de la taille des particules, venez <span style=\"color: #0000ff;\"><a style=\"color: #0000ff;\" href=\"https:\/\/vimaterial.de\/fr\/contact\/\">nous contacter<\/a> <\/span>pour des \u00e9chantillons.<\/p>\n","protected":false},"featured_media":1042694,"comment_status":"open","ping_status":"closed","template":"","meta":{"_acf_changed":false},"product_brand":[],"product_cat":[250],"product_tag":[],"class_list":{"0":"post-1043434","1":"product","2":"type-product","3":"status-publish","4":"has-post-thumbnail","6":"product_cat-poudre-de-metal-pur-et-dalliage","8":"first","9":"instock","10":"shipping-taxable","11":"product-type-variable"},"acf":[],"_links":{"self":[{"href":"https:\/\/vimaterial.de\/fr\/wp-json\/wp\/v2\/product\/1043434","targetHints":{"allow":["GET"]}}],"collection":[{"href":"https:\/\/vimaterial.de\/fr\/wp-json\/wp\/v2\/product"}],"about":[{"href":"https:\/\/vimaterial.de\/fr\/wp-json\/wp\/v2\/types\/product"}],"replies":[{"embeddable":true,"href":"https:\/\/vimaterial.de\/fr\/wp-json\/wp\/v2\/comments?post=1043434"}],"wp:featuredmedia":[{"embeddable":true,"href":"https:\/\/vimaterial.de\/fr\/wp-json\/wp\/v2\/media\/1042694"}],"wp:attachment":[{"href":"https:\/\/vimaterial.de\/fr\/wp-json\/wp\/v2\/media?parent=1043434"}],"wp:term":[{"taxonomy":"product_brand","embeddable":true,"href":"https:\/\/vimaterial.de\/fr\/wp-json\/wp\/v2\/product_brand?post=1043434"},{"taxonomy":"product_cat","embeddable":true,"href":"https:\/\/vimaterial.de\/fr\/wp-json\/wp\/v2\/product_cat?post=1043434"},{"taxonomy":"product_tag","embeddable":true,"href":"https:\/\/vimaterial.de\/fr\/wp-json\/wp\/v2\/product_tag?post=1043434"}],"curies":[{"name":"wp","href":"https:\/\/api.w.org\/{rel}","templated":true}]}}