{"id":1043419,"date":"2025-03-25T17:51:04","date_gmt":"2025-03-25T09:51:04","guid":{"rendered":"https:\/\/vimaterial.de\/product\/fluorure-de-magnesium-4\/"},"modified":"2025-06-16T17:01:37","modified_gmt":"2025-06-16T09:01:37","slug":"fluorure-de-magnesium-4","status":"publish","type":"product","link":"https:\/\/vimaterial.de\/fr\/product\/fluorure-de-magnesium-4\/","title":{"rendered":"Fluorure de magn\u00e9sium"},"content":{"rendered":"<p><span style=\"color: #0000ff;\"><a style=\"color: #0000ff;\" href=\"https:\/\/vimaterial.de\/fr\/product\/fluorure-de-magnesium-3\/\">Le fluorure de magn\u00e9sium<\/a><\/span> est un compos\u00e9 inorganique incolore et transparent dot\u00e9 d\u2019excellentes propri\u00e9t\u00e9s optiques et d\u2019une stabilit\u00e9 chimique. Sa forme granulaire est couramment utilis\u00e9e dans les rev\u00eatements optiques, les mat\u00e9riaux de fen\u00eatre infrarouge, les appareils laser et d\u2019autres domaines.<\/p>\n<p>Le fluorure de magn\u00e9sium fourni par VIMATERIAL se caract\u00e9rise par une transmittance \u00e9lev\u00e9e, une stabilit\u00e9 chimique \u00e9lev\u00e9e, une duret\u00e9 \u00e9lev\u00e9e et une bonne stabilit\u00e9 thermique, un faible indice de r\u00e9fraction, une tr\u00e8s faible hygroscopicit\u00e9, etc. <a href=\"https:\/\/vimaterial.de\/fr\/contact\/\"><span style=\"color: #0000ff;\">Contactez-nous<\/span><\/a> pour une assistance technique gratuite.<\/p>\n<h2><span style=\"font-size: 14pt;\">Caract\u00e9ristique<\/span><\/h2>\n<p>Formule chimique : MgF\u2082<\/p>\n<p>Poids mol\u00e9culaire : 62,30 g\/mol<\/p>\n<p>Densit\u00e9 : 3,15 g\/cm\u00b3<\/p>\n<p>Point de fusion : 1255\u00b0C<\/p>\n<p>Structure cristalline : Syst\u00e8me cristallin t\u00e9tragonal<\/p>\n<h2><span style=\"font-size: 14pt;\">Applications<\/span><\/h2>\n<p>Rev\u00eatement optique : Les granules de fluorure de magn\u00e9sium sont largement utilis\u00e9s dans la fabrication de rev\u00eatements antireflets, en particulier pour les composants optiques dans les bandes UV \u00e0 IR. Leur faible indice de r\u00e9fraction en fait l\u2019un des mat\u00e9riaux privil\u00e9gi\u00e9s pour les rev\u00eatements optiques multicouches.<\/p>\n<p>Composants optiques infrarouges : Dans les applications de fen\u00eatres et de lentilles infrarouges, le fluorure de magn\u00e9sium a une excellente transmission de la lumi\u00e8re et une stabilit\u00e9 thermique. Il est largement utilis\u00e9 dans les syst\u00e8mes d\u2019imagerie thermique, les capteurs infrarouges et les \u00e9quipements de vision nocturne.<\/p>\n<p>Syst\u00e8me laser : Le fluorure de magn\u00e9sium peut \u00eatre utilis\u00e9 comme mat\u00e9riau de fen\u00eatre optique dans les cavit\u00e9s de r\u00e9sonance laser et peut r\u00e9sister \u00e0 une irradiation laser de haute puissance. Sa grande puret\u00e9 et ses bonnes propri\u00e9t\u00e9s thermiques peuvent r\u00e9duire efficacement les pertes optiques et la distorsion thermique.<\/p>\n<p>\u00c9quipement optique UV : Le fluorure de magn\u00e9sium a une transmittance tr\u00e8s \u00e9lev\u00e9e dans la bande UV et constitue un mat\u00e9riau id\u00e9al pour les fen\u00eatres et les lentilles pour les spectrom\u00e8tres UV et les syst\u00e8mes de lampes UV. Sa stabilit\u00e9 chimique le rend \u00e9galement moins susceptible de se d\u00e9t\u00e9riorer sous l\u2019effet des rayons UV \u00e0 haute \u00e9nergie.<\/p>\n<h2><span style=\"font-size: 14pt;\">Contr\u00f4le de la qualit\u00e9<\/span><\/h2>\n<p><span style=\"color: #0000ff;\"><a style=\"color: #0000ff;\" href=\"https:\/\/vimaterial.de\/fr\/controle-qualite\/\">VIMATERIAL<\/a> <\/span>ex\u00e9cute strictement un syst\u00e8me de gestion de la qualit\u00e9 pour assurer la coh\u00e9rence et un niveau \u00e9lev\u00e9 dans l\u2019ensemble du processus de R&amp;D, de production, d\u2019exp\u00e9dition et de service. Tous les lots doivent r\u00e9ussir le test standardis\u00e9 avant l\u2019exp\u00e9dition et tout \u00e9cart est trait\u00e9 conform\u00e9ment \u00e0 la norme 8D proc\u00e9dure. Nous sommes enti\u00e8rement conformes aux normes internationales telles que REACH et ASTM, et nous nous engageons \u00e0 construire une cha\u00eene d\u2019approvisionnement durable et socialement responsable.<\/p>\n<h2><span style=\"font-size: 14pt;\">Emballage et stockage<\/span><\/h2>\n<p>Les granul\u00e9s de fluorure de magn\u00e9sium sont emball\u00e9s dans un emballage sous vide \u00e0 double couche avec protection de bouteille et emballage en carton ext\u00e9rieur pour les commandes de petites quantit\u00e9s. Un emballage personnalis\u00e9 est disponible sur demande.<\/p>\n<p>Conservez les granules de fluorure de magn\u00e9sium dans un endroit sec et frais, \u00e9vitez les environnements humides. Garder scell\u00e9 et \u00e9viter tout contact avec de l\u2019acide. Temp\u00e9rature de stockage recommand\u00e9e : 5\u00b0C-35\u00b0C, humidit\u00e9 &lt; relative 60\u00a0%.<\/p>\n","protected":false},"excerpt":{"rendered":"<p><span style=\"color: #0000ff;\"><a style=\"color: #0000ff;\" href=\"https:\/\/vimaterial.de\/fr\/product\/fluorure-de-magnesium-3\/\">Le fluorure de magn\u00e9sium<\/a><\/span> est un compos\u00e9 inorganique incolore et transparent dot\u00e9 d\u2019excellentes propri\u00e9t\u00e9s optiques et d\u2019une stabilit\u00e9 chimique. Sa forme granulaire est couramment utilis\u00e9e dans les rev\u00eatements optiques, les mat\u00e9riaux de fen\u00eatre infrarouge, les appareils laser et d\u2019autres domaines.<\/p>\n<p>Le fluorure de magn\u00e9sium fourni par VIMATERIAL se caract\u00e9rise par une transmittance \u00e9lev\u00e9e, une stabilit\u00e9 chimique \u00e9lev\u00e9e, une duret\u00e9 \u00e9lev\u00e9e et une bonne stabilit\u00e9 thermique, un faible indice de r\u00e9fraction, une tr\u00e8s faible hygroscopicit\u00e9, etc. <a href=\"https:\/\/vimaterial.de\/fr\/contact\/\"><span style=\"color: #0000ff;\">Contactez-nous<\/span><\/a> pour une assistance technique gratuite.<\/p>\n","protected":false},"featured_media":1042756,"comment_status":"open","ping_status":"closed","template":"","meta":{"_acf_changed":false},"product_brand":[],"product_cat":[236],"product_tag":[],"class_list":{"0":"post-1043419","1":"product","2":"type-product","3":"status-publish","4":"has-post-thumbnail","6":"product_cat-materiaux-devaporation","8":"first","9":"instock","10":"shipping-taxable","11":"purchasable","12":"product-type-variable"},"acf":[],"_links":{"self":[{"href":"https:\/\/vimaterial.de\/fr\/wp-json\/wp\/v2\/product\/1043419","targetHints":{"allow":["GET"]}}],"collection":[{"href":"https:\/\/vimaterial.de\/fr\/wp-json\/wp\/v2\/product"}],"about":[{"href":"https:\/\/vimaterial.de\/fr\/wp-json\/wp\/v2\/types\/product"}],"replies":[{"embeddable":true,"href":"https:\/\/vimaterial.de\/fr\/wp-json\/wp\/v2\/comments?post=1043419"}],"wp:featuredmedia":[{"embeddable":true,"href":"https:\/\/vimaterial.de\/fr\/wp-json\/wp\/v2\/media\/1042756"}],"wp:attachment":[{"href":"https:\/\/vimaterial.de\/fr\/wp-json\/wp\/v2\/media?parent=1043419"}],"wp:term":[{"taxonomy":"product_brand","embeddable":true,"href":"https:\/\/vimaterial.de\/fr\/wp-json\/wp\/v2\/product_brand?post=1043419"},{"taxonomy":"product_cat","embeddable":true,"href":"https:\/\/vimaterial.de\/fr\/wp-json\/wp\/v2\/product_cat?post=1043419"},{"taxonomy":"product_tag","embeddable":true,"href":"https:\/\/vimaterial.de\/fr\/wp-json\/wp\/v2\/product_tag?post=1043419"}],"curies":[{"name":"wp","href":"https:\/\/api.w.org\/{rel}","templated":true}]}}