{"id":1043331,"date":"2025-05-28T18:18:35","date_gmt":"2025-05-28T10:18:35","guid":{"rendered":"https:\/\/vimaterial.de\/?post_type=product&#038;p=1043331"},"modified":"2025-06-10T15:57:38","modified_gmt":"2025-06-10T07:57:38","slug":"zircone-stabilisee-a-l-yttrium","status":"publish","type":"product","link":"https:\/\/vimaterial.de\/fr\/product\/zircone-stabilisee-a-l-yttrium\/","title":{"rendered":"Zircone stabilis\u00e9e \u00e0 l\u2019yttrium (YSZ)"},"content":{"rendered":"<p><span style=\"color: #0000ff;\"><a style=\"color: #0000ff;\" href=\"https:\/\/vimaterial.de\/fr\/product\/zircone-stabilisee-a-lyttrium-ysz\/\"><strong>La poudre de zircone stabilis\u00e9e \u00e0 l&#8217;yttrium<\/strong><\/a><\/span> est un mat\u00e9riau c\u00e9ramique multiphas\u00e9 fabriqu\u00e9 en dotant une partie de l\u2019oxyde de zirconium (ZrO\u2082) avec de l\u2019yttrium (Y\u2082O\u2083). En raison de son excellente conductivit\u00e9 \u00e0 haute temp\u00e9rature, de sa stabilit\u00e9 thermique et de ses propri\u00e9t\u00e9s m\u00e9caniques, YSZ est devenu un mat\u00e9riau cl\u00e9 dans les domaines des \u00e9lectrolytes de piles \u00e0 combustible \u00e0 oxyde solide (SOFC), des rev\u00eatements de barri\u00e8re thermique par projection de plasma, des mat\u00e9riaux c\u00e9ramiques \u00e0 haute r\u00e9sistance, etc.<\/p>\n<p>Les poudres YSZ fournies par VIMATERIAL ont une vari\u00e9t\u00e9 de teneurs en yttrium (2 mol\u00a0%, 2,5 %, 3 mol\u00a0%, 4 %, 5 mol\u00a0%, 8 mol\u00a0% Y\u2082O\u2083) et sont largement utilis\u00e9es dans la recherche et les applications industrielles.<span style=\"color: #0000ff;\"><a style=\"color: #0000ff;\" href=\"https:\/\/vimaterial.de\/fr\/contact\/\">Contactez-nous.<\/a><\/span><\/p>\n<h2><span style=\"font-size: 14pt;\">Caract\u00e9ristique<\/span><\/h2>\n<p>Formule chimique: <strong>Y2O3-ZrO2<\/strong><\/p>\n<p>Aspect : poudre blanche ou blanc cass\u00e9<\/p>\n<p>Point de fusion : 2700 \u00b0C<\/p>\n<p>Structure cristalline : structure de phase cubique<\/p>\n<h2><span style=\"font-size: 14pt;\">Application<\/span><\/h2>\n<p>Pile \u00e0 combustible \u00e0 oxyde solide (SOFC) : La poudre de <strong>zircone stabilis\u00e9e \u00e0 l&#8217;yttrium<\/strong>\u00a0est un mat\u00e9riau \u00e9lectrolytique avec une excellente conductivit\u00e9 des ions oxyg\u00e8ne \u00e0 haute temp\u00e9rature et constitue la couche fonctionnelle centrale du SOFC.<\/p>\n<p>Rev\u00eatements de barri\u00e8re thermique (TBC) : Dans les moteurs d\u2019avion et les turbines \u00e0 gaz, la poudre de \u00a0<strong>zircone stabilis\u00e9e \u00e0 l&#8217;yttrium<\/strong><strong><span style=\"color: #000000;\">\u00a0<\/span><\/strong>est utilis\u00e9e pour les rev\u00eatements de surface afin d\u2019isoler efficacement et d\u2019am\u00e9liorer la dur\u00e9e de vie thermique des composants.<\/p>\n<p>C\u00e9ramique structurelle : La poudre <strong>de zircone stabilis\u00e9e \u00e0 l&#8217;yttrium<\/strong> est largement utilis\u00e9e dans les c\u00e9ramiques d\u2019ing\u00e9nierie haute performance telles que les outils de coupe, les roulements, les pompes et les vannes en raison de sa haute r\u00e9sistance et de sa r\u00e9sistance aux chocs thermiques.<\/p>\n<h2><span style=\"font-size: 14pt;\">Contr\u00f4le de la qualit\u00e9<\/span><\/h2>\n<p><span style=\"color: #0000ff;\"><a style=\"color: #0000ff;\" href=\"https:\/\/vimaterial.de\/fr\/controle-qualite\/\">Nos produits<\/a><\/span> suivent des proc\u00e9dures strictes de contr\u00f4le de la qualit\u00e9 et des m\u00e9thodes de test scientifiques, y compris ICP-MS, XRD, SEM, etc. pour effectuer une analyse compl\u00e8te des produits. Nos produits ont des enregistrements complets et une tra\u00e7abilit\u00e9 de l\u2019approvisionnement en mati\u00e8res premi\u00e8res, de la production \u00e0 l\u2019exp\u00e9dition pour assurer la coh\u00e9rence de la composition et des performances entre les lots, et chaque lot de produits est accompagn\u00e9 de donn\u00e9es compl\u00e8tes d\u2019inspection de la qualit\u00e9.<\/p>\n<h2><span style=\"font-size: 14pt;\">Emballage et stockage<\/span><\/h2>\n<p><strong>La poudre de zircone stabilis\u00e9e \u00e0 l&#8217;yttrium<\/strong>\u00a0est emball\u00e9e dans des flacons scell\u00e9s sous vide et est disponible dans diff\u00e9rentes sp\u00e9cifications d\u2019emballage telles que 50g \/ 100g \/ 500g \/ 1kg \/ 5 kg, qui peuvent \u00eatre personnalis\u00e9es en fonction des besoins du client. Les grandes quantit\u00e9s sont conditionn\u00e9es dans des f\u00fbts de 25 kg et fix\u00e9es avec des palettes standard.<\/p>\n<p><strong>La poudre de zircone stabilis\u00e9e \u00e0 l&#8217;yttrium<\/strong>\u00a0doit \u00eatre conserv\u00e9e dans un r\u00e9cipient scell\u00e9 \u00e0 temp\u00e9rature ambiante pour \u00e9viter l\u2019absorption d\u2019humidit\u00e9 et \u00e0 l\u2019abri des acides forts, des alcalis et des solvants volatils. Il est recommand\u00e9 de refermer le r\u00e9cipient apr\u00e8s l\u2019ouverture pour \u00e9viter l\u2019agglom\u00e9ration de poudre.<\/p>\n","protected":false},"excerpt":{"rendered":"<p><span style=\"color: #0000ff;\"><a style=\"color: #0000ff;\" href=\"https:\/\/vimaterial.de\/fr\/product\/zircone-stabilisee-a-lyttrium-ysz\/\"><strong>La poudre de zircone stabilis\u00e9e \u00e0 l&#8217;yttrium<\/strong><\/a><\/span> est un mat\u00e9riau c\u00e9ramique multiphas\u00e9 fabriqu\u00e9 en dotant une partie de l\u2019oxyde de zirconium (ZrO\u2082) avec de l\u2019yttrium (Y\u2082O\u2083). En raison de son excellente conductivit\u00e9 \u00e0 haute temp\u00e9rature, de sa stabilit\u00e9 thermique et de ses propri\u00e9t\u00e9s m\u00e9caniques, YSZ est devenu un mat\u00e9riau cl\u00e9 dans les domaines des \u00e9lectrolytes de piles \u00e0 combustible \u00e0 oxyde solide (SOFC), des rev\u00eatements de barri\u00e8re thermique par projection de plasma, des mat\u00e9riaux c\u00e9ramiques \u00e0 haute r\u00e9sistance, etc.<\/p>\n<p>Les poudres YSZ fournies par VIMATERIAL ont une vari\u00e9t\u00e9 de teneurs en yttrium (2 mol\u00a0%, 2,5 %, 3 mol\u00a0%, 4 %, 5 mol\u00a0%, 8 mol\u00a0% Y\u2082O\u2083) et sont largement utilis\u00e9es dans la recherche et les applications industrielles.<span style=\"color: #0000ff;\"><a style=\"color: #0000ff;\" href=\"https:\/\/vimaterial.de\/fr\/contact\/\">Contactez-nous.<\/a><\/span><\/p>\n<p>&nbsp;<\/p>\n","protected":false},"featured_media":1043360,"comment_status":"open","ping_status":"closed","template":"","meta":{"_acf_changed":false},"product_brand":[],"product_cat":[241,243],"product_tag":[],"class_list":{"0":"post-1043331","1":"product","2":"type-product","3":"status-publish","4":"has-post-thumbnail","6":"product_cat-materiaux-a-base-de-terres-rares","7":"product_cat-materiaux-oxydes-hydroxydes","9":"first","10":"instock","11":"shipping-taxable","12":"product-type-variable"},"acf":[],"_links":{"self":[{"href":"https:\/\/vimaterial.de\/fr\/wp-json\/wp\/v2\/product\/1043331","targetHints":{"allow":["GET"]}}],"collection":[{"href":"https:\/\/vimaterial.de\/fr\/wp-json\/wp\/v2\/product"}],"about":[{"href":"https:\/\/vimaterial.de\/fr\/wp-json\/wp\/v2\/types\/product"}],"replies":[{"embeddable":true,"href":"https:\/\/vimaterial.de\/fr\/wp-json\/wp\/v2\/comments?post=1043331"}],"wp:featuredmedia":[{"embeddable":true,"href":"https:\/\/vimaterial.de\/fr\/wp-json\/wp\/v2\/media\/1043360"}],"wp:attachment":[{"href":"https:\/\/vimaterial.de\/fr\/wp-json\/wp\/v2\/media?parent=1043331"}],"wp:term":[{"taxonomy":"product_brand","embeddable":true,"href":"https:\/\/vimaterial.de\/fr\/wp-json\/wp\/v2\/product_brand?post=1043331"},{"taxonomy":"product_cat","embeddable":true,"href":"https:\/\/vimaterial.de\/fr\/wp-json\/wp\/v2\/product_cat?post=1043331"},{"taxonomy":"product_tag","embeddable":true,"href":"https:\/\/vimaterial.de\/fr\/wp-json\/wp\/v2\/product_tag?post=1043331"}],"curies":[{"name":"wp","href":"https:\/\/api.w.org\/{rel}","templated":true}]}}