{"id":1042362,"date":"2025-03-12T15:41:42","date_gmt":"2025-03-12T07:41:42","guid":{"rendered":"https:\/\/vimaterial.de\/?post_type=product&#038;p=1042362"},"modified":"2025-06-26T15:42:51","modified_gmt":"2025-06-26T07:42:51","slug":"chlorure-de-tungstene-copy","status":"publish","type":"product","link":"https:\/\/vimaterial.de\/fr\/product\/chlorure-de-tungstene-copy\/","title":{"rendered":"Chlorure de tungst\u00e8ne"},"content":{"rendered":"<p><span style=\"color: #0000ff;\"><a style=\"color: #0000ff;\" href=\"https:\/\/vimaterial.de\/fr\/product\/chlorure-de-tungstene\/\">Le chlorure de tungst\u00e8ne(V) (WCl5)<\/a> <\/span>est un chlorure de tungst\u00e8ne \u00e0 haute valence compos\u00e9 d\u2019un atome de tungst\u00e8ne et de cinq atomes de chlore. Il s\u2019agit d\u2019un compos\u00e9 inorganique qui se pr\u00e9sente sous la forme d\u2019un solide cristallin vert fonc\u00e9 clignotant.<\/p>\n<h2><span style=\"font-size: 14pt;\">Propri\u00e9t\u00e9s physiques\u00a0:<\/span><\/h2>\n<p>Formule chimique\u00a0: WCl5<\/p>\n<p>Masse molaire : 361,11 g\/mol<\/p>\n<p>Apparence\u00a0: Poudre cristalline vert fonc\u00e9<\/p>\n<p>Point de fusion : 248\u00b0C<\/p>\n<p>Point d\u2019\u00e9bullition : 275,6 \u00b0C<\/p>\n<p>Densit\u00e9 : 3,875 g\/cm\u00b3 (\u00e0 25 \u00b0C), avec d\u2019autres sources rapportant 3,88 g\/cm\u00b3.<\/p>\n<p>Solubilit\u00e9 : Tr\u00e8s sensible \u00e0 l\u2019humidit\u00e9 et \u00e0 l\u2019eau, se d\u00e9compose lorsqu\u2019il est expos\u00e9 \u00e0 l\u2019air. Soluble dans l\u2019eau et s\u2019hydrolyse pour former W\u2082O\u2085. \u00c9galement soluble dans les solvants organiques tels que l\u2019ac\u00e9tonitrile, le benz\u00e8ne, le chloroforme et le disulfure de carbone.<\/p>\n<h2><span style=\"font-size: 14pt;\">Propri\u00e9t\u00e9s chimiques :<\/span><\/h2>\n<p>Stabilit\u00e9 : Lorsqu\u2019il est chauff\u00e9 \u00e0 l\u2019air, le pentachlorure de tungst\u00e8ne forme de l\u2019oxychlorure de tungst\u00e8ne (WOCl\u2084). Il se d\u00e9compose dans la plupart des solvants polaires, mais est l\u00e9g\u00e8rement soluble dans les solvants non polaires tels que le disulfure de carbone.<\/p>\n<p>R\u00e9activit\u00e9 : R\u00e9agit facilement avec les amines primaires pour former des compos\u00e9s amines.<\/p>\n<p>G\u00e9om\u00e9trie mol\u00e9culaire : La mol\u00e9cule WCl\u2085 a une g\u00e9om\u00e9trie bipyramidale trigonale, o\u00f9 l\u2019atome de tungst\u00e8ne est li\u00e9 \u00e0 cinq atomes de chlore via des liaisons covalentes sigma (\u03c3), avec des longueurs de liaison plus courtes dans le plan \u00e9quatorial.<\/p>\n<h2><span style=\"font-size: 14pt;\">Synth\u00e8se:<\/span><\/h2>\n<p>M\u00e9thode de r\u00e9duction : L\u2019hexachlorure de tungst\u00e8ne (WCl\u2086) est r\u00e9duit avec du phosphore rouge \u00e0 250-280 \u00b0C ou avec de l\u2019hydrog\u00e8ne \u00e0 380-400 \u00b0C.<\/p>\n<p>R\u00e9action de disproportion : Peut \u00eatre synth\u00e9tis\u00e9e par la r\u00e9action de disproportion du t\u00e9trachlorure de tungst\u00e8ne (WCl\u2084) ou par la d\u00e9composition thermique du trichlorure de tungst\u00e8ne (WCl\u2083).<\/p>\n<p>R\u00e9action de chloration : La poudre de tungst\u00e8ne est plac\u00e9e dans la couche sup\u00e9rieure et l\u2019hexachlorure de tungst\u00e8ne (WCl\u2086) dans la couche inf\u00e9rieure, avec du chlore gazeux introduit pour r\u00e9agir avec la poudre de tungst\u00e8ne pour produire du pentachlorure de tungst\u00e8ne brut. Le produit brut est ensuite sublim\u00e9 \u00e0 280-300 \u00b0C et condens\u00e9 pour obtenir du pentachlorure de tungst\u00e8ne de haute puret\u00e9.<\/p>\n<h2><span style=\"font-size: 14pt;\">Applications:<\/span><\/h2>\n<p>Synth\u00e8se d\u2019autres compos\u00e9s de tungst\u00e8ne : Le WCl5 est utilis\u00e9 pour synth\u00e9tiser d\u2019autres compos\u00e9s de tungst\u00e8ne, tels que l\u2019hexachlorure de tungst\u00e8ne (WCl\u2086), le t\u00e9trachlorure de tungst\u00e8ne (WCl\u2084), la poudre de tungst\u00e8ne et la poudre de carbure de tungst\u00e8ne. Ces compos\u00e9s ont diverses applications, notamment la poudre de tungst\u00e8ne pour les mat\u00e9riaux et alliages de tungst\u00e8ne, et la poudre de carbure de tungst\u00e8ne pour les alliages durs.<\/p>\n<p>Synth\u00e8se de catalyseurs et de compos\u00e9s organiques : WCl5 est \u00e9galement utilis\u00e9 dans la synth\u00e8se de catalyseurs et de compos\u00e9s organiques.<\/p>\n<h2><span style=\"font-size: 14pt;\">Contr\u00f4le de la qualit\u00e9<\/span><\/h2>\n<p>VI HALBLEITERMATERIAL GmbH (<span style=\"color: #0000ff;\"><a style=\"color: #0000ff;\" href=\"https:\/\/vimaterial.de\/fr\/controle-qualite\/\">VIMATERIAL)<\/a><\/span> met en \u0153uvre un syst\u00e8me d\u2019assurance qualit\u00e9 rigoureux, en effectuant un contr\u00f4le de qualit\u00e9 strict tout au long de la cha\u00eene de production, en retravaillant les produits d\u00e9fectueux et en ne lib\u00e9rant chaque lot qu\u2019apr\u00e8s avoir pass\u00e9 avec succ\u00e8s des tests de sp\u00e9cification d\u00e9taill\u00e9s. L\u2019entreprise adh\u00e8re aux normes les plus \u00e9lev\u00e9es en mati\u00e8re de R&amp;D, de production, d\u2019exp\u00e9dition et de service \u00e0 la client\u00e8le, enqu\u00eate sur les \u00e9carts via le 8D , conforme aux normes REACH et ASTM, assure l\u2019uniformit\u00e9 et la tra\u00e7abilit\u00e9 des lots, et s\u2019engage \u00e0 construire une cha\u00eene d\u2019approvisionnement socialement responsable pour prot\u00e9ger la sant\u00e9 humaine et l\u2019environnement.<\/p>\n<h2><span style=\"font-size: 14pt;\">Stockage et transport :<\/span><\/h2>\n<p>Conditions de stockage : En raison de sa sensibilit\u00e9 \u00e0 l\u2019humidit\u00e9 et \u00e0 l\u2019eau, le pentachlorure de tungst\u00e8ne (WCl5) doit \u00eatre stock\u00e9 dans un endroit sec, frais et bien ventil\u00e9, en \u00e9vitant tout contact avec l\u2019air. Il est g\u00e9n\u00e9ralement stock\u00e9 dans des tubes scell\u00e9s ou sous une atmosph\u00e8re de gaz inerte.<\/p>\n<p>Pr\u00e9cautions de transport : Pendant le transport, l\u2019emballage doit rester intact et scell\u00e9, conform\u00e9ment aux r\u00e9glementations applicables en mati\u00e8re de transport de mati\u00e8res dangereuses. Il ne doit pas \u00eatre transport\u00e9 avec des substances sensibles \u00e0 l\u2019humidit\u00e9 ou des oxydants.<\/p>\n","protected":false},"excerpt":{"rendered":"<p><span style=\"color: #0000ff;\"><a style=\"color: #0000ff;\" href=\"https:\/\/vimaterial.de\/fr\/product\/chlorure-de-tungstene\/\">Le chlorure de tungst\u00e8ne(V) (WCl5)<\/a> <\/span>est un chlorure de tungst\u00e8ne \u00e0 haute valence compos\u00e9 d\u2019un atome de tungst\u00e8ne et de cinq atomes de chlore. Il s\u2019agit d\u2019un compos\u00e9 inorganique qui se pr\u00e9sente sous la forme d\u2019un solide cristallin vert fonc\u00e9 clignotant.<\/p>\n","protected":false},"featured_media":1042388,"comment_status":"open","ping_status":"closed","template":"","meta":{"_acf_changed":false},"product_brand":[],"product_cat":[239],"product_tag":[],"class_list":{"0":"post-1042362","1":"product","2":"type-product","3":"status-publish","4":"has-post-thumbnail","6":"product_cat-materiaux-halogenes","8":"first","9":"instock","10":"shipping-taxable","11":"product-type-variable"},"acf":[],"_links":{"self":[{"href":"https:\/\/vimaterial.de\/fr\/wp-json\/wp\/v2\/product\/1042362","targetHints":{"allow":["GET"]}}],"collection":[{"href":"https:\/\/vimaterial.de\/fr\/wp-json\/wp\/v2\/product"}],"about":[{"href":"https:\/\/vimaterial.de\/fr\/wp-json\/wp\/v2\/types\/product"}],"replies":[{"embeddable":true,"href":"https:\/\/vimaterial.de\/fr\/wp-json\/wp\/v2\/comments?post=1042362"}],"wp:featuredmedia":[{"embeddable":true,"href":"https:\/\/vimaterial.de\/fr\/wp-json\/wp\/v2\/media\/1042388"}],"wp:attachment":[{"href":"https:\/\/vimaterial.de\/fr\/wp-json\/wp\/v2\/media?parent=1042362"}],"wp:term":[{"taxonomy":"product_brand","embeddable":true,"href":"https:\/\/vimaterial.de\/fr\/wp-json\/wp\/v2\/product_brand?post=1042362"},{"taxonomy":"product_cat","embeddable":true,"href":"https:\/\/vimaterial.de\/fr\/wp-json\/wp\/v2\/product_cat?post=1042362"},{"taxonomy":"product_tag","embeddable":true,"href":"https:\/\/vimaterial.de\/fr\/wp-json\/wp\/v2\/product_tag?post=1042362"}],"curies":[{"name":"wp","href":"https:\/\/api.w.org\/{rel}","templated":true}]}}