{"id":1042172,"date":"2025-03-05T14:24:46","date_gmt":"2025-03-05T06:24:46","guid":{"rendered":"https:\/\/vimaterial.de\/?post_type=product&#038;p=1042172"},"modified":"2025-06-26T16:19:17","modified_gmt":"2025-06-26T08:19:17","slug":"oxyde-de-zinc-dope-a-lalumine-copy","status":"publish","type":"product","link":"https:\/\/vimaterial.de\/fr\/product\/oxyde-de-zinc-dope-a-lalumine-copy\/","title":{"rendered":"Aluminium m\u00e9tal"},"content":{"rendered":"<p><span style=\"color: #0000ff;\"><a style=\"color: #0000ff;\" href=\"https:\/\/vimaterial.de\/fr\/product\/metal-en-aluminium\/\">La cible rotative en aluminium<\/a><\/span> est un type de cible de pulv\u00e9risation utilis\u00e9e dans l\u2019industrie du rev\u00eatement sous vide. C\u2019est un produit d\u2019aluminium de haute puret\u00e9 apr\u00e8s une s\u00e9rie de traitements. Il a une taille et une forme sp\u00e9cifiques de mat\u00e9riau en aluminium de haute puret\u00e9. Il est install\u00e9 sur une machine d\u2019enduction sous vide et pulv\u00e9ris\u00e9 pour former un film.<\/p>\n<p>La cible en tube d\u2019aluminium de VIMATERIAL a une teneur en \u00e9l\u00e9ments d\u2019impuret\u00e9s extr\u00eamement faible, une bonne conductivit\u00e9, une bonne r\u00e9flexion de la lumi\u00e8re, une bonne ductilit\u00e9 et une excellente r\u00e9sistance \u00e0 la corrosion. <span style=\"color: #0000ff;\"><a style=\"color: #0000ff;\" href=\"https:\/\/vimaterial.de\/fr\/contact\/\">Contactez-nous<\/a><\/span>.<\/p>\n<h2><span style=\"font-size: 14pt;\">Classification<\/span><\/h2>\n<p>Les cibles m\u00e9talliques en aluminium sont divis\u00e9es en cibles plates en aluminium et en cibles rotatives en aluminium :<\/p>\n<p>Les cibles plates en aluminium se pr\u00e9sentent sous la forme de feuilles, telles que rondes et carr\u00e9es.<\/p>\n<p>Les cibles rotatives en aluminium sont tubulaires, avec une efficacit\u00e9 d\u2019utilisation \u00e9lev\u00e9e, mais difficiles \u00e0 traiter. Ils n\u00e9cessitent une extrusion d\u2019aluminium de haute puret\u00e9, un \u00e9tirement, un redressement, un traitement thermique, un usinage et d\u2019autres \u00e9tapes de traitement pour finalement produire des cibles rotatives en aluminium.<\/p>\n<h2><span style=\"font-size: 14pt;\">Caract\u00e9ristiques<\/span><\/h2>\n<p>L\u00e9ger et solide<\/p>\n<p>Conductivit\u00e9 thermique et \u00e9lectrique \u00e9lev\u00e9e<\/p>\n<p>Excellente r\u00e9flectivit\u00e9<\/p>\n<p>Convient pour la pulv\u00e9risation magn\u00e9tron par radiofr\u00e9quence (RF) et courant continu (DC)<\/p>\n<h2><span style=\"font-size: 14pt;\">Applications<\/span><\/h2>\n<p>D\u00e9p\u00f4t de couches minces pour la fabrication de semi-conducteurs<\/p>\n<p>Couches r\u00e9fl\u00e9chissantes dans les dispositifs optiques<\/p>\n<p>Rev\u00eatements de protection et d\u00e9coratifs dans les industries a\u00e9rospatiale et automobile<\/p>\n<p>Couches barri\u00e8res dans les mat\u00e9riaux d\u2019emballage<\/p>\n<h2><span style=\"font-size: 14pt;\">Contr\u00f4le de la qualit\u00e9<\/span><\/h2>\n<p>VI HALBLEITERMATERIAL GmbH (<span style=\"color: #0000ff;\"><a style=\"color: #0000ff;\" href=\"https:\/\/vimaterial.de\/fr\/controle-qualite\/\">VIMATERIAL)<\/a><\/span> met en \u0153uvre un syst\u00e8me d\u2019assurance qualit\u00e9 rigoureux, en effectuant un contr\u00f4le de qualit\u00e9 strict tout au long de la cha\u00eene de production, en retravaillant les produits d\u00e9fectueux et en ne lib\u00e9rant chaque lot qu\u2019apr\u00e8s avoir pass\u00e9 avec succ\u00e8s des tests de sp\u00e9cification d\u00e9taill\u00e9s. L\u2019entreprise adh\u00e8re aux normes les plus \u00e9lev\u00e9es en mati\u00e8re de R&amp;D, de production, d\u2019exp\u00e9dition et de service \u00e0 la client\u00e8le, enqu\u00eate sur les \u00e9carts via le 8D , conforme aux normes REACH et ASTM, assure l\u2019uniformit\u00e9 et la tra\u00e7abilit\u00e9 des lots, et s\u2019engage \u00e0 construire une cha\u00eene d\u2019approvisionnement socialement responsable pour prot\u00e9ger la sant\u00e9 humaine et l\u2019environnement.<\/p>\n<h2><span style=\"font-size: 14pt;\">Emballage et stockage<\/span><\/h2>\n<p>La cible rotative en aluminium est emball\u00e9e sous vide et exp\u00e9di\u00e9e dans des caisses en bois personnalis\u00e9es par des professionnels.<\/p>\n<p>La cible rotative en aluminium doit \u00eatre stock\u00e9e dans un environnement sec et propre, la temp\u00e9rature est de 15 \u00e0 30 \u00b0C, l\u2019humidit\u00e9 relative \u2264 de 60\u00a0%, \u00e9vite le contact direct avec l\u2019eau, l\u2019acide, l\u2019alcali et d\u2019autres substances corrosives, tout en assurant l\u2019emballage sous vide, et l\u2019empilage doit \u00eatre maintenu stable pour \u00e9viter l\u2019extrusion et la d\u00e9formation, afin de garantir que les propri\u00e9t\u00e9s physiques de la cible et la qualit\u00e9 du rev\u00eatement ne seront pas affect\u00e9es.<\/p>\n","protected":false},"excerpt":{"rendered":"<p><span style=\"color: #0000ff;\"><a style=\"color: #0000ff;\" href=\"https:\/\/vimaterial.de\/fr\/product\/metal-en-aluminium\/\">La cible rotative en aluminium<\/a><\/span> est un type de cible de pulv\u00e9risation utilis\u00e9e dans l\u2019industrie du rev\u00eatement sous vide. C\u2019est un produit d\u2019aluminium de haute puret\u00e9 apr\u00e8s une s\u00e9rie de traitements. Il a une taille et une forme sp\u00e9cifiques de mat\u00e9riau en aluminium de haute puret\u00e9. Il est install\u00e9 sur une machine d\u2019enduction sous vide et pulv\u00e9ris\u00e9 pour former un film.<\/p>\n<p>La cible en tube d\u2019aluminium de VIMATERIAL a une teneur en \u00e9l\u00e9ments d\u2019impuret\u00e9s extr\u00eamement faible, une bonne conductivit\u00e9, une bonne r\u00e9flexion de la lumi\u00e8re, une bonne ductilit\u00e9 et une excellente r\u00e9sistance \u00e0 la corrosion. <span style=\"color: #0000ff;\"><a style=\"color: #0000ff;\" href=\"https:\/\/vimaterial.de\/fr\/contact\/\">Contactez-nous<\/a><\/span>.<\/p>\n","protected":false},"featured_media":1042150,"comment_status":"open","ping_status":"closed","template":"","meta":{"_acf_changed":false},"product_brand":[],"product_cat":[247],"product_tag":[],"class_list":{"0":"post-1042172","1":"product","2":"type-product","3":"status-publish","4":"has-post-thumbnail","6":"product_cat-cibles-de-pulverisation-rotative","8":"first","9":"instock","10":"shipping-taxable","11":"product-type-variable"},"acf":[],"_links":{"self":[{"href":"https:\/\/vimaterial.de\/fr\/wp-json\/wp\/v2\/product\/1042172","targetHints":{"allow":["GET"]}}],"collection":[{"href":"https:\/\/vimaterial.de\/fr\/wp-json\/wp\/v2\/product"}],"about":[{"href":"https:\/\/vimaterial.de\/fr\/wp-json\/wp\/v2\/types\/product"}],"replies":[{"embeddable":true,"href":"https:\/\/vimaterial.de\/fr\/wp-json\/wp\/v2\/comments?post=1042172"}],"wp:featuredmedia":[{"embeddable":true,"href":"https:\/\/vimaterial.de\/fr\/wp-json\/wp\/v2\/media\/1042150"}],"wp:attachment":[{"href":"https:\/\/vimaterial.de\/fr\/wp-json\/wp\/v2\/media?parent=1042172"}],"wp:term":[{"taxonomy":"product_brand","embeddable":true,"href":"https:\/\/vimaterial.de\/fr\/wp-json\/wp\/v2\/product_brand?post=1042172"},{"taxonomy":"product_cat","embeddable":true,"href":"https:\/\/vimaterial.de\/fr\/wp-json\/wp\/v2\/product_cat?post=1042172"},{"taxonomy":"product_tag","embeddable":true,"href":"https:\/\/vimaterial.de\/fr\/wp-json\/wp\/v2\/product_tag?post=1042172"}],"curies":[{"name":"wp","href":"https:\/\/api.w.org\/{rel}","templated":true}]}}