{"id":1041989,"date":"2025-03-04T18:05:18","date_gmt":"2025-03-04T10:05:18","guid":{"rendered":"https:\/\/vimaterial.de\/product\/alliage-de-molybdene-titane-zirconium-tzm\/"},"modified":"2025-03-07T15:02:01","modified_gmt":"2025-03-07T07:02:01","slug":"alliage-de-molybdene-titane-zirconium-tzm","status":"publish","type":"product","link":"https:\/\/vimaterial.de\/fr\/product\/alliage-de-molybdene-titane-zirconium-tzm\/","title":{"rendered":"Alliage de molybd\u00e8ne-titane-zirconium (TZM)"},"content":{"rendered":"<p>L\u2019alliage TZM, \u00e9galement connu sous le nom d\u2019alliage molybd\u00e8ne-zirconium-titane, est un mat\u00e9riau haute performance \u00e0 base de molybd\u00e8ne. Sa composition unique comprend 0,50 % de titane, 0,08 % de zirconium et 0,02 % de carbone, le reste \u00e9tant du molybd\u00e8ne. Cet alliage pr\u00e9sente des propri\u00e9t\u00e9s m\u00e9caniques sup\u00e9rieures \u00e0 haute temp\u00e9rature par rapport au molybd\u00e8ne pur, gr\u00e2ce \u00e0 son point de fusion \u00e9lev\u00e9, sa r\u00e9sistance \u00e9lev\u00e9e, son module d\u2019\u00e9lasticit\u00e9 \u00e9lev\u00e9, son faible coefficient de dilatation thermique, sa faible pression de vapeur, son excellente conductivit\u00e9 \u00e9lectrique et thermique et sa r\u00e9sistance exceptionnelle \u00e0 la corrosion.<\/p>\n<p>VIMATERIAL propose de la poudre sph\u00e9rique, des tubes, des tiges et bien plus encore. N\u2019h\u00e9sitez pas \u00e0 nous contacter si besoin.<\/p>\n<h2><span style=\"font-size: 14pt;\">M\u00e9canisme de renforcement de l\u2019alliage TZM<\/span><\/h2>\n<h3><span style=\"font-size: 12pt;\">\u00c9crouissage par d\u00e9formation \u00e0 froid<\/span><\/h3>\n<ul>\n<li>Augmente la r\u00e9sistance de l\u2019alliage tout en affinant la taille des grains, produisant une microstructure fibreuse et r\u00e9sistante.<\/li>\n<\/ul>\n<h3><span style=\"font-size: 12pt;\">Renforcement des solutions solides<\/span><\/h3>\n<ul>\n<li>De petites quantit\u00e9s de titane et de zirconium se dissolvent dans la matrice de molybd\u00e8ne, ce qui am\u00e9liore la stabilit\u00e9 structurelle et augmente la temp\u00e9rature de recristallisation.<\/li>\n<\/ul>\n<h3><span style=\"font-size: 12pt;\">Renforcement des pr\u00e9cipitations par durcissement par dispersion<\/span><\/h3>\n<ul>\n<li>La r\u00e9action entre les \u00e9l\u00e9ments substitutifs (Ti, Zr) et les \u00e9l\u00e9ments interstitiels (C) dans la matrice de molybd\u00e8ne forme des pr\u00e9cipit\u00e9s de carbure complexes sph\u00e9riques, am\u00e9liorant la r\u00e9sistance \u00e0 haute temp\u00e9rature et la r\u00e9sistance au fluage.<\/li>\n<\/ul>\n<h2><span style=\"font-size: 14pt;\">Applications<\/span><\/h2>\n<p>Les nombreux avantages de l\u2019alliage TZM le rendent tr\u00e8s polyvalent dans diverses industries :<\/p>\n<h3><span style=\"font-size: 12pt;\">1. D\u00e9fense et a\u00e9rospatiale<\/span><\/h3>\n<p>Ses excellentes propri\u00e9t\u00e9s m\u00e9caniques dans des conditions de temp\u00e9rature et de pression \u00e9lev\u00e9es le rendent largement utilis\u00e9 dans les industries militaires, telles que :<\/p>\n<ul>\n<li>Corps de soupapes de distribution dans les moteurs lance-torpilles<\/li>\n<li>Tuy\u00e8res de fus\u00e9e et gazoducs<\/li>\n<li>Inserts de gorge dans les syst\u00e8mes de propulsion<\/li>\n<\/ul>\n<h3><span style=\"font-size: 12pt;\">2. Industrie du verre<\/span><\/h3>\n<p>La r\u00e9sistance \u00e0 la corrosion de l\u2019alliage TZM contre les m\u00e9taux en fusion le rend id\u00e9al pour une utilisation dans la production de verre de tube de t\u00e9l\u00e9vision couleur, tels que :<\/p>\n<ul>\n<li>L\u2019arbre principal des touillettes plaqu\u00e9es platine-rhodium dans les fours \u00e0 verre<\/li>\n<\/ul>\n<h3><span style=\"font-size: 12pt;\">3. Moulage sous pression et moulage<\/span><\/h3>\n<p>En raison de son point de fusion \u00e9lev\u00e9, l\u2019alliage TZM est utilis\u00e9 pour le moulage sous pression de m\u00e9taux ferreux et non ferreux et les bouchons de per\u00e7age en acier inoxydable sans soudure, tels que :<\/p>\n<ul>\n<li>Moules de rotor en cuivre dans la fabrication de moteurs<\/li>\n<\/ul>\n<h3><span style=\"font-size: 12pt;\">4. Industrie \u00e9lectronique et \u00e9lectrique<\/span><\/h3>\n<p>Largement appliqu\u00e9 dans les industries \u00e9lectroniques et \u00e9lectriques, notamment :<\/p>\n<ul>\n<li>Cathodes et grilles dans les tubes \u00e9lectroniques<\/li>\n<li>Composants redresseurs haute tension<\/li>\n<li>Circuits int\u00e9gr\u00e9s \u00e0 couche mince de semi-conducteurs<\/li>\n<\/ul>\n<h3><span style=\"font-size: 12pt;\">5. Applications de l\u2019\u00e9nergie nucl\u00e9aire<\/span><\/h3>\n<p>Largement utilis\u00e9 dans les \u00e9quipements d\u2019\u00e9nergie nucl\u00e9aire en raison de sa r\u00e9sistance aux temp\u00e9ratures \u00e9lev\u00e9es et aux radiations, notamment :<\/p>\n<ul>\n<li>Boucliers anti-radiations<\/li>\n<li>Structures de support<\/li>\n<li>\u00c9changeurs de chaleur<\/li>\n<li>Glissi\u00e8res<\/li>\n<\/ul>\n<h3><span style=\"font-size: 12pt;\">6. Mat\u00e9riaux structurels \u00e0 haute temp\u00e9rature<\/span><\/h3>\n<p>L\u2019alliage TZM est \u00e9galement largement utilis\u00e9 comme mat\u00e9riau en feuille pour :<\/p>\n<ul>\n<li>Parois de four dans les fours \u00e0 haute temp\u00e9rature<\/li>\n<li>\u00c9crans isolants dans les machines de pressage isostatiques \u00e0 chaud<\/li>\n<\/ul>\n<p>Gr\u00e2ce \u00e0 ses propri\u00e9t\u00e9s exceptionnelles, l\u2019alliage TZM continue d\u2019\u00eatre un mat\u00e9riau essentiel dans les industries qui exigent une r\u00e9sistance, une stabilit\u00e9 et une durabilit\u00e9 \u00e9lev\u00e9es dans des environnements extr\u00eames.<\/p>\n<p>&nbsp;<\/p>\n","protected":false},"excerpt":{"rendered":"<p>L\u2019alliage TZM, \u00e9galement connu sous le nom d\u2019alliage molybd\u00e8ne-zirconium-titane, est un mat\u00e9riau haute performance \u00e0 base de molybd\u00e8ne. Sa composition unique comprend 0,50 % de titane, 0,08 % de zirconium et 0,02 % de carbone, le reste \u00e9tant du molybd\u00e8ne. Cet alliage pr\u00e9sente des propri\u00e9t\u00e9s m\u00e9caniques sup\u00e9rieures \u00e0 haute temp\u00e9rature par rapport au molybd\u00e8ne pur, [&hellip;]<\/p>\n","protected":false},"featured_media":1041985,"comment_status":"open","ping_status":"closed","template":"","meta":{"_acf_changed":false},"product_brand":[],"product_cat":[250],"product_tag":[],"class_list":{"0":"post-1041989","1":"product","2":"type-product","3":"status-publish","4":"has-post-thumbnail","6":"product_cat-poudre-de-metal-pur-et-dalliage","8":"first","9":"instock","10":"shipping-taxable","11":"product-type-variable"},"acf":[],"_links":{"self":[{"href":"https:\/\/vimaterial.de\/fr\/wp-json\/wp\/v2\/product\/1041989","targetHints":{"allow":["GET"]}}],"collection":[{"href":"https:\/\/vimaterial.de\/fr\/wp-json\/wp\/v2\/product"}],"about":[{"href":"https:\/\/vimaterial.de\/fr\/wp-json\/wp\/v2\/types\/product"}],"replies":[{"embeddable":true,"href":"https:\/\/vimaterial.de\/fr\/wp-json\/wp\/v2\/comments?post=1041989"}],"wp:featuredmedia":[{"embeddable":true,"href":"https:\/\/vimaterial.de\/fr\/wp-json\/wp\/v2\/media\/1041985"}],"wp:attachment":[{"href":"https:\/\/vimaterial.de\/fr\/wp-json\/wp\/v2\/media?parent=1041989"}],"wp:term":[{"taxonomy":"product_brand","embeddable":true,"href":"https:\/\/vimaterial.de\/fr\/wp-json\/wp\/v2\/product_brand?post=1041989"},{"taxonomy":"product_cat","embeddable":true,"href":"https:\/\/vimaterial.de\/fr\/wp-json\/wp\/v2\/product_cat?post=1041989"},{"taxonomy":"product_tag","embeddable":true,"href":"https:\/\/vimaterial.de\/fr\/wp-json\/wp\/v2\/product_tag?post=1041989"}],"curies":[{"name":"wp","href":"https:\/\/api.w.org\/{rel}","templated":true}]}}