{"id":1041818,"date":"2025-02-28T14:46:56","date_gmt":"2025-02-28T06:46:56","guid":{"rendered":"https:\/\/vimaterial.de\/product\/arsenic-metal-2\/"},"modified":"2025-03-10T14:29:06","modified_gmt":"2025-03-10T06:29:06","slug":"arsenic-metal-2","status":"publish","type":"product","link":"https:\/\/vimaterial.de\/fr\/product\/arsenic-metal-2\/","title":{"rendered":"Arsenic m\u00e9tal"},"content":{"rendered":"<p><span style=\"color: #0000ff;\"><a style=\"color: #0000ff;\" href=\"https:\/\/vimaterial.de\/fr\/product\/arsenic-metal\/\">Les m\u00e9ta-granul\u00e9s d\u2019arsenic<\/a><\/span>sont une sorte de lustre m\u00e9tallique, un mat\u00e9riau granulaire gris-noir, la formule chimique est As, qui a un certain degr\u00e9 de stabilit\u00e9 chimique et des propri\u00e9t\u00e9s physiques sp\u00e9ciales, dans l\u2019\u00e9lectronique, les alliages et d\u2019autres domaines ont des applications.<\/p>\n<p>VIMATERIAL fournit des granul\u00e9s d\u2019arsenic m\u00e9tallique dans diverses sp\u00e9cifications et prend en charge le service de liaison de cibles. Nous acceptons la personnalisation des produits, <span style=\"color: #0000ff;\"><a style=\"color: #0000ff;\" href=\"https:\/\/vimaterial.de\/fr\/contact\/\">contactez-nous.<\/a><\/span><\/p>\n<h2><span style=\"font-size: 14pt;\">Propri\u00e9t\u00e9s<\/span><\/h2>\n<p>Formule mol\u00e9culaire : Comme<\/p>\n<p>Poids mol\u00e9culaire : 74,92<\/p>\n<p>Apparence\u00a0: g\u00e9n\u00e9ralement des particules gris argent\u00e9 avec un \u00e9clat m\u00e9tallique, dures et cassantes<\/p>\n<p>Densit\u00e9 : 5,727 g\/mL \u00e0 25\u00b0C<\/p>\n<p>Point de fusion : 817\u00b0C<\/p>\n<p>Point d\u2019\u00e9bullition : 613\u00b0C<\/p>\n<p>Structure cristalline : L\u2019arsenic gris est un syst\u00e8me cristallin hexagonal.<\/p>\n<h2><span style=\"font-size: 14pt;\">Applications<\/span><\/h2>\n<p>Domaine \u00e9lectronique : Dans l\u2019industrie \u00e9lectronique, les particules d\u2019arsenic m\u00e9tallique peuvent \u00eatre utilis\u00e9es pour fabriquer certains composants \u00e9lectroniques sp\u00e9ciaux, tels que des dispositifs \u00e0 semi-conducteurs. En raison de ses propri\u00e9t\u00e9s \u00e9lectriques sp\u00e9cifiques, il peut jouer un r\u00f4le important dans les \u00e9quipements \u00e9lectroniques, comme dans certains circuits int\u00e9gr\u00e9s en tant que dopant pour am\u00e9liorer les propri\u00e9t\u00e9s \u00e9lectriques des semi-conducteurs, am\u00e9liorer les performances et la fiabilit\u00e9 des appareils \u00e9lectroniques.<\/p>\n<p>Domaine des alliages : Comme le m\u00e9tal peut former des alliages avec du cuivre, du plomb et d\u2019autres m\u00e9taux, ces alliages ont des propri\u00e9t\u00e9s uniques, telles que l\u2019am\u00e9lioration de la r\u00e9sistance \u00e0 l\u2019usure et \u00e0 la corrosion des m\u00e9taux. Dans la fabrication de certaines machines, l\u2019a\u00e9rospatiale et d\u2019autres domaines, ces alliages m\u00e9talliques d\u2019arsenic sont largement utilis\u00e9s dans la fabrication de composants cl\u00e9s pour r\u00e9pondre aux exigences de haute r\u00e9sistance et de haute fiabilit\u00e9.<\/p>\n<p>Autres domaines : En plus des principaux domaines d\u2019application ci-dessus, les particules d\u2019arsenic m\u00e9tallique ont \u00e9galement une valeur d\u2019application potentielle dans d\u2019autres domaines, tels que la recherche en science des mat\u00e9riaux en tant que mat\u00e9riau de base pour l\u2019exploration de la synth\u00e8se de nouveaux mat\u00e9riaux et la recherche sur les performances ; Dans le domaine de la m\u00e9decine, bien que l\u2019arsenic m\u00e9tallique lui-m\u00eame ait une toxicit\u00e9, mais apr\u00e8s un traitement sp\u00e9cial et un contr\u00f4le strict du dosage, ses compos\u00e9s dans le traitement de certaines maladies ont \u00e9galement certaines recherches et applications.<\/p>\n<h2><span style=\"font-size: 14pt;\">Contr\u00f4le de la qualit\u00e9<\/span><\/h2>\n<p><span style=\"color: #0000ff;\"><a style=\"color: #0000ff;\" href=\"https:\/\/vimaterial.de\/fr\/controle-qualite\/\">Chaque lot<\/a><\/span> de produits garantit strictement la qualit\u00e9, de la s\u00e9lection des fournisseurs de mati\u00e8res premi\u00e8res \u00e0 l\u2019utilisation d\u2019\u00e9quipements de test avanc\u00e9s pour surveiller avec pr\u00e9cision l\u2019ensemble du processus de production, jusqu\u2019au produit fini \u00e0 travers de nombreuses s\u00e9ries d\u2019\u00e9chantillonnage rigoureux et de certification par une tierce partie faisant autorit\u00e9, jusqu\u2019\u00e0 un syst\u00e8me de contr\u00f4le de la qualit\u00e9 complet et \u00e0 tol\u00e9rance z\u00e9ro pour garantir que chaque lot de produits respecte et d\u00e9passe les normes \u00e9lev\u00e9es de l\u2019industrie. Fournir \u00e0 nos clients la meilleure qualit\u00e9 et les produits les plus stables.<\/p>\n<h2><span style=\"font-size: 14pt;\">Emballage et stockage<\/span><\/h2>\n<p>Les granul\u00e9s d\u2019arsenic m\u00e9tallique sont emball\u00e9s dans un sac sous vide ou une bouteille sous vide dans un carton pour assurer un transport en toute s\u00e9curit\u00e9.<\/p>\n<p>Les particules d\u2019arsenic m\u00e9tallique doivent \u00eatre stock\u00e9es s\u00e9par\u00e9ment dans des entrep\u00f4ts frais, secs et bien ventil\u00e9s d\u00e9di\u00e9s aux produits chimiques hautement toxiques, en particulier les substances oxydantes, les acides, etc., les conteneurs de stockage doivent \u00eatre herm\u00e9tiquement ferm\u00e9s et les entrep\u00f4ts doivent \u00eatre \u00e9quip\u00e9s d\u2019installations anti-fuite, de pr\u00e9vention des incendies, d\u2019installations antid\u00e9flagrantes et d\u2019\u00e9quipements de manutention d\u2019urgence.<\/p>\n","protected":false},"excerpt":{"rendered":"<p><span style=\"color: #0000ff;\"><a style=\"color: #0000ff;\" href=\"https:\/\/vimaterial.de\/fr\/product\/arsenic-metal\/\">Les m\u00e9ta-granul\u00e9s d\u2019arsenic<\/a><\/span>sont une sorte de lustre m\u00e9tallique, un mat\u00e9riau granulaire gris-noir, la formule chimique est As, qui a un certain degr\u00e9 de stabilit\u00e9 chimique et des propri\u00e9t\u00e9s physiques sp\u00e9ciales, dans l\u2019\u00e9lectronique, les alliages et d\u2019autres domaines ont des applications.<\/p>\n<p>VIMATERIAL fournit des granul\u00e9s d\u2019arsenic m\u00e9tallique dans diverses sp\u00e9cifications et prend en charge le service de liaison de cibles. Nous acceptons la personnalisation des produits, <span style=\"color: #0000ff;\"><a style=\"color: #0000ff;\" href=\"https:\/\/vimaterial.de\/fr\/contact\/\">contactez-nous.<\/a><\/span><\/p>\n<p>&nbsp;<\/p>\n","protected":false},"featured_media":1041789,"comment_status":"open","ping_status":"closed","template":"","meta":{"_acf_changed":false},"product_brand":[],"product_cat":[236],"product_tag":[],"class_list":{"0":"post-1041818","1":"product","2":"type-product","3":"status-publish","4":"has-post-thumbnail","6":"product_cat-materiaux-devaporation","8":"first","9":"instock","10":"shipping-taxable","11":"purchasable","12":"product-type-variable"},"acf":[],"_links":{"self":[{"href":"https:\/\/vimaterial.de\/fr\/wp-json\/wp\/v2\/product\/1041818","targetHints":{"allow":["GET"]}}],"collection":[{"href":"https:\/\/vimaterial.de\/fr\/wp-json\/wp\/v2\/product"}],"about":[{"href":"https:\/\/vimaterial.de\/fr\/wp-json\/wp\/v2\/types\/product"}],"replies":[{"embeddable":true,"href":"https:\/\/vimaterial.de\/fr\/wp-json\/wp\/v2\/comments?post=1041818"}],"wp:featuredmedia":[{"embeddable":true,"href":"https:\/\/vimaterial.de\/fr\/wp-json\/wp\/v2\/media\/1041789"}],"wp:attachment":[{"href":"https:\/\/vimaterial.de\/fr\/wp-json\/wp\/v2\/media?parent=1041818"}],"wp:term":[{"taxonomy":"product_brand","embeddable":true,"href":"https:\/\/vimaterial.de\/fr\/wp-json\/wp\/v2\/product_brand?post=1041818"},{"taxonomy":"product_cat","embeddable":true,"href":"https:\/\/vimaterial.de\/fr\/wp-json\/wp\/v2\/product_cat?post=1041818"},{"taxonomy":"product_tag","embeddable":true,"href":"https:\/\/vimaterial.de\/fr\/wp-json\/wp\/v2\/product_tag?post=1041818"}],"curies":[{"name":"wp","href":"https:\/\/api.w.org\/{rel}","templated":true}]}}