{"id":1041806,"date":"2025-02-28T14:46:57","date_gmt":"2025-02-28T06:46:57","guid":{"rendered":"https:\/\/vimaterial.de\/product\/arsenic-metal\/"},"modified":"2025-03-10T14:16:18","modified_gmt":"2025-03-10T06:16:18","slug":"arsenic-metal","status":"publish","type":"product","link":"https:\/\/vimaterial.de\/fr\/product\/arsenic-metal\/","title":{"rendered":"Arsenic m\u00e9tal"},"content":{"rendered":"<p><span style=\"color: #0000ff;\"><a style=\"color: #0000ff;\" href=\"https:\/\/vimaterial.de\/fr\/product\/arsenic-metal-2\/\">La poudre m\u00e9tallique d&#8217;arsenic<\/a> <\/span>est une poudre grise avec un \u00e9clat m\u00e9tallique, qui peut \u00eatre oxyd\u00e9e lentement \u00e0 temp\u00e9rature ambiante et peut r\u00e9agir avec de nombreux m\u00e9taux et non-m\u00e9taux, et est couramment utilis\u00e9e dans les domaines de la fabrication d\u2019alliages, de mat\u00e9riaux semi-conducteurs et de pesticides.<\/p>\n<p>VIMATERIAL fournit de la poudre d&#8217;arsenic dans diverses sp\u00e9cifications et prend en charge le service de liaison de cible. Nous acceptons la personnalisation des produits, <span style=\"color: #0000ff;\"><a style=\"color: #0000ff;\" href=\"https:\/\/vimaterial.de\/fr\/contact\/\">contactez-nous<\/a><\/span>.<\/p>\n<h2><span style=\"font-size: 14pt;\">Propri\u00e9t\u00e9s<\/span><\/h2>\n<p>Formule mol\u00e9culaire : Comme<\/p>\n<p>Poids mol\u00e9culaire : 74,92<\/p>\n<p>Apparence\u00a0: Poudre gris acier, \u00e9galement noir \u00e0 gris argent\u00e9<\/p>\n<p>Densit\u00e9 : 5,727 g\/mL \u00e0 25\u00b0C<\/p>\n<p>Point de fusion : 817\u00b0C<\/p>\n<p>Point d\u2019\u00e9bullition : 613\u00b0C<\/p>\n<p>Structure cristalline : structure cristalline rhombique<\/p>\n<h2><span style=\"font-size: 14pt;\">Application<\/span><\/h2>\n<p>Industrie m\u00e9tallurgique : La poudre peut \u00eatre utilis\u00e9e comme additif dans la fabrication d\u2019alliages aux propri\u00e9t\u00e9s particuli\u00e8res, telles que l\u2019am\u00e9lioration de la r\u00e9sistance et de la duret\u00e9 de l\u2019alliage de cuivre et l\u2019am\u00e9lioration de sa r\u00e9sistance \u00e0 la corrosion.<\/p>\n<p>Domaine des semi-conducteurs : La poudre est une mati\u00e8re premi\u00e8re importante pour la fabrication de compos\u00e9s semi-conducteurs tels que l\u2019ars\u00e9niure de gallium, qui est utilis\u00e9 dans la production de dispositifs \u00e9lectroniques \u00e0 haute vitesse et \u00e0 haute fr\u00e9quence et de dispositifs opto\u00e9lectroniques.<\/p>\n<p>Production de pesticides\u00a0: autrefois utilis\u00e9 pour pr\u00e9parer certains pesticides contenant de l\u2019arsenic, utilis\u00e9 pour pr\u00e9venir et contr\u00f4ler les ravageurs et les maladies des cultures, mais en raison de probl\u00e8mes de toxicit\u00e9, l\u2019utilisation de progressivement limit\u00e9e.<\/p>\n<p>Domaine pharmaceutique : il y avait une certaine application en m\u00e9decine traditionnelle, la recherche m\u00e9dicale moderne explore \u00e9galement son r\u00f4le potentiel dans le traitement de certains cancers, comme le trioxyde d\u2019arsenic utilis\u00e9 dans le traitement de la leuc\u00e9mie promy\u00e9lo\u00efde aigu\u00eb.<\/p>\n<h2><span style=\"font-size: 14pt;\">Contr\u00f4le de la qualit\u00e9<\/span><\/h2>\n<p><span style=\"color: #0000ff;\"><a style=\"color: #0000ff;\" href=\"https:\/\/vimaterial.de\/fr\/controle-qualite\/\">Chaque lot<\/a> <\/span>de produits garantit strictement la qualit\u00e9, de la s\u00e9lection des fournisseurs de mati\u00e8res premi\u00e8res \u00e0 l\u2019utilisation d\u2019\u00e9quipements de test avanc\u00e9s pour surveiller avec pr\u00e9cision l\u2019ensemble du processus de production, jusqu\u2019au produit fini \u00e0 travers de nombreuses s\u00e9ries d\u2019\u00e9chantillonnage rigoureux et de certification par une tierce partie faisant autorit\u00e9, jusqu\u2019\u00e0 un syst\u00e8me de contr\u00f4le de la qualit\u00e9 complet et \u00e0 tol\u00e9rance z\u00e9ro pour garantir que chaque lot de produits respecte et d\u00e9passe les normes \u00e9lev\u00e9es de l\u2019industrie. Fournir \u00e0 nos clients la meilleure qualit\u00e9 et les produits les plus stables.<\/p>\n<h2><span style=\"font-size: 14pt;\">Emballage et stockage<\/span><\/h2>\n<p>La poudre d&#8217;arsenic m\u00e9tallique est emball\u00e9e dans un sac sous vide ou une bouteille sous vide dans un carton pour assurer un transport en toute s\u00e9curit\u00e9.<\/p>\n<p>La poudre d&#8217;arsenic m\u00e9tallique doit \u00eatre stock\u00e9e dans un entrep\u00f4t sp\u00e9cial frais et bien ventil\u00e9, et doit \u00eatre stock\u00e9e s\u00e9par\u00e9ment des agents oxydants, des acides, des halog\u00e8nes, des produits chimiques comestibles, etc., \u00e0 l\u2019abri des incendies et des sources de chaleur, l\u2019entrep\u00f4t doit \u00eatre \u00e9quip\u00e9 des vari\u00e9t\u00e9s et du nombre appropri\u00e9s d\u2019\u00e9quipements de lutte contre l\u2019incendie et d\u2019\u00e9quipements d\u2019intervention d\u2019urgence en cas de fuite, et les conteneurs de stockage doivent \u00eatre scell\u00e9s pour \u00e9viter les fuites de substances dangereuses telles que l\u2019empoisonnement et la pollution de l\u2019environnement.<\/p>\n","protected":false},"excerpt":{"rendered":"<p><span style=\"color: #0000ff;\"><a style=\"color: #0000ff;\" href=\"https:\/\/vimaterial.de\/fr\/product\/arsenic-metal-2\/\">La poudre m\u00e9tallique d&#8217;arsenic<\/a> <\/span>est une poudre grise avec un \u00e9clat m\u00e9tallique, qui peut \u00eatre oxyd\u00e9e lentement \u00e0 temp\u00e9rature ambiante et peut r\u00e9agir avec de nombreux m\u00e9taux et non-m\u00e9taux, et est couramment utilis\u00e9e dans les domaines de la fabrication d\u2019alliages, de mat\u00e9riaux semi-conducteurs et de pesticides.<\/p>\n<p>VIMATERIAL fournit de la poudre d&#8217;arsenic dans diverses sp\u00e9cifications et prend en charge le service de liaison de cible. Nous acceptons la personnalisation des produits, <span style=\"color: #0000ff;\"><a style=\"color: #0000ff;\" href=\"https:\/\/vimaterial.de\/fr\/contact\/\">contactez-nous<\/a><\/span>.<\/p>\n","protected":false},"featured_media":1041797,"comment_status":"open","ping_status":"closed","template":"","meta":{"_acf_changed":false},"product_brand":[],"product_cat":[250],"product_tag":[],"class_list":{"0":"post-1041806","1":"product","2":"type-product","3":"status-publish","4":"has-post-thumbnail","6":"product_cat-poudre-de-metal-pur-et-dalliage","8":"first","9":"instock","10":"shipping-taxable","11":"purchasable","12":"product-type-variable"},"acf":[],"_links":{"self":[{"href":"https:\/\/vimaterial.de\/fr\/wp-json\/wp\/v2\/product\/1041806","targetHints":{"allow":["GET"]}}],"collection":[{"href":"https:\/\/vimaterial.de\/fr\/wp-json\/wp\/v2\/product"}],"about":[{"href":"https:\/\/vimaterial.de\/fr\/wp-json\/wp\/v2\/types\/product"}],"replies":[{"embeddable":true,"href":"https:\/\/vimaterial.de\/fr\/wp-json\/wp\/v2\/comments?post=1041806"}],"wp:featuredmedia":[{"embeddable":true,"href":"https:\/\/vimaterial.de\/fr\/wp-json\/wp\/v2\/media\/1041797"}],"wp:attachment":[{"href":"https:\/\/vimaterial.de\/fr\/wp-json\/wp\/v2\/media?parent=1041806"}],"wp:term":[{"taxonomy":"product_brand","embeddable":true,"href":"https:\/\/vimaterial.de\/fr\/wp-json\/wp\/v2\/product_brand?post=1041806"},{"taxonomy":"product_cat","embeddable":true,"href":"https:\/\/vimaterial.de\/fr\/wp-json\/wp\/v2\/product_cat?post=1041806"},{"taxonomy":"product_tag","embeddable":true,"href":"https:\/\/vimaterial.de\/fr\/wp-json\/wp\/v2\/product_tag?post=1041806"}],"curies":[{"name":"wp","href":"https:\/\/api.w.org\/{rel}","templated":true}]}}