{"id":1041355,"date":"2025-01-20T11:01:33","date_gmt":"2025-01-20T03:01:33","guid":{"rendered":"https:\/\/vimaterial.de\/?post_type=product&#038;p=1041355"},"modified":"2025-01-23T16:55:03","modified_gmt":"2025-01-23T08:55:03","slug":"alliage-de-chrome-cobalt","status":"publish","type":"product","link":"https:\/\/vimaterial.de\/fr\/product\/alliage-de-chrome-cobalt\/","title":{"rendered":"Alliage de chrome cobalt"},"content":{"rendered":"<p><span style=\"color: #0000ff;\"><a style=\"color: #0000ff;\" href=\"https:\/\/vimaterial.de\/fr\/product\/alliage-de-cobalt-et-de-chrome\/\">La poudre d&#8217;alliage de cobalt et de chrome<\/a><\/span> est un mat\u00e9riau en poudre m\u00e9tallique dot\u00e9 d\u2019excellentes propri\u00e9t\u00e9s telles qu\u2019une r\u00e9sistance \u00e9lev\u00e9e et une r\u00e9sistance \u00e0 la corrosion, et est souvent utilis\u00e9 dans la fabrication et le traitement industriels. Cependant, une exposition \u00e0 long terme peut nuire au corps humain.<\/p>\n<p>VIMATERIAL fournit une poudre d\u2019alliage de cobalt-chrome d\u2019une puret\u00e9 \u00e9lev\u00e9e de 99,9% et 99,95%. Toutes les exigences, <span style=\"color: #0000ff;\"><a style=\"color: #0000ff;\" href=\"https:\/\/vimaterial.de\/fr\/contact\/\">contactez-nous<\/a><\/span>.<\/p>\n<h2><span style=\"font-size: 14pt;\">Propri\u00e9t\u00e9s physiques<\/span><\/h2>\n<p>Formule mol\u00e9culaire : CoCr<\/p>\n<p>Poids mol\u00e9culaire : environ 55,5<\/p>\n<p>Apparence : Poudre grise<\/p>\n<p>Densit\u00e9 : environ 8 \u00e0 9 g\/cm\u00b3.<\/p>\n<p>Point de fusion : environ 1300 &#8211; 1500\u00b0C<\/p>\n<p>Structure cristalline : Structure cristalline cubique centr\u00e9e sur la face (FCC), les atomes sont \u00e9troitement dispos\u00e9s, l\u2019alliage fait que les atomes forment des liaisons m\u00e9talliques \u00e9troites.<\/p>\n<h2><span style=\"font-size: 14pt;\">Applications<\/span><\/h2>\n<p>Fabrication de pr\u00e9cision : L\u2019alliage de cobalt chrome pr\u00e9sente une excellente r\u00e9sistance aux hautes temp\u00e9ratures, une r\u00e9sistance \u00e0 la corrosion et une r\u00e9sistance \u00e9lev\u00e9e, ce qui en fait un choix id\u00e9al pour les dispositifs m\u00e9dicaux, l\u2019a\u00e9rospatiale, l\u2019\u00e9lectronique et les machines de pr\u00e9cision.<\/p>\n<p>Applications m\u00e9dicales : Dans le domaine m\u00e9dical, la poudre d\u2019alliage de cobalt et de chrome est souvent utilis\u00e9e dans les proth\u00e8ses, les restaurations dentaires, les articulations artificielles et d\u2019autres \u00e9quipements. En raison de sa bonne biocompatibilit\u00e9 et de sa r\u00e9sistance \u00e0 la corrosion, l\u2019alliage cobalt-chrome est largement utilis\u00e9 dans les \u00e9quipements qui doivent entrer en contact avec le corps humain.<\/p>\n<p>Impression 3D : La poudre d\u2019alliage de cobalt et de chrome a \u00e9galement des applications importantes dans l\u2019impression 3D m\u00e9tallique, en particulier lors de la fabrication de pi\u00e8ces \u00e0 structure complexe et \u00e0 haute r\u00e9sistance. Il est largement utilis\u00e9 dans le prototypage rapide et la fabrication de pi\u00e8ces personnalis\u00e9es.<\/p>\n<p>A\u00e9rospatiale : Les poudres d\u2019alliage de cobalt et de chrome ont une r\u00e9sistance \u00e0 la chaleur extr\u00eamement \u00e9lev\u00e9e et peuvent r\u00e9sister \u00e0 des temp\u00e9ratures de fonctionnement extr\u00eamement \u00e9lev\u00e9es, elles sont donc souvent utilis\u00e9es pour fabriquer des pi\u00e8ces a\u00e9rospatiales telles que des aubes de turbine et d\u2019autres composants cl\u00e9s.<\/p>\n<h2><span style=\"font-size: 14pt;\">Contr\u00f4le qualit\u00e9<\/span><\/h2>\n<p><span style=\"color: #0000ff;\"><a style=\"color: #0000ff;\" href=\"https:\/\/vimaterial.de\/fr\/controle-qualite\/\">Le contr\u00f4le de la qualit\u00e9<\/a> <\/span>de nos produits est tr\u00e8s strict, de la s\u00e9lection de mati\u00e8res premi\u00e8res de haute puret\u00e9 et stables, \u00e0 l\u2019utilisation d\u2019\u00e9quipements de pr\u00e9cision avanc\u00e9s et d\u2019une technologie rigoureuse tout au long du contr\u00f4le pr\u00e9cis du processus de production, \u00e0 l\u2019utilisation de m\u00e9thodes d\u2019essai professionnelles sur les propri\u00e9t\u00e9s physiques, chimiques, microstructurelles et autres du produit de la gamme compl\u00e8te d\u2019essais approfondis, Chaque maillon est strictement suivi des normes internationales \u00e9lev\u00e9es, afin de garantir que chaque lot de mat\u00e9riaux livr\u00e9 avec une excellente qualit\u00e9 et stabilit\u00e9, afin de fournir aux clients une assurance qualit\u00e9 solide et fiable.<\/p>\n<p>Nous nous engageons \u00e0 ce que chaque lot de mat\u00e9riaux livr\u00e9s ait une excellente qualit\u00e9 et stabilit\u00e9, offrant ainsi aux clients une assurance qualit\u00e9 solide et fiable.<\/p>\n<h2><span style=\"font-size: 14pt;\">Emballage et stockage<\/span><\/h2>\n<p>1Kg\/sac, emball\u00e9 sous vide\u00a0; Peut \u00e9galement \u00eatre emball\u00e9 selon les exigences du client.<\/p>\n<p>La poudre d\u2019alliage de cobalt et de chrome doit \u00eatre stock\u00e9e dans un joint sous vide pour emp\u00eacher la poudre d\u2019entrer en contact avec l\u2019oxyg\u00e8ne et r\u00e9duire la r\u00e9action d\u2019oxydation.<\/p>\n","protected":false},"excerpt":{"rendered":"<p>La cible de pulv\u00e9risation cathodique en <span style=\"color: #0000ff;\"><a style=\"color: #0000ff;\" href=\"https:\/\/vimaterial.de\/en\/search\/?type=name&amp;keyword=Cobalt+Chromium+Oxide\">alliage de chrome cobalt<\/a><\/span> est une sorte de mat\u00e9riau d\u2019alliage principalement compos\u00e9 de cobalt et de chrome, avec une duret\u00e9 \u00e9lev\u00e9e, une bonne r\u00e9sistance \u00e0 la corrosion et une r\u00e9sistance \u00e0 l\u2019oxydation, adapt\u00e9e au d\u00e9p\u00f4t physique en phase vapeur, peut \u00eatre d\u00e9pos\u00e9e sur le substrat avec d\u2019excellentes performances du film mince, qui est largement utilis\u00e9 dans le domaine de l\u2019\u00e9lectronique, du m\u00e9dical, des machines, etc.<\/p>\n","protected":false},"featured_media":1041372,"comment_status":"open","ping_status":"closed","template":"","meta":{"_acf_changed":false},"product_brand":[],"product_cat":[250],"product_tag":[],"class_list":{"0":"post-1041355","1":"product","2":"type-product","3":"status-publish","4":"has-post-thumbnail","6":"product_cat-poudre-de-metal-pur-et-dalliage","8":"first","9":"instock","10":"shipping-taxable","11":"product-type-variable"},"acf":[],"_links":{"self":[{"href":"https:\/\/vimaterial.de\/fr\/wp-json\/wp\/v2\/product\/1041355","targetHints":{"allow":["GET"]}}],"collection":[{"href":"https:\/\/vimaterial.de\/fr\/wp-json\/wp\/v2\/product"}],"about":[{"href":"https:\/\/vimaterial.de\/fr\/wp-json\/wp\/v2\/types\/product"}],"replies":[{"embeddable":true,"href":"https:\/\/vimaterial.de\/fr\/wp-json\/wp\/v2\/comments?post=1041355"}],"wp:featuredmedia":[{"embeddable":true,"href":"https:\/\/vimaterial.de\/fr\/wp-json\/wp\/v2\/media\/1041372"}],"wp:attachment":[{"href":"https:\/\/vimaterial.de\/fr\/wp-json\/wp\/v2\/media?parent=1041355"}],"wp:term":[{"taxonomy":"product_brand","embeddable":true,"href":"https:\/\/vimaterial.de\/fr\/wp-json\/wp\/v2\/product_brand?post=1041355"},{"taxonomy":"product_cat","embeddable":true,"href":"https:\/\/vimaterial.de\/fr\/wp-json\/wp\/v2\/product_cat?post=1041355"},{"taxonomy":"product_tag","embeddable":true,"href":"https:\/\/vimaterial.de\/fr\/wp-json\/wp\/v2\/product_tag?post=1041355"}],"curies":[{"name":"wp","href":"https:\/\/api.w.org\/{rel}","templated":true}]}}