{"id":1041267,"date":"2025-01-15T15:28:10","date_gmt":"2025-01-15T07:28:10","guid":{"rendered":"https:\/\/vimaterial.de\/?post_type=product&#038;p=1041267"},"modified":"2025-01-22T10:45:52","modified_gmt":"2025-01-22T02:45:52","slug":"lithium-lanthane-zirconate-llzo","status":"publish","type":"product","link":"https:\/\/vimaterial.de\/fr\/product\/lithium-lanthane-zirconate-llzo\/","title":{"rendered":"Lithium Lanthane Zirconate (LLZO)"},"content":{"rendered":"<p>Le zirconate de lithium lanthane est un mat\u00e9riau \u00e9lectrolytique solide avec une excellente conductivit\u00e9 ionique allant jusqu\u2019\u00e0 1,5 x 10-4S\/cm, qui peut \u00eatre utilis\u00e9 dans la pr\u00e9paration de batteries au lithium \u00e0 l\u2019\u00e9tat solide.<\/p>\n<h2><span style=\"font-size: 14pt;\">Propri\u00e9t\u00e9s du zirconate de lithium lanthane<\/span><\/h2>\n<p>Le composant principal de la poudre LLZO est Li7La3Zr2O12, qui a une conductivit\u00e9 ionique \u00e9lev\u00e9e, est stable au lithium m\u00e9tal et pr\u00e9sente des conditions de pr\u00e9paration favorables. Ces caract\u00e9ristiques en font un mat\u00e9riau \u00e9lectrolytique cl\u00e9 pour les batteries au lithium m\u00e9tal \u00e0 l\u2019\u00e9tat solide, ce qui devrait r\u00e9soudre les risques d\u2019emballement thermique des batteries lithium-ion liquide et am\u00e9liorer la densit\u00e9 \u00e9nerg\u00e9tique.<\/p>\n<h2><span style=\"font-size: 14pt;\">Quelle est l\u2019application de LLZO ?<\/span><\/h2>\n<p>La poudre LLZO est principalement utilis\u00e9e comme \u00e9lectrolyte pour les batteries \u00e0 l\u2019\u00e9tat solide, en particulier dans les batteries au lithium m\u00e9tal \u00e0 l\u2019\u00e9tat solide. Sa conductivit\u00e9 ionique \u00e9lev\u00e9e et sa bonne stabilit\u00e9 chimique en font un point chaud dans la recherche sur les batteries \u00e0 l\u2019\u00e9tat solide, ce qui contribue \u00e0 am\u00e9liorer la s\u00e9curit\u00e9 et la densit\u00e9 \u00e9nerg\u00e9tique des batteries.<\/p>\n<h2><span style=\"font-size: 14pt;\">Contr\u00f4le qualit\u00e9<\/span><\/h2>\n<p>Nos produits mettent en \u0153uvre le syst\u00e8me de gestion de la qualit\u00e9 le plus strict. Il existe des normes d\u2019inspection strictes pour les mat\u00e9riaux entrants, les processus, les inspections finales et les inspections d\u2019usine. Des mesures d\u2019isolement strictes seront adopt\u00e9es pour le traitement non qualifi\u00e9 afin d\u2019\u00e9viter que les produits non qualifi\u00e9s ne passent au processus suivant. Des \u00e9chantillons seront fournis aux clients selon les exigences du client pour la r\u00e9inspection.<\/p>\n<h2><span style=\"font-size: 14pt;\">Emballage et stockage<\/span><\/h2>\n<p>Emballage sous vide, la quantit\u00e9 d\u2019emballage peut \u00eatre fournie selon les exigences du client et emball\u00e9e s\u00e9par\u00e9ment.<\/p>\n<p>Ce produit doit \u00eatre scell\u00e9 et stock\u00e9 dans un environnement sec et frais. Il ne doit pas \u00eatre expos\u00e9 \u00e0 l\u2019air pendant une longue p\u00e9riode pour \u00e9viter l\u2019humidit\u00e9 de l\u2019agglom\u00e9ration, ce qui affectera les performances de dispersion et l\u2019effet d\u2019utilisation. De plus, il doit \u00e9viter une forte pression et le contact avec des oxydants. Il doit \u00eatre transport\u00e9 comme une marchandise ordinaire.<\/p>\n","protected":false},"excerpt":{"rendered":"<p>Le zirconate de lithium lanthane\uff08Lithium Lanthane Zirconate\uff09 est un mat\u00e9riau \u00e9lectrolytique solide avec une excellente conductivit\u00e9 ionique allant jusqu\u2019\u00e0 1,5 x 10-4S\/cm, qui peut \u00eatre utilis\u00e9 dans la pr\u00e9paration de batteries au lithium \u00e0 l\u2019\u00e9tat solide.<\/p>\n","protected":false},"featured_media":1041280,"comment_status":"open","ping_status":"closed","template":"","meta":{"_acf_changed":false},"product_brand":[],"product_cat":[239],"product_tag":[],"class_list":{"0":"post-1041267","1":"product","2":"type-product","3":"status-publish","4":"has-post-thumbnail","6":"product_cat-materiaux-halogenes","8":"first","9":"instock","10":"shipping-taxable","11":"product-type-variable"},"acf":[],"_links":{"self":[{"href":"https:\/\/vimaterial.de\/fr\/wp-json\/wp\/v2\/product\/1041267","targetHints":{"allow":["GET"]}}],"collection":[{"href":"https:\/\/vimaterial.de\/fr\/wp-json\/wp\/v2\/product"}],"about":[{"href":"https:\/\/vimaterial.de\/fr\/wp-json\/wp\/v2\/types\/product"}],"replies":[{"embeddable":true,"href":"https:\/\/vimaterial.de\/fr\/wp-json\/wp\/v2\/comments?post=1041267"}],"wp:featuredmedia":[{"embeddable":true,"href":"https:\/\/vimaterial.de\/fr\/wp-json\/wp\/v2\/media\/1041280"}],"wp:attachment":[{"href":"https:\/\/vimaterial.de\/fr\/wp-json\/wp\/v2\/media?parent=1041267"}],"wp:term":[{"taxonomy":"product_brand","embeddable":true,"href":"https:\/\/vimaterial.de\/fr\/wp-json\/wp\/v2\/product_brand?post=1041267"},{"taxonomy":"product_cat","embeddable":true,"href":"https:\/\/vimaterial.de\/fr\/wp-json\/wp\/v2\/product_cat?post=1041267"},{"taxonomy":"product_tag","embeddable":true,"href":"https:\/\/vimaterial.de\/fr\/wp-json\/wp\/v2\/product_tag?post=1041267"}],"curies":[{"name":"wp","href":"https:\/\/api.w.org\/{rel}","templated":true}]}}