{"id":1036811,"date":"2024-09-11T10:07:31","date_gmt":"2024-09-11T02:07:31","guid":{"rendered":"https:\/\/vimaterial.de\/?post_type=product&#038;p=1036811"},"modified":"2025-02-06T13:23:43","modified_gmt":"2025-02-06T05:23:43","slug":"alliage-de-niobium-c103","status":"publish","type":"product","link":"https:\/\/vimaterial.de\/fr\/product\/alliage-de-niobium-c103\/","title":{"rendered":"Alliage de niobium C103"},"content":{"rendered":"<p>L\u2019alliage de niobium C103 est un alliage \u00e0 haute temp\u00e9rature principalement compos\u00e9 de niobium (Nb), de hafnium (Hf) et de titane (Ti), con\u00e7u pour des applications dans des conditions de chaleur extr\u00eame. Sa r\u00e9sistance sup\u00e9rieure \u00e0 la chaleur, sa r\u00e9sistance m\u00e9canique, sa r\u00e9sistance \u00e0 l\u2019oxydation et sa r\u00e9sistance \u00e0 la corrosion le rendent largement utilis\u00e9 dans l\u2019a\u00e9rospatiale, les industries nucl\u00e9aires et d\u2019autres environnements \u00e0 haute temp\u00e9rature.<\/p>\n<p>&nbsp;<\/p>\n<h3>Composition chimique<\/h3>\n<p>La composition chimique de l\u2019alliage de niobium C103 comprend\u00a0:<\/p>\n<ul>\n<li><strong>Niobium (Nb) :<\/strong> ~89 %<\/li>\n<li><strong>Hafnium (Hf) :<\/strong> ~10 %<\/li>\n<li><strong>Titane (Ti) :<\/strong> ~1%<\/li>\n<\/ul>\n<h3>Propri\u00e9t\u00e9s physiques et m\u00e9caniques<\/h3>\n<p>Le C103 offre une gamme d\u2019excellentes propri\u00e9t\u00e9s physiques et m\u00e9caniques, ce qui lui permet de maintenir l\u2019int\u00e9grit\u00e9 structurelle et la fonctionnalit\u00e9 dans des conditions extr\u00eames.<\/p>\n<ul>\n<li>Densit\u00e9 : 8,57 g\/cm\u00b3, ce qui le rend plus l\u00e9ger que d\u2019autres alliages \u00e0 haute temp\u00e9rature comme les alliages \u00e0 base de nickel.<\/li>\n<li>Point de fusion : 4260 \u00b0F (2349 \u00b0C), id\u00e9al pour les environnements \u00e0 ultra-haute temp\u00e9rature.<\/li>\n<li>R\u00e9sistance \u00e0 la traction : le C103 maintient une r\u00e9sistance \u00e0 la traction \u00e9lev\u00e9e m\u00eame \u00e0 des temp\u00e9ratures sup\u00e9rieures \u00e0 1200\u00b0C.<\/li>\n<li>Ductilit\u00e9 : Pr\u00e9sente une excellente ductilit\u00e9 et maniabilit\u00e9, permettant divers processus de formage.<\/li>\n<li>R\u00e9sistance au fluage : R\u00e9sistance exceptionnelle au fluage \u00e0 haute temp\u00e9rature, ce qui lui permet de r\u00e9sister \u00e0 des contraintes thermiques prolong\u00e9es.<\/li>\n<\/ul>\n<h3>R\u00e9sistance \u00e0 la corrosion et \u00e0 l\u2019oxydation<\/h3>\n<p>L\u2019un des avantages non n\u00e9gligeables du C103 est sa r\u00e9sistance \u00e0 l\u2019oxydation \u00e0 des temp\u00e9ratures \u00e9lev\u00e9es. Cela est principalement d\u00fb \u00e0 la pr\u00e9sence de zirconium, qui aide \u00e0 former une couche d\u2019oxyde protectrice, retardant l\u2019oxydation. De plus, le C103 offre une excellente r\u00e9sistance \u00e0 la corrosion dans divers environnements corrosifs, ce qui le rend adapt\u00e9 aux composants \u00e0 haute temp\u00e9rature expos\u00e9s \u00e0 des atmosph\u00e8res corrosives, tels que les tuy\u00e8res de fus\u00e9e et les syst\u00e8mes de protection thermique.<\/p>\n<p>&nbsp;<\/p>\n<h3>Caract\u00e9ristiques de fabrication et de traitement<\/h3>\n<p>L\u2019alliage de niobium C103 peut \u00eatre trait\u00e9 par plusieurs m\u00e9thodes, notamment le forgeage, le laminage et l\u2019usinage. Sa bonne ductilit\u00e9 et sa soudabilit\u00e9 permettent la fabrication de formes complexes.<\/p>\n<ul>\n<li>Forgeage et laminage\u00a0: C103 peut \u00eatre travaill\u00e9 \u00e0 chaud en feuilles, tubes, tiges et autres formes.<\/li>\n<li>Soudure : L\u2019alliage pr\u00e9sente une bonne soudabilit\u00e9 mais n\u00e9cessite une atmosph\u00e8re protectrice pendant le soudage pour \u00e9viter l\u2019oxydation et la contamination.<\/li>\n<li>Traitement thermique\u00a0: Le C103 peut \u00eatre trait\u00e9 thermiquement pour am\u00e9liorer encore ses propri\u00e9t\u00e9s m\u00e9caniques, telles que le recuit pour am\u00e9liorer la t\u00e9nacit\u00e9 et la ductilit\u00e9.<\/li>\n<\/ul>\n<h3>Applications typiques<\/h3>\n<p>Le C103 est principalement utilis\u00e9 dans les environnements \u00e0 haute temp\u00e9rature, corrosifs et exigeants sur le plan m\u00e9canique. Certaines de ses applications typiques incluent :<\/p>\n<ul>\n<li>Moteurs de fus\u00e9e : Largement utilis\u00e9 dans les composants critiques tels que les tuy\u00e8res et les chambres de combustion en raison de son excellente r\u00e9sistance \u00e0 haute temp\u00e9rature et de sa r\u00e9sistance \u00e0 l\u2019oxydation.<\/li>\n<li>Composants de turbine : Dans les moteurs a\u00e9rospatiaux, le C103 est utilis\u00e9 pour les aubes de turbine \u00e0 haute temp\u00e9rature et d\u2019autres pi\u00e8ces structurelles.<\/li>\n<li>R\u00e9acteurs nucl\u00e9aires : Sa r\u00e9sistance \u00e0 la corrosion et sa tol\u00e9rance aux rayonnements rendent le C103 adapt\u00e9 aux composants cl\u00e9s des r\u00e9acteurs nucl\u00e9aires.<\/li>\n<\/ul>\n<h3>Comparaison avec d\u2019autres alliages \u00e0 haute temp\u00e9rature<\/h3>\n<p>Compar\u00e9 \u00e0 d\u2019autres alliages \u00e0 haute temp\u00e9rature courants, tels que les alliages \u00e0 base de nickel (Inconel 718) et les alliages \u00e0 base de molybd\u00e8ne (TZM), le C103 se comporte exceptionnellement bien dans les environnements \u00e0 ultra-haute temp\u00e9rature, en particulier au-dessus de 2000\u00b0C. Il conserve une excellente r\u00e9sistance m\u00e9canique et une r\u00e9sistance \u00e0 l\u2019oxydation dans ces conditions. De plus, la densit\u00e9 plus faible du C103 le rend avantageux dans les applications \u00e0 haute temp\u00e9rature o\u00f9 la r\u00e9duction de poids est essentielle.<\/p>\n<p>Cependant, le C103 est sensible \u00e0 l\u2019oxydation dans les environnements riches en oxyg\u00e8ne, il n\u00e9cessite donc souvent une atmosph\u00e8re protectrice ou des rev\u00eatements de surface pour prolonger sa dur\u00e9e de vie.<\/p>\n","protected":false},"excerpt":{"rendered":"<p>L\u2019alliage de niobium C103 est un alliage haute temp\u00e9rature principalement compos\u00e9 de niobium (Nb), de titane (Ti) et de zirconium (Zr), con\u00e7u pour des applications dans des conditions de chaleur extr\u00eame.<br \/>\nSa r\u00e9sistance sup\u00e9rieure \u00e0 la chaleur, sa r\u00e9sistance m\u00e9canique, sa r\u00e9sistance \u00e0 l\u2019oxydation et sa r\u00e9sistance \u00e0 la corrosion le rendent largement utilis\u00e9 dans l\u2019a\u00e9rospatiale, les industries nucl\u00e9aires et d\u2019autres environnements \u00e0 haute temp\u00e9rature.<\/p>\n","protected":false},"featured_media":1036804,"comment_status":"open","ping_status":"closed","template":"","meta":{"_acf_changed":false},"product_brand":[],"product_cat":[239],"product_tag":[],"class_list":{"0":"post-1036811","1":"product","2":"type-product","3":"status-publish","4":"has-post-thumbnail","6":"product_cat-materiaux-halogenes","8":"first","9":"instock","10":"shipping-taxable","11":"product-type-variable"},"acf":[],"_links":{"self":[{"href":"https:\/\/vimaterial.de\/fr\/wp-json\/wp\/v2\/product\/1036811","targetHints":{"allow":["GET"]}}],"collection":[{"href":"https:\/\/vimaterial.de\/fr\/wp-json\/wp\/v2\/product"}],"about":[{"href":"https:\/\/vimaterial.de\/fr\/wp-json\/wp\/v2\/types\/product"}],"replies":[{"embeddable":true,"href":"https:\/\/vimaterial.de\/fr\/wp-json\/wp\/v2\/comments?post=1036811"}],"wp:featuredmedia":[{"embeddable":true,"href":"https:\/\/vimaterial.de\/fr\/wp-json\/wp\/v2\/media\/1036804"}],"wp:attachment":[{"href":"https:\/\/vimaterial.de\/fr\/wp-json\/wp\/v2\/media?parent=1036811"}],"wp:term":[{"taxonomy":"product_brand","embeddable":true,"href":"https:\/\/vimaterial.de\/fr\/wp-json\/wp\/v2\/product_brand?post=1036811"},{"taxonomy":"product_cat","embeddable":true,"href":"https:\/\/vimaterial.de\/fr\/wp-json\/wp\/v2\/product_cat?post=1036811"},{"taxonomy":"product_tag","embeddable":true,"href":"https:\/\/vimaterial.de\/fr\/wp-json\/wp\/v2\/product_tag?post=1036811"}],"curies":[{"name":"wp","href":"https:\/\/api.w.org\/{rel}","templated":true}]}}