{"id":1036617,"date":"2024-08-16T11:21:15","date_gmt":"2024-08-16T03:21:15","guid":{"rendered":"https:\/\/vimaterial.de\/product\/aluminium-de-titane-2\/"},"modified":"2025-02-07T14:39:39","modified_gmt":"2025-02-07T06:39:39","slug":"aluminium-de-titane-2","status":"publish","type":"product","link":"https:\/\/vimaterial.de\/fr\/product\/aluminium-de-titane-2\/","title":{"rendered":"Aluminium de titane"},"content":{"rendered":"<p>La cible de pulv\u00e9risation cathodique en <span style=\"color: #0000ff;\"><a style=\"color: #0000ff;\" href=\"https:\/\/vimaterial.de\/fr\/product\/alliage-de-titane-et-daluminium-4\/\">aluminium de titane<\/a><\/span> est une cible compos\u00e9e interm\u00e9tallique haute performance qui joue un r\u00f4le cl\u00e9 dans le domaine de la pr\u00e9paration des mat\u00e9riaux. Il est principalement utilis\u00e9 dans l\u2019a\u00e9rospatiale, les nouvelles \u00e9nergies, la m\u00e9decine et d\u2019autres applications.<\/p>\n<p>VIMATERIAL se concentre toujours sur le d\u00e9veloppement et la production de mat\u00e9riaux haut de gamme. Nos cibles de pulv\u00e9risation cathodique en aluminium de titane pr\u00e9sentent les avantages d\u2019une pulv\u00e9risation ultra-haute puret\u00e9 et stable, et nous fournissons \u00e9galement une gamme compl\u00e8te de solutions de cibles personnalis\u00e9es pour nos clients, qu\u2019il s\u2019agisse d\u2019une sp\u00e9cification de taille sp\u00e9ciale, d\u2019une conception de forme complexe ou d\u2019une exp\u00e9rience pour un besoin d\u2019application sp\u00e9cial, nous sommes en mesure de les prendre pleinement en charge. Si vous avez des questions ou des besoins, n\u2019h\u00e9sitez pas \u00e0 <span style=\"color: #0000ff;\"><a style=\"color: #0000ff;\" href=\"https:\/\/vimaterial.de\/fr\/contact\/\">nous contacter<\/a><\/span>.<\/p>\n<h2><span style=\"font-size: 14pt;\">Caract\u00e9ristiques<\/span><\/h2>\n<p>Formule chimique : Ti\u2083Al<\/p>\n<p>Masse volumique th\u00e9orique : env. 4,26 g\/cm3<\/p>\n<p>Structure cristalline : Structure interm\u00e9tallique typique avec des atomes de Ti et d\u2019Al dispos\u00e9s dans un r\u00e9seau sp\u00e9cifique.<\/p>\n<h2><span style=\"font-size: 14pt;\">Applications<\/span><\/h2>\n<p>Industrie a\u00e9rospatiale : Utilis\u00e9 dans la pr\u00e9paration de rev\u00eatements protecteurs sur les surfaces de composants cl\u00e9s tels que les pales de moteurs d\u2019avion et les chambres de combustion.<\/p>\n<p>Industrie de l\u2019information \u00e9lectronique : Dans la fabrication de puces \u00e0 semi-conducteurs, les cibles de pulv\u00e9risation Ti\u2083Al peuvent \u00eatre utilis\u00e9es pour pr\u00e9parer des couches d\u2019interconnexion m\u00e9tallique, des couches barri\u00e8res et d\u2019autres structures cl\u00e9s \u00e0 couche mince.<\/p>\n<p>Nouveau domaine d\u2019\u00e9nergie : Il a une valeur d\u2019application potentielle dans la modification de surface des mat\u00e9riaux d\u2019\u00e9lectrode pour les batteries lithium-ion et la pr\u00e9paration d\u2019\u00e9lectrodes conductrices transparentes pour les batteries solaires.<\/p>\n<p>Traitement de surface des dispositifs m\u00e9dicaux : utilis\u00e9s pour la pr\u00e9paration de rev\u00eatements biocompatibles \u00e0 la surface des dispositifs m\u00e9dicaux, les rev\u00eatements pr\u00e9par\u00e9s par les cibles de pulv\u00e9risation cathodique Aluminium de titane ont une bonne biocompatibilit\u00e9, une r\u00e9sistance \u00e0 la corrosion et des propri\u00e9t\u00e9s antimicrobiennes, ce qui peut r\u00e9duire efficacement le risque d\u2019infection lors de l\u2019utilisation de dispositifs m\u00e9dicaux, am\u00e9liorer l\u2019effet th\u00e9rapeutique et prot\u00e9ger la sant\u00e9 et la s\u00e9curit\u00e9 des patients.<\/p>\n<h2><span style=\"font-size: 14pt;\">Contr\u00f4le de la qualit\u00e9<\/span><\/h2>\n<p><span style=\"color: #0000ff;\"><a style=\"color: #0000ff;\" href=\"https:\/\/vimaterial.de\/fr\/controle-qualite\/\">De l\u2019approvisionnement<\/a><\/span> en mati\u00e8res premi\u00e8res pour s\u2019assurer que la puret\u00e9 et la teneur en impuret\u00e9s de chaque lot de Ti et d\u2019Al r\u00e9pondent aux normes strictes ; pour les processus de fusion, de forgeage, d\u2019usinage et autres processus de production, nous contr\u00f4lons strictement les param\u00e8tres du processus pour garantir que l\u2019organisation interne de la cible est homog\u00e8ne et dense ; Ensuite, jusqu\u2019\u00e0 l\u2019inspection finale du produit fini, nous utilisons des \u00e9quipements de test avanc\u00e9s pour effectuer des tests complets sur les indices cl\u00e9s de la cible, tels que la densit\u00e9, la puret\u00e9, la structure d\u2019organisation, la plan\u00e9it\u00e9 et les performances de pulv\u00e9risation.<\/p>\n<p>\u00c0 l\u2019aide d\u2019\u00e9quipements de test avanc\u00e9s, nous testons de mani\u00e8re exhaustive des indicateurs cl\u00e9s tels que la densit\u00e9, la puret\u00e9, l\u2019organisation, la plan\u00e9it\u00e9 et les performances de pulv\u00e9risation.<\/p>\n<h2><span style=\"font-size: 14pt;\">Emballage et stockage<\/span><\/h2>\n<p>Les cibles de pulv\u00e9risation cathodique en aluminium de titane sont emball\u00e9es dans un emballage de protection multicouche personnalis\u00e9. Placez les cibles dans une bo\u00eete en carton ou en bois solide.<\/p>\n<p>La cible de pulv\u00e9risation cathodique en aluminium de titane doit \u00eatre stock\u00e9e dans un environnement sec et bien ventil\u00e9 \u00e0 une temp\u00e9rature stable, en \u00e9vitant le contact entre la cible et des substances corrosives telles que les acides et les alcalis, ainsi que les champs magn\u00e9tiques et \u00e9lectriques puissants.<\/p>\n","protected":false},"excerpt":{"rendered":"<p>La cible de pulv\u00e9risation cathodique en <span style=\"color: #0000ff;\"><a style=\"color: #0000ff;\" href=\"https:\/\/vimaterial.de\/fr\/product\/alliage-de-titane-et-daluminium-4\/\">aluminium de titane<\/a><\/span> est une cible compos\u00e9e interm\u00e9tallique haute performance qui joue un r\u00f4le cl\u00e9 dans le domaine de la pr\u00e9paration des mat\u00e9riaux. Il est principalement utilis\u00e9 dans l\u2019a\u00e9rospatiale, les nouvelles \u00e9nergies, la m\u00e9decine et d\u2019autres applications.<\/p>\n","protected":false},"featured_media":1000466,"comment_status":"open","ping_status":"closed","template":"","meta":{"_acf_changed":false},"product_brand":[],"product_cat":[235],"product_tag":[],"class_list":{"0":"post-1036617","1":"product","2":"type-product","3":"status-publish","4":"has-post-thumbnail","6":"product_cat-cibles-de-pulverisation-planaire","8":"first","9":"instock","10":"shipping-taxable","11":"product-type-variable"},"acf":[],"_links":{"self":[{"href":"https:\/\/vimaterial.de\/fr\/wp-json\/wp\/v2\/product\/1036617","targetHints":{"allow":["GET"]}}],"collection":[{"href":"https:\/\/vimaterial.de\/fr\/wp-json\/wp\/v2\/product"}],"about":[{"href":"https:\/\/vimaterial.de\/fr\/wp-json\/wp\/v2\/types\/product"}],"replies":[{"embeddable":true,"href":"https:\/\/vimaterial.de\/fr\/wp-json\/wp\/v2\/comments?post=1036617"}],"wp:featuredmedia":[{"embeddable":true,"href":"https:\/\/vimaterial.de\/fr\/wp-json\/wp\/v2\/media\/1000466"}],"wp:attachment":[{"href":"https:\/\/vimaterial.de\/fr\/wp-json\/wp\/v2\/media?parent=1036617"}],"wp:term":[{"taxonomy":"product_brand","embeddable":true,"href":"https:\/\/vimaterial.de\/fr\/wp-json\/wp\/v2\/product_brand?post=1036617"},{"taxonomy":"product_cat","embeddable":true,"href":"https:\/\/vimaterial.de\/fr\/wp-json\/wp\/v2\/product_cat?post=1036617"},{"taxonomy":"product_tag","embeddable":true,"href":"https:\/\/vimaterial.de\/fr\/wp-json\/wp\/v2\/product_tag?post=1036617"}],"curies":[{"name":"wp","href":"https:\/\/api.w.org\/{rel}","templated":true}]}}