{"id":1036594,"date":"2024-08-16T11:21:29","date_gmt":"2024-08-16T03:21:29","guid":{"rendered":"https:\/\/vimaterial.de\/product\/tellurure-dindium-5\/"},"modified":"2025-02-06T17:43:32","modified_gmt":"2025-02-06T09:43:32","slug":"poudre-de-tellurure-dindium","status":"publish","type":"product","link":"https:\/\/vimaterial.de\/fr\/product\/poudre-de-tellurure-dindium\/","title":{"rendered":"Tellurure d&#8217;indium"},"content":{"rendered":"<p>Les poudres de <span style=\"color: #0000ff;\"><a style=\"color: #0000ff;\" href=\"https:\/\/vimaterial.de\/fr\/product\/tellurure-dindium\/\">tellurure d&#8217;indium<\/a> <\/span>sont des cristaux cubiques noirs aux propri\u00e9t\u00e9s photovolta\u00efques uniques et sont couramment utilis\u00e9es dans la fabrication de dispositifs opto\u00e9lectroniques tels que les d\u00e9tecteurs infrarouges, les cellules solaires, les dispositifs semi-conducteurs, et comme isolants topologiques dans des domaines de pointe tels que l\u2019information quantique.<\/p>\n<p>VIMATERIAL est une entreprise d\u2019innovation chimique de pointe, sp\u00e9cialis\u00e9e dans les mat\u00e9riaux haute performance pour les applications d\u2019ing\u00e9nierie avanc\u00e9es. Nos produits se caract\u00e9risent par une grande puret\u00e9, des performances stables, une prise en charge des commandes de petits lots, un stock suffisant et des d\u00e9lais de livraison courts. Nous prenons \u00e9galement en charge le service de liaison de cible et acceptons toute personnalisation et exp\u00e9rimentation de produit, veuillez<span style=\"color: #0000ff;\"> <a style=\"color: #0000ff;\" href=\"https:\/\/vimaterial.de\/fr\/contact\/\">nous contacter<\/a> <\/span>si vous avez besoin de quoi que ce soit.<\/p>\n<h2><span style=\"font-size: 14pt;\">Caract\u00e9ristiques<\/span><\/h2>\n<p>Formule mol\u00e9culaire : In\u2082Te\u2083<\/p>\n<p>Poids mol\u00e9culaire : 612,44<\/p>\n<p>Apparence\u00a0: cristal cubique noir<\/p>\n<p>Densit\u00e9 : 5,8 g\/cm\u00b3<\/p>\n<p>Point de fusion : 667\u00b0C<\/p>\n<p>Structure cristalline : Structure cristalline cubique<\/p>\n<h2><span style=\"font-size: 14pt;\">Applications<\/span><\/h2>\n<p>Champ de d\u00e9tection infrarouge : Gr\u00e2ce \u00e0 ses propri\u00e9t\u00e9s photo\u00e9lectriques sp\u00e9ciales, il peut produire une r\u00e9ponse sensible \u00e0 la lumi\u00e8re infrarouge et peut \u00eatre utilis\u00e9 pour fabriquer des d\u00e9tecteurs infrarouges \u00e0 haute sensibilit\u00e9, qui sont largement utilis\u00e9s dans les domaines de la vision nocturne militaire, de la surveillance de la s\u00e9curit\u00e9 et de l\u2019imagerie thermique.<\/p>\n<p>Champ de cellules solaires\u00a0: en tant que mat\u00e9riau semi-conducteur, il peut absorber efficacement l\u2019\u00e9nergie lumineuse et r\u00e9aliser une conversion photo\u00e9lectrique, qui peut \u00eatre utilis\u00e9e pour la pr\u00e9paration de cellules solaires, contribuant \u00e0 am\u00e9liorer l\u2019efficacit\u00e9 de la conversion photo\u00e9lectrique et la stabilit\u00e9 des cellules solaires.<\/p>\n<p>Dispositifs \u00e0 semi-conducteurs : La poudre de tellurure d&#8217;indium peut \u00eatre utilis\u00e9e dans la fabrication d\u2019une vari\u00e9t\u00e9 de dispositifs \u00e0 semi-conducteurs, tels que des transistors, des diodes, etc., pour tirer parti de ses propri\u00e9t\u00e9s \u00e9lectriques uniques, peut am\u00e9liorer les performances et la fr\u00e9quence de fonctionnement du dispositif, r\u00e9duire la consommation d\u2019\u00e9nergie.<\/p>\n<p>Domaine de l\u2019opto\u00e9lectronique\u00a0: dans le domaine de l\u2019opto\u00e9lectronique tel que la communication optique, le stockage optique, etc., il peut \u00eatre utilis\u00e9 comme mat\u00e9riau de dispositifs cl\u00e9s tels que le modulateur optique, le d\u00e9tecteur optique, etc., qui peuvent r\u00e9aliser la modulation, la d\u00e9tection et le stockage efficaces des signaux optiques.<\/p>\n<h2><span style=\"font-size: 14pt;\">Contr\u00f4le de la qualit\u00e9<\/span><\/h2>\n<p><a href=\"https:\/\/vimaterial.de\/fr\/controle-qualite\/\"><span style=\"color: #0000ff;\">Nos produits <\/span><\/a>sont soumis \u00e0 un syst\u00e8me strict de gestion de la qualit\u00e9. Des mat\u00e9riaux entrants, du traitement, de l\u2019inspection finale \u00e0 l\u2019inspection de l\u2019usine, il existe des normes d\u2019inspection strictes. Des mesures d\u2019isolement strictes sont prises pour le traitement non qualifi\u00e9 afin d\u2019\u00e9viter que les produits non qualifi\u00e9s ne passent au processus suivant. Selon les exigences du client, nous fournissons des \u00e9chantillons pour la r\u00e9inspection du client.<\/p>\n<h2><span style=\"font-size: 14pt;\">Emballage et stockage<\/span><\/h2>\n<p>Les poudres de <span style=\"color: #0000ff;\"><a style=\"color: #0000ff;\" href=\"https:\/\/vimaterial.de\/fr\/product\/tellurure-dindium\/\">tellurure d&#8217;indium<\/a><\/span> est emball\u00e9e dans des sacs sous vide doubles ou des bouteilles sous vide doubles avec des cartons ext\u00e9rieurs.<\/p>\n<p>La poudre de tellurure d&#8217;indium doit \u00eatre stock\u00e9e dans un environnement sec, frais et ventil\u00e9, \u00e0 l\u2019abri de l\u2019air humide et des agents oxydants puissants, en \u00e9vitant la lumi\u00e8re et le contact avec des acides, des alcalis et d\u2019autres substances corrosives pour \u00e9viter la d\u00e9t\u00e9rioration.<\/p>\n","protected":false},"excerpt":{"rendered":"<p>Les poudres de <span style=\"color: #0000ff;\"><a style=\"color: #0000ff;\" href=\"https:\/\/vimaterial.de\/fr\/product\/tellurure-dindium\/\">tellurure d&#8217;indium<\/a> <\/span>sont des cristaux cubiques noirs aux propri\u00e9t\u00e9s photovolta\u00efques uniques et sont couramment utilis\u00e9es dans la fabrication de dispositifs opto\u00e9lectroniques tels que les d\u00e9tecteurs infrarouges, les cellules solaires, les dispositifs semi-conducteurs, et comme isolants topologiques dans des domaines de pointe tels que l\u2019information quantique. Les poudres de <span style=\"color: #0000ff;\"><a style=\"color: #0000ff;\" href=\"https:\/\/vimaterial.de\/fr\/product\/tellurure-dindium\/\">tellurure d&#8217;indium<\/a><\/span> est emball\u00e9e dans des sacs sous vide doubles ou des bouteilles sous vide doubles avec des cartons ext\u00e9rieurs.<\/p>\n","protected":false},"featured_media":1041399,"comment_status":"open","ping_status":"closed","template":"","meta":{"_acf_changed":false},"product_brand":[],"product_cat":[238],"product_tag":[],"class_list":{"0":"post-1036594","1":"product","2":"type-product","3":"status-publish","4":"has-post-thumbnail","6":"product_cat-materiaux-de-chalcogenure","8":"first","9":"instock","10":"shipping-taxable","11":"product-type-variable"},"acf":[],"_links":{"self":[{"href":"https:\/\/vimaterial.de\/fr\/wp-json\/wp\/v2\/product\/1036594","targetHints":{"allow":["GET"]}}],"collection":[{"href":"https:\/\/vimaterial.de\/fr\/wp-json\/wp\/v2\/product"}],"about":[{"href":"https:\/\/vimaterial.de\/fr\/wp-json\/wp\/v2\/types\/product"}],"replies":[{"embeddable":true,"href":"https:\/\/vimaterial.de\/fr\/wp-json\/wp\/v2\/comments?post=1036594"}],"wp:featuredmedia":[{"embeddable":true,"href":"https:\/\/vimaterial.de\/fr\/wp-json\/wp\/v2\/media\/1041399"}],"wp:attachment":[{"href":"https:\/\/vimaterial.de\/fr\/wp-json\/wp\/v2\/media?parent=1036594"}],"wp:term":[{"taxonomy":"product_brand","embeddable":true,"href":"https:\/\/vimaterial.de\/fr\/wp-json\/wp\/v2\/product_brand?post=1036594"},{"taxonomy":"product_cat","embeddable":true,"href":"https:\/\/vimaterial.de\/fr\/wp-json\/wp\/v2\/product_cat?post=1036594"},{"taxonomy":"product_tag","embeddable":true,"href":"https:\/\/vimaterial.de\/fr\/wp-json\/wp\/v2\/product_tag?post=1036594"}],"curies":[{"name":"wp","href":"https:\/\/api.w.org\/{rel}","templated":true}]}}