{"id":1036586,"date":"2024-08-16T11:21:46","date_gmt":"2024-08-16T03:21:46","guid":{"rendered":"https:\/\/vimaterial.de\/product\/oxyde-de-lanthane-et-de-titane\/"},"modified":"2025-02-06T17:13:46","modified_gmt":"2025-02-06T09:13:46","slug":"oxyde-de-lanthane-et-de-titane","status":"publish","type":"product","link":"https:\/\/vimaterial.de\/fr\/product\/oxyde-de-lanthane-et-de-titane\/","title":{"rendered":"Oxyde de lanthane et de titane"},"content":{"rendered":"<p><span style=\"color: #0000ff;\"><a style=\"color: #0000ff;\" href=\"https:\/\/vimaterial.de\/fr\/product\/titanate-de-lanthane-oxyde-de-lanthane-et-de-titane\/\">Oxyde de titane de lanthane<\/a> <\/span>La2Ti2O7 est une poudre d\u2019oxyde m\u00e9tallique composite avec une structure de type chalcog\u00e9nure, qui est g\u00e9n\u00e9ralement de couleur blanche ou jaune clair, avec une bonne stabilit\u00e9 chimique, une structure cristalline unique et certaines propri\u00e9t\u00e9s photocatalytiques et autres, et est utilis\u00e9 dans la catalyse, la c\u00e9ramique \u00e9lectronique et d\u2019autres domaines.<\/p>\n<p>VIMATERIAL est une entreprise d\u2019innovation chimique de pointe, sp\u00e9cialis\u00e9e dans les mat\u00e9riaux haute performance pour les applications d\u2019ing\u00e9nierie avanc\u00e9es. Nos produits se caract\u00e9risent par une grande puret\u00e9, des performances stables, une prise en charge des commandes de petits lots, un stock suffisant et des d\u00e9lais de livraison courts. Nous prenons \u00e9galement en charge le service de liaison de cible et acceptons toute personnalisation et exp\u00e9rimentation de produit, veuillez<span style=\"color: #0000ff;\"><a style=\"color: #0000ff;\" href=\"https:\/\/vimaterial.de\/fr\/contact\/\"> nous contacter<\/a> <\/span>si vous avez besoin de quoi que ce soit.<\/p>\n<h2><span style=\"font-size: 14pt;\">Caract\u00e9ristiques<\/span><\/h2>\n<p>Formule mol\u00e9culaire : La\u2082Ti\u2082O\u2087<\/p>\n<p>Poids mol\u00e9culaire : 485,54<\/p>\n<p>Apparence\u00a0: g\u00e9n\u00e9ralement poudre noire<\/p>\n<p>Densit\u00e9 : 5,79 g\/cm\u00b3<\/p>\n<p>Point de fusion : 1790\u00b0C<\/p>\n<p>Structure cristalline : pyrochlore avec structure chalcocite<\/p>\n<h2><span style=\"font-size: 14pt;\">Applications<\/span><\/h2>\n<p>Mat\u00e9riaux \u00e9lectroniques : Avec ses bonnes propri\u00e9t\u00e9s di\u00e9lectriques, la poudre d\u2019oxyde de titane de lanthane La2Ti2O7 peut \u00eatre utilis\u00e9e dans la fabrication de dispositifs c\u00e9ramiques \u00e9lectroniques, tels que les condensateurs c\u00e9ramiques multicouches, ce qui contribue \u00e0 am\u00e9liorer les performances et la stabilit\u00e9 des appareils \u00e9lectroniques.<\/p>\n<p>Champ optique\u00a0: La poudre d\u2019oxyde de titane de lanthane La2Ti2O7 peut \u00eatre utilis\u00e9e dans la pr\u00e9paration de films optiques ou de rev\u00eatements optiques en raison de ses propri\u00e9t\u00e9s optiques, qui peuvent moduler et contr\u00f4ler la lumi\u00e8re et \u00eatre appliqu\u00e9es dans des filtres optiques, des miroirs et d\u2019autres composants optiques.<\/p>\n<p>Champ d\u2019\u00e9nergie : Dans le stockage et la conversion de l\u2019\u00e9nergie, la poudre La\u2082Ti\u2082O\u2087 peut \u00eatre utilis\u00e9e comme mat\u00e9riau d\u2019\u00e9lectrode ou mat\u00e9riau d\u2019\u00e9lectrolyte, ce qui peut aider \u00e0 am\u00e9liorer les performances de charge et de d\u00e9charge et la stabilit\u00e9 des batteries, ainsi qu\u2019\u00e0 jouer un r\u00f4le dans les dispositifs \u00e9nerg\u00e9tiques tels que les piles \u00e0 combustible \u00e0 oxyde solide.<\/p>\n<p>Champ du capteur : En utilisant les caract\u00e9ristiques de r\u00e9ponse sp\u00e9ciales de la poudre La\u2082Ti\u2082O\u2087 \u00e0 certains gaz ou substances, il peut \u00eatre utilis\u00e9 pour pr\u00e9parer des capteurs de gaz ou des capteurs chimiques, r\u00e9alisant une d\u00e9tection et une identification tr\u00e8s sensibles de gaz ou de substances chimiques sp\u00e9cifiques.<\/p>\n<h2><span style=\"font-size: 14pt;\">Contr\u00f4le de la qualit\u00e9<\/span><\/h2>\n<p><span style=\"color: #0000ff;\"><a style=\"color: #0000ff;\" href=\"https:\/\/vimaterial.de\/fr\/controle-qualite\/\">Nos produits<\/a> <\/span>sont soumis \u00e0 un syst\u00e8me strict de gestion de la qualit\u00e9. Des mat\u00e9riaux entrants, du traitement, de l\u2019inspection finale \u00e0 l\u2019inspection de l\u2019usine, il existe des normes d\u2019inspection strictes. Des mesures d\u2019isolement strictes sont prises pour le traitement non qualifi\u00e9 afin d\u2019\u00e9viter que les produits non qualifi\u00e9s ne passent au processus suivant. Selon les exigences du client, nous fournissons des \u00e9chantillons pour la r\u00e9inspection du client.<\/p>\n<h2><span style=\"font-size: 14pt;\">Emballage et stockage<\/span><\/h2>\n<p>La poudre d\u2019oxyde de titane de lanthane La2Ti2O7 est emball\u00e9e dans des sacs sous vide \u00e0 double couche ou des bouteilles sous vide \u00e0 double couche avec des cartons ext\u00e9rieurs.<\/p>\n<p>La poudre d\u2019oxyde de titane de lanthane La2Ti2O7 doit \u00eatre stock\u00e9e dans un environnement sec, frais et ventil\u00e9, en utilisant un emballage scell\u00e9 pour \u00e9viter l\u2019humidit\u00e9, \u00e9viter le contact avec des substances oxydantes et r\u00e9ductrices fortes, pour assurer la stabilit\u00e9 de ses propri\u00e9t\u00e9s.<\/p>\n","protected":false},"excerpt":{"rendered":"<p><span style=\"color: #0000ff;\"><a style=\"color: #0000ff;\" href=\"https:\/\/vimaterial.de\/fr\/product\/titanate-de-lanthane-oxyde-de-lanthane-et-de-titane\/\">Oxyde de titane de lanthane<\/a> <\/span>La2Ti2O7 est une poudre d\u2019oxyde m\u00e9tallique composite avec une structure de type chalcog\u00e9nure, qui est g\u00e9n\u00e9ralement de couleur blanche ou jaune clair, avec une bonne stabilit\u00e9 chimique, une structure cristalline unique et certaines propri\u00e9t\u00e9s photocatalytiques et autres, et est utilis\u00e9 dans la catalyse, la c\u00e9ramique \u00e9lectronique et d\u2019autres domaines.<\/p>\n","protected":false},"featured_media":1036362,"comment_status":"open","ping_status":"closed","template":"","meta":{"_acf_changed":false},"product_brand":[],"product_cat":[241],"product_tag":[],"class_list":{"0":"post-1036586","1":"product","2":"type-product","3":"status-publish","4":"has-post-thumbnail","6":"product_cat-materiaux-a-base-de-terres-rares","8":"first","9":"instock","10":"shipping-taxable","11":"product-type-variable"},"acf":[],"_links":{"self":[{"href":"https:\/\/vimaterial.de\/fr\/wp-json\/wp\/v2\/product\/1036586","targetHints":{"allow":["GET"]}}],"collection":[{"href":"https:\/\/vimaterial.de\/fr\/wp-json\/wp\/v2\/product"}],"about":[{"href":"https:\/\/vimaterial.de\/fr\/wp-json\/wp\/v2\/types\/product"}],"replies":[{"embeddable":true,"href":"https:\/\/vimaterial.de\/fr\/wp-json\/wp\/v2\/comments?post=1036586"}],"wp:featuredmedia":[{"embeddable":true,"href":"https:\/\/vimaterial.de\/fr\/wp-json\/wp\/v2\/media\/1036362"}],"wp:attachment":[{"href":"https:\/\/vimaterial.de\/fr\/wp-json\/wp\/v2\/media?parent=1036586"}],"wp:term":[{"taxonomy":"product_brand","embeddable":true,"href":"https:\/\/vimaterial.de\/fr\/wp-json\/wp\/v2\/product_brand?post=1036586"},{"taxonomy":"product_cat","embeddable":true,"href":"https:\/\/vimaterial.de\/fr\/wp-json\/wp\/v2\/product_cat?post=1036586"},{"taxonomy":"product_tag","embeddable":true,"href":"https:\/\/vimaterial.de\/fr\/wp-json\/wp\/v2\/product_tag?post=1036586"}],"curies":[{"name":"wp","href":"https:\/\/api.w.org\/{rel}","templated":true}]}}