{"id":1036582,"date":"2024-08-16T11:21:29","date_gmt":"2024-08-16T03:21:29","guid":{"rendered":"https:\/\/vimaterial.de\/product\/borure-de-baryum\/"},"modified":"2025-02-06T18:08:24","modified_gmt":"2025-02-06T10:08:24","slug":"borure-de-baryum","status":"publish","type":"product","link":"https:\/\/vimaterial.de\/fr\/product\/borure-de-baryum\/","title":{"rendered":"Borure de baryum"},"content":{"rendered":"<p><span style=\"color: #0000ff;\"><a style=\"color: #0000ff;\" href=\"https:\/\/vimaterial.de\/fr\/product\/bromure-de-baryum\/\">Borure de baryum<\/a> <\/span>La poudre est une poudre noire avec un \u00e9clat m\u00e9tallique, caract\u00e9ris\u00e9e par un point de fusion \u00e9lev\u00e9, une duret\u00e9 \u00e9lev\u00e9e, une bonne conductivit\u00e9 \u00e9lectrique et une stabilit\u00e9 chimique, qui a des applications importantes dans l\u2019\u00e9lectronique, la m\u00e9tallurgie et la c\u00e9ramique.<\/p>\n<p>VIMATERIAL est une entreprise d\u2019innovation chimique de pointe, sp\u00e9cialis\u00e9e dans les mat\u00e9riaux haute performance pour les applications d\u2019ing\u00e9nierie avanc\u00e9es. Nos produits se caract\u00e9risent par une grande puret\u00e9, des performances stables, une prise en charge des commandes de petits lots, un stock suffisant et des d\u00e9lais de livraison courts. Nous prenons \u00e9galement en charge le service de liaison de cible et acceptons toute personnalisation et exp\u00e9rimentation de produit, veuillez <span style=\"color: #0000ff;\"><a style=\"color: #0000ff;\" href=\"https:\/\/vimaterial.de\/fr\/contact\/\">nous contacter<\/a><\/span> si vous avez besoin de quoi que ce soit.<\/p>\n<h2><span style=\"font-size: 14pt;\">Caract\u00e9ristiques<\/span><\/h2>\n<p>Formule mol\u00e9culaire : BaB\u2086.<\/p>\n<p>Poids mol\u00e9culaire : 202.193<\/p>\n<p>Apparence\u00a0: Violet-noir ou poudre noire<\/p>\n<p>Densit\u00e9 : 4,36 g\/cm\u00b3<\/p>\n<p>Point de fusion : 2270\u00b0C<\/p>\n<p>Structure cristalline : Syst\u00e8me cristallin cubique.<\/p>\n<h2><span style=\"font-size: 14pt;\">Applications<\/span><\/h2>\n<p>Champ d\u2019\u00e9mission d\u2019\u00e9lectrons\u00a0: La poudre de borure de baryum est utilis\u00e9e comme mat\u00e9riau de cathode pour le canon \u00e0 \u00e9lectrons en raison de ses excellentes performances d\u2019\u00e9mission d\u2019\u00e9lectrons thermiques, qui am\u00e9liore consid\u00e9rablement l\u2019efficacit\u00e9 et la stabilit\u00e9 de l\u2019\u00e9mission d\u2019\u00e9lectrons, et facilite le fonctionnement normal de l\u2019\u00e9quipement de traitement de faisceau d\u2019\u00e9lectrons et du microscope \u00e9lectronique.<\/p>\n<p>Rev\u00eatement des outils de coupe\u00a0: La poudre de borure de baryum est appliqu\u00e9e \u00e0 la surface des outils de coupe sous forme de rev\u00eatement, ce qui peut am\u00e9liorer consid\u00e9rablement la r\u00e9sistance \u00e0 l\u2019usure et les performances de coupe des outils de coupe, r\u00e9aliser une coupe \u00e0 grande vitesse et \u00e0 haut rendement et prolonger la dur\u00e9e de vie des outils de coupe.<\/p>\n<p>Fabrication de c\u00e9ramiques : En tant qu\u2019additif ajout\u00e9 aux mati\u00e8res premi\u00e8res c\u00e9ramiques, la poudre de borure de baryum peut optimiser les performances de frittage des c\u00e9ramiques, am\u00e9liorer la r\u00e9sistance m\u00e9canique et la r\u00e9sistance aux hautes temp\u00e9ratures des c\u00e9ramiques, et est largement utilis\u00e9e dans la production de c\u00e9ramiques sp\u00e9ciales.<\/p>\n<h2><span style=\"font-size: 14pt;\">Contr\u00f4le de la qualit\u00e9<\/span><\/h2>\n<p><span style=\"color: #0000ff;\"><a style=\"color: #0000ff;\" href=\"https:\/\/vimaterial.de\/fr\/controle-qualite\/\">Nos produits<\/a> <\/span>sont soumis \u00e0 un syst\u00e8me strict de gestion de la qualit\u00e9. Des mat\u00e9riaux entrants, du traitement, de l\u2019inspection finale \u00e0 l\u2019inspection de l\u2019usine, il existe des normes d\u2019inspection strictes. Des mesures d\u2019isolement strictes sont prises pour le traitement non qualifi\u00e9 afin d\u2019\u00e9viter que les produits non qualifi\u00e9s ne passent au processus suivant. Selon les exigences du client, nous fournissons des \u00e9chantillons pour la r\u00e9inspection du client.<\/p>\n<h2><span style=\"font-size: 14pt;\">Emballage et stockage<\/span><\/h2>\n<p>La poudre de borure de baryum est emball\u00e9e dans un sac sous vide \u00e0 double couche ou une bouteille sous vide \u00e0 double couche avec carton ext\u00e9rieur.<\/p>\n<p>La poudre de borure de baryum doit \u00eatre stock\u00e9e dans un environnement scell\u00e9, sec et frais, \u00e0 l\u2019abri des agents oxydants puissants, des acides, des alcalis et d\u2019autres substances, afin d\u2019\u00e9viter l\u2019humidit\u00e9, l\u2019oxydation et d\u2019autres r\u00e9actions chimiques qui affectent ses performances.<\/p>\n","protected":false},"excerpt":{"rendered":"<p><span style=\"color: #0000ff;\"><a style=\"color: #0000ff;\" href=\"https:\/\/vimaterial.de\/fr\/product\/bromure-de-baryum\/\">Borure de baryum<\/a> <\/span>La poudre est une poudre noire avec un \u00e9clat m\u00e9tallique, caract\u00e9ris\u00e9e par un point de fusion \u00e9lev\u00e9, une duret\u00e9 \u00e9lev\u00e9e, une bonne conductivit\u00e9 \u00e9lectrique et une stabilit\u00e9 chimique, qui a des applications importantes dans l\u2019\u00e9lectronique, la m\u00e9tallurgie et la c\u00e9ramique.<\/p>\n","protected":false},"featured_media":1036355,"comment_status":"open","ping_status":"closed","template":"","meta":{"_acf_changed":false},"product_brand":[],"product_cat":[240],"product_tag":[],"class_list":{"0":"post-1036582","1":"product","2":"type-product","3":"status-publish","4":"has-post-thumbnail","6":"product_cat-materiaux-c-n-b-si","8":"first","9":"instock","10":"shipping-taxable","11":"product-type-variable"},"acf":[],"_links":{"self":[{"href":"https:\/\/vimaterial.de\/fr\/wp-json\/wp\/v2\/product\/1036582","targetHints":{"allow":["GET"]}}],"collection":[{"href":"https:\/\/vimaterial.de\/fr\/wp-json\/wp\/v2\/product"}],"about":[{"href":"https:\/\/vimaterial.de\/fr\/wp-json\/wp\/v2\/types\/product"}],"replies":[{"embeddable":true,"href":"https:\/\/vimaterial.de\/fr\/wp-json\/wp\/v2\/comments?post=1036582"}],"wp:featuredmedia":[{"embeddable":true,"href":"https:\/\/vimaterial.de\/fr\/wp-json\/wp\/v2\/media\/1036355"}],"wp:attachment":[{"href":"https:\/\/vimaterial.de\/fr\/wp-json\/wp\/v2\/media?parent=1036582"}],"wp:term":[{"taxonomy":"product_brand","embeddable":true,"href":"https:\/\/vimaterial.de\/fr\/wp-json\/wp\/v2\/product_brand?post=1036582"},{"taxonomy":"product_cat","embeddable":true,"href":"https:\/\/vimaterial.de\/fr\/wp-json\/wp\/v2\/product_cat?post=1036582"},{"taxonomy":"product_tag","embeddable":true,"href":"https:\/\/vimaterial.de\/fr\/wp-json\/wp\/v2\/product_tag?post=1036582"}],"curies":[{"name":"wp","href":"https:\/\/api.w.org\/{rel}","templated":true}]}}