{"id":1036571,"date":"2024-08-16T11:21:16","date_gmt":"2024-08-16T03:21:16","guid":{"rendered":"https:\/\/vimaterial.de\/product\/alliage-de-cuivre-et-de-zirconium-3\/"},"modified":"2025-02-07T11:14:45","modified_gmt":"2025-02-07T03:14:45","slug":"alliage-de-cuivre-et-de-zirconium-3","status":"publish","type":"product","link":"https:\/\/vimaterial.de\/fr\/product\/alliage-de-cuivre-et-de-zirconium-3\/","title":{"rendered":"Alliage de cuivre et de zirconium"},"content":{"rendered":"<p>Alliage de cuivre et de zirconium\u00a0est une cible de pulv\u00e9risation \u00e0 base de cuivre et de zirconium avec une bonne conductivit\u00e9 \u00e9lectrique, une r\u00e9sistance \u00e9lev\u00e9e et une duret\u00e9 \u00e9lev\u00e9e, qui est principalement utilis\u00e9e dans les semi-conducteurs et les dispositifs \u00e9lectroniques.<\/p>\n<p>VIMATERIAL est une entreprise d\u2019innovation chimique de pointe, sp\u00e9cialis\u00e9e dans les mat\u00e9riaux haute performance pour les applications d\u2019ing\u00e9nierie avanc\u00e9es. Nos produits se caract\u00e9risent par une grande puret\u00e9, des performances stables, une prise en charge des commandes de petits lots, un stock suffisant et des d\u00e9lais de livraison courts. Nous prenons \u00e9galement en charge le service de liaison de cible et acceptons toute personnalisation et exp\u00e9rimentation de produit, veuillez<span style=\"color: #0000ff;\"><a style=\"color: #0000ff;\" href=\"https:\/\/vimaterial.de\/fr\/contact\/\"> nous contacter<\/a><\/span> si vous avez besoin de quoi que ce soit.<\/p>\n<h2><span style=\"font-size: 14pt;\">Caract\u00e9ristiques<\/span><\/h2>\n<p>Formule mol\u00e9culaire : CuZr<\/p>\n<p>Poids mol\u00e9culaire : environ 154,77<\/p>\n<p>Apparence : Cible m\u00e9tallique rouge\u00e2tre<\/p>\n<h2><span style=\"font-size: 14pt;\">Applications<\/span><\/h2>\n<p>Industrie des semi-conducteurs : Les cibles de pulv\u00e9risation de cuivre et de zirconium sont utilis\u00e9es dans la fabrication de puces \u00e0 semi-conducteurs pour le d\u00e9p\u00f4t par pulv\u00e9risation de couches minces d\u2019alliages cuivre-zirconium afin de former des interconnexions haute performance et d\u2019am\u00e9liorer la conductivit\u00e9 et la fiabilit\u00e9 des puces.<\/p>\n<p>Dans le domaine des appareils \u00e9lectroniques : Dans la production d\u2019appareils \u00e9lectroniques, la cible de pulv\u00e9risation peut \u00eatre utilis\u00e9e pour former des couches protectrices et conductrices \u00e0 la surface de l\u2019appareil gr\u00e2ce au processus de pulv\u00e9risation, ce qui am\u00e9liore la stabilit\u00e9 et la conductivit\u00e9 de l\u2019appareil \u00e9lectronique et prolonge sa dur\u00e9e de vie.<\/p>\n<p>Rev\u00eatement optique\u00a0: Dans le domaine du rev\u00eatement optique, les cibles de pulv\u00e9risation de cuivre et de zirconium peuvent \u00eatre utilis\u00e9es pour pr\u00e9parer des films minces avec des propri\u00e9t\u00e9s optiques sp\u00e9ciales, qui peuvent fournir une am\u00e9lioration de la transmittance, une r\u00e9flexion et d\u2019autres fonctions pour les composants optiques et am\u00e9liorer les performances des syst\u00e8mes optiques.<\/p>\n<h2><span style=\"font-size: 14pt;\">Contr\u00f4le de la qualit\u00e9<\/span><\/h2>\n<p><span style=\"color: #0000ff;\"><a style=\"color: #0000ff;\" href=\"https:\/\/vimaterial.de\/fr\/controle-qualite\/\">Nos produits<\/a><\/span> sont soumis \u00e0 un syst\u00e8me strict de gestion de la qualit\u00e9. Des mat\u00e9riaux entrants, du traitement, de l\u2019inspection finale \u00e0 l\u2019inspection de l\u2019usine, il existe des normes d\u2019inspection strictes. Des mesures d\u2019isolement strictes sont prises pour le traitement non qualifi\u00e9 afin d\u2019\u00e9viter que les produits non qualifi\u00e9s ne passent au processus suivant. Selon les exigences du client, nous fournissons des \u00e9chantillons pour la r\u00e9inspection du client.<\/p>\n<h2><span style=\"font-size: 14pt;\">Emballage et stockage<\/span><\/h2>\n<p>Les cibles de pulv\u00e9risation au cuivre et au zirconium sont emball\u00e9es dans des sacs sous vide doubles et emball\u00e9es dans des cartons ext\u00e9rieurs.<\/p>\n<p>Les cibles de pulv\u00e9risation de cuivre et de zirconium doivent \u00eatre stock\u00e9es dans un environnement sec et propre, \u00e0 une temp\u00e9rature appropri\u00e9e et sans gaz corrosifs, et doivent \u00eatre encapsul\u00e9es dans un emballage \u00e9tanche \u00e0 l\u2019humidit\u00e9 ou des r\u00e9cipients scell\u00e9s pour \u00e9viter l\u2019oxydation, l\u2019humidit\u00e9 et la contamination de surface qui pourraient affecter ses performances.<\/p>\n","protected":false},"excerpt":{"rendered":"<p>Alliage de cuivre et de zirconium\u00a0est une cible de pulv\u00e9risation \u00e0 base de cuivre et de zirconium avec une bonne conductivit\u00e9 \u00e9lectrique, une r\u00e9sistance \u00e9lev\u00e9e et une duret\u00e9 \u00e9lev\u00e9e, qui est principalement utilis\u00e9e dans les semi-conducteurs et les dispositifs \u00e9lectroniques.<\/p>\n","protected":false},"featured_media":1003410,"comment_status":"open","ping_status":"closed","template":"","meta":{"_acf_changed":false},"product_brand":[],"product_cat":[235],"product_tag":[],"class_list":{"0":"post-1036571","1":"product","2":"type-product","3":"status-publish","4":"has-post-thumbnail","6":"product_cat-cibles-de-pulverisation-planaire","8":"first","9":"instock","10":"shipping-taxable","11":"purchasable","12":"product-type-variable"},"acf":[],"_links":{"self":[{"href":"https:\/\/vimaterial.de\/fr\/wp-json\/wp\/v2\/product\/1036571","targetHints":{"allow":["GET"]}}],"collection":[{"href":"https:\/\/vimaterial.de\/fr\/wp-json\/wp\/v2\/product"}],"about":[{"href":"https:\/\/vimaterial.de\/fr\/wp-json\/wp\/v2\/types\/product"}],"replies":[{"embeddable":true,"href":"https:\/\/vimaterial.de\/fr\/wp-json\/wp\/v2\/comments?post=1036571"}],"wp:featuredmedia":[{"embeddable":true,"href":"https:\/\/vimaterial.de\/fr\/wp-json\/wp\/v2\/media\/1003410"}],"wp:attachment":[{"href":"https:\/\/vimaterial.de\/fr\/wp-json\/wp\/v2\/media?parent=1036571"}],"wp:term":[{"taxonomy":"product_brand","embeddable":true,"href":"https:\/\/vimaterial.de\/fr\/wp-json\/wp\/v2\/product_brand?post=1036571"},{"taxonomy":"product_cat","embeddable":true,"href":"https:\/\/vimaterial.de\/fr\/wp-json\/wp\/v2\/product_cat?post=1036571"},{"taxonomy":"product_tag","embeddable":true,"href":"https:\/\/vimaterial.de\/fr\/wp-json\/wp\/v2\/product_tag?post=1036571"}],"curies":[{"name":"wp","href":"https:\/\/api.w.org\/{rel}","templated":true}]}}