{"id":1036569,"date":"2024-08-16T11:21:17","date_gmt":"2024-08-16T03:21:17","guid":{"rendered":"https:\/\/vimaterial.de\/product\/seleniure-dindium-6\/"},"modified":"2025-02-07T09:33:33","modified_gmt":"2025-02-07T01:33:33","slug":"seleniure-dindium-6","status":"publish","type":"product","link":"https:\/\/vimaterial.de\/fr\/product\/seleniure-dindium-6\/","title":{"rendered":"S\u00e9l\u00e9niure d\u2019indium"},"content":{"rendered":"<p><span style=\"color: #0000ff;\"><a style=\"color: #0000ff;\" href=\"https:\/\/vimaterial.de\/fr\/product\/seleniure-dindium-4\/\">S\u00e9l\u00e9niure d&#8217;indium<\/a><\/span> La poudre est un mat\u00e9riau semi-conducteur avec une structure en couches qui appara\u00eet de couleur noire ou noir-gris et est utilis\u00e9 dans des applications telles que les dispositifs opto\u00e9lectroniques, la d\u00e9tection infrarouge et l\u2019informatique quantique topologique.<\/p>\n<p>VIMATERIAL est une entreprise d\u2019innovation chimique de pointe, sp\u00e9cialis\u00e9e dans les mat\u00e9riaux haute performance pour les applications d\u2019ing\u00e9nierie avanc\u00e9es. Nos produits se caract\u00e9risent par une grande puret\u00e9, des performances stables, une prise en charge des commandes de petits lots, un stock suffisant et des d\u00e9lais de livraison courts. Nous prenons \u00e9galement en charge le service de liaison de cible et acceptons toute personnalisation et exp\u00e9rimentation de produit, veuillez <span style=\"color: #0000ff;\"><a style=\"color: #0000ff;\" href=\"https:\/\/vimaterial.de\/fr\/contact\/\">nous contacter<\/a><\/span> si vous avez besoin de quoi que ce soit.<\/p>\n<h2><span style=\"font-size: 14pt;\">Caract\u00e9ristiques<\/span><\/h2>\n<p>Formule mol\u00e9culaire : In\u2082Se\u2083<\/p>\n<p>Poids mol\u00e9culaire : 466,52<\/p>\n<p>Apparence\u00a0: poudre cristalline noire<\/p>\n<p>Densit\u00e9 : 5,67 g\/cm\u00b3<\/p>\n<p>Point de fusion : 890\u00b0C<\/p>\n<p>Structure cristalline : Se compose principalement de structures cristallines \u03b1, \u03b2, \u03b3, \u03b4 et \u03ba, parmi lesquelles \u03b1-In\u2082Se\u2083 et \u03b3-In\u2082Se\u2083 peuvent exister de mani\u00e8re stable \u00e0 temp\u00e9rature ambiante.<\/p>\n<h2><span style=\"font-size: 14pt;\">Applications<\/span><\/h2>\n<p>Dispositifs opto\u00e9lectroniques\u00a0: Avec ses propri\u00e9t\u00e9s photo\u00e9lectriques uniques, la poudre de s\u00e9l\u00e9niure d\u2019indium est largement utilis\u00e9e dans la fabrication de cellules solaires, de photod\u00e9tecteurs, etc., ce qui peut am\u00e9liorer efficacement l\u2019efficacit\u00e9 de la conversion photo\u00e9lectrique.<\/p>\n<p>Mat\u00e9riaux semi-conducteurs : La poudre de s\u00e9l\u00e9niure d\u2019indium est un mat\u00e9riau important pour la pr\u00e9paration des transistors, des circuits int\u00e9gr\u00e9s et d\u2019autres dispositifs semi-conducteurs, ce qui contribue \u00e0 am\u00e9liorer les performances et la stabilit\u00e9 des dispositifs.<\/p>\n<p>Optique infrarouge : de bonnes propri\u00e9t\u00e9s optiques dans la bande infrarouge peuvent \u00eatre utilis\u00e9es pour fabriquer des fen\u00eatres infrarouges, des lentilles et d\u2019autres composants optiques.<\/p>\n<p>Mat\u00e9riaux thermo\u00e9lectriques : avec certaines propri\u00e9t\u00e9s thermo\u00e9lectriques, ils peuvent \u00eatre appliqu\u00e9s dans les domaines de la production d\u2019\u00e9nergie par diff\u00e9rence de temp\u00e9rature et de la r\u00e9frig\u00e9ration thermo\u00e9lectrique pour r\u00e9aliser la conversion mutuelle de l\u2019\u00e9nergie thermique et de l\u2019\u00e9nergie \u00e9lectrique.<\/p>\n<h2><span style=\"font-size: 14pt;\">Contr\u00f4le de la qualit\u00e9<\/span><\/h2>\n<p><span style=\"color: #0000ff;\"><a style=\"color: #0000ff;\" href=\"https:\/\/vimaterial.de\/fr\/controle-qualite\/\">Nos produits<\/a><\/span> sont soumis \u00e0 un syst\u00e8me strict de gestion de la qualit\u00e9. Des mat\u00e9riaux entrants, du traitement, de l\u2019inspection finale \u00e0 l\u2019inspection de l\u2019usine, il existe des normes d\u2019inspection strictes. Des mesures d\u2019isolement strictes sont prises pour le traitement non qualifi\u00e9 afin d\u2019\u00e9viter que les produits non qualifi\u00e9s ne passent au processus suivant. Selon les exigences du client, nous fournissons des \u00e9chantillons pour la r\u00e9inspection du client.<\/p>\n<h2><span style=\"font-size: 14pt;\">Emballage et stockage<\/span><\/h2>\n<p>La poudre de s\u00e9l\u00e9niure d&#8217;indium est emball\u00e9e dans un sac sous vide \u00e0 double couche ou une bouteille sous vide \u00e0 double couche avec carton ext\u00e9rieur.<\/p>\n<p>La poudre de s\u00e9l\u00e9niure d&#8217;indium doit \u00eatre stock\u00e9e dans un environnement \u00e0 basse temp\u00e9rature, sec et prot\u00e9g\u00e9 contre les gaz inertes, en \u00e9vitant le contact avec l\u2019air et l\u2019humidit\u00e9 pour \u00e9viter l\u2019oxydation et la d\u00e9t\u00e9rioration.<\/p>\n","protected":false},"excerpt":{"rendered":"<p><span style=\"color: #0000ff;\"><a style=\"color: #0000ff;\" href=\"https:\/\/vimaterial.de\/en\/product\/indium-selenide\/\">S\u00e9l\u00e9niure d&#8217;indium<\/a><\/span> La poudre est un mat\u00e9riau semi-conducteur avec une structure en couches qui appara\u00eet de couleur noire ou noir-gris et est utilis\u00e9 dans des applications telles que les dispositifs opto\u00e9lectroniques, la d\u00e9tection infrarouge et l\u2019informatique quantique topologique.<\/p>\n","protected":false},"featured_media":1036339,"comment_status":"open","ping_status":"closed","template":"","meta":{"_acf_changed":false},"product_brand":[],"product_cat":[238],"product_tag":[],"class_list":{"0":"post-1036569","1":"product","2":"type-product","3":"status-publish","4":"has-post-thumbnail","6":"product_cat-materiaux-de-chalcogenure","8":"first","9":"instock","10":"shipping-taxable","11":"product-type-variable"},"acf":[],"_links":{"self":[{"href":"https:\/\/vimaterial.de\/fr\/wp-json\/wp\/v2\/product\/1036569","targetHints":{"allow":["GET"]}}],"collection":[{"href":"https:\/\/vimaterial.de\/fr\/wp-json\/wp\/v2\/product"}],"about":[{"href":"https:\/\/vimaterial.de\/fr\/wp-json\/wp\/v2\/types\/product"}],"replies":[{"embeddable":true,"href":"https:\/\/vimaterial.de\/fr\/wp-json\/wp\/v2\/comments?post=1036569"}],"wp:featuredmedia":[{"embeddable":true,"href":"https:\/\/vimaterial.de\/fr\/wp-json\/wp\/v2\/media\/1036339"}],"wp:attachment":[{"href":"https:\/\/vimaterial.de\/fr\/wp-json\/wp\/v2\/media?parent=1036569"}],"wp:term":[{"taxonomy":"product_brand","embeddable":true,"href":"https:\/\/vimaterial.de\/fr\/wp-json\/wp\/v2\/product_brand?post=1036569"},{"taxonomy":"product_cat","embeddable":true,"href":"https:\/\/vimaterial.de\/fr\/wp-json\/wp\/v2\/product_cat?post=1036569"},{"taxonomy":"product_tag","embeddable":true,"href":"https:\/\/vimaterial.de\/fr\/wp-json\/wp\/v2\/product_tag?post=1036569"}],"curies":[{"name":"wp","href":"https:\/\/api.w.org\/{rel}","templated":true}]}}