{"id":1036559,"date":"2024-08-16T11:21:17","date_gmt":"2024-08-16T03:21:17","guid":{"rendered":"https:\/\/vimaterial.de\/product\/tellurure-dindium-4\/"},"modified":"2025-02-07T10:49:52","modified_gmt":"2025-02-07T02:49:52","slug":"granules-de-telluride-dindium","status":"publish","type":"product","link":"https:\/\/vimaterial.de\/fr\/product\/granules-de-telluride-dindium\/","title":{"rendered":"Tellurure d\u2019indium"},"content":{"rendered":"<p>Les granules <span style=\"color: #0000ff;\"><a style=\"color: #0000ff;\" href=\"https:\/\/vimaterial.de\/es\/product\/polvo-de-teluro-de-indio\/\">de tellurure d&#8217;indium<\/a> <\/span>sont des mat\u00e9riaux semi-conducteurs de couleur noire avec une structure de syst\u00e8me cristallin cubique qui ont des applications importantes dans les d\u00e9tecteurs infrarouges, les cellules photovolta\u00efques, les mat\u00e9riaux thermo\u00e9lectriques et les dispositifs opto\u00e9lectroniques.<\/p>\n<p>VIMATERIAL est une entreprise d\u2019innovation chimique de pointe, sp\u00e9cialis\u00e9e dans les mat\u00e9riaux haute performance pour les applications d\u2019ing\u00e9nierie avanc\u00e9es. Nos produits se caract\u00e9risent par une grande puret\u00e9, des performances stables, une prise en charge des commandes de petits lots, un stock suffisant et des d\u00e9lais de livraison courts. Nous prenons \u00e9galement en charge le service de liaison de cible et acceptons toute personnalisation et exp\u00e9rimentation de produit, veuillez<span style=\"color: #0000ff;\"><a style=\"color: #0000ff;\" href=\"https:\/\/vimaterial.de\/fr\/contact\/\"> nous contacter<\/a><\/span> si vous avez besoin de quoi que ce soit.<\/p>\n<h2><span style=\"font-size: 14pt;\">Caract\u00e9ristiques<\/span><\/h2>\n<p>Formule mol\u00e9culaire : In\u2082Te\u2083<\/p>\n<p>Poids mol\u00e9culaire : 612,44<\/p>\n<p>Apparence\u00a0: cristal cubique noir<\/p>\n<p>Densit\u00e9 : 5,8 g\/cm\u00b3<\/p>\n<p>Point de fusion : 667\u00b0C<\/p>\n<p>Structure cristalline : Syst\u00e8me cristallin cubique<\/p>\n<h2><span style=\"font-size: 14pt;\">Applications<\/span><\/h2>\n<p>Industrie photovolta\u00efque\u00a0: En tant que mat\u00e9riau pour les cellules photovolta\u00efques, les granul\u00e9s de tellurure d\u2019indium peuvent absorber efficacement la lumi\u00e8re du soleil et augmenter l\u2019efficacit\u00e9 de conversion photovolta\u00efque des cellules solaires, favorisant ainsi le d\u00e9veloppement de l\u2019industrie photovolta\u00efque.<\/p>\n<p>Thermo\u00e9lectricit\u00e9\u00a0: Sur la base de ses bonnes propri\u00e9t\u00e9s thermo\u00e9lectriques, les granul\u00e9s de tellurure d\u2019indium peuvent \u00eatre utilis\u00e9s pour fabriquer des mat\u00e9riaux thermo\u00e9lectriques, r\u00e9alisant la conversion efficace de la chaleur et de l\u2019\u00e9lectricit\u00e9, et appliquant \u00e0 la diff\u00e9rence de temp\u00e9rature la production d\u2019\u00e9nergie et la r\u00e9frig\u00e9ration thermo\u00e9lectrique.<\/p>\n<p>Opto\u00e9lectronique : En opto\u00e9lectronique, les granules de tellurure d\u2019indium sont utilis\u00e9s pour fabriquer des diodes \u00e9lectroluminescentes (LED) et des diodes laser pour prendre en charge les communications optiques, le stockage optique et les technologies d\u2019affichage.<\/p>\n<p>\u00c9lectronique : Les granules de tellurure d\u2019indium sont utilis\u00e9s comme mat\u00e9riaux d\u2019\u00e9lectrode ou couches semi-conductrices dans les appareils \u00e9lectroniques, utilisant leur grande mobilit\u00e9 \u00e9lectronique pour augmenter consid\u00e9rablement la vitesse et l\u2019efficacit\u00e9 des dispositifs \u00e9lectroniques \u00e0 haute fr\u00e9quence.<\/p>\n<h2><span style=\"font-size: 14pt;\">Contr\u00f4le de la qualit\u00e9<\/span><\/h2>\n<p><span style=\"color: #0000ff;\"><a style=\"color: #0000ff;\" href=\"https:\/\/vimaterial.de\/fr\/controle-qualite\/\">Nos produits<\/a> <\/span>sont soumis \u00e0 un syst\u00e8me strict de gestion de la qualit\u00e9. Des mat\u00e9riaux entrants, du traitement, de l\u2019inspection finale \u00e0 l\u2019inspection de l\u2019usine, il existe des normes d\u2019inspection strictes. Des mesures d\u2019isolement strictes sont prises pour le traitement non qualifi\u00e9 afin d\u2019\u00e9viter que les produits non qualifi\u00e9s ne passent au processus suivant. Selon les exigences du client, nous fournissons des \u00e9chantillons pour la r\u00e9inspection du client.<\/p>\n<h2><span style=\"font-size: 14pt;\">Emballage et stockage<\/span><\/h2>\n<p>Les granul\u00e9s d&#8217;indium Telluride sont emball\u00e9s dans des sacs \u00e0 double vide ou des bouteilles \u00e0 double vide avec des cartons ext\u00e9rieurs.<\/p>\n<p>Les granules de tellurure d&#8217;indium doivent \u00eatre stock\u00e9s dans un environnement frais, sec et bien ventil\u00e9, \u00e0 temp\u00e9rature ambiante et \u00e0 l\u2019abri de la lumi\u00e8re directe du soleil, de pr\u00e9f\u00e9rence dans des r\u00e9cipients scell\u00e9s pour \u00e9viter l\u2019humidit\u00e9, l\u2019oxydation et la r\u00e9action avec d\u2019autres substances, et \u00e0 l\u2019\u00e9cart des sources d\u2019incendie, de chaleur et d\u2019agents oxydants puissants.<\/p>\n","protected":false},"excerpt":{"rendered":"<p>Les granules <span style=\"color: #0000ff;\"><a style=\"color: #0000ff;\" href=\"https:\/\/vimaterial.de\/es\/product\/polvo-de-teluro-de-indio\/\">de tellurure d&#8217;indium<\/a> <\/span>sont des mat\u00e9riaux semi-conducteurs de couleur noire avec une structure de syst\u00e8me cristallin cubique qui ont des applications importantes dans les d\u00e9tecteurs infrarouges, les cellules photovolta\u00efques, les mat\u00e9riaux thermo\u00e9lectriques et les dispositifs opto\u00e9lectroniques.<\/p>\n","protected":false},"featured_media":1036346,"comment_status":"open","ping_status":"closed","template":"","meta":{"_acf_changed":false},"product_brand":[],"product_cat":[236],"product_tag":[],"class_list":{"0":"post-1036559","1":"product","2":"type-product","3":"status-publish","4":"has-post-thumbnail","6":"product_cat-materiaux-devaporation","8":"first","9":"instock","10":"shipping-taxable","11":"product-type-variable"},"acf":[],"_links":{"self":[{"href":"https:\/\/vimaterial.de\/fr\/wp-json\/wp\/v2\/product\/1036559","targetHints":{"allow":["GET"]}}],"collection":[{"href":"https:\/\/vimaterial.de\/fr\/wp-json\/wp\/v2\/product"}],"about":[{"href":"https:\/\/vimaterial.de\/fr\/wp-json\/wp\/v2\/types\/product"}],"replies":[{"embeddable":true,"href":"https:\/\/vimaterial.de\/fr\/wp-json\/wp\/v2\/comments?post=1036559"}],"wp:featuredmedia":[{"embeddable":true,"href":"https:\/\/vimaterial.de\/fr\/wp-json\/wp\/v2\/media\/1036346"}],"wp:attachment":[{"href":"https:\/\/vimaterial.de\/fr\/wp-json\/wp\/v2\/media?parent=1036559"}],"wp:term":[{"taxonomy":"product_brand","embeddable":true,"href":"https:\/\/vimaterial.de\/fr\/wp-json\/wp\/v2\/product_brand?post=1036559"},{"taxonomy":"product_cat","embeddable":true,"href":"https:\/\/vimaterial.de\/fr\/wp-json\/wp\/v2\/product_cat?post=1036559"},{"taxonomy":"product_tag","embeddable":true,"href":"https:\/\/vimaterial.de\/fr\/wp-json\/wp\/v2\/product_tag?post=1036559"}],"curies":[{"name":"wp","href":"https:\/\/api.w.org\/{rel}","templated":true}]}}