{"id":1036556,"date":"2024-08-16T11:21:16","date_gmt":"2024-08-16T03:21:16","guid":{"rendered":"https:\/\/vimaterial.de\/product\/seleniure-dindium-5\/"},"modified":"2025-02-07T13:58:58","modified_gmt":"2025-02-07T05:58:58","slug":"seleniure-dindium-5","status":"publish","type":"product","link":"https:\/\/vimaterial.de\/fr\/product\/seleniure-dindium-5\/","title":{"rendered":"S\u00e9l\u00e9niure d\u2019indium"},"content":{"rendered":"<p>Les granules <span style=\"color: #0000ff;\"><a style=\"color: #0000ff;\" href=\"https:\/\/vimaterial.de\/fr\/product\/seleniure-dindium\/\">de s\u00e9l\u00e9niure d\u2019indium<\/a><\/span> sont un mat\u00e9riau semi-conducteur avanc\u00e9. Ces particules ont une structure en couches unique et pr\u00e9sentent un aspect noir ou gris fonc\u00e9. In\u2082Se\u2083 est utilis\u00e9 dans les applications semi-conductrices, opto\u00e9lectroniques et infrarouges.<\/p>\n<p>VIMATERIAL est un innovateur chimique de pointe ax\u00e9 sur le d\u00e9veloppement de mat\u00e9riaux haute performance pour des applications d\u2019ing\u00e9nierie avanc\u00e9es. Nos particules In\u2082Se\u2083 se caract\u00e9risent par une grande puret\u00e9, des performances stables, une prise en charge des petites commandes, des stocks suffisants et des d\u00e9lais de livraison courts. Nous fournissons \u00e9galement des services de reliure de cibles personnalis\u00e9s et accueillons toutes sortes de besoins de personnalisation de produits et d\u2019exp\u00e9rimentation. N\u2019h\u00e9sitez pas \u00e0 <span style=\"color: #0000ff;\"><a style=\"color: #0000ff;\" href=\"https:\/\/vimaterial.de\/fr\/contact\/\">nous contacter<\/a><\/span> pour tous vos besoins.<\/p>\n<h2><span style=\"font-size: 14pt;\">Caract\u00e9ristiques<\/span><\/h2>\n<p>Formule mol\u00e9culaire : In\u2082Se\u2083<\/p>\n<p>Poids mol\u00e9culaire : 466,52<\/p>\n<p>Apparence : particules noires avec une morphologie de particules unique<\/p>\n<p>Densit\u00e9 : 5,67 g\/cm3<\/p>\n<p>Point de fusion : 890\u00b0C<\/p>\n<p>Structure cristalline : Elle se compose principalement de structures cristallines \u03b1, \u03b2, \u03b3, \u03b4 et \u03ba. Parmi eux, \u03b1-In\u2082Se\u2083 et \u03b3-In\u2082Se\u2083 sont stables \u00e0 temp\u00e9rature ambiante.<\/p>\n<h2><span style=\"font-size: 14pt;\">Applications<\/span><\/h2>\n<p>Dispositifs photovolta\u00efques : Les granul\u00e9s de s\u00e9l\u00e9niure d\u2019indium sont largement utilis\u00e9s dans la fabrication de cellules solaires en raison de leurs excellentes propri\u00e9t\u00e9s photovolta\u00efques. Ils peuvent am\u00e9liorer efficacement l\u2019efficacit\u00e9 de la conversion photo\u00e9lectrique et rendre l\u2019utilisation de l\u2019\u00e9nergie solaire plus efficace. En outre, ils sont essentiels dans la production de photod\u00e9tecteurs, qui jouent un r\u00f4le cl\u00e9 dans les applications de d\u00e9tection optique telles que les communications optiques et la surveillance de l\u2019environnement.<\/p>\n<p>Mat\u00e9riaux semi-conducteurs : Les granul\u00e9s In\u2019Se\u2083 sont des mati\u00e8res premi\u00e8res importantes pour la pr\u00e9paration des transistors et des circuits int\u00e9gr\u00e9s. Leur application peut am\u00e9liorer consid\u00e9rablement les performances et la stabilit\u00e9 des dispositifs \u00e0 semi-conducteurs.<\/p>\n<p>Optique infrarouge : Avec de bonnes propri\u00e9t\u00e9s optiques dans la bande infrarouge, ces particules peuvent \u00eatre utilis\u00e9es pour fabriquer des fen\u00eatres et des lentilles infrarouges. Ces composants sont largement utilis\u00e9s dans les syst\u00e8mes d\u2019imagerie infrarouge, les appareils de vision nocturne et les dispositifs de d\u00e9tection thermique, permettant la d\u00e9tection et l\u2019imagerie d\u2019objets dans la gamme infrarouge.<\/p>\n<p>Mat\u00e9riaux thermo\u00e9lectriques : L\u2019In\u2082Se\u2083 poss\u00e8de certaines propri\u00e9t\u00e9s thermo\u00e9lectriques, qui peuvent \u00eatre appliqu\u00e9es dans le domaine de la production d\u2019\u00e9nergie thermo\u00e9lectrique et de la r\u00e9frig\u00e9ration thermo\u00e9lectrique. Il permet l\u2019interconversion de l\u2019\u00e9nergie thermique et \u00e9lectrique, offrant de nouvelles solutions pour des applications efficaces de chauffage, de refroidissement et de production d\u2019\u00e9lectricit\u00e9, en particulier dans certains sc\u00e9narios de micro\u00e9lectricit\u00e9 et de r\u00e9cup\u00e9ration de chaleur r\u00e9siduelle.<\/p>\n<h2><span style=\"font-size: 14pt;\">Contr\u00f4le de la qualit\u00e9<\/span><\/h2>\n<p><span style=\"color: #0000ff;\"><a style=\"color: #0000ff;\" href=\"https:\/\/vimaterial.de\/fr\/controle-qualite\/\">Nos produits<\/a><\/span> suivent un syst\u00e8me de gestion de la qualit\u00e9 strict. De l\u2019inspection \u00e0 l\u2019arriv\u00e9e des mati\u00e8res premi\u00e8res, en passant par l\u2019ensemble du processus de production, jusqu\u2019\u00e0 l\u2019inspection finale et d\u00e9part usine, il existe des normes d\u2019inspection strictes. Pour les produits non qualifi\u00e9s, nous prendrons des mesures d\u2019isolement strictes pour \u00e9viter qu\u2019ils n\u2019entrent dans le prochain processus de production. \u00c0 la demande du client, nous pouvons fournir des \u00e9chantillons pour une r\u00e9inspection afin de nous assurer que nos produits r\u00e9pondent pleinement aux normes de qualit\u00e9 \u00e9lev\u00e9es attendues par nos clients.<\/p>\n<h2><span style=\"font-size: 14pt;\">Emballage et stockage<\/span><\/h2>\n<p>Les granul\u00e9s de s\u00e9l\u00e9niure d\u2019indium sont emball\u00e9s dans des sacs \u00e0 double vide ou des bouteilles \u00e0 double vide avec des cartons externes pour une protection suppl\u00e9mentaire.<\/p>\n<p>Les granul\u00e9s de s\u00e9l\u00e9niure d\u2019indium doivent \u00eatre stock\u00e9s dans un environnement frais et sec, \u00e0 l\u2019abri de l\u2019air et de l\u2019humidit\u00e9 pour \u00e9viter l\u2019oxydation et la d\u00e9t\u00e9rioration.<\/p>\n","protected":false},"excerpt":{"rendered":"<p>Les granules <span style=\"color: #0000ff;\"><a style=\"color: #0000ff;\" href=\"https:\/\/vimaterial.de\/fr\/product\/seleniure-dindium\/\">de s\u00e9l\u00e9niure d\u2019indium<\/a><\/span> sont un mat\u00e9riau semi-conducteur avanc\u00e9. Ces particules ont une structure en couches unique et pr\u00e9sentent un aspect noir ou gris fonc\u00e9. In\u2082Se\u2083 est utilis\u00e9 dans les applications semi-conductrices, opto\u00e9lectroniques et infrarouges.<\/p>\n","protected":false},"featured_media":1036331,"comment_status":"open","ping_status":"closed","template":"","meta":{"_acf_changed":false},"product_brand":[],"product_cat":[236],"product_tag":[],"class_list":{"0":"post-1036556","1":"product","2":"type-product","3":"status-publish","4":"has-post-thumbnail","6":"product_cat-materiaux-devaporation","8":"first","9":"instock","10":"shipping-taxable","11":"product-type-variable"},"acf":[],"_links":{"self":[{"href":"https:\/\/vimaterial.de\/fr\/wp-json\/wp\/v2\/product\/1036556","targetHints":{"allow":["GET"]}}],"collection":[{"href":"https:\/\/vimaterial.de\/fr\/wp-json\/wp\/v2\/product"}],"about":[{"href":"https:\/\/vimaterial.de\/fr\/wp-json\/wp\/v2\/types\/product"}],"replies":[{"embeddable":true,"href":"https:\/\/vimaterial.de\/fr\/wp-json\/wp\/v2\/comments?post=1036556"}],"wp:featuredmedia":[{"embeddable":true,"href":"https:\/\/vimaterial.de\/fr\/wp-json\/wp\/v2\/media\/1036331"}],"wp:attachment":[{"href":"https:\/\/vimaterial.de\/fr\/wp-json\/wp\/v2\/media?parent=1036556"}],"wp:term":[{"taxonomy":"product_brand","embeddable":true,"href":"https:\/\/vimaterial.de\/fr\/wp-json\/wp\/v2\/product_brand?post=1036556"},{"taxonomy":"product_cat","embeddable":true,"href":"https:\/\/vimaterial.de\/fr\/wp-json\/wp\/v2\/product_cat?post=1036556"},{"taxonomy":"product_tag","embeddable":true,"href":"https:\/\/vimaterial.de\/fr\/wp-json\/wp\/v2\/product_tag?post=1036556"}],"curies":[{"name":"wp","href":"https:\/\/api.w.org\/{rel}","templated":true}]}}