{"id":1036538,"date":"2024-08-16T11:21:15","date_gmt":"2024-08-16T03:21:15","guid":{"rendered":"https:\/\/vimaterial.de\/product\/alliage-de-cuivre-et-de-nickel-3\/"},"modified":"2025-02-07T15:02:11","modified_gmt":"2025-02-07T07:02:11","slug":"alliage-de-cuivre-et-de-nickel-3","status":"publish","type":"product","link":"https:\/\/vimaterial.de\/fr\/product\/alliage-de-cuivre-et-de-nickel-3\/","title":{"rendered":"Alliage de cuivre et de nickel"},"content":{"rendered":"<p>La cible de pulv\u00e9risation <span style=\"color: #0000ff;\"><a style=\"color: #0000ff;\" href=\"https:\/\/vimaterial.de\/fr\/product\/alliage-de-cuivre-et-de-nickel-2\/\">de cuivre et de nickel<\/a> <\/span>est une sorte de mat\u00e9riau cible synth\u00e9tis\u00e9 par le cuivre et le nickel dans un certain rapport. Ces cibles de pulv\u00e9risation pr\u00e9sentent d\u2019excellentes performances globales et ont un large \u00e9ventail d\u2019applications dans l\u2019\u00e9lectronique, l\u2019optique, l\u2019\u00e9nergie et de nombreux autres domaines.<\/p>\n<p>VIMATERIAL s\u2019est toujours engag\u00e9 dans la recherche et le d\u00e9veloppement approfondis et l\u2019innovation de mat\u00e9riaux haute performance. Nos cibles de pulv\u00e9risation CuNi sont connues pour leur grande puret\u00e9, leurs performances de pulv\u00e9risation stables, leur flexibilit\u00e9 pour accepter de petites commandes, leur garantie de stock suffisante et leur cycle de livraison rapide. En outre, nous proposons une gamme compl\u00e8te de services de collage de cibles personnalis\u00e9s. N\u2019h\u00e9sitez pas <span style=\"color: #0000ff;\"><a style=\"color: #0000ff;\" href=\"https:\/\/vimaterial.de\/fr\/contact\/\">\u00e0 nous contacter<\/a><\/span> pour toute question ou besoin.<\/p>\n<h2><span style=\"font-size: 14pt;\">Caract\u00e9ristiques<\/span><\/h2>\n<p>Formule chimique : CuNi<\/p>\n<p>Apparence\u00a0: Cible de couleur m\u00e9tallique avec un peu de brillance, surface lisse<\/p>\n<p>Structure cristalline : structure typique d\u2019une solution solide d\u2019alliage, les atomes de cuivre et de nickel sont uniform\u00e9ment r\u00e9partis dans le r\u00e9seau.<\/p>\n<h2><span style=\"font-size: 14pt;\">Applications<\/span><\/h2>\n<p>Champ d\u2019information \u00e9lectronique\u00a0: Dans la fabrication de puces \u00e0 semi-conducteurs, la cible de pulv\u00e9risation CuNi est couramment utilis\u00e9e dans la pr\u00e9paration de la couche d\u2019interconnexion m\u00e9tallique et de la couche barri\u00e8re.<\/p>\n<p>Rev\u00eatement optique : Les films minces pr\u00e9par\u00e9s avec des cibles de pulv\u00e9risation CuNi ont des propri\u00e9t\u00e9s optiques uniques et peuvent \u00eatre utilis\u00e9s pour fabriquer des composants optiques tels que des filtres optiques, des miroirs et des films d\u2019am\u00e9lioration de la transmittance.<\/p>\n<p>Champ d\u2019\u00e9nergie : Dans la modification de surface des mat\u00e9riaux d\u2019\u00e9lectrode pour les batteries lithium-ion, des couches minces pr\u00e9par\u00e9es par des cibles de pulv\u00e9risation CuNi peuvent am\u00e9liorer la conductivit\u00e9 et la stabilit\u00e9 cyclique des \u00e9lectrodes, et augmenter l\u2019efficacit\u00e9 de charge et de d\u00e9charge et la dur\u00e9e de vie des batteries. De plus, dans le domaine des cellules solaires, des \u00e9lectrodes conductrices transparentes pr\u00e9par\u00e9es par pulv\u00e9risation de films minces CuNi peuvent am\u00e9liorer efficacement l\u2019efficacit\u00e9 de la conversion photo\u00e9lectrique des cellules solaires, r\u00e9duire les co\u00fbts de fabrication et promouvoir le d\u00e9veloppement de l\u2019industrie de l\u2019\u00e9nergie solaire.<\/p>\n<p>Protection de surface\u00a0: En raison de la bonne r\u00e9sistance \u00e0 la corrosion et des propri\u00e9t\u00e9s d\u00e9coratives de l\u2019alliage CuNi, les cibles de pulv\u00e9risation CuNi sont largement utilis\u00e9es dans la protection de surface et le rev\u00eatement d\u00e9coratif des produits m\u00e9talliques.<\/p>\n<h2><span style=\"font-size: 14pt;\">Contr\u00f4le de la qualit\u00e9<\/span><\/h2>\n<p><span style=\"color: #0000ff;\"><a style=\"color: #0000ff;\" href=\"https:\/\/vimaterial.de\/fr\/controle-qualite\/\">Nous avons mis en place un syst\u00e8me de gestion de la qualit\u00e9 complet et strict<\/a><\/span> pour chaque lot de produits afin de contr\u00f4ler la qualit\u00e9 du produit \u00e0 la source. Au stade de l\u2019inspection du produit fini, des \u00e9quipements et des moyens d\u2019essai avanc\u00e9s sont utilis\u00e9s pour effectuer des tests complets et d\u00e9taill\u00e9s des indices cl\u00e9s tels que la densit\u00e9, la puret\u00e9, la structure d\u2019organisation, la plan\u00e9it\u00e9, la rugosit\u00e9 et les performances de pulv\u00e9risation du mat\u00e9riau cible. Pour tout produit qui ne r\u00e9pond pas aux normes de qualit\u00e9, nous prenons imm\u00e9diatement des mesures d\u2019isolement strictes et lui interdisons formellement d\u2019entrer dans le prochain processus de production ou de vente.<\/p>\n<h2><span style=\"font-size: 14pt;\">Emballage et stockage<\/span><\/h2>\n<p>Les cibles de pulv\u00e9risation CuNi sont emball\u00e9es dans des emballages de protection multicouches personnalis\u00e9s par des professionnels, les cibles \u00e9tant plac\u00e9es dans des cartons robustes ou des bo\u00eetes en bois.<\/p>\n<p>Les cibles de pulv\u00e9risation CuNi doivent \u00eatre stock\u00e9es dans un environnement sec, bien ventil\u00e9 et \u00e0 temp\u00e9rature stable, et en m\u00eame temps, les cibles doivent \u00eatre \u00e9vit\u00e9es d\u2019entrer en contact avec des substances corrosives telles que l\u2019acide, l\u2019alcali et d\u2019autres substances corrosives, ainsi qu\u2019avec des champs magn\u00e9tiques puissants et des champs \u00e9lectriques, afin d\u2019\u00e9viter que la composition chimique et les propri\u00e9t\u00e9s physiques des cibles ne changent.<\/p>\n","protected":false},"excerpt":{"rendered":"<p>La cible de pulv\u00e9risation <span style=\"color: #0000ff;\"><a style=\"color: #0000ff;\" href=\"https:\/\/vimaterial.de\/en\/product\/copper-nickel-alloy\/\">de cuivre et de nickel<\/a> <\/span>est une sorte de mat\u00e9riau cible synth\u00e9tis\u00e9 par le cuivre et le nickel dans un certain rapport. Ces cibles de pulv\u00e9risation pr\u00e9sentent d\u2019excellentes performances globales et ont un large \u00e9ventail d\u2019applications dans l\u2019\u00e9lectronique, l\u2019optique, l\u2019\u00e9nergie et de nombreux autres domaines.<\/p>\n","protected":false},"featured_media":1003243,"comment_status":"open","ping_status":"closed","template":"","meta":{"_acf_changed":false},"product_brand":[],"product_cat":[235],"product_tag":[],"class_list":{"0":"post-1036538","1":"product","2":"type-product","3":"status-publish","4":"has-post-thumbnail","6":"product_cat-cibles-de-pulverisation-planaire","8":"first","9":"instock","10":"shipping-taxable","11":"purchasable","12":"product-type-variable"},"acf":[],"_links":{"self":[{"href":"https:\/\/vimaterial.de\/fr\/wp-json\/wp\/v2\/product\/1036538","targetHints":{"allow":["GET"]}}],"collection":[{"href":"https:\/\/vimaterial.de\/fr\/wp-json\/wp\/v2\/product"}],"about":[{"href":"https:\/\/vimaterial.de\/fr\/wp-json\/wp\/v2\/types\/product"}],"replies":[{"embeddable":true,"href":"https:\/\/vimaterial.de\/fr\/wp-json\/wp\/v2\/comments?post=1036538"}],"wp:featuredmedia":[{"embeddable":true,"href":"https:\/\/vimaterial.de\/fr\/wp-json\/wp\/v2\/media\/1003243"}],"wp:attachment":[{"href":"https:\/\/vimaterial.de\/fr\/wp-json\/wp\/v2\/media?parent=1036538"}],"wp:term":[{"taxonomy":"product_brand","embeddable":true,"href":"https:\/\/vimaterial.de\/fr\/wp-json\/wp\/v2\/product_brand?post=1036538"},{"taxonomy":"product_cat","embeddable":true,"href":"https:\/\/vimaterial.de\/fr\/wp-json\/wp\/v2\/product_cat?post=1036538"},{"taxonomy":"product_tag","embeddable":true,"href":"https:\/\/vimaterial.de\/fr\/wp-json\/wp\/v2\/product_tag?post=1036538"}],"curies":[{"name":"wp","href":"https:\/\/api.w.org\/{rel}","templated":true}]}}