{"id":1036530,"date":"2024-08-16T11:21:14","date_gmt":"2024-08-16T03:21:14","guid":{"rendered":"https:\/\/vimaterial.de\/product\/orthosilicate-de-magnesium-2\/"},"modified":"2025-02-07T16:04:06","modified_gmt":"2025-02-07T08:04:06","slug":"orthosilicate-de-magnesium-2","status":"publish","type":"product","link":"https:\/\/vimaterial.de\/fr\/product\/orthosilicate-de-magnesium-2\/","title":{"rendered":"Orthosilicate de magn\u00e9sium"},"content":{"rendered":"<p>La poudre d\u2019orthosilicate de magn\u00e9sium est un mat\u00e9riau compos\u00e9 inorganique d\u2019une grande valeur dans la science des mat\u00e9riaux et dans de nombreux domaines industriels. Avec sa composition chimique et ses propri\u00e9t\u00e9s physiques uniques, il est principalement utilis\u00e9 en biom\u00e9decine, dans les mat\u00e9riaux r\u00e9fractaires et dans d\u2019autres domaines.<\/p>\n<p>VIMATERIAL se concentre sur la recherche et le d\u00e9veloppement approfondis de mat\u00e9riaux haute performance, et nous fournissons de la poudre d\u2019orthosilicate de magn\u00e9sium avec les avantages significatifs d\u2019une grande puret\u00e9, de performances stables, d\u2019un soutien \u00e0 la personnalisation des commandes de petits lots, d\u2019un stock de stock suffisant et d\u2019un d\u00e9lai de livraison court. Nous acceptons les produits personnalis\u00e9s, si vous avez des exigences, n\u2019h\u00e9sitez pas \u00e0 <span style=\"color: #0000ff;\"><a style=\"color: #0000ff;\" href=\"https:\/\/vimaterial.de\/fr\/contact\/\">nous contacter.<\/a><\/span><\/p>\n<h2><span style=\"font-size: 14pt;\">Caract\u00e9ristiques<\/span><\/h2>\n<p>Formule mol\u00e9culaire : Mg\u2082SiO\u2084<\/p>\n<p>Poids mol\u00e9culaire : 140,69<\/p>\n<p>Apparence\u00a0: poudre blanche \u00e0 la texture fine et uniforme<\/p>\n<p>Densit\u00e9 : environ 3,21 &#8211; 3,34 g\/cm3<\/p>\n<p>Point de fusion : jusqu\u2019\u00e0 1890\u00b0C<\/p>\n<p>Structure cristalline : Le principal type de structure cristalline d\u2019olivine de magn\u00e9sium, avec l\u2019arrangement ordonn\u00e9 de t\u00e9tra\u00e8dres silice-oxyg\u00e8ne et d\u2019ions magn\u00e9sium dans sa structure cristalline.<\/p>\n<h2><span style=\"font-size: 14pt;\">Applications<\/span><\/h2>\n<p>Industrie c\u00e9ramique : Il s\u2019agit d\u2019une mati\u00e8re premi\u00e8re cl\u00e9 pour la pr\u00e9paration de c\u00e9ramiques haute performance. Dans les c\u00e9ramiques structurelles, l\u2019ajout de poudre Mg\u2082SiO\u2084 peut am\u00e9liorer consid\u00e9rablement la r\u00e9sistance m\u00e9canique, la duret\u00e9 et la r\u00e9sistance \u00e0 l\u2019usure des c\u00e9ramiques, ce qui les rend largement utilis\u00e9es dans les garnitures m\u00e9caniques, les outils de coupe et d\u2019autres domaines.<\/p>\n<p>Domaine des mat\u00e9riaux r\u00e9fractaires : avec un point de fusion \u00e9lev\u00e9 et une bonne r\u00e9sistance aux chocs thermiques, la poudre d\u2019orthosilicate de magn\u00e9sium est devenue une partie importante des mat\u00e9riaux r\u00e9fractaires.<\/p>\n<p>Mat\u00e9riau adsorbant pour la protection de l\u2019environnement : les trous et les sites tensioactifs de sa structure cristalline lui conf\u00e8rent une certaine capacit\u00e9 d\u2019adsorption pour certains ions de m\u00e9taux lourds et polluants organiques.<\/p>\n<p>Domaine biom\u00e9dical : il pr\u00e9sente une valeur d\u2019application potentielle dans les bioc\u00e9ramiques. Le Mg\u2082SiO\u2084 a une bonne biocompatibilit\u00e9 et peut \u00eatre utilis\u00e9 comme mati\u00e8re premi\u00e8re pour les mat\u00e9riaux de r\u00e9paration osseuse et pour la pr\u00e9paration de produits tels que l\u2019os artificiel et le ciment osseux.<\/p>\n<h2><span style=\"font-size: 14pt;\">Contr\u00f4le de la qualit\u00e9<\/span><\/h2>\n<p><span style=\"color: #0000ff;\"><a style=\"color: #0000ff;\" href=\"https:\/\/vimaterial.de\/fr\/controle-qualite\/\">Nous avons mis en place un<\/a><\/span> syst\u00e8me de gestion de la qualit\u00e9 strict et complet \u00e0 chaque \u00e9tape de la production de poudre Mg\u2082SiO\u2084. Par exemple, dans l\u2019inspection des produits finis, des \u00e9quipements de test avanc\u00e9s, tels que le diffractom\u00e8tre \u00e0 rayons X (XRD), le microscope \u00e9lectronique \u00e0 balayage (MEB), l\u2019analyseur de taille de particules laser, etc., sont utilis\u00e9s pour effectuer des tests complets et d\u00e9taill\u00e9s d\u2019indicateurs cl\u00e9s tels que la puret\u00e9, la structure cristalline, la distribution granulom\u00e9trique, la surface sp\u00e9cifique, etc. des produits.<\/p>\n<p>De plus, selon les exigences particuli\u00e8res des clients, nous fournissons des \u00e9chantillons d\u2019\u00e9chantillons de produits pour faciliter les tests ind\u00e9pendants et l\u2019\u00e9valuation de la qualit\u00e9 des clients afin de garantir que chaque lot de poudre Mg\u2082SiO\u2084 livr\u00e9 r\u00e9pond, voire d\u00e9passe, aux attentes des clients.<\/p>\n<h2><span style=\"font-size: 14pt;\">Emballage et stockage<\/span><\/h2>\n<p>La poudre d\u2019orthosilicate de magn\u00e9sium est emball\u00e9e dans des bouteilles sous vide doubles suivies de cartons.<\/p>\n<p>La poudre d\u2019orthosilicate de magn\u00e9sium doit \u00eatre stock\u00e9e dans un entrep\u00f4t sec et bien ventil\u00e9, \u00e0 l\u2019abri de la lumi\u00e8re directe du soleil. Dans le m\u00eame temps, il doit \u00eatre tenu \u00e0 l\u2019\u00e9cart des substances corrosives telles que les acides et les alcalis ainsi que des oxydants forts pour \u00e9viter les r\u00e9actions chimiques.<\/p>\n","protected":false},"excerpt":{"rendered":"<p>La poudre d\u2019orthosilicate de magn\u00e9sium est un mat\u00e9riau compos\u00e9 inorganique d\u2019une grande valeur dans la science des mat\u00e9riaux et dans de nombreux domaines industriels. Avec sa composition chimique et ses propri\u00e9t\u00e9s physiques uniques, il est principalement utilis\u00e9 en biom\u00e9decine, dans les mat\u00e9riaux r\u00e9fractaires et dans d\u2019autres domaines. VIMATERIAL se concentre sur la recherche et le [&hellip;]<\/p>\n","protected":false},"featured_media":999401,"comment_status":"open","ping_status":"closed","template":"","meta":{"_acf_changed":false},"product_brand":[],"product_cat":[244],"product_tag":[],"class_list":{"0":"post-1036530","1":"product","2":"type-product","3":"status-publish","4":"has-post-thumbnail","6":"product_cat-autres-materiaux","8":"first","9":"instock","10":"shipping-taxable","11":"purchasable","12":"product-type-variable"},"acf":[],"_links":{"self":[{"href":"https:\/\/vimaterial.de\/fr\/wp-json\/wp\/v2\/product\/1036530","targetHints":{"allow":["GET"]}}],"collection":[{"href":"https:\/\/vimaterial.de\/fr\/wp-json\/wp\/v2\/product"}],"about":[{"href":"https:\/\/vimaterial.de\/fr\/wp-json\/wp\/v2\/types\/product"}],"replies":[{"embeddable":true,"href":"https:\/\/vimaterial.de\/fr\/wp-json\/wp\/v2\/comments?post=1036530"}],"wp:featuredmedia":[{"embeddable":true,"href":"https:\/\/vimaterial.de\/fr\/wp-json\/wp\/v2\/media\/999401"}],"wp:attachment":[{"href":"https:\/\/vimaterial.de\/fr\/wp-json\/wp\/v2\/media?parent=1036530"}],"wp:term":[{"taxonomy":"product_brand","embeddable":true,"href":"https:\/\/vimaterial.de\/fr\/wp-json\/wp\/v2\/product_brand?post=1036530"},{"taxonomy":"product_cat","embeddable":true,"href":"https:\/\/vimaterial.de\/fr\/wp-json\/wp\/v2\/product_cat?post=1036530"},{"taxonomy":"product_tag","embeddable":true,"href":"https:\/\/vimaterial.de\/fr\/wp-json\/wp\/v2\/product_tag?post=1036530"}],"curies":[{"name":"wp","href":"https:\/\/api.w.org\/{rel}","templated":true}]}}