{"id":1036525,"date":"2024-08-16T11:21:13","date_gmt":"2024-08-16T03:21:13","guid":{"rendered":"https:\/\/vimaterial.de\/product\/tetraborate-de-lithium\/"},"modified":"2025-02-07T17:56:16","modified_gmt":"2025-02-07T09:56:16","slug":"tetraborate-de-lithium","status":"publish","type":"product","link":"https:\/\/vimaterial.de\/fr\/product\/tetraborate-de-lithium\/","title":{"rendered":"T\u00e9traborate de lithium"},"content":{"rendered":"<p>La poudre de t\u00e9traborate de lithium est une poudre de compos\u00e9 inorganique d\u2019apparence blanche utilis\u00e9e comme r\u00e9actif de fondant, d\u2019additif ou de d\u00e9composition d\u2019\u00e9chantillon dans la fabrication du verre, la production de c\u00e9ramique, l\u2019industrie m\u00e9tallurgique et la chimie analytique.<\/p>\n<p>La poudre de t\u00e9traborate de lithium de VIMATERIAL pr\u00e9sente les avantages d\u2019une grande puret\u00e9, de performances stables, d\u2019une prise en charge de la personnalisation des commandes de petits lots, d\u2019un stock de stock suffisant et d\u2019un d\u00e9lai de livraison court. Dans le m\u00eame temps, nous fournissons \u00e9galement des services de produits personnalis\u00e9s pour nos clients, qu\u2019il s\u2019agisse d\u2019exigences de puret\u00e9 particuli\u00e8res, de contr\u00f4le de la distribution de la taille des particules ou d\u2019exp\u00e9riences d\u2019exploration d\u2019applications innovantes, nous vous invitons \u00e0 communiquer et \u00e0 coop\u00e9rer avec nous. N\u2019h\u00e9sitez pas <span style=\"color: #0000ff;\"><a style=\"color: #0000ff;\" href=\"https:\/\/vimaterial.de\/fr\/contact\/\">\u00e0 nous contacter<\/a><\/span> si vous avez des besoins connexes.<\/p>\n<h2><span style=\"font-size: 14pt;\">Caract\u00e9ristique<\/span><\/h2>\n<p>Formule mol\u00e9culaire : Li\u2082B\u2084O\u2087<\/p>\n<p>Poids mol\u00e9culaire : 169,12<\/p>\n<p>Apparence\u00a0: poudre blanche \u00e0 la texture fine et uniforme<\/p>\n<p>Densit\u00e9 : environ 2,46 g\/cm3<\/p>\n<p>Point de fusion : environ 917\u00b0C<\/p>\n<p>Structure cristalline\u00a0: La structure cristalline commune est un syst\u00e8me cristallin monoclinique.<\/p>\n<h2><span style=\"font-size: 14pt;\">Applications<\/span><\/h2>\n<p>Industrie de la fabrication du verre\u00a0: C\u2019est un flux et un additif important dans la production de verre, la poudre Li\u2082B\u2084O\u2087 peut r\u00e9duire la temp\u00e9rature de fusion du verre, favoriser la fusion uniforme des mati\u00e8res premi\u00e8res du verre, r\u00e9duire les bulles et les impuret\u00e9s dans le verre et am\u00e9liorer la transparence et la r\u00e9sistance m\u00e9canique du verre.<\/p>\n<p>Domaine de la c\u00e9ramique : l\u2019ajout de poudre Li\u2082B\u2084O\u2087 aux \u00e9bauches et aux \u00e9maux c\u00e9ramiques peut r\u00e9duire la temp\u00e9rature de cuisson des c\u00e9ramiques, raccourcir le temps de cuisson et am\u00e9liorer l\u2019efficacit\u00e9 de la production, ainsi que la brillance de surface, la duret\u00e9 et la r\u00e9sistance \u00e0 l\u2019usure des c\u00e9ramiques.<\/p>\n<p>Industrie m\u00e9tallurgique : Utilis\u00e9 comme fondant dans le processus m\u00e9tallurgique, il peut abaisser le point de fusion et la viscosit\u00e9 des scories, favoriser la s\u00e9paration du m\u00e9tal et des scories et am\u00e9liorer le taux de r\u00e9cup\u00e9ration et la puret\u00e9 du m\u00e9tal. Dans le m\u00eame temps, il peut \u00e9galement former un film protecteur \u00e0 la surface du m\u00e9tal, r\u00e9duisant la perte oxydative du m\u00e9tal dans le processus de fusion \u00e0 haute temp\u00e9rature.<\/p>\n<p>Dans le domaine de la chimie analytique : Parce que la poudre Li\u2082B\u2084O\u2087 a une bonne solubilit\u00e9 pour de nombreux oxydes m\u00e9talliques, elle est souvent utilis\u00e9e dans la pr\u00e9paration de fondants pour la d\u00e9composition d\u2019\u00e9chantillons de minerais, de roches, etc. pour l\u2019analyse \u00e9l\u00e9mentaire. Il s\u2019agit d\u2019un r\u00e9actif de pr\u00e9traitement d\u2019\u00e9chantillon couramment utilis\u00e9 dans les techniques analytiques modernes telles que la spectroscopie de fluorescence X (XRF) et la spectrom\u00e9trie de masse \u00e0 plasma \u00e0 couplage inductif (ICP &#8211; MS).<\/p>\n<h2><span style=\"font-size: 14pt;\">Contr\u00f4le de la qualit\u00e9<\/span><\/h2>\n<p><span style=\"color: #0000ff;\"><a style=\"color: #0000ff;\" href=\"https:\/\/vimaterial.de\/fr\/controle-qualite\/\">Nos produits<\/a><\/span> suivent un syst\u00e8me de gestion de la qualit\u00e9 strict et complet. Dans l\u2019inspection des produits finis, nous utilisons des \u00e9quipements de test avanc\u00e9s, tels que le diffractom\u00e8tre \u00e0 rayons X (XRD), le microscope \u00e9lectronique \u00e0 balayage (MEB), l\u2019analyseur de taille de particules laser, etc., pour effectuer un test complet et d\u00e9taill\u00e9 d\u2019indicateurs cl\u00e9s tels que la puret\u00e9, la structure cristalline, la distribution granulom\u00e9trique, la surface sp\u00e9cifique, etc. Selon les exigences particuli\u00e8res des clients, nous fournissons des \u00e9chantillons de produits pour faciliter la r\u00e9alisation de tests ind\u00e9pendants et d\u2019\u00e9valuation de la qualit\u00e9.<\/p>\n<h2><span style=\"font-size: 14pt;\">Emballage et stockage<\/span><\/h2>\n<p>La poudre de t\u00e9traborate de lithium est emball\u00e9e dans une solution d\u2019emballage professionnelle qui prot\u00e8ge contre l\u2019humidit\u00e9 et l\u2019oxydation. La protection externe est assur\u00e9e par des bo\u00eetes en carton ou des f\u00fbts en papier.<\/p>\n<p>La poudre de t\u00e9traborate de lithium doit \u00eatre stock\u00e9e dans un entrep\u00f4t sec et bien ventil\u00e9, \u00e0 l\u2019abri de la lumi\u00e8re directe du soleil. Dans le m\u00eame temps, il doit \u00eatre tenu \u00e0 l\u2019\u00e9cart des substances corrosives telles que les acides et les alcalis ainsi que des oxydants forts pour \u00e9viter les r\u00e9actions chimiques.<\/p>\n","protected":false},"excerpt":{"rendered":"<p>La poudre de t\u00e9traborate de lithium est une poudre de compos\u00e9 inorganique d\u2019apparence blanche utilis\u00e9e comme r\u00e9actif de fondant, d\u2019additif ou de d\u00e9composition d\u2019\u00e9chantillon dans la fabrication du verre, la production de c\u00e9ramique, l\u2019industrie m\u00e9tallurgique et la chimie analytique.<\/p>\n","protected":false},"featured_media":998601,"comment_status":"open","ping_status":"closed","template":"","meta":{"_acf_changed":false},"product_brand":[],"product_cat":[237],"product_tag":[],"class_list":{"0":"post-1036525","1":"product","2":"type-product","3":"status-publish","4":"has-post-thumbnail","6":"product_cat-materiaux-de-la-batterie","8":"first","9":"instock","10":"shipping-taxable","11":"purchasable","12":"product-type-variable"},"acf":[],"_links":{"self":[{"href":"https:\/\/vimaterial.de\/fr\/wp-json\/wp\/v2\/product\/1036525","targetHints":{"allow":["GET"]}}],"collection":[{"href":"https:\/\/vimaterial.de\/fr\/wp-json\/wp\/v2\/product"}],"about":[{"href":"https:\/\/vimaterial.de\/fr\/wp-json\/wp\/v2\/types\/product"}],"replies":[{"embeddable":true,"href":"https:\/\/vimaterial.de\/fr\/wp-json\/wp\/v2\/comments?post=1036525"}],"wp:featuredmedia":[{"embeddable":true,"href":"https:\/\/vimaterial.de\/fr\/wp-json\/wp\/v2\/media\/998601"}],"wp:attachment":[{"href":"https:\/\/vimaterial.de\/fr\/wp-json\/wp\/v2\/media?parent=1036525"}],"wp:term":[{"taxonomy":"product_brand","embeddable":true,"href":"https:\/\/vimaterial.de\/fr\/wp-json\/wp\/v2\/product_brand?post=1036525"},{"taxonomy":"product_cat","embeddable":true,"href":"https:\/\/vimaterial.de\/fr\/wp-json\/wp\/v2\/product_cat?post=1036525"},{"taxonomy":"product_tag","embeddable":true,"href":"https:\/\/vimaterial.de\/fr\/wp-json\/wp\/v2\/product_tag?post=1036525"}],"curies":[{"name":"wp","href":"https:\/\/api.w.org\/{rel}","templated":true}]}}