{"id":1036514,"date":"2024-08-16T11:21:14","date_gmt":"2024-08-16T03:21:14","guid":{"rendered":"https:\/\/vimaterial.de\/product\/orthosilicate-de-magnesium\/"},"modified":"2025-02-07T16:57:02","modified_gmt":"2025-02-07T08:57:02","slug":"orthosilicate-de-magnesium","status":"publish","type":"product","link":"https:\/\/vimaterial.de\/fr\/product\/orthosilicate-de-magnesium\/","title":{"rendered":"Orthosilicate de magn\u00e9sium"},"content":{"rendered":"<p>La cible de pulv\u00e9risation en <span style=\"color: #0000ff;\"><a style=\"color: #0000ff;\" href=\"https:\/\/vimaterial.de\/fr\/product\/orthosilicate-de-magnesium-2\/\">orthosilicate de magn\u00e9sium <\/a><\/span>est un mat\u00e9riau de pulv\u00e9risation haute performance qui joue un r\u00f4le cl\u00e9 dans le domaine du traitement de surface des mat\u00e9riaux et de la pr\u00e9paration de couches minces. Avec sa composition chimique unique et sa structure cristalline, il peut \u00eatre appliqu\u00e9 dans les domaines de l\u2019optique, de l\u2019\u00e9lectronique, de l\u2019\u00e9nergie, etc.<\/p>\n<p>VIMATERIAL se concentre toujours sur la recherche et le d\u00e9veloppement approfondis et la production innovante de mat\u00e9riaux haute performance, et s\u2019engage \u00e0 fournir des solutions cibles fiables et de haute qualit\u00e9 pour diverses applications d\u2019ing\u00e9nierie avanc\u00e9es. Nos cibles de pulv\u00e9risation en orthosilicate de magn\u00e9sium sont bien connues pour leur grande puret\u00e9, leurs performances de pulv\u00e9risation stables, leur flexibilit\u00e9 pour prendre de petites commandes, leur garantie de stock suffisant et leur cycle de livraison rapide. <span style=\"color: #0000ff;\"><a style=\"color: #0000ff;\" href=\"https:\/\/vimaterial.de\/fr\/contact\/\">Contactez-nous<\/a> <\/span>pour toute question ou besoin.<\/p>\n<h2><span style=\"font-size: 14pt;\">Caract\u00e9ristiques<\/span><\/h2>\n<p>Formule chimique : Mg\u2082SiO\u2084.<\/p>\n<p>Masse volumique th\u00e9orique : env. 3,21 &#8211; 3,34 g\/cm3<\/p>\n<p>Point de fusion : jusqu\u2019\u00e0 1890\u00b0C<\/p>\n<p>Structure cristalline : Montre principalement la structure cristalline de l\u2019olivine de magn\u00e9sium, l\u2019arrangement ordonn\u00e9 des t\u00e9tra\u00e8dres silice-oxyg\u00e8ne et des ions magn\u00e9sium forme une structure de r\u00e9seau cristallin stable.<\/p>\n<h2><span style=\"font-size: 14pt;\">Applications<\/span><\/h2>\n<p>Domaine du film optique : Il a des applications importantes dans la pr\u00e9paration de filtres optiques, de films d\u2019am\u00e9lioration de la transmittance et r\u00e9fl\u00e9chissants, etc. Les films pr\u00e9par\u00e9s par pulv\u00e9risation cathodique de la cible de pulv\u00e9risation d\u2019orthosilicate de magn\u00e9sium ont de bonnes propri\u00e9t\u00e9s optiques.<\/p>\n<p>Champ des appareils \u00e9lectroniques\u00a0: Il est utilis\u00e9 pour pr\u00e9parer la couche isolante, la couche de passivation et la couche tampon dans les appareils \u00e9lectroniques.<\/p>\n<p>Dans le domaine du stockage et de la conversion d\u2019\u00e9nergie : il a des applications potentielles dans la modification de surface des mat\u00e9riaux d\u2019\u00e9lectrode pour les batteries lithium-ion et la pr\u00e9paration de films d\u2019\u00e9lectrolyte \u00e0 l\u2019\u00e9tat solide.<\/p>\n<p>Domaine des rev\u00eatements biom\u00e9dicaux : en raison de la bonne biocompatibilit\u00e9 du Mg\u2082SiO\u2084, son mat\u00e9riau cible peut \u00eatre utilis\u00e9 pour pr\u00e9parer des rev\u00eatements biom\u00e9dicaux.<\/p>\n<h2><span style=\"font-size: 14pt;\">Contr\u00f4le de la qualit\u00e9<\/span><\/h2>\n<p><span style=\"color: #0000ff;\"><a style=\"color: #0000ff;\" href=\"https:\/\/vimaterial.de\/fr\/controle-qualite\/\">Nos produits<\/a><\/span> suivent un syst\u00e8me de gestion de la qualit\u00e9 complet et strict pour contr\u00f4ler la qualit\u00e9 du produit \u00e0 la source. Au stade de l\u2019inspection du produit fini, des \u00e9quipements de test avanc\u00e9s, tels que le spectrom\u00e8tre \u00e0 fluorescence X (XRF), le microscope \u00e9lectronique \u00e0 balayage (MEB), le spectrom\u00e8tre d\u2019\u00e9nergie (EDS), etc., sont utilis\u00e9s pour effectuer une inspection compl\u00e8te et d\u00e9taill\u00e9e des indices cl\u00e9s, tels que la puret\u00e9, la densit\u00e9, la structure organisationnelle, la plan\u00e9it\u00e9, la rugosit\u00e9 et les performances de pulv\u00e9risation du mat\u00e9riau cible.<\/p>\n<h2><span style=\"font-size: 14pt;\">Emballage et stockage<\/span><\/h2>\n<p>Les cibles de pulv\u00e9risation en orthosilicate de magn\u00e9sium sont emball\u00e9es dans des sacs sous vide doubles, puis emball\u00e9es, et enfin les cibles sont plac\u00e9es dans des cartons solides ou des bo\u00eetes en bois.<\/p>\n<p>Les cibles de pulv\u00e9risation en orthosilicate de magn\u00e9sium doivent \u00eatre stock\u00e9es dans un environnement sec, bien ventil\u00e9 et \u00e0 temp\u00e9rature stable, en m\u00eame temps, pour \u00e9viter la cible et les substances acides, alcalines et autres substances corrosives, ainsi qu\u2019un champ magn\u00e9tique puissant, un contact avec le champ \u00e9lectrique, pour emp\u00eacher la composition chimique et les propri\u00e9t\u00e9s physiques de la cible de changer.<\/p>\n","protected":false},"excerpt":{"rendered":"<p>La cible de pulv\u00e9risation en <span style=\"color: #0000ff;\"><a style=\"color: #0000ff;\" href=\"https:\/\/vimaterial.de\/fr\/product\/orthosilicate-de-magnesium-2\/\">orthosilicate de magn\u00e9sium <\/a><\/span>est un mat\u00e9riau de pulv\u00e9risation haute performance qui joue un r\u00f4le cl\u00e9 dans le domaine du traitement de surface des mat\u00e9riaux et de la pr\u00e9paration de couches minces. Avec sa composition chimique unique et sa structure cristalline, il peut \u00eatre appliqu\u00e9 dans les domaines de l\u2019optique, de l\u2019\u00e9lectronique, de l\u2019\u00e9nergie, etc.<\/p>\n","protected":false},"featured_media":999401,"comment_status":"open","ping_status":"closed","template":"","meta":{"_acf_changed":false},"product_brand":[],"product_cat":[235],"product_tag":[],"class_list":{"0":"post-1036514","1":"product","2":"type-product","3":"status-publish","4":"has-post-thumbnail","6":"product_cat-cibles-de-pulverisation-planaire","8":"first","9":"instock","10":"shipping-taxable","11":"product-type-variable"},"acf":[],"_links":{"self":[{"href":"https:\/\/vimaterial.de\/fr\/wp-json\/wp\/v2\/product\/1036514","targetHints":{"allow":["GET"]}}],"collection":[{"href":"https:\/\/vimaterial.de\/fr\/wp-json\/wp\/v2\/product"}],"about":[{"href":"https:\/\/vimaterial.de\/fr\/wp-json\/wp\/v2\/types\/product"}],"replies":[{"embeddable":true,"href":"https:\/\/vimaterial.de\/fr\/wp-json\/wp\/v2\/comments?post=1036514"}],"wp:featuredmedia":[{"embeddable":true,"href":"https:\/\/vimaterial.de\/fr\/wp-json\/wp\/v2\/media\/999401"}],"wp:attachment":[{"href":"https:\/\/vimaterial.de\/fr\/wp-json\/wp\/v2\/media?parent=1036514"}],"wp:term":[{"taxonomy":"product_brand","embeddable":true,"href":"https:\/\/vimaterial.de\/fr\/wp-json\/wp\/v2\/product_brand?post=1036514"},{"taxonomy":"product_cat","embeddable":true,"href":"https:\/\/vimaterial.de\/fr\/wp-json\/wp\/v2\/product_cat?post=1036514"},{"taxonomy":"product_tag","embeddable":true,"href":"https:\/\/vimaterial.de\/fr\/wp-json\/wp\/v2\/product_tag?post=1036514"}],"curies":[{"name":"wp","href":"https:\/\/api.w.org\/{rel}","templated":true}]}}