{"id":1036513,"date":"2024-08-16T11:21:13","date_gmt":"2024-08-16T03:21:13","guid":{"rendered":"https:\/\/vimaterial.de\/product\/oxyde-de-lithium-et-de-manganese-2\/"},"modified":"2025-02-08T17:00:39","modified_gmt":"2025-02-08T09:00:39","slug":"oxyde-de-lithium-et-de-manganese-2","status":"publish","type":"product","link":"https:\/\/vimaterial.de\/fr\/product\/oxyde-de-lithium-et-de-manganese-2\/","title":{"rendered":"Oxyde de lithium et de mangan\u00e8se"},"content":{"rendered":"<p>La cible <span style=\"color: #0000ff;\"><a style=\"color: #0000ff;\" href=\"https:\/\/vimaterial.de\/fr\/product\/oxyde-de-lithium-et-de-manganese\/\">de pulv\u00e9risation d\u2019oxyde de lithium et de mangan\u00e8se<\/a> <\/span>est la principale mati\u00e8re premi\u00e8re du manganate de lithium en tant que mat\u00e9riau source \u00e0 pulv\u00e9riser dans le processus de rev\u00eatement de pulv\u00e9risation cathodique, qui est principalement utilis\u00e9 dans la pr\u00e9paration du film d\u2019\u00e9lectrode pour les batteries lithium-ion afin d\u2019am\u00e9liorer les performances des batteries, dans le domaine des dispositifs \u00e9lectroniques pour la fabrication de composants \u00e0 couche mince avec des fonctions sp\u00e9cifiques, ainsi que dans l\u2019industrie de l\u2019affichage \u00e0 \u00e9cran plat pour la pr\u00e9paration de films pertinents, etc.<\/p>\n<p>Nos objectifs ont une bonne densification, une efficacit\u00e9 de pulv\u00e9risation \u00e9lev\u00e9e, une bonne plan\u00e9it\u00e9 et finition et d\u2019excellentes performances du produit. VIMATERIAL dispose d\u2019une \u00e9quipe professionnelle de R &amp; D cible, accepte la personnalisation et le d\u00e9veloppement de produits, et soutient le service de reliure cible, veuillez <span style=\"color: #0000ff;\"><a style=\"color: #0000ff;\" href=\"https:\/\/vimaterial.de\/fr\/contact\/\">nous contacter<\/a><\/span>\u00a0!<\/p>\n<h2><span style=\"font-size: 14pt;\">Caract\u00e9ristiques<\/span><\/h2>\n<p>Formule mol\u00e9culaire : LiMn\u2082O\u2084<\/p>\n<p>Poids mol\u00e9culaire : 180,8147<\/p>\n<p>Apparence\u00a0: apparaissent g\u00e9n\u00e9ralement sous forme de poudre gris noir<\/p>\n<p>Densit\u00e9 : environ 4,28 g\/cm\u00b3 environ<\/p>\n<p>Point de fusion : plus de 400\u00b0C<\/p>\n<p>Structure cristalline : Syst\u00e8me cristallin cubique, groupe spatial Fd3m, structure spinelle typique. Les ions d\u2019oxyg\u00e8ne sont cubiques centr\u00e9s sur la face et dens\u00e9ment tass\u00e9s, le lithium occupant 1\/8 de la position interstitielle t\u00e9tra\u00e9drique de l\u2019oxyg\u00e8ne et le mangan\u00e8se occupant 1\/2 de la position interstitielle octa\u00e9drique de l\u2019oxyg\u00e8ne.<\/p>\n<h2><span style=\"font-size: 14pt;\">Applications<\/span><\/h2>\n<p>Batteries lithium-ion : Les cibles de pulv\u00e9risation d\u2019oxyde de mangan\u00e8se et de lithium sont utilis\u00e9es dans la pr\u00e9paration de films cathodiques pour les batteries lithium-ion, ce qui peut am\u00e9liorer les performances de charge et de d\u00e9charge et la stabilit\u00e9 cyclique de la batterie, et aider \u00e0 r\u00e9aliser une densit\u00e9 d\u2019\u00e9nergie \u00e9lev\u00e9e et une longue dur\u00e9e de vie.<\/p>\n<p>Dispositifs \u00e9lectroniques\u00a0: Dans la fabrication de dispositifs \u00e9lectroniques, les couches minces pr\u00e9par\u00e9es par le processus de pulv\u00e9risation \u00e0 l\u2019aide de cette cible peuvent \u00eatre utilis\u00e9es comme mat\u00e9riaux fonctionnels pour les r\u00e9sistances, condensateurs et autres composants, afin de r\u00e9pondre \u00e0 la demande de mat\u00e9riaux pour la miniaturisation et les hautes performances des dispositifs \u00e9lectroniques.<\/p>\n<p>Capteurs : Dans le domaine des capteurs, les films sensibles pr\u00e9par\u00e9s \u00e0 partir de cibles de pulv\u00e9risation LiMn\u2082O\u2084 peuvent r\u00e9agir \u00e0 des gaz, des ions et d\u2019autres substances sp\u00e9cifiques, r\u00e9alisant ainsi une d\u00e9tection tr\u00e8s sensible des substances pertinentes dans l\u2019environnement.<\/p>\n<p>Champ optique\u00a0: En raison de ses certaines propri\u00e9t\u00e9s optiques, la cible de pulv\u00e9risation d\u2019oxyde de lithium et de mangan\u00e8se peut \u00eatre utilis\u00e9e pour la pr\u00e9paration de films optiques, qui sont appliqu\u00e9s sur des filtres optiques, des films d\u2019am\u00e9lioration de la transmittance, etc., afin de r\u00e9aliser la modulation et le contr\u00f4le de la lumi\u00e8re.<\/p>\n<h2><span style=\"font-size: 14pt;\">Contr\u00f4le de la qualit\u00e9<\/span><\/h2>\n<p><span style=\"color: #0000ff;\"><a style=\"color: #0000ff;\" href=\"https:\/\/vimaterial.de\/fr\/controle-qualite\/\">Chaque lot<\/a> <\/span>de nos produits, des mati\u00e8res premi\u00e8res aux produits finis, suit un syst\u00e8me de contr\u00f4le de qualit\u00e9 strict, notre syst\u00e8me met l\u2019accent sur la gestion standardis\u00e9e de l\u2019ensemble du processus de production pour assurer la coh\u00e9rence du produit, l\u2019\u00e9tablissement de registres de qualit\u00e9 parfaits, la tra\u00e7abilit\u00e9 exp\u00e9rimentale des produits, fournir aux clients une documentation compl\u00e8te sur la qualit\u00e9 des produits pour garantir que la qualit\u00e9 du produit d\u00e9passe les attentes des clients.<\/p>\n<h2><span style=\"font-size: 14pt;\">Emballage et stockage<\/span><\/h2>\n<p>Les cibles de pulv\u00e9risation d\u2019oxyde de lithium et de mangan\u00e8se sont emball\u00e9es dans un emballage sous vide \u00e0 double couche, puis plac\u00e9es dans des cartons pour un stockage interne fixe, et enfin renforc\u00e9es avec des cartons ou des bo\u00eetes en bois \u00e0 l\u2019ext\u00e9rieur.<\/p>\n<p>Les cibles de pulv\u00e9risation d\u2019oxyde de lithium et de mangan\u00e8se doivent \u00eatre stock\u00e9es dans un environnement sec, ventil\u00e9, \u00e9tanche \u00e0 la lumi\u00e8re, emball\u00e9es sous vide, et doivent \u00eatre tenues \u00e0 l\u2019\u00e9cart des substances corrosives, inflammables et explosives, plac\u00e9es dans un endroit stable pour \u00e9viter l\u2019extrusion et la collision.<\/p>\n","protected":false},"excerpt":{"rendered":"<p>La cible <span style=\"color: #0000ff;\"><a style=\"color: #0000ff;\" href=\"https:\/\/vimaterial.de\/fr\/product\/oxyde-de-lithium-et-de-manganese\/\">de pulv\u00e9risation d\u2019oxyde de lithium et de mangan\u00e8se<\/a> <\/span>est la principale mati\u00e8re premi\u00e8re du manganate de lithium en tant que mat\u00e9riau source \u00e0 pulv\u00e9riser dans le processus de rev\u00eatement de pulv\u00e9risation cathodique, qui est principalement utilis\u00e9 dans la pr\u00e9paration du film d\u2019\u00e9lectrode pour les batteries lithium-ion afin d\u2019am\u00e9liorer les performances des batteries, dans le domaine des dispositifs \u00e9lectroniques pour la fabrication de composants \u00e0 couche mince avec des fonctions sp\u00e9cifiques, ainsi que dans l\u2019industrie de l\u2019affichage \u00e0 \u00e9cran plat pour la pr\u00e9paration de films pertinents, etc.<\/p>\n","protected":false},"featured_media":1029886,"comment_status":"open","ping_status":"closed","template":"","meta":{"_acf_changed":false},"product_brand":[],"product_cat":[235],"product_tag":[],"class_list":{"0":"post-1036513","1":"product","2":"type-product","3":"status-publish","4":"has-post-thumbnail","6":"product_cat-cibles-de-pulverisation-planaire","8":"first","9":"instock","10":"shipping-taxable","11":"product-type-variable"},"acf":[],"_links":{"self":[{"href":"https:\/\/vimaterial.de\/fr\/wp-json\/wp\/v2\/product\/1036513","targetHints":{"allow":["GET"]}}],"collection":[{"href":"https:\/\/vimaterial.de\/fr\/wp-json\/wp\/v2\/product"}],"about":[{"href":"https:\/\/vimaterial.de\/fr\/wp-json\/wp\/v2\/types\/product"}],"replies":[{"embeddable":true,"href":"https:\/\/vimaterial.de\/fr\/wp-json\/wp\/v2\/comments?post=1036513"}],"wp:featuredmedia":[{"embeddable":true,"href":"https:\/\/vimaterial.de\/fr\/wp-json\/wp\/v2\/media\/1029886"}],"wp:attachment":[{"href":"https:\/\/vimaterial.de\/fr\/wp-json\/wp\/v2\/media?parent=1036513"}],"wp:term":[{"taxonomy":"product_brand","embeddable":true,"href":"https:\/\/vimaterial.de\/fr\/wp-json\/wp\/v2\/product_brand?post=1036513"},{"taxonomy":"product_cat","embeddable":true,"href":"https:\/\/vimaterial.de\/fr\/wp-json\/wp\/v2\/product_cat?post=1036513"},{"taxonomy":"product_tag","embeddable":true,"href":"https:\/\/vimaterial.de\/fr\/wp-json\/wp\/v2\/product_tag?post=1036513"}],"curies":[{"name":"wp","href":"https:\/\/api.w.org\/{rel}","templated":true}]}}