{"id":1035066,"date":"2024-07-02T10:00:16","date_gmt":"2024-07-02T02:00:16","guid":{"rendered":"https:\/\/vimaterial.de\/product\/bateau-crucible\/"},"modified":"2025-02-08T17:10:43","modified_gmt":"2025-02-08T09:10:43","slug":"bateau-crucible","status":"publish","type":"product","link":"https:\/\/vimaterial.de\/fr\/product\/bateau-crucible\/","title":{"rendered":"Bateau\/Creuset"},"content":{"rendered":"<p>Le bateau creuset est un conteneur \u00e0 haute temp\u00e9rature utilis\u00e9 pour la manipulation efficace de m\u00e9taux en fusion ou d\u2019\u00e9chantillons chimiques. Fabriqu\u00e9 \u00e0 partir de mat\u00e9riaux de haute puret\u00e9, il offre une excellente stabilit\u00e9 thermique et une r\u00e9sistance chimique, garantissant des performances fiables dans des conditions extr\u00eames.<\/p>\n<p>&nbsp;<\/p>\n<p>Un creuset est un r\u00e9cipient con\u00e7u pour chauffer, fondre et traiter des m\u00e9taux, du verre et d\u2019autres mat\u00e9riaux \u00e0 haute temp\u00e9rature. Fabriqu\u00e9 \u00e0 partir de mat\u00e9riaux durables, il offre une r\u00e9sistance exceptionnelle \u00e0 la chaleur et \u00e0 la corrosion, ce qui le rend id\u00e9al pour la m\u00e9tallurgie, la science des mat\u00e9riaux et les tests en laboratoire.<\/p>\n<p>&nbsp;<\/p>\n<p>Les principaux mat\u00e9riaux de creusets produits par notre soci\u00e9t\u00e9 sont :<\/p>\n<p>1. Creuset en quartz\u00a0: principalement fabriqu\u00e9 en quartz de haute puret\u00e9, avec une r\u00e9sistance aux hautes temp\u00e9ratures, une r\u00e9sistance aux acides et aux alcalis et d\u2019autres caract\u00e9ristiques.<\/p>\n<p>2. Creuset en c\u00e9ramique\u00a0: g\u00e9n\u00e9ralement fabriqu\u00e9 \u00e0 partir de mat\u00e9riaux c\u00e9ramiques tels que l\u2019alumine, avec une bonne stabilit\u00e9 chimique.<\/p>\n<p>3. Creuset en graphite\u00a0: fabriqu\u00e9 en mat\u00e9riau graphite, peut r\u00e9sister \u00e0 des temp\u00e9ratures \u00e9lev\u00e9es et a une bonne conductivit\u00e9 thermique.<\/p>\n<p>4. Les creusets m\u00e9talliques, tels que les creusets en platine, les creusets en nickel, etc., ont une bonne r\u00e9sistance aux temp\u00e9ratures \u00e9lev\u00e9es et une certaine r\u00e9sistance \u00e0 la corrosion<\/p>\n","protected":false},"excerpt":{"rendered":"<p><strong>Nom:<\/strong>Bateau\/Creuset<\/p>\n<p><strong>Mat\u00e9riel:<\/strong>Personnalisable<\/p>\n<p><strong>Puret\u00e9\u00a0:<\/strong>\u226599.95%<\/p>\n<p><strong>Contenance :<\/strong> 5-20 ml<\/p>\n<p><strong>Dimension:<\/strong>Personnalisable<\/p>\n<p>&nbsp;<\/p>\n<p>VI HALBLEITERMATERIAL GmbH produit principalement diff\u00e9rents types de bateaux\/creusets, et les mat\u00e9riaux, les tailles et les capacit\u00e9s sont tous personnalisables. Pour plus d\u2019informations, n\u2019h\u00e9sitez pas \u00e0 nous contacter !<\/p>\n","protected":false},"featured_media":1035428,"comment_status":"closed","ping_status":"closed","template":"","meta":{"_acf_changed":false},"product_brand":[],"product_cat":[175],"product_tag":[],"class_list":{"0":"post-1035066","1":"product","2":"type-product","3":"status-publish","4":"has-post-thumbnail","6":"product_cat-reacteur","8":"first","9":"instock","10":"shipping-taxable","11":"product-type-simple"},"acf":[],"_links":{"self":[{"href":"https:\/\/vimaterial.de\/fr\/wp-json\/wp\/v2\/product\/1035066","targetHints":{"allow":["GET"]}}],"collection":[{"href":"https:\/\/vimaterial.de\/fr\/wp-json\/wp\/v2\/product"}],"about":[{"href":"https:\/\/vimaterial.de\/fr\/wp-json\/wp\/v2\/types\/product"}],"replies":[{"embeddable":true,"href":"https:\/\/vimaterial.de\/fr\/wp-json\/wp\/v2\/comments?post=1035066"}],"wp:featuredmedia":[{"embeddable":true,"href":"https:\/\/vimaterial.de\/fr\/wp-json\/wp\/v2\/media\/1035428"}],"wp:attachment":[{"href":"https:\/\/vimaterial.de\/fr\/wp-json\/wp\/v2\/media?parent=1035066"}],"wp:term":[{"taxonomy":"product_brand","embeddable":true,"href":"https:\/\/vimaterial.de\/fr\/wp-json\/wp\/v2\/product_brand?post=1035066"},{"taxonomy":"product_cat","embeddable":true,"href":"https:\/\/vimaterial.de\/fr\/wp-json\/wp\/v2\/product_cat?post=1035066"},{"taxonomy":"product_tag","embeddable":true,"href":"https:\/\/vimaterial.de\/fr\/wp-json\/wp\/v2\/product_tag?post=1035066"}],"curies":[{"name":"wp","href":"https:\/\/api.w.org\/{rel}","templated":true}]}}