{"id":1035010,"date":"2024-07-02T09:48:43","date_gmt":"2024-07-02T01:48:43","guid":{"rendered":"https:\/\/vimaterial.de\/product\/reacteur-hydrothermal\/"},"modified":"2025-03-14T18:22:46","modified_gmt":"2025-03-14T10:22:46","slug":"reacteur-hydrothermal","status":"publish","type":"product","link":"https:\/\/vimaterial.de\/fr\/product\/reacteur-hydrothermal\/","title":{"rendered":"R\u00e9acteur de synth\u00e8se hydrothermale"},"content":{"rendered":"<p>Le r\u00e9acteur de synth\u00e8se hydrothermale est utilis\u00e9 dans les cuves de digestion \u00e0 haute pression, \u00e9galement appel\u00e9 dispositif de dissolution, capsule de digestion sous pression, r\u00e9acteur thermique \u00e0 eau, capsule de digestion, r\u00e9cipient haute pression en PTFE. Il utilise un acide fort ou une base forte, une temp\u00e9rature \u00e9lev\u00e9e et un environnement \u00e0 haute pression \u00e0 l&#8217;int\u00e9rieur du r\u00e9cipient pour d\u00e9composer rapidement les substances peu solubles. Le r\u00e9acteur est principalement compos\u00e9 de deux parties : une chemise ext\u00e9rieure en acier inoxydable de haute qualit\u00e9 et une chemise ou une chambre int\u00e9rieure en t\u00e9flon.<\/p>\n<h2><span style=\"font-size: 14pt;\">Propri\u00e9t\u00e9s techniques du r\u00e9acteur hydrothermal autoclave<\/span><\/h2>\n<ul style=\"list-style-type: square;\">\n<li>Mat\u00e9riau \u2013 Corps ext\u00e9rieur : Acier inoxydable 304<\/li>\n<li>Mat\u00e9riau \u2013 Chambre int\u00e9rieure : PTFE \/ PPL<\/li>\n<li>Contenance \u2013 25ml, 50ml, 100ml, 200ml, 500ml, 1000ml<\/li>\n<li>Pi\u00e8ces : Corps du r\u00e9acteur, couvercle du r\u00e9acteur, tampon inf\u00e9rieur, tampon sup\u00e9rieur, doublure, couvercle de la doublure<\/li>\n<li>Pression de service &#8211; 5 MPa \/ 10MPa<\/li>\n<li>Temp\u00e9rature de fonctionnement maximale &#8211; \u2264 240 \u00b0C (doublure en t\u00e9flon)<\/li>\n<li>Temp\u00e9rature de fonctionnement s\u00fbre \u2013 200 \u00b0C (doublure en t\u00e9flon)<\/li>\n<li>Temp\u00e9rature de fonctionnement maximale &#8211; \u2264 280 \u00b0C (doublure PPL)<\/li>\n<li>Temp\u00e9rature de fonctionnement s\u00fbre \u2013 260 \u00b0C (doublure PPL)<\/li>\n<li>Vitesse de chauffage\/refroidissement &#8211; \u2264 5 \u00b0C (min)<\/li>\n<\/ul>\n<h2><span style=\"font-size: 14pt;\">Caract\u00e9ristiques du r\u00e9acteur autoclave hydrothermal<\/span><\/h2>\n<ul style=\"list-style-type: disc;\">\n<li>Le corps de l\u2019autoclave pr\u00e9sente une structure \u00e0 ouverture rapide : utilisation simple, pratique et rapide, sans avoir besoin d\u2019outils.<\/li>\n<li>La protection contre les surpressions garantit la s\u00e9curit\u00e9 exp\u00e9rimentale : le r\u00e9acteur est \u00e9quip\u00e9 d\u2019un disque de rupture et d\u2019une protection contre les surpressions pour une d\u00e9compression automatique, garantissant ainsi un fonctionnement s\u00fbr.<\/li>\n<li>Le corps de l\u2019autoclave est en acier inoxydable 304 forg\u00e9 : mat\u00e9riau plus dense avec une r\u00e9sistance accrue \u00e0 la corrosion et \u00e0 la pression, r\u00e9sistant \u00e0 des pressions de 5 MPa et 10 MPa.<\/li>\n<li>La doublure est fabriqu\u00e9e en mat\u00e9riau PTFE de Daikin, au Japon : haute r\u00e9sistance, haute r\u00e9sistance \u00e0 la chaleur et excellente r\u00e9sistance chimique. Un rev\u00eatement PPL est \u00e9galement disponible sur demande, avec une r\u00e9sistance maximale \u00e0 la temp\u00e9rature de 260\u00b0C. <\/li>\n<\/ul>\n<h2><span style=\"font-size: 14pt;\">Domaines d\u2019application du r\u00e9acteur autoclave hydrothermal<\/span><\/h2>\n<ul>\n<li>Laboratoires universitaires<\/li>\n<li>Un encadrement de qualit\u00e9<\/li>\n<li>Surveillance de l\u2019environnement<\/li>\n<li>Sant\u00e9 et pr\u00e9vention des \u00e9pid\u00e9mies<\/li>\n<\/ul>\n<h2><span style=\"font-size: 14pt;\">Comment utiliser le r\u00e9acteur de synth\u00e8se hydrothermale ?<\/span><\/h2>\n<ul>\n<li>Placez le r\u00e9acteur hydrothermal sur une surface propre. Tournez la tige SS dans le sens inverse des aiguilles d\u2019une montre, puis tournez le capuchon SS principal filet\u00e9 \u00e0 vis dans le sens inverse des aiguilles d\u2019une montre jusqu\u2019\u00e0 ce qu\u2019il s\u2019ouvre. <\/li>\n<li>Retirez le disque sup\u00e9rieur en acier inoxydable, retirez la doublure, ajoutez le solvant requis dans la doublure et remettez-le dans la coque ext\u00e9rieure en acier inoxydable. Ensuite, positionnez le disque sup\u00e9rieur en acier inoxydable et fermez-le avec le couvercle principal. <\/li>\n<li>Enfin, serrez-le compl\u00e8tement \u00e0 l\u2019aide de la tige SS et placez le r\u00e9acteur dans le four.<\/li>\n<\/ul>\n<h2><span style=\"font-size: 14pt;\">Pr\u00e9cautions d\u2019utilisation du r\u00e9acteur hydrothermal autoclave<\/span><\/h2>\n<ol>\n<li>Avant d\u2019utiliser le r\u00e9acteur hydrothermal de l\u2019autoclave, v\u00e9rifiez soigneusement la pression de vapeur satur\u00e9e du solvant \u00e0 la temp\u00e9rature de r\u00e9action. S\u2019assurer qu\u2019il ne d\u00e9passe pas la pression maximale admissible du r\u00e9acteur avant de l\u2019utiliser. <\/li>\n<li>Lors de l\u2019utilisation du r\u00e9acteur de synth\u00e8se hydrothermale, notez que le rev\u00eatement int\u00e9rieur est en PTFE, qui pr\u00e9sente un certain degr\u00e9 de compressibilit\u00e9 dans des conditions de haute temp\u00e9rature et de haute pression. Pour la premi\u00e8re utilisation, ne serrez pas trop le couvercle du r\u00e9acteur ou les vis de serrage sup\u00e9rieures pour \u00e9viter une d\u00e9formation s\u00e9v\u00e8re de la chemise due \u00e0 la dilatation thermique et \u00e0 l\u2019extrusion. <\/li>\n<li>Un nettoyage correct de la cuve de r\u00e9action en PTFE avant utilisation peut aider \u00e0 pr\u00e9venir la contamination.<\/li>\n<li>Lorsque la temp\u00e9rature de fonctionnement du r\u00e9acteur autoclave hydrothermal d\u00e9passe 150 \u00b0C, il est recommand\u00e9 d\u2019appliquer une couche de graisse \u00e0 base de lithium haute temp\u00e9rature sur les filets avant de serrer le couvercle du r\u00e9acteur. Cela permet d\u2019\u00e9viter le grippage du filetage de l\u2019acier inoxydable \u00e0 haute temp\u00e9rature. (Pour les mod\u00e8les avec un couvercle de r\u00e9acteur plaqu\u00e9 argent, la lubrification n\u2019est pas n\u00e9cessaire.)  <\/li>\n<li>N\u2019utilisez pas le r\u00e9acteur hydrothermal de l\u2019autoclave dans les conditions suivantes :<\/li>\n<\/ol>\n<ol style=\"list-style-type: lower-alpha;\">\n<li>Le solvant a un point d\u2019\u00e9bullition inf\u00e9rieur \u00e0 60 \u00b0C (par exemple, \u00e9ther, ac\u00e9tone, dichlorom\u00e9thane, etc.).<\/li>\n<li>La r\u00e9action g\u00e9n\u00e8re une grande quantit\u00e9 de gaz.<\/li>\n<li>Les mat\u00e9riaux utilis\u00e9s sont inflammables, explosifs ou class\u00e9s comme substances toxiques hautement ou extr\u00eamement dangereuses.<\/li>\n<\/ol>\n","protected":false},"excerpt":{"rendered":"<p><strong>Nom:<\/strong> R\u00e9acteur de synth\u00e8se hydrothermale<\/p>\n<p><strong>Mat\u00e9riau de la coque ext\u00e9rieure :<\/strong> Acier inoxydable (SS-304)<\/p>\n<p><strong>Mat\u00e9riau de la coque int\u00e9rieure :<\/strong> PTFE (T\u00e9flon) \/ PPL<\/p>\n<p><strong>Contenance : <\/strong>25\/50\/100\/200\/500\/1000mL (taille personnalis\u00e9e disponible)<\/p>\n<p><strong>Taux de chauffage et de refroidissement :<\/strong> \u22645\u00b0C\/min<\/p>\n<p><strong>Pression de travail :<\/strong> 5Mpa \/ 10Mpa<\/p>\n","protected":false},"featured_media":1035004,"comment_status":"closed","ping_status":"closed","template":"","meta":{"_acf_changed":false},"product_brand":[],"product_cat":[175],"product_tag":[],"class_list":{"0":"post-1035010","1":"product","2":"type-product","3":"status-publish","4":"has-post-thumbnail","6":"product_cat-reacteur","8":"first","9":"instock","10":"shipping-taxable","11":"product-type-simple"},"acf":[],"_links":{"self":[{"href":"https:\/\/vimaterial.de\/fr\/wp-json\/wp\/v2\/product\/1035010","targetHints":{"allow":["GET"]}}],"collection":[{"href":"https:\/\/vimaterial.de\/fr\/wp-json\/wp\/v2\/product"}],"about":[{"href":"https:\/\/vimaterial.de\/fr\/wp-json\/wp\/v2\/types\/product"}],"replies":[{"embeddable":true,"href":"https:\/\/vimaterial.de\/fr\/wp-json\/wp\/v2\/comments?post=1035010"}],"wp:featuredmedia":[{"embeddable":true,"href":"https:\/\/vimaterial.de\/fr\/wp-json\/wp\/v2\/media\/1035004"}],"wp:attachment":[{"href":"https:\/\/vimaterial.de\/fr\/wp-json\/wp\/v2\/media?parent=1035010"}],"wp:term":[{"taxonomy":"product_brand","embeddable":true,"href":"https:\/\/vimaterial.de\/fr\/wp-json\/wp\/v2\/product_brand?post=1035010"},{"taxonomy":"product_cat","embeddable":true,"href":"https:\/\/vimaterial.de\/fr\/wp-json\/wp\/v2\/product_cat?post=1035010"},{"taxonomy":"product_tag","embeddable":true,"href":"https:\/\/vimaterial.de\/fr\/wp-json\/wp\/v2\/product_tag?post=1035010"}],"curies":[{"name":"wp","href":"https:\/\/api.w.org\/{rel}","templated":true}]}}