{"id":1031147,"date":"2024-06-27T19:57:02","date_gmt":"2024-06-27T11:57:02","guid":{"rendered":"https:\/\/vimaterial.de\/product\/ytterbium-metal-7\/"},"modified":"2025-02-11T17:21:02","modified_gmt":"2025-02-11T09:21:02","slug":"ytterbium-metal-7","status":"publish","type":"product","link":"https:\/\/vimaterial.de\/fr\/product\/ytterbium-metal-7\/","title":{"rendered":"Ytterbium m\u00e9tal"},"content":{"rendered":"<p>La cible \u00e0 tube <a href=\"https:\/\/vimaterial.de\/fr\/product\/ytterbium-metal\/\"><span style=\"color: #0000ff;\">m\u00e9tallique d\u2019ytterbium<\/span><\/a> est une cible de pulv\u00e9risation de forme tubulaire et d\u2019ytterbium comme composant principal, qui peut \u00eatre transf\u00e9r\u00e9 \u00e0 la surface d\u2019autres objets par le processus de pulv\u00e9risation, et est principalement utilis\u00e9 dans les domaines de la fabrication de semi-conducteurs, du rev\u00eatement optique, des exp\u00e9riences de recherche scientifique, des cellules solaires, des \u00e9crans plats, etc.<\/p>\n<p>Nous pouvons accepter la personnalisation du produit et les exp\u00e9riences, et soutenir le service de liaison de cible. Les produits VIMATERIAL prennent en charge les petits colis, les petits MOQ, un stock suffisant, un bon service apr\u00e8s-vente avantages, si vous en avez besoin, veuillez <span style=\"color: #0000ff;\"><a style=\"color: #0000ff;\" href=\"https:\/\/vimaterial.de\/fr\/contact\/\">nous contacter<\/a><\/span>.<\/p>\n<h2><span style=\"font-size: 14pt;\">Caract\u00e9ristique<\/span><\/h2>\n<p>Formule mol\u00e9culaire : Yb<\/p>\n<p>Poids mol\u00e9culaire : 173,0546<\/p>\n<p>Apparence\u00a0: g\u00e9n\u00e9ralement transform\u00e9e en tubes, montrant un \u00e9clat m\u00e9tallique blanc argent\u00e9.<\/p>\n<p>Densit\u00e9 : 6,979 g\/cm\u00b3 (\u03b1 phase), 6,54 g\/cm\u00b3 (\u03b2 phase)<\/p>\n<p>Point de fusion : 824\u00b0C<\/p>\n<p>Point d\u2019\u00e9bullition : 1196\u00b0C<\/p>\n<p>Structure cristalline : Face Centred Cubic (FCC) \u00e0 temp\u00e9rature ambiante.<\/p>\n<h2><span style=\"font-size: 14pt;\">Applications<\/span><\/h2>\n<p>\u00c9lectronique\u00a0: Les cibles \u00e0 tube m\u00e9tallique d\u2019ytterbium sont utilis\u00e9es dans la fabrication d\u2019appareils \u00e9lectroniques. Les couches minces d\u2019ytterbium form\u00e9es par pulv\u00e9risation cathodique permettent d\u2019optimiser les performances des composants semi-conducteurs et d\u2019am\u00e9liorer la stabilit\u00e9 et la vitesse de fonctionnement des circuits int\u00e9gr\u00e9s.<\/p>\n<p>Optique : Dans le rev\u00eatement optique, les films minces pulv\u00e9ris\u00e9s \u00e0 partir de cibles de tube d\u2019ytterbium peuvent am\u00e9liorer les propri\u00e9t\u00e9s antireflets et de transmission des lentilles optiques, am\u00e9liorant ainsi la qualit\u00e9 d\u2019image des instruments optiques.<\/p>\n<p>Magn\u00e9tisme : Les cibles de tubes d\u2019ytterbium sont utilis\u00e9es pour pr\u00e9parer des mat\u00e9riaux magn\u00e9tiques, ce qui contribue au d\u00e9veloppement de films magn\u00e9tiques haute performance pour soutenir des technologies telles que le stockage magn\u00e9tique et les capteurs magn\u00e9tiques.<\/p>\n<p>\u00c9nergie\u00a0: Dans la fabrication de cellules solaires et d\u2019\u00e9lectrodes de batterie, les mat\u00e9riaux pulv\u00e9ris\u00e9s par des cibles de tube d\u2019ytterbium peuvent am\u00e9liorer l\u2019efficacit\u00e9 de la conversion photo\u00e9lectrique et les performances de charge\/d\u00e9charge de la batterie, augmentant ainsi l\u2019efficacit\u00e9 \u00e9nerg\u00e9tique.<\/p>\n<h2><span style=\"font-size: 14pt;\">Contr\u00f4le de la qualit\u00e9<\/span><\/h2>\n<p><span style=\"color: #0000ff;\"><a style=\"color: #0000ff;\" href=\"https:\/\/vimaterial.de\/fr\/controle-qualite\/\">Nos produits<\/a> <\/span>sont fabriqu\u00e9s dans le cadre d\u2019un syst\u00e8me d\u2019assurance qualit\u00e9 strict pour garantir la fiabilit\u00e9 de la qualit\u00e9 du produit, en adh\u00e9rant aux normes les plus \u00e9lev\u00e9es dans tous les aspects du processus, de la recherche et du d\u00e9veloppement, de la production \u00e0 l\u2019exp\u00e9dition et au service client, l\u2019ensemble du processus est soigneusement g\u00e9r\u00e9, et tout \u00e9cart ou non-conformit\u00e9 est examin\u00e9 en stricte conformit\u00e9 avec la norme 8D proc\u00e9dures de r\u00e9solution de probl\u00e8mes, tout en maintenant une documentation compl\u00e8te et une tra\u00e7abilit\u00e9 des lots.<\/p>\n<h2><span style=\"font-size: 14pt;\">Emballage et stockage<\/span><\/h2>\n<p>Les cibles en tube m\u00e9tallique d\u2019ytterbium sont emball\u00e9es dans des sacs sous vide doubles renforc\u00e9s par des bo\u00eetes de protection en bois en mousse souple.<\/p>\n<p>Les cibles en tube m\u00e9tallique d\u2019ytterbium doivent \u00eatre stock\u00e9es dans un film plastique ou un scellage de sac sous vide pour l\u2019emballage int\u00e9rieur, des bo\u00eetes en bois ou en carton pour l\u2019emballage externe, plac\u00e9es verticalement sur des \u00e9tag\u00e8res ou des \u00e9tag\u00e8res sp\u00e9ciales et \u00e9viter l\u2019empilement.<\/p>\n","protected":false},"excerpt":{"rendered":"<p>La cible \u00e0 tube <a href=\"https:\/\/vimaterial.de\/fr\/product\/ytterbium-metal\/\"><span style=\"color: #0000ff;\">m\u00e9tallique d\u2019ytterbium<\/span><\/a> est une cible de pulv\u00e9risation de forme tubulaire et d\u2019ytterbium comme composant principal, qui peut \u00eatre transf\u00e9r\u00e9 \u00e0 la surface d\u2019autres objets par le processus de pulv\u00e9risation, et est principalement utilis\u00e9 dans les domaines de la fabrication de semi-conducteurs, du rev\u00eatement optique, des exp\u00e9riences de recherche scientifique, des cellules solaires, des \u00e9crans plats, etc.<\/p>\n","protected":false},"featured_media":1034930,"comment_status":"open","ping_status":"closed","template":"","meta":{"_acf_changed":false},"product_brand":[],"product_cat":[247,241],"product_tag":[],"class_list":{"0":"post-1031147","1":"product","2":"type-product","3":"status-publish","4":"has-post-thumbnail","6":"product_cat-cibles-de-pulverisation-rotative","7":"product_cat-materiaux-a-base-de-terres-rares","9":"first","10":"instock","11":"shipping-taxable","12":"product-type-variable"},"acf":[],"_links":{"self":[{"href":"https:\/\/vimaterial.de\/fr\/wp-json\/wp\/v2\/product\/1031147","targetHints":{"allow":["GET"]}}],"collection":[{"href":"https:\/\/vimaterial.de\/fr\/wp-json\/wp\/v2\/product"}],"about":[{"href":"https:\/\/vimaterial.de\/fr\/wp-json\/wp\/v2\/types\/product"}],"replies":[{"embeddable":true,"href":"https:\/\/vimaterial.de\/fr\/wp-json\/wp\/v2\/comments?post=1031147"}],"wp:featuredmedia":[{"embeddable":true,"href":"https:\/\/vimaterial.de\/fr\/wp-json\/wp\/v2\/media\/1034930"}],"wp:attachment":[{"href":"https:\/\/vimaterial.de\/fr\/wp-json\/wp\/v2\/media?parent=1031147"}],"wp:term":[{"taxonomy":"product_brand","embeddable":true,"href":"https:\/\/vimaterial.de\/fr\/wp-json\/wp\/v2\/product_brand?post=1031147"},{"taxonomy":"product_cat","embeddable":true,"href":"https:\/\/vimaterial.de\/fr\/wp-json\/wp\/v2\/product_cat?post=1031147"},{"taxonomy":"product_tag","embeddable":true,"href":"https:\/\/vimaterial.de\/fr\/wp-json\/wp\/v2\/product_tag?post=1031147"}],"curies":[{"name":"wp","href":"https:\/\/api.w.org\/{rel}","templated":true}]}}