{"id":1031127,"date":"2024-06-27T19:57:01","date_gmt":"2024-06-27T11:57:01","guid":{"rendered":"https:\/\/vimaterial.de\/product\/ytterbium-metal-6\/"},"modified":"2025-02-11T17:46:12","modified_gmt":"2025-02-11T09:46:12","slug":"ytterbium-metal-6","status":"publish","type":"product","link":"https:\/\/vimaterial.de\/fr\/product\/ytterbium-metal-6\/","title":{"rendered":"Ytterbium m\u00e9tal"},"content":{"rendered":"<p>La cible de pulv\u00e9risation <span style=\"color: #0000ff;\"><a style=\"color: #0000ff;\" href=\"https:\/\/vimaterial.de\/fr\/product\/ytterbium-metal\/\">d\u2019ytterbium<\/a> <\/span>est une sorte de cible de pulv\u00e9risation avec de l\u2019ytterbium comme composant principal, qui a un \u00e9clat m\u00e9tallique blanc argent\u00e9, une bonne conductivit\u00e9 \u00e9lectrique, des propri\u00e9t\u00e9s optiques uniques et certaines propri\u00e9t\u00e9s magn\u00e9tiques, et elle est principalement utilis\u00e9e dans le domaine de l\u2019\u00e9lectronique, de l\u2019optique et de l\u2019\u00e9nergie.<\/p>\n<p>Nous sommes en mesure d\u2019entreprendre des produits personnalis\u00e9s et des projets exp\u00e9rimentaux, et nous soutenons pleinement le service de reliure cible, les produits VIMATERIAL sont disponibles en petits emballages, avec de petits MOQ, un stock suffisant et un service apr\u00e8s-vente. N\u2019h\u00e9sitez pas \u00e0 <span style=\"color: #0000ff;\"><a style=\"color: #0000ff;\" href=\"https:\/\/vimaterial.de\/fr\/contact\/\">nous contacter<\/a> <\/span>si vous avez des besoins connexes.<\/p>\n<h2><span style=\"font-size: 14pt;\">Caract\u00e9ristiques<\/span><\/h2>\n<p>Formule mol\u00e9culaire : Yb<\/p>\n<p>Poids mol\u00e9culaire : 173,0546<\/p>\n<p>Apparence\u00a0: lustre m\u00e9tallis\u00e9 blanc argent\u00e9 brillant<\/p>\n<p>Densit\u00e9 : 6,979 g\/cm\u00b3 (\u03b1 phase), 6,54 g\/cm\u00b3 (\u03b2 phase)<\/p>\n<p>Point de fusion : 824\u00b0C<\/p>\n<p>Point d\u2019\u00e9bullition : 1196\u00b0C<\/p>\n<p>Structure cristalline : Face Centred Cubic (FCC) \u00e0 temp\u00e9rature ambiante.<\/p>\n<h2><span style=\"font-size: 14pt;\">Applications<\/span><\/h2>\n<p>\u00c9lectronique : Les couches minces d\u2019ytterbium form\u00e9es par l\u2019utilisation de cibles de pulv\u00e9risation d\u2019ytterbium dans la fabrication de dispositifs \u00e9lectroniques peuvent optimiser efficacement les performances des composants semi-conducteurs et am\u00e9liorer consid\u00e9rablement la stabilit\u00e9 et la vitesse de fonctionnement des circuits int\u00e9gr\u00e9s.<\/p>\n<p>Champ optique : Utilis\u00e9 dans le rev\u00eatement optique, le film mince pulv\u00e9ris\u00e9 par la cible de pulv\u00e9risation ytterbium peut am\u00e9liorer les propri\u00e9t\u00e9s antireflet et de transmission des lentilles optiques et am\u00e9liorer consid\u00e9rablement la qualit\u00e9 d\u2019image des instruments optiques.<\/p>\n<p>Magn\u00e9tisme : utilis\u00e9 dans la pr\u00e9paration de mat\u00e9riaux magn\u00e9tiques, pour aider \u00e0 d\u00e9velopper des films magn\u00e9tiques haute performance, pour le stockage magn\u00e9tique et les capteurs magn\u00e9tiques et d\u2019autres technologies de pointe pour fournir un support solide.<\/p>\n<p>Champ d\u2019\u00e9nergie\u00a0: Dans le processus de fabrication des cellules solaires et des \u00e9lectrodes de batterie, les mat\u00e9riaux pulv\u00e9ris\u00e9s par les cibles de pulv\u00e9risation ytterbium peuvent am\u00e9liorer efficacement l\u2019efficacit\u00e9 de la conversion photo\u00e9lectrique et les performances de charge et de d\u00e9charge de la batterie, et am\u00e9liorer encore l\u2019efficacit\u00e9 de l\u2019utilisation de l\u2019\u00e9nergie.<\/p>\n<h2><span style=\"font-size: 14pt;\">Contr\u00f4le de la qualit\u00e9<\/span><\/h2>\n<p><span style=\"color: #0000ff;\"><a style=\"color: #0000ff;\" href=\"https:\/\/vimaterial.de\/fr\/controle-qualite\/\">Nos produits<\/a><\/span> sont fabriqu\u00e9s dans le cadre d\u2019un syst\u00e8me d\u2019assurance qualit\u00e9 strict qui respecte les normes les plus \u00e9lev\u00e9es tout au long du processus, de la recherche et du d\u00e9veloppement, de la production \u00e0 l\u2019exp\u00e9dition et au service client, en g\u00e9rant soigneusement chaque \u00e9tape du processus. Tout \u00e9cart ou non-conformit\u00e9 fait l\u2019objet d\u2019une enqu\u00eate approfondie dans le strict respect de la norme 8D proc\u00e9dures de r\u00e9solution de probl\u00e8mes, tout en maintenant une documentation compl\u00e8te et une tra\u00e7abilit\u00e9 des lots pour garantir la fiabilit\u00e9 de la qualit\u00e9 des produits.<\/p>\n<h2><span style=\"font-size: 14pt;\">Emballage et stockage<\/span><\/h2>\n<p>Les cibles de pulv\u00e9risation \u00e0 l\u2019ytterbium sont emball\u00e9es dans des sacs sous vide doubles et renforc\u00e9es par des cartons\/caisses de protection en mousse souple pour assurer une s\u00e9curit\u00e9 de transport maximale.<\/p>\n<p>Les cibles de pulv\u00e9risation d\u2019ytterbium doivent \u00eatre stock\u00e9es dans un environnement \u00e0 temp\u00e9rature ambiante, la plage de temp\u00e9rature g\u00e9n\u00e9rale de 15 \u00b0C \u00e0 35 \u00b0C est appropri\u00e9e, l\u2019environnement de stockage n\u00e9cessite \u00e9galement une propret\u00e9, pas de poussi\u00e8re, d\u2019huile et d\u2019autres polluants, afin de ne pas contaminer la cible.<\/p>\n","protected":false},"excerpt":{"rendered":"<p>La cible de pulv\u00e9risation <span style=\"color: #0000ff;\"><a style=\"color: #0000ff;\" href=\"https:\/\/vimaterial.de\/fr\/product\/ytterbium-metal\/\">d\u2019ytterbium<\/a> <\/span>est une sorte de cible de pulv\u00e9risation avec de l\u2019ytterbium comme composant principal, qui a un \u00e9clat m\u00e9tallique blanc argent\u00e9, une bonne conductivit\u00e9 \u00e9lectrique, des propri\u00e9t\u00e9s optiques uniques et certaines propri\u00e9t\u00e9s magn\u00e9tiques, et elle est principalement utilis\u00e9e dans le domaine de l\u2019\u00e9lectronique, de l\u2019optique et de l\u2019\u00e9nergie.<\/p>\n","protected":false},"featured_media":1034925,"comment_status":"open","ping_status":"closed","template":"","meta":{"_acf_changed":false},"product_brand":[],"product_cat":[235,241],"product_tag":[],"class_list":{"0":"post-1031127","1":"product","2":"type-product","3":"status-publish","4":"has-post-thumbnail","6":"product_cat-cibles-de-pulverisation-planaire","7":"product_cat-materiaux-a-base-de-terres-rares","9":"first","10":"instock","11":"shipping-taxable","12":"product-type-variable"},"acf":[],"_links":{"self":[{"href":"https:\/\/vimaterial.de\/fr\/wp-json\/wp\/v2\/product\/1031127","targetHints":{"allow":["GET"]}}],"collection":[{"href":"https:\/\/vimaterial.de\/fr\/wp-json\/wp\/v2\/product"}],"about":[{"href":"https:\/\/vimaterial.de\/fr\/wp-json\/wp\/v2\/types\/product"}],"replies":[{"embeddable":true,"href":"https:\/\/vimaterial.de\/fr\/wp-json\/wp\/v2\/comments?post=1031127"}],"wp:featuredmedia":[{"embeddable":true,"href":"https:\/\/vimaterial.de\/fr\/wp-json\/wp\/v2\/media\/1034925"}],"wp:attachment":[{"href":"https:\/\/vimaterial.de\/fr\/wp-json\/wp\/v2\/media?parent=1031127"}],"wp:term":[{"taxonomy":"product_brand","embeddable":true,"href":"https:\/\/vimaterial.de\/fr\/wp-json\/wp\/v2\/product_brand?post=1031127"},{"taxonomy":"product_cat","embeddable":true,"href":"https:\/\/vimaterial.de\/fr\/wp-json\/wp\/v2\/product_cat?post=1031127"},{"taxonomy":"product_tag","embeddable":true,"href":"https:\/\/vimaterial.de\/fr\/wp-json\/wp\/v2\/product_tag?post=1031127"}],"curies":[{"name":"wp","href":"https:\/\/api.w.org\/{rel}","templated":true}]}}