{"id":1031099,"date":"2024-06-27T19:56:59","date_gmt":"2024-06-27T11:56:59","guid":{"rendered":"https:\/\/vimaterial.de\/product\/ytterbium-metal-4\/"},"modified":"2025-02-12T09:51:45","modified_gmt":"2025-02-12T01:51:45","slug":"feuille-dytterbium","status":"publish","type":"product","link":"https:\/\/vimaterial.de\/fr\/product\/feuille-dytterbium\/","title":{"rendered":"Ytterbium m\u00e9tal"},"content":{"rendered":"<p><span style=\"color: #0000ff;\"><a style=\"color: #0000ff;\" href=\"https:\/\/vimaterial.de\/fr\/product\/ytterbium-metal\/\">La feuille d\u2019ytterbium<\/a><\/span> est un mat\u00e9riau compos\u00e9 d\u2019ytterbium comme composant principal, transform\u00e9 en feuille par un proc\u00e9d\u00e9 sp\u00e9cial, qui, avec ses propri\u00e9t\u00e9s physico-chimiques uniques, montre sa valeur cl\u00e9 dans de nombreux domaines de haute technologie.<\/p>\n<p>Nous fournissons des services personnalis\u00e9s pour cr\u00e9er des feuilles d\u2019ytterbium en fonction de vos besoins sp\u00e9cifiques, et nous accueillons \u00e9galement chaleureusement la coop\u00e9ration dans les exp\u00e9riences de recherche scientifique. Nous soutenons le service de reliure cible, qui peut vous aider \u00e0 r\u00e9soudre les probl\u00e8mes dans l\u2019application des mat\u00e9riaux. Nos produits sont emball\u00e9s dans de petits emballages \u00e0 faible MOQ, ce qui peut r\u00e9duire efficacement vos co\u00fbts d\u2019achat et la pression des stocks. En m\u00eame temps, nous disposons d\u2019un stock suffisant pour assurer une livraison en temps opportun et ne jamais retarder votre calendrier de production.<\/p>\n<p>De plus, nous fournissons \u00e9galement une gamme compl\u00e8te de service apr\u00e8s-vente de haute qualit\u00e9, afin que vous n\u2019ayez pas \u00e0 vous en soucier. Si vous avez des besoins connexes, n\u2019h\u00e9sitez pas \u00e0 <span style=\"color: #0000ff;\"><a style=\"color: #0000ff;\" href=\"https:\/\/vimaterial.de\/fr\/contact\/\">nous contacter<\/a><\/span>.<\/p>\n<h2><span style=\"font-size: 14pt;\">Caract\u00e9ristique<\/span><\/h2>\n<p>Formule mol\u00e9culaire : Yb<\/p>\n<p>Poids mol\u00e9culaire : 173,0546<\/p>\n<p>Apparence\u00a0: Semblable \u00e0 une feuille, brillant d\u2019un \u00e9clat m\u00e9tallique blanc argent\u00e9, texture l\u00e9g\u00e8re et bonne flexibilit\u00e9, facile \u00e0 traiter et \u00e0 utiliser.<\/p>\n<p>Densit\u00e9 : 6,979 g\/cm\u00b3 (\u03b1 phase), 6,54 g\/cm\u00b3 (\u03b2 phase)<\/p>\n<p>Point de fusion : 824\u00b0C<\/p>\n<p>Point d\u2019\u00e9bullition : 1196\u00b0C<\/p>\n<p>Structure cristalline : Structure cristalline cubique centr\u00e9e sur la face (FCC) \u00e0 temp\u00e9rature ambiante, conf\u00e9rant \u00e0 la feuille d\u2019ytterbium des propri\u00e9t\u00e9s physiques stables.<\/p>\n<h2><span style=\"font-size: 14pt;\">Applications<\/span><\/h2>\n<p>Domaine \u00e9lectronique\u00a0: Dans la fabrication de puces \u00e9lectroniques, la feuille d\u2019ytterbium peut \u00eatre utilis\u00e9e comme mat\u00e9riau d\u2019emballage \u00e9lectronique sp\u00e9cial, en utilisant sa bonne conductivit\u00e9 \u00e9lectrique et sa stabilit\u00e9 thermique, am\u00e9liore efficacement l\u2019efficacit\u00e9 de dissipation thermique de la puce, pour assurer la stabilit\u00e9 des composants \u00e9lectroniques dans le fonctionnement \u00e0 charge \u00e9lev\u00e9e, r\u00e9duire la probabilit\u00e9 de d\u00e9faillance et prolonger la dur\u00e9e de vie de la puce.<\/p>\n<p>Champ optique : utilis\u00e9 dans la production de filtres optiques, en raison de son absorption s\u00e9lective de longueurs d\u2019onde sp\u00e9cifiques de la lumi\u00e8re et de ses caract\u00e9ristiques de transmission, de son contr\u00f4le pr\u00e9cis de la distribution spectrale de la lumi\u00e8re, de l\u2019am\u00e9lioration de la r\u00e9solution des instruments optiques et de la clart\u00e9 de l\u2019imagerie.<\/p>\n<p>Champ magn\u00e9tique\u00a0: est une mati\u00e8re premi\u00e8re importante pour la pr\u00e9paration d\u2019un film magn\u00e9tique haute performance, gr\u00e2ce \u00e0 un processus sp\u00e9cial de feuille d\u2019ytterbium dans un film magn\u00e9tique, peut \u00eatre appliqu\u00e9 \u00e0 des dispositifs de stockage magn\u00e9tique, am\u00e9liorer consid\u00e9rablement la densit\u00e9 de stockage et la vitesse de lecture et d\u2019\u00e9criture, pour l\u2019\u00e8re du stockage de donn\u00e9es volumineuses pour fournir un support solide.<\/p>\n<p>\u00c9nergie : Dans le d\u00e9veloppement de nouvelles batteries, la feuille d\u2019ytterbium peut \u00eatre utilis\u00e9e comme couche d\u2019additif ou de modification des mat\u00e9riaux d\u2019\u00e9lectrode de batterie pour optimiser la structure et les performances de l\u2019\u00e9lectrode, am\u00e9liorer l\u2019efficacit\u00e9 de charge et de d\u00e9charge et la stabilit\u00e9 du cycle de la batterie, et fournir une solution \u00e9nerg\u00e9tique plus efficace pour le d\u00e9veloppement de v\u00e9hicules \u00e9lectriques. \u00e9quipements de stockage d\u2019\u00e9nergie et autres domaines.<\/p>\n<h2><span style=\"font-size: 14pt;\">Contr\u00f4le de la qualit\u00e9<\/span><\/h2>\n<p><span style=\"color: #0000ff;\"><a style=\"color: #0000ff;\" href=\"https:\/\/vimaterial.de\/fr\/controle-qualite\/\">Nous avons<\/a> <\/span>mis en place un syst\u00e8me d\u2019assurance qualit\u00e9 rigoureux et complet qui suit les normes les plus \u00e9lev\u00e9es \u00e0 chaque \u00e9tape du processus, du contr\u00f4le \u00e0 la source des achats de mati\u00e8res premi\u00e8res, \u00e0 chaque \u00e9tape du processus de production, \u00e0 l\u2019exp\u00e9dition des produits et au service apr\u00e8s-vente. Au cours du processus de production, nous utilisons des \u00e9quipements et des technologies de test avanc\u00e9s pour surveiller nos produits en temps r\u00e9el, et une fois qu\u2019un \u00e9cart ou une non-conformit\u00e9 est d\u00e9tect\u00e9, nous d\u00e9marrons imm\u00e9diatement le 8D Proc\u00e9dure de r\u00e9solution de probl\u00e8mes pour effectuer une enqu\u00eate et une analyse approfondies, afin de s\u2019assurer que le probl\u00e8me est r\u00e9solu en profondeur.<\/p>\n<p>Dans le m\u00eame temps, nous conservons une documentation d\u00e9taill\u00e9e de l\u2019ensemble du processus de production afin d\u2019obtenir une tra\u00e7abilit\u00e9 compl\u00e8te de chaque lot de produits, afin que vous puissiez \u00eatre assur\u00e9 de la qualit\u00e9 de nos produits.<\/p>\n<h2><span style=\"font-size: 14pt;\">Emballage et stockage<\/span><\/h2>\n<p>La feuille d\u2019ytterbium est emball\u00e9e dans un emballage de protection multicouche, d\u2019abord envelopp\u00e9e dans un film plastique \u00e9troitement enroul\u00e9, puis plac\u00e9e dans des sacs sous vide pour l\u2019encapsulation sous vide, et enfin plac\u00e9e dans des bo\u00eetes en carton personnalis\u00e9es ou des caisses en bois, et remplie de mousse souple et d\u2019autres mat\u00e9riaux de rembourrage \u00e0 l\u2019int\u00e9rieur, afin de s\u2019assurer qu\u2019elle n\u2019est pas sujette \u00e0 des dommages par collision et extrusion au cours du transport.<\/p>\n<p>L\u2019environnement de stockage de la feuille d\u2019ytterbium n\u00e9cessite un environnement sec, propre, \u00e0 l\u2019abri du feu, des oxydants puissants et des produits chimiques corrosifs pour assurer la s\u00e9curit\u00e9 de l\u2019environnement de stockage.<\/p>\n","protected":false},"excerpt":{"rendered":"<p><span style=\"color: #0000ff;\"><a style=\"color: #0000ff;\" href=\"https:\/\/vimaterial.de\/fr\/product\/ytterbium-metal\/\">La feuille d\u2019ytterbium<\/a><\/span> est un mat\u00e9riau compos\u00e9 d\u2019ytterbium comme composant principal, transform\u00e9 en feuille par un proc\u00e9d\u00e9 sp\u00e9cial, qui, avec ses propri\u00e9t\u00e9s physico-chimiques uniques, montre sa valeur cl\u00e9 dans de nombreux domaines de haute technologie.<\/p>\n","protected":false},"featured_media":1034915,"comment_status":"open","ping_status":"closed","template":"","meta":{"_acf_changed":false},"product_brand":[],"product_cat":[241,245],"product_tag":[],"class_list":{"0":"post-1031099","1":"product","2":"type-product","3":"status-publish","4":"has-post-thumbnail","6":"product_cat-materiaux-a-base-de-terres-rares","7":"product_cat-profil-fr","9":"first","10":"instock","11":"shipping-taxable","12":"purchasable","13":"product-type-variable"},"acf":[],"_links":{"self":[{"href":"https:\/\/vimaterial.de\/fr\/wp-json\/wp\/v2\/product\/1031099","targetHints":{"allow":["GET"]}}],"collection":[{"href":"https:\/\/vimaterial.de\/fr\/wp-json\/wp\/v2\/product"}],"about":[{"href":"https:\/\/vimaterial.de\/fr\/wp-json\/wp\/v2\/types\/product"}],"replies":[{"embeddable":true,"href":"https:\/\/vimaterial.de\/fr\/wp-json\/wp\/v2\/comments?post=1031099"}],"wp:featuredmedia":[{"embeddable":true,"href":"https:\/\/vimaterial.de\/fr\/wp-json\/wp\/v2\/media\/1034915"}],"wp:attachment":[{"href":"https:\/\/vimaterial.de\/fr\/wp-json\/wp\/v2\/media?parent=1031099"}],"wp:term":[{"taxonomy":"product_brand","embeddable":true,"href":"https:\/\/vimaterial.de\/fr\/wp-json\/wp\/v2\/product_brand?post=1031099"},{"taxonomy":"product_cat","embeddable":true,"href":"https:\/\/vimaterial.de\/fr\/wp-json\/wp\/v2\/product_cat?post=1031099"},{"taxonomy":"product_tag","embeddable":true,"href":"https:\/\/vimaterial.de\/fr\/wp-json\/wp\/v2\/product_tag?post=1031099"}],"curies":[{"name":"wp","href":"https:\/\/api.w.org\/{rel}","templated":true}]}}