{"id":1031091,"date":"2024-06-27T19:56:58","date_gmt":"2024-06-27T11:56:58","guid":{"rendered":"https:\/\/vimaterial.de\/product\/ytterbium-metal-3\/"},"modified":"2025-02-12T10:46:04","modified_gmt":"2025-02-12T02:46:04","slug":"ytterbium-metal-3","status":"publish","type":"product","link":"https:\/\/vimaterial.de\/fr\/product\/ytterbium-metal-3\/","title":{"rendered":"Ytterbium m\u00e9tal"},"content":{"rendered":"<p><span style=\"color: #0000ff;\"><a style=\"color: #0000ff;\" href=\"https:\/\/vimaterial.de\/fr\/product\/ytterbium-metal\/\">La poudre d\u2019ytterbium<\/a><\/span> a une activit\u00e9 \u00e9lev\u00e9e, un point de fusion mod\u00e9r\u00e9, une structure cristalline sp\u00e9cifique et d\u2019autres propri\u00e9t\u00e9s, principalement utilis\u00e9e dans l\u2019\u00e9lectronique, l\u2019optique, le magn\u00e9tisme, l\u2019\u00e9nergie et d\u2019autres domaines.<\/p>\n<p>Nous proposons des services personnalis\u00e9s et pouvons adapter les produits en poudre d\u2019ytterbium pour r\u00e9pondre \u00e0 vos exigences sp\u00e9cifiques en mati\u00e8re de taille de particules, de puret\u00e9, etc. Dans le m\u00eame temps, nous invitons les institutions de recherche scientifique \u00e0 coop\u00e9rer avec nous pour mener diverses exp\u00e9riences et aider \u00e0 la recherche innovante. Nous soutenons le service de reliure cible pour r\u00e9soudre vos probl\u00e8mes d\u2019application de mat\u00e9riaux. La poudre d\u2019ytterbium VIMATERIAL est emball\u00e9e dans de petits emballages, avec un faible MOQ, ce qui r\u00e9duit vos co\u00fbts d\u2019achat et la pression sur les stocks, et un stock suffisant pour assurer une livraison rapide sans retarder votre calendrier de production.<\/p>\n<p>De plus, nous fournissons un service apr\u00e8s-vente parfait, afin que vous n\u2019ayez pas \u00e0 vous en soucier. Si vous avez des besoins connexes, n\u2019h\u00e9sitez pas \u00e0 <span style=\"color: #0000ff;\"><a style=\"color: #0000ff;\" href=\"https:\/\/vimaterial.de\/fr\/contact\/\">nous contacter<\/a><\/span>.<\/p>\n<h2><span style=\"font-size: 14pt;\">Caract\u00e9ristique<\/span><\/h2>\n<p>Formule mol\u00e9culaire : Yb<\/p>\n<p>Poids mol\u00e9culaire : 173,0546<\/p>\n<p>Apparence\u00a0: Poudre fine, de couleur blanc argent\u00e9.<\/p>\n<p>Densit\u00e9 : 6,979 g\/cm\u00b3 (\u03b1 phase), 6,54 g\/cm\u00b3 (\u03b2 phase)<\/p>\n<p>Point de fusion : 824\u00b0C<\/p>\n<p>Point d\u2019\u00e9bullition : 1196\u00b0C<\/p>\n<p>Structure cristalline : Cubique \u00e0 face centr\u00e9e (FCC) \u00e0 temp\u00e9rature ambiante.<\/p>\n<h2><span style=\"font-size: 14pt;\">Applications<\/span><\/h2>\n<p>\u00c9lectronique : La poudre d\u2019ytterbium est utilis\u00e9e comme additif cl\u00e9 dans la pr\u00e9paration des p\u00e2tes \u00e9lectroniques, ce qui peut am\u00e9liorer consid\u00e9rablement la conductivit\u00e9 et l\u2019adh\u00e9rence de la p\u00e2te.<\/p>\n<p>Champ optique : C\u2019est une mati\u00e8re premi\u00e8re importante pour la pr\u00e9paration du verre optique et de la c\u00e9ramique. L\u2019ajout de poudre d\u2019ytterbium au verre optique permet d\u2019ajuster avec pr\u00e9cision l\u2019indice de r\u00e9fraction et les caract\u00e9ristiques de dispersion du verre, cr\u00e9ant ainsi des objectifs optiques haute performance pour les objectifs de photographie haut de gamme, les t\u00e9lescopes et autres instruments optiques, afin d\u2019am\u00e9liorer la clart\u00e9 de l\u2019imagerie et la reproduction des couleurs.<\/p>\n<p>Magn\u00e9tique : La poudre d\u2019ytterbium joue un r\u00f4le cl\u00e9 dans la synth\u00e8se des mat\u00e9riaux magn\u00e9tiques. Gr\u00e2ce \u00e0 un processus de pr\u00e9paration sp\u00e9cial, la poudre d\u2019ytterbium est incorpor\u00e9e dans des mat\u00e9riaux magn\u00e9tiques, qui peuvent r\u00e9guler efficacement les propri\u00e9t\u00e9s magn\u00e9tiques du mat\u00e9riau, am\u00e9liorer la perm\u00e9abilit\u00e9 et la coercivit\u00e9, et cr\u00e9er des mat\u00e9riaux magn\u00e9tiques permanents haute performance et des mat\u00e9riaux magn\u00e9tiques doux.<\/p>\n<p>Domaine de l\u2019\u00e9nergie : la poudre d\u2019ytterbium pr\u00e9sente un grand potentiel dans la recherche et le d\u00e9veloppement de nouveaux mat\u00e9riaux pour batteries. Ajout\u00e9 au mat\u00e9riau de l\u2019\u00e9lectrode de la batterie, il peut optimiser la structure et les performances de l\u2019\u00e9lectrode, et am\u00e9liorer la capacit\u00e9 de charge et de d\u00e9charge, la dur\u00e9e de vie et les performances multiplicatrices de la batterie.<\/p>\n<h2><span style=\"font-size: 14pt;\">Contr\u00f4le de la qualit\u00e9<\/span><\/h2>\n<p><span style=\"color: #0000ff;\"><a style=\"color: #0000ff;\" href=\"https:\/\/vimaterial.de\/fr\/controle-qualite\/\">Nous avons mis en place un syst\u00e8me d\u2019assurance qualit\u00e9 strict<\/a><\/span> et complet, du contr\u00f4le \u00e0 la source de l\u2019approvisionnement en mati\u00e8res premi\u00e8res, \u00e0 chaque proc\u00e9dure du processus de production, au transport des produits et au service apr\u00e8s-vente, chaque \u00e9tape du processus respecte strictement les normes les plus \u00e9lev\u00e9es. Au cours du processus de production, des \u00e9quipements et des technologies de test avanc\u00e9s sont utilis\u00e9s pour surveiller les produits en temps r\u00e9el, et une fois qu\u2019un \u00e9cart ou une non-conformit\u00e9 est d\u00e9tect\u00e9, le 8D La proc\u00e9dure de r\u00e9solution de probl\u00e8mes est imm\u00e9diatement activ\u00e9e pour effectuer une enqu\u00eate et une analyse approfondies afin de s\u2019assurer que le probl\u00e8me est r\u00e9solu en profondeur.<\/p>\n<h2><span style=\"font-size: 14pt;\">Emballage et stockage<\/span><\/h2>\n<p>La poudre d\u2019ytterbium est emball\u00e9e dans des bouteilles sous vide multicouches dans des bo\u00eetes en carton personnalis\u00e9es ou des caisses en bois et remplie de mousse souple et d\u2019autres mat\u00e9riaux de rembourrage pour s\u2019assurer qu\u2019elle n\u2019est pas endommag\u00e9e par collision et extrusion pendant le transport.<\/p>\n<p>La poudre d\u2019ytterbium doit \u00eatre stock\u00e9e dans un endroit int\u00e9rieur avec une temp\u00e9rature et une humidit\u00e9 appropri\u00e9es, sec et ventil\u00e9, exempt de champs magn\u00e9tiques puissants et de radiations, \u00e0 l\u2019abri du feu et des mat\u00e9riaux inflammables, et pour s\u2019assurer que l\u2019environnement est propre et exempt de substances corrosives, g\u00e9n\u00e9ralement dans des emballages scell\u00e9s.<\/p>\n","protected":false},"excerpt":{"rendered":"<p><span style=\"color: #0000ff;\"><a style=\"color: #0000ff;\" href=\"https:\/\/vimaterial.de\/fr\/product\/ytterbium-metal\/\">La poudre d\u2019ytterbium<\/a><\/span> a une activit\u00e9 \u00e9lev\u00e9e, un point de fusion mod\u00e9r\u00e9, une structure cristalline sp\u00e9cifique et d\u2019autres propri\u00e9t\u00e9s, principalement utilis\u00e9e dans l\u2019\u00e9lectronique, l\u2019optique, le magn\u00e9tisme, l\u2019\u00e9nergie et d\u2019autres domaines.<\/p>\n","protected":false},"featured_media":1034910,"comment_status":"open","ping_status":"closed","template":"","meta":{"_acf_changed":false},"product_brand":[],"product_cat":[241],"product_tag":[],"class_list":{"0":"post-1031091","1":"product","2":"type-product","3":"status-publish","4":"has-post-thumbnail","6":"product_cat-materiaux-a-base-de-terres-rares","8":"first","9":"instock","10":"shipping-taxable","11":"purchasable","12":"product-type-variable"},"acf":[],"_links":{"self":[{"href":"https:\/\/vimaterial.de\/fr\/wp-json\/wp\/v2\/product\/1031091","targetHints":{"allow":["GET"]}}],"collection":[{"href":"https:\/\/vimaterial.de\/fr\/wp-json\/wp\/v2\/product"}],"about":[{"href":"https:\/\/vimaterial.de\/fr\/wp-json\/wp\/v2\/types\/product"}],"replies":[{"embeddable":true,"href":"https:\/\/vimaterial.de\/fr\/wp-json\/wp\/v2\/comments?post=1031091"}],"wp:featuredmedia":[{"embeddable":true,"href":"https:\/\/vimaterial.de\/fr\/wp-json\/wp\/v2\/media\/1034910"}],"wp:attachment":[{"href":"https:\/\/vimaterial.de\/fr\/wp-json\/wp\/v2\/media?parent=1031091"}],"wp:term":[{"taxonomy":"product_brand","embeddable":true,"href":"https:\/\/vimaterial.de\/fr\/wp-json\/wp\/v2\/product_brand?post=1031091"},{"taxonomy":"product_cat","embeddable":true,"href":"https:\/\/vimaterial.de\/fr\/wp-json\/wp\/v2\/product_cat?post=1031091"},{"taxonomy":"product_tag","embeddable":true,"href":"https:\/\/vimaterial.de\/fr\/wp-json\/wp\/v2\/product_tag?post=1031091"}],"curies":[{"name":"wp","href":"https:\/\/api.w.org\/{rel}","templated":true}]}}