{"id":1031038,"date":"2024-06-27T19:52:54","date_gmt":"2024-06-27T11:52:54","guid":{"rendered":"https:\/\/vimaterial.de\/product\/tungstene-alliage-de-titane-2\/"},"modified":"2025-02-12T16:05:42","modified_gmt":"2025-02-12T08:05:42","slug":"tungstene-alliage-de-titane-2","status":"publish","type":"product","link":"https:\/\/vimaterial.de\/fr\/product\/tungstene-alliage-de-titane-2\/","title":{"rendered":"Alliage de tungst\u00e8ne et de titane"},"content":{"rendered":"<p>La cible rotative en <span style=\"color: #3366ff;\"><a style=\"color: #3366ff;\" href=\"https:\/\/vimaterial.de\/fr\/product\/tungstene-alliage-de-titane\/\">tungst\u00e8ne titane<\/a> <\/span>est une cible de pulv\u00e9risation rotative compos\u00e9e de tungst\u00e8ne et de titane comme composants principaux, avec un point de fusion \u00e9lev\u00e9, une duret\u00e9 \u00e9lev\u00e9e et d\u2019autres caract\u00e9ristiques, principalement utilis\u00e9e dans les semi-conducteurs, les \u00e9crans plats, le rev\u00eatement optique, le stockage de donn\u00e9es et d\u2019autres domaines.<\/p>\n<p>Nous soutenons la personnalisation et l\u2019exp\u00e9rimentation des produits et ciblons les affaires de reliure, les produits de VIMATERIAL se pr\u00e9sentent sous la forme de petits emballages, avec un faible MOQ et un stock suffisant, et un syst\u00e8me de service apr\u00e8s-vente parfait, qui r\u00e9soudra toutes sortes de probl\u00e8mes dans le processus d\u2019utilisation pour vous. Si vous avez des besoins connexes, n\u2019h\u00e9sitez pas \u00e0 <span style=\"color: #3366ff;\"><a style=\"color: #3366ff;\" href=\"https:\/\/vimaterial.de\/fr\/contact\/\">nous contacter<\/a><\/span>.<\/p>\n<h2><span style=\"font-size: 14pt;\">Caract\u00e9ristique<\/span><\/h2>\n<p>Formule chimique : WTi<\/p>\n<p>Poids mol\u00e9culaire : environ 231,71<\/p>\n<p>Aspect : couleur m\u00e9tallique, tubulaire, brillant<\/p>\n<p>Structure cristalline : Sa structure cristalline est une structure cristalline d\u2019alliage complexe, les atomes de tungst\u00e8ne et de titane interagissent les uns avec les autres par le biais de liaisons m\u00e9talliques, formant une structure en treillis avec de bonnes propri\u00e9t\u00e9s m\u00e9caniques et physiques<\/p>\n<h2><span style=\"font-size: 14pt;\">Applications<\/span><\/h2>\n<p>Domaine des semi-conducteurs : Les cibles rotatives en tungst\u00e8ne-titane sont utilis\u00e9es pour la pulv\u00e9risation cathodique afin de former des couches barri\u00e8res et des mat\u00e9riaux d\u2019\u00e9lectrode dans le processus de fabrication de puces \u00e0 semi-conducteurs. Les films WTi sont d\u00e9pos\u00e9s \u00e0 la surface des plaquettes de silicium par pulv\u00e9risation, bloquant efficacement la diffusion des atomes entre les diff\u00e9rentes couches m\u00e9talliques et am\u00e9liorant la fiabilit\u00e9 et la stabilit\u00e9 de la puce.<\/p>\n<p>Affichage \u00e0 \u00e9cran plat : Les cibles rotatives en titane tungst\u00e8ne jouent un r\u00f4le important dans la fabrication d\u2019\u00e9crans \u00e0 cristaux liquides (LCD) et d\u2019\u00e9crans \u00e0 diodes \u00e9lectroluminescentes organiques (OLED).<\/p>\n<p>Rev\u00eatement optique : Des films minces pulv\u00e9ris\u00e9s par des cibles rotatives WTi peuvent \u00eatre utilis\u00e9s pour augmenter la transmission et r\u00e9duire la r\u00e9flexion des lentilles optiques, ainsi que pour la pr\u00e9paration de films de protection.<\/p>\n<p>Domaine de stockage de donn\u00e9es : Dans la fabrication de dispositifs de stockage de donn\u00e9es tels que les disques durs, les cibles rotatives WTi sont utilis\u00e9es pour pr\u00e9parer des films magn\u00e9tiques et des mat\u00e9riaux de couche d\u2019enregistrement.<\/p>\n<h2><span style=\"font-size: 14pt;\">Contr\u00f4le de la qualit\u00e9<\/span><\/h2>\n<p><span style=\"color: #3366ff;\"><a style=\"color: #3366ff;\" href=\"https:\/\/vimaterial.de\/fr\/controle-qualite\/\">Nous avons \u00e9tabli<\/a><\/span> un ensemble de syst\u00e8mes d\u2019assurance qualit\u00e9 stricts et parfaits, \u00e0 partir du processus d\u2019achat des mati\u00e8res premi\u00e8res, chaque lot de mati\u00e8res premi\u00e8res est strictement test\u00e9 pour s\u2019assurer que sa puret\u00e9 et sa teneur en impuret\u00e9s r\u00e9pondent \u00e0 la norme. Au cours du processus de production, nous adoptons des \u00e9quipements de production avanc\u00e9s et une technologie de contr\u00f4le de processus pr\u00e9cise pour surveiller chaque processus en temps r\u00e9el et contr\u00f4ler strictement la distribution de la taille des particules, la puret\u00e9, la composition chimique et d\u2019autres indicateurs cl\u00e9s des produits.<\/p>\n<h2><span style=\"font-size: 14pt;\">Emballage et stockage<\/span><\/h2>\n<p>Les cibles rotatives en tungst\u00e8ne et titane sont emball\u00e9es dans des emballages sous vide multicouches dans des caisses en bois personnalis\u00e9es et remplies de mousse souple et d\u2019autres mat\u00e9riaux de rembourrage pour s\u2019assurer qu\u2019elles ne sont pas endommag\u00e9es par collision et extrusion pendant le transport.<\/p>\n<p>Les cibles rotatives en tungst\u00e8ne titane sont stock\u00e9es dans un environnement sec et bien ventil\u00e9, \u00e0 l\u2019abri du feu, des oxydants forts et des produits chimiques corrosifs pour assurer la s\u00e9curit\u00e9 de l\u2019environnement de stockage.<\/p>\n","protected":false},"excerpt":{"rendered":"<p>La cible rotative en <span style=\"color: #3366ff;\"><a style=\"color: #3366ff;\" href=\"https:\/\/vimaterial.de\/fr\/product\/tungstene-alliage-de-titane\/\">tungst\u00e8ne titane<\/a> <\/span>est une cible de pulv\u00e9risation rotative compos\u00e9e de tungst\u00e8ne et de titane comme composants principaux, avec un point de fusion \u00e9lev\u00e9, une duret\u00e9 \u00e9lev\u00e9e et d\u2019autres caract\u00e9ristiques, principalement utilis\u00e9e dans les semi-conducteurs, les \u00e9crans plats, le rev\u00eatement optique, le stockage de donn\u00e9es et d\u2019autres domaines.<\/p>\n","protected":false},"featured_media":1034900,"comment_status":"open","ping_status":"closed","template":"","meta":{"_acf_changed":false},"product_brand":[],"product_cat":[247],"product_tag":[],"class_list":{"0":"post-1031038","1":"product","2":"type-product","3":"status-publish","4":"has-post-thumbnail","6":"product_cat-cibles-de-pulverisation-rotative","8":"first","9":"instock","10":"shipping-taxable","11":"product-type-variable"},"acf":[],"_links":{"self":[{"href":"https:\/\/vimaterial.de\/fr\/wp-json\/wp\/v2\/product\/1031038","targetHints":{"allow":["GET"]}}],"collection":[{"href":"https:\/\/vimaterial.de\/fr\/wp-json\/wp\/v2\/product"}],"about":[{"href":"https:\/\/vimaterial.de\/fr\/wp-json\/wp\/v2\/types\/product"}],"replies":[{"embeddable":true,"href":"https:\/\/vimaterial.de\/fr\/wp-json\/wp\/v2\/comments?post=1031038"}],"wp:featuredmedia":[{"embeddable":true,"href":"https:\/\/vimaterial.de\/fr\/wp-json\/wp\/v2\/media\/1034900"}],"wp:attachment":[{"href":"https:\/\/vimaterial.de\/fr\/wp-json\/wp\/v2\/media?parent=1031038"}],"wp:term":[{"taxonomy":"product_brand","embeddable":true,"href":"https:\/\/vimaterial.de\/fr\/wp-json\/wp\/v2\/product_brand?post=1031038"},{"taxonomy":"product_cat","embeddable":true,"href":"https:\/\/vimaterial.de\/fr\/wp-json\/wp\/v2\/product_cat?post=1031038"},{"taxonomy":"product_tag","embeddable":true,"href":"https:\/\/vimaterial.de\/fr\/wp-json\/wp\/v2\/product_tag?post=1031038"}],"curies":[{"name":"wp","href":"https:\/\/api.w.org\/{rel}","templated":true}]}}