{"id":1030998,"date":"2024-06-27T19:50:37","date_gmt":"2024-06-27T11:50:37","guid":{"rendered":"https:\/\/vimaterial.de\/product\/seleniure-dindium-4\/"},"modified":"2025-02-13T14:32:47","modified_gmt":"2025-02-13T06:32:47","slug":"seleniure-dindium-4","status":"publish","type":"product","link":"https:\/\/vimaterial.de\/fr\/product\/seleniure-dindium-4\/","title":{"rendered":"S\u00e9l\u00e9niure d\u2019indium"},"content":{"rendered":"<p>La cible de pulv\u00e9risation au <span style=\"color: #0000ff;\"><a style=\"color: #0000ff;\" href=\"https:\/\/vimaterial.de\/fr\/product\/seleniure-dindium-2\/\">s\u00e9l\u00e9niure d&#8217;indium<\/a><\/span> est une cible de pulv\u00e9risation avec du s\u00e9l\u00e9niure d\u2019indium comme composant principal, qui est principalement utilis\u00e9e dans les domaines \u00e9mergents de l\u2019\u00e9lectronique, de l\u2019\u00e9nergie et de l\u2019optique en raison de ses propri\u00e9t\u00e9s opto\u00e9lectroniques et physicochimiques uniques.<\/p>\n<p>Nous fournissons des services sur mesure, et accueillons des instituts de recherche scientifique pour travailler avec nous dans le cadre d\u2019une coop\u00e9ration exp\u00e9rimentale, nous soutenons \u00e9galement les services de liaison de cibles. Les produits VIMATERIAL sont dans de petits emballages avec un faible MOQ et un stock suffisant, offrant un service apr\u00e8s-vente parfait et une \u00e9quipe technique professionnelle. <span style=\"color: #0000ff;\"><a style=\"color: #0000ff;\" href=\"https:\/\/vimaterial.de\/fr\/contact\/\">Contactez-nous<\/a><\/span> pour plus d\u2019informations.<\/p>\n<h2><span style=\"font-size: 14pt;\">Caract\u00e9ristiques<\/span><\/h2>\n<p>Formule mol\u00e9culaire : In\u2082Se\u2083<\/p>\n<p>Poids mol\u00e9culaire : environ 564,52<\/p>\n<p>Apparence\u00a0: Appara\u00eet g\u00e9n\u00e9ralement comme un solide gris-noir avec un \u00e9clat m\u00e9tallique.<\/p>\n<p>Densit\u00e9 : environ 5,67 g\/cm\u00b3.<\/p>\n<p>Point de fusion : environ 695\u00b0C<\/p>\n<p>Structure cristalline : Syst\u00e8me cristallin t\u00e9tragonal<\/p>\n<h2><span style=\"font-size: 14pt;\">Applications<\/span><\/h2>\n<p>Photovolta\u00efque : les cibles de pulv\u00e9risation In\u2019Se\u2083 jouent un r\u00f4le cl\u00e9 dans la pr\u00e9paration de cellules solaires \u00e0 haut rendement. Le film mince In\u2082Se\u2083 est d\u00e9pos\u00e9 sur le substrat par un processus de pulv\u00e9risation, qui sert de couche absorbant la lumi\u00e8re et est capable d\u2019absorber enti\u00e8rement l\u2019\u00e9nergie de la lumi\u00e8re du soleil et de la convertir en \u00e9lectricit\u00e9.<\/p>\n<p>Dispositifs opto\u00e9lectroniques : Dans la fabrication de photod\u00e9tecteurs, les couches minces pr\u00e9par\u00e9es \u00e0 l\u2019aide de cibles de pulv\u00e9risation In\u2082Se\u2083 ont une sensibilit\u00e9 \u00e9lev\u00e9e et des caract\u00e9ristiques de r\u00e9ponse rapide aux signaux lumineux, et peuvent d\u00e9tecter et convertir avec pr\u00e9cision les signaux lumineux faibles. Les mat\u00e9riaux \u00e0 base d\u2019In\u2019Se\u2083 pr\u00e9sentent \u00e9galement des propri\u00e9t\u00e9s \u00e9lectroluminescentes uniques et devraient d\u00e9velopper de nouveaux types de dispositifs \u00e9lectroluminescents \u00e0 haut rendement et \u00e0 haute luminosit\u00e9 pour une utilisation dans les technologies d\u2019\u00e9clairage et d\u2019affichage.<\/p>\n<p>Capteurs : Les films pulv\u00e9ris\u00e9s \u00e0 base d\u2019In\u2082Se\u2083 peuvent \u00eatre utilis\u00e9s pour pr\u00e9parer diff\u00e9rents types de capteurs. Dans le cas des capteurs de pression, les propri\u00e9t\u00e9s \u00e9lectriques des couches minces In\u2082Se\u2083 changent consid\u00e9rablement avec la pression et peuvent \u00eatre utilis\u00e9es pour fabriquer des \u00e9l\u00e9ments de d\u00e9tection de pression de haute pr\u00e9cision.<\/p>\n<p>Circuits int\u00e9gr\u00e9s : Dans la fabrication avanc\u00e9e de circuits int\u00e9gr\u00e9s, les cibles de pulv\u00e9risation cathodique In\u2082Se\u2083 peuvent \u00eatre utilis\u00e9es pour pr\u00e9parer de nouveaux types de dispositifs semi-conducteurs et interconnecter des mat\u00e9riaux.<\/p>\n<h2><span style=\"font-size: 14pt;\">Contr\u00f4le de la qualit\u00e9<\/span><\/h2>\n<p><span style=\"color: #0000ff;\"><a style=\"color: #0000ff;\" href=\"https:\/\/vimaterial.de\/fr\/controle-qualite\/\">Nos produits<\/a><\/span> suivent un syst\u00e8me d\u2019assurance qualit\u00e9 rigoureux et bien \u00e9tabli, qui contr\u00f4le strictement l\u2019uniformit\u00e9 de la composition, la densit\u00e9, la duret\u00e9, la plan\u00e9it\u00e9 de la surface et d\u2019autres indicateurs cl\u00e9s. Une fois qu\u2019un \u00e9cart ou une non-conformit\u00e9 est d\u00e9tect\u00e9, 8D Les proc\u00e9dures de r\u00e9solution de probl\u00e8mes sont imm\u00e9diatement activ\u00e9es, la cause profonde du probl\u00e8me est analys\u00e9e en profondeur et des mesures correctives et pr\u00e9ventives efficaces sont prises. En m\u00eame temps, une documentation d\u00e9taill\u00e9e de l\u2019ensemble du processus de production, afin d\u2019obtenir une tra\u00e7abilit\u00e9 compl\u00e8te de chaque lot de produits, afin que vous ayez pleinement confiance dans la qualit\u00e9 des produits.<\/p>\n<h2><span style=\"font-size: 14pt;\">Emballage et stockage<\/span><\/h2>\n<p>Les cibles de pulv\u00e9risation au s\u00e9l\u00e9niure d&#8217;indium sont prot\u00e9g\u00e9es par des professionnels, emball\u00e9es dans des caisses en bois personnalis\u00e9es \u00e0 haute r\u00e9sistance et remplies de mat\u00e9riaux de rembourrage tels que de la mousse haute densit\u00e9 pour garantir qu\u2019elles sont prot\u00e9g\u00e9es contre les dommages caus\u00e9s par les collisions et l\u2019extrusion pendant le transport.<\/p>\n<p>Les cibles de pulv\u00e9risation de s\u00e9l\u00e9niure d\u2019indium sont stock\u00e9es dans un environnement sec et ventil\u00e9, et la zone de stockage est tenue \u00e0 l\u2019\u00e9cart des sources d\u2019inflammation, des agents oxydants puissants, des produits chimiques corrosifs et des champs magn\u00e9tiques puissants.<\/p>\n","protected":false},"excerpt":{"rendered":"<p>La cible de pulv\u00e9risation au <span style=\"color: #0000ff;\"><a style=\"color: #0000ff;\" href=\"https:\/\/vimaterial.de\/fr\/product\/seleniure-dindium-2\/\">s\u00e9l\u00e9niure d&#8217;indium<\/a><\/span> est une cible de pulv\u00e9risation avec du s\u00e9l\u00e9niure d\u2019indium comme composant principal, qui est principalement utilis\u00e9e dans les domaines \u00e9mergents de l\u2019\u00e9lectronique, de l\u2019\u00e9nergie et de l\u2019optique en raison de ses propri\u00e9t\u00e9s opto\u00e9lectroniques et physicochimiques uniques.<\/p>\n","protected":false},"featured_media":1034890,"comment_status":"open","ping_status":"closed","template":"","meta":{"_acf_changed":false},"product_brand":[],"product_cat":[235],"product_tag":[],"class_list":{"0":"post-1030998","1":"product","2":"type-product","3":"status-publish","4":"has-post-thumbnail","6":"product_cat-cibles-de-pulverisation-planaire","8":"first","9":"instock","10":"shipping-taxable","11":"product-type-variable"},"acf":[],"_links":{"self":[{"href":"https:\/\/vimaterial.de\/fr\/wp-json\/wp\/v2\/product\/1030998","targetHints":{"allow":["GET"]}}],"collection":[{"href":"https:\/\/vimaterial.de\/fr\/wp-json\/wp\/v2\/product"}],"about":[{"href":"https:\/\/vimaterial.de\/fr\/wp-json\/wp\/v2\/types\/product"}],"replies":[{"embeddable":true,"href":"https:\/\/vimaterial.de\/fr\/wp-json\/wp\/v2\/comments?post=1030998"}],"wp:featuredmedia":[{"embeddable":true,"href":"https:\/\/vimaterial.de\/fr\/wp-json\/wp\/v2\/media\/1034890"}],"wp:attachment":[{"href":"https:\/\/vimaterial.de\/fr\/wp-json\/wp\/v2\/media?parent=1030998"}],"wp:term":[{"taxonomy":"product_brand","embeddable":true,"href":"https:\/\/vimaterial.de\/fr\/wp-json\/wp\/v2\/product_brand?post=1030998"},{"taxonomy":"product_cat","embeddable":true,"href":"https:\/\/vimaterial.de\/fr\/wp-json\/wp\/v2\/product_cat?post=1030998"},{"taxonomy":"product_tag","embeddable":true,"href":"https:\/\/vimaterial.de\/fr\/wp-json\/wp\/v2\/product_tag?post=1030998"}],"curies":[{"name":"wp","href":"https:\/\/api.w.org\/{rel}","templated":true}]}}