{"id":1030990,"date":"2024-06-27T19:50:34","date_gmt":"2024-06-27T11:50:34","guid":{"rendered":"https:\/\/vimaterial.de\/product\/oxyde-dindium-et-detain-ito-5\/"},"modified":"2025-02-13T17:22:25","modified_gmt":"2025-02-13T09:22:25","slug":"oxyde-dindium-et-detain-ito-5","status":"publish","type":"product","link":"https:\/\/vimaterial.de\/fr\/product\/oxyde-dindium-et-detain-ito-5\/","title":{"rendered":"Oxyde d\u2019indium et d\u2019\u00e9tain (ITO)"},"content":{"rendered":"<p>Les cibles rotatives <span style=\"color: #0000ff;\"><a style=\"color: #0000ff;\" href=\"https:\/\/vimaterial.de\/fr\/product\/oxyde-dindium-et-detain-ito-3\/\">\u00e0 l&#8217;oxyde d&#8217;indium et d&#8217;\u00e9tain<\/a><\/span> (ITO) sont des cibles de pulv\u00e9risation cathodique rotatives dont les principaux composants sont l\u2019oxyde d\u2019indium et l\u2019oxyde d\u2019\u00e9tain. Avec leurs excellentes propri\u00e9t\u00e9s \u00e9lectriques, optiques et physicochimiques, ils sont principalement utilis\u00e9s dans les domaines des \u00e9crans plats, des batteries solaires, des \u00e9crans tactiles, des \u00e9lectrodes conductrices transparentes pour les appareils \u00e9lectroniques, des rev\u00eatements optiques et des diodes \u00e9lectroluminescentes organiques (OLED).<\/p>\n<p>Nous fournissons des services sur mesure, et accueillons des instituts de recherche scientifique pour travailler avec nous dans le cadre d\u2019une coop\u00e9ration exp\u00e9rimentale, nous soutenons \u00e9galement les services de liaison de cibles. Les produits VIMATERIAL sont dans de petits emballages avec un faible MOQ et un stock suffisant, offrant un service apr\u00e8s-vente parfait et une \u00e9quipe technique professionnelle. <span style=\"color: #0000ff;\"><a style=\"color: #0000ff;\" href=\"https:\/\/vimaterial.de\/fr\/contact\/\">Contactez-nous<\/a><\/span> pour plus d\u2019informations.<\/p>\n<h2><span style=\"font-size: 14pt;\">Caract\u00e9ristiques<\/span><\/h2>\n<p>Formule mol\u00e9culaire : In\u2082O\u2083-SnO\u2082.<\/p>\n<p>Apparence\u00a0: se pr\u00e9sente g\u00e9n\u00e9ralement sous la forme d\u2019un tube gris fonc\u00e9 ou noir avec un \u00e9clat m\u00e9tallique<\/p>\n<p>Structure cristalline : principalement compos\u00e9e de phase cubique In\u2082O\u2083 et de phase t\u00e9tragonale SnO\u2082, cette structure cristalline unique conf\u00e8re \u00e0 la cible de bonnes propri\u00e9t\u00e9s \u00e9lectriques et optiques, telles qu\u2019une conductivit\u00e9 \u00e9lectrique \u00e9lev\u00e9e et une transmission lumineuse \u00e9lev\u00e9e.<\/p>\n<h2><span style=\"font-size: 14pt;\">Applications<\/span><\/h2>\n<p>\u00c9crans plats : Les cibles rotatives \u00e0 oxyde d\u2019indium et d\u2019\u00e9tain (ITO) sont utilis\u00e9es pour la pr\u00e9paration par pulv\u00e9risation d\u2019\u00e9lectrodes conductrices transparentes (TCO) dans les technologies d\u2019affichage \u00e0 \u00e9cran plat telles que les \u00e9crans \u00e0 cristaux liquides (LCD), les \u00e9crans \u00e0 diodes \u00e9lectroluminescentes organiques (OLED) et les nouveaux \u00e9crans \u00e0 points quantiques (QLED).<\/p>\n<p>Solaire photovolta\u00efque : Dans le processus de fabrication des cellules solaires, les cibles rotatives en oxyde d\u2019indium et d\u2019\u00e9tain (ITO) pulv\u00e9ris\u00e9es pour former des films conducteurs transparents peuvent \u00eatre utilis\u00e9es comme \u00e9lectrode avant de la cellule.<\/p>\n<p>Technologie de l\u2019\u00e9cran tactile\u00a0: avec la popularit\u00e9 g\u00e9n\u00e9ralis\u00e9e des t\u00e9l\u00e9phones intelligents, des tablettes PC et d\u2019autres appareils intelligents, la technologie des \u00e9crans tactiles s\u2019est d\u00e9velopp\u00e9e rapidement. Les films minces conducteurs transparents pr\u00e9par\u00e9s par des cibles rotatives \u00e0 l\u2019oxyde d\u2019indium et d\u2019\u00e9tain (ITO) sont devenus le mat\u00e9riau id\u00e9al pour les \u00e9lectrodes \u00e0 \u00e9cran tactile en raison de leur bonne conductivit\u00e9 et de leurs propri\u00e9t\u00e9s m\u00e9caniques.<\/p>\n<p>Capteurs de gaz : Bas\u00e9s sur les propri\u00e9t\u00e9s sp\u00e9ciales d\u2019adsorption et de r\u00e9action chimique des films minces pulv\u00e9ris\u00e9s \u00e0 l\u2019oxyde d\u2019indium et d\u2019\u00e9tain (ITO) pour certaines mol\u00e9cules de gaz, ils peuvent \u00eatre utilis\u00e9s pour pr\u00e9parer des capteurs de gaz haute performance.<\/p>\n<p>Fen\u00eatres intelligentes : Des films minces \u00e9lectrochromes pr\u00e9par\u00e9s \u00e0 partir de cibles rotatives In\u2082O\u2083-SnO\u2082 peuvent \u00eatre appliqu\u00e9s \u00e0 la fabrication de fen\u00eatres intelligentes. En appliquant un champ \u00e9lectrique externe, les propri\u00e9t\u00e9s optiques du film peuvent \u00eatre modifi\u00e9es de mani\u00e8re r\u00e9versible pour obtenir un ajustement intelligent de la transmission de la lumi\u00e8re et des propri\u00e9t\u00e9s d\u2019isolation thermique des fen\u00eatres, atteignant ainsi l\u2019objectif d\u2019\u00e9conomie d\u2019\u00e9nergie et de r\u00e9duction des \u00e9missions et am\u00e9liorant le confort int\u00e9rieur.<\/p>\n<h2><span style=\"font-size: 14pt;\">Contr\u00f4le de la qualit\u00e9<\/span><\/h2>\n<p><span style=\"color: #0000ff;\"><a style=\"color: #0000ff;\" href=\"https:\/\/vimaterial.de\/fr\/controle-qualite\/\">Nos produits<\/a><\/span> suivent un syst\u00e8me d\u2019assurance qualit\u00e9 rigoureux et bien \u00e9tabli, qui contr\u00f4le strictement l\u2019uniformit\u00e9 de la composition, la densit\u00e9, la duret\u00e9, la plan\u00e9it\u00e9 de la surface et d\u2019autres indicateurs cl\u00e9s. Une fois qu\u2019un \u00e9cart ou une non-conformit\u00e9 est d\u00e9tect\u00e9, 8D Les proc\u00e9dures de r\u00e9solution de probl\u00e8mes sont imm\u00e9diatement activ\u00e9es, la cause profonde du probl\u00e8me est analys\u00e9e en profondeur et des mesures correctives et pr\u00e9ventives efficaces sont prises. En m\u00eame temps, une documentation d\u00e9taill\u00e9e de l\u2019ensemble du processus de production, afin d\u2019obtenir une tra\u00e7abilit\u00e9 compl\u00e8te de chaque lot de produits, afin que vous ayez pleinement confiance dans la qualit\u00e9 des produits.<\/p>\n<h2><span style=\"font-size: 14pt;\">Emballage et stockage<\/span><\/h2>\n<p>Les cibles de pulv\u00e9risation \u00e0 l&#8217;oxyde d\u2019indium et d\u2019\u00e9tain (ITO) sont emball\u00e9es dans des emballages professionnels de protection sous vide, dans des caisses en bois personnalis\u00e9es \u00e0 haute r\u00e9sistance et remplies de mat\u00e9riaux de rembourrage tels que de la mousse haute densit\u00e9 pour garantir qu\u2019elles sont prot\u00e9g\u00e9es contre les dommages caus\u00e9s par les collisions et l\u2019extrusion pendant le transport.<\/p>\n<p>Les cibles de pulv\u00e9risation d&#8217;oxyde d\u2019indium et d\u2019\u00e9tain (ITO) sont stock\u00e9es dans un environnement sec et ventil\u00e9, et la zone de stockage doit \u00eatre tenue \u00e0 l\u2019\u00e9cart du feu, des agents oxydants puissants, des produits chimiques corrosifs et des champs magn\u00e9tiques puissants.<\/p>\n","protected":false},"excerpt":{"rendered":"<p>Les cibles rotatives <span style=\"color: #0000ff;\"><a style=\"color: #0000ff;\" href=\"https:\/\/vimaterial.de\/fr\/product\/oxyde-dindium-et-detain-ito-3\/\">\u00e0 l&#8217;oxyde d&#8217;indium et d&#8217;\u00e9tain<\/a><\/span> (ITO) sont des cibles de pulv\u00e9risation cathodique rotatives dont les principaux composants sont l\u2019oxyde d\u2019indium et l\u2019oxyde d\u2019\u00e9tain. Avec leurs excellentes propri\u00e9t\u00e9s \u00e9lectriques, optiques et physicochimiques, ils sont principalement utilis\u00e9s dans les domaines des \u00e9crans plats, des batteries solaires, des \u00e9crans tactiles, des \u00e9lectrodes conductrices transparentes pour les appareils \u00e9lectroniques, des rev\u00eatements optiques et des diodes \u00e9lectroluminescentes organiques (OLED).<\/p>\n","protected":false},"featured_media":1034885,"comment_status":"open","ping_status":"closed","template":"","meta":{"_acf_changed":false},"product_brand":[],"product_cat":[247],"product_tag":[],"class_list":{"0":"post-1030990","1":"product","2":"type-product","3":"status-publish","4":"has-post-thumbnail","6":"product_cat-cibles-de-pulverisation-rotative","8":"first","9":"instock","10":"shipping-taxable","11":"product-type-variable"},"acf":[],"_links":{"self":[{"href":"https:\/\/vimaterial.de\/fr\/wp-json\/wp\/v2\/product\/1030990","targetHints":{"allow":["GET"]}}],"collection":[{"href":"https:\/\/vimaterial.de\/fr\/wp-json\/wp\/v2\/product"}],"about":[{"href":"https:\/\/vimaterial.de\/fr\/wp-json\/wp\/v2\/types\/product"}],"replies":[{"embeddable":true,"href":"https:\/\/vimaterial.de\/fr\/wp-json\/wp\/v2\/comments?post=1030990"}],"wp:featuredmedia":[{"embeddable":true,"href":"https:\/\/vimaterial.de\/fr\/wp-json\/wp\/v2\/media\/1034885"}],"wp:attachment":[{"href":"https:\/\/vimaterial.de\/fr\/wp-json\/wp\/v2\/media?parent=1030990"}],"wp:term":[{"taxonomy":"product_brand","embeddable":true,"href":"https:\/\/vimaterial.de\/fr\/wp-json\/wp\/v2\/product_brand?post=1030990"},{"taxonomy":"product_cat","embeddable":true,"href":"https:\/\/vimaterial.de\/fr\/wp-json\/wp\/v2\/product_cat?post=1030990"},{"taxonomy":"product_tag","embeddable":true,"href":"https:\/\/vimaterial.de\/fr\/wp-json\/wp\/v2\/product_tag?post=1030990"}],"curies":[{"name":"wp","href":"https:\/\/api.w.org\/{rel}","templated":true}]}}