{"id":1030969,"date":"2024-06-27T19:50:07","date_gmt":"2024-06-27T11:50:07","guid":{"rendered":"https:\/\/vimaterial.de\/product\/metal-argente-5\/"},"modified":"2025-02-13T17:50:23","modified_gmt":"2025-02-13T09:50:23","slug":"metal-argente-5","status":"publish","type":"product","link":"https:\/\/vimaterial.de\/fr\/product\/metal-argente-5\/","title":{"rendered":"M\u00e9tal argent\u00e9"},"content":{"rendered":"<p><span style=\"color: #0000ff;\"><a style=\"color: #0000ff;\" href=\"https:\/\/vimaterial.de\/fr\/product\/metal-argente-4\/\">Les cibles \u00e0 tube d&#8217;argent<\/a><\/span> sont des cibles de pulv\u00e9risation tubulaires avec de l\u2019argent comme composant principal, et jouent un r\u00f4le cl\u00e9 dans l\u2019\u00e9lectronique, l\u2019optique, la d\u00e9coration et de nombreux domaines de fabrication industrielle en raison des excellentes propri\u00e9t\u00e9s physiques et chimiques de l\u2019argent.<\/p>\n<p>Nous fournissons des services personnalis\u00e9s, et accueillons les instituts de recherche scientifique qui s\u2019associent \u00e0 nous pour mener \u00e0 bien une coop\u00e9ration exp\u00e9rimentale, nous soutenons \u00e9galement les services de liaison de cibles. Les produits VIMATERIAL sont dans de petits emballages, avec un faible MOQ et un stock suffisant, offrant un service apr\u00e8s-vente parfait et une \u00e9quipe technique professionnelle. <span style=\"color: #0000ff;\"><a style=\"color: #0000ff;\" href=\"https:\/\/vimaterial.de\/fr\/contact\/\">Contactez-nous<\/a><\/span> pour plus d\u2019informations.<\/p>\n<h2><span style=\"font-size: 14pt;\">Caract\u00e9ristique<\/span><\/h2>\n<p>Formule mol\u00e9culaire : Ag<\/p>\n<p>Poids mol\u00e9culaire : 107,8682<\/p>\n<p>Apparence\u00a0: montrant un \u00e9clat m\u00e9tallique blanc argent\u00e9 typique<\/p>\n<p>Densit\u00e9 : 10,49 g\/cm\u00b3<\/p>\n<p>Point de fusion : 961,78\u00b0C<\/p>\n<p>Point d\u2019\u00e9bullition : 2162\u00b0C<\/p>\n<p>Structure cristalline : Structure cristalline cubique centr\u00e9e sur la face (FCC), qui conf\u00e8re \u00e0 l\u2019argent une bonne conductivit\u00e9 \u00e9lectrique, thermique et ductile, ce qui le rend excellent dans des applications telles que l\u2019\u00e9lectronique et la gestion thermique.<\/p>\n<h2><span style=\"font-size: 14pt;\">Applications<\/span><\/h2>\n<p>Fabrication de puces \u00e9lectroniques : Dans la fabrication de puces, des couches minces d\u2019argent pulv\u00e9ris\u00e9es sur des cibles rotatives Ag sont utilis\u00e9es pour cr\u00e9er des circuits conducteurs haute performance, r\u00e9duisant la r\u00e9sistance, acc\u00e9l\u00e9rant la transmission du signal et aidant \u00e0 am\u00e9liorer les performances des puces.<\/p>\n<p>Production d\u2019instruments optiques : Dans la production d\u2019instruments optiques, le rev\u00eatement de cible rotative Ag est utilis\u00e9 pour obtenir une r\u00e9flectivit\u00e9 \u00e9lev\u00e9e pour les lentilles et les miroirs afin d\u2019am\u00e9liorer la qualit\u00e9 de l\u2019image.<\/p>\n<p>Traitement du verre automobile\u00a0: Dans le traitement du verre automobile, gr\u00e2ce au processus de pulv\u00e9risation cathodique \u00e0 cible rotative Ag, un film d\u2019argent isolant thermiquement est form\u00e9 sur la surface du verre, bloquant efficacement la chaleur du rayonnement solaire et am\u00e9liorant le confort de la voiture.<\/p>\n<p>Fabrication d\u2019\u00e9crans plats : Dans la fabrication d\u2019\u00e9crans plats, les cibles rotatives Ag sont utilis\u00e9es pour pr\u00e9parer des \u00e9lectrodes conductrices transparentes pour les \u00e9crans OLED et LCD, ce qui am\u00e9liore l\u2019efficacit\u00e9 lumineuse et la clart\u00e9 de l\u2019image des \u00e9crans.<\/p>\n<h2><span style=\"font-size: 14pt;\">Contr\u00f4le de la qualit\u00e9<\/span><\/h2>\n<p><span style=\"color: #0000ff;\"><a style=\"color: #0000ff;\" href=\"https:\/\/vimaterial.de\/fr\/controle-qualite\/\">Nos produits<\/a><\/span> suivent un syst\u00e8me d\u2019assurance qualit\u00e9 rigoureux et parfait, qui contr\u00f4le strictement l\u2019uniformit\u00e9 de la composition, la densit\u00e9, la duret\u00e9, la plan\u00e9it\u00e9 de la surface et d\u2019autres indicateurs cl\u00e9s des cibles. Une fois qu\u2019un \u00e9cart ou une non-conformit\u00e9 est d\u00e9tect\u00e9, 8D Les proc\u00e9dures de r\u00e9solution de probl\u00e8mes sont imm\u00e9diatement activ\u00e9es, la cause profonde du probl\u00e8me est analys\u00e9e en profondeur et des mesures correctives et pr\u00e9ventives efficaces sont prises. En m\u00eame temps, une documentation d\u00e9taill\u00e9e de l\u2019ensemble du processus de production, afin d\u2019obtenir une tra\u00e7abilit\u00e9 compl\u00e8te de chaque lot de produits, afin que vous ayez pleinement confiance dans la qualit\u00e9 des produits.<\/p>\n<h2><span style=\"font-size: 14pt;\">Emballage et stockage<\/span><\/h2>\n<p>Les cibles en tube d&#8217;argent sont emball\u00e9es dans des emballages professionnels prot\u00e9g\u00e9s sous vide, dans des caisses en bois personnalis\u00e9es \u00e0 haute r\u00e9sistance et remplies de mousse haute densit\u00e9 et d\u2019autres mat\u00e9riaux de rembourrage pour garantir qu\u2019elles sont prot\u00e9g\u00e9es contre les dommages caus\u00e9s par les collisions et l\u2019extrusion pendant le transport.<\/p>\n<p>Les cibles en argent doivent \u00eatre stock\u00e9es dans un environnement sec, ventil\u00e9 et non magn\u00e9tique pour s\u2019assurer qu\u2019elles n\u2019entrent pas en contact avec d\u2019autres m\u00e9taux ou produits chimiques.<\/p>\n","protected":false},"excerpt":{"rendered":"<p><span style=\"color: #0000ff;\"><a style=\"color: #0000ff;\" href=\"https:\/\/vimaterial.de\/fr\/product\/metal-argente-4\/\">Les cibles \u00e0 tube d\u2019argent<\/a><\/span> sont des cibles de pulv\u00e9risation tubulaires avec de l\u2019argent comme composant principal, et jouent un r\u00f4le cl\u00e9 dans l\u2019\u00e9lectronique, l\u2019optique, la d\u00e9coration et de nombreux domaines de fabrication industrielle en raison des excellentes propri\u00e9t\u00e9s physiques et chimiques de l\u2019argent.<\/p>\n","protected":false},"featured_media":1034880,"comment_status":"open","ping_status":"closed","template":"","meta":{"_acf_changed":false},"product_brand":[],"product_cat":[247],"product_tag":[],"class_list":{"0":"post-1030969","1":"product","2":"type-product","3":"status-publish","4":"has-post-thumbnail","6":"product_cat-cibles-de-pulverisation-rotative","8":"first","9":"instock","10":"shipping-taxable","11":"product-type-variable"},"acf":[],"_links":{"self":[{"href":"https:\/\/vimaterial.de\/fr\/wp-json\/wp\/v2\/product\/1030969","targetHints":{"allow":["GET"]}}],"collection":[{"href":"https:\/\/vimaterial.de\/fr\/wp-json\/wp\/v2\/product"}],"about":[{"href":"https:\/\/vimaterial.de\/fr\/wp-json\/wp\/v2\/types\/product"}],"replies":[{"embeddable":true,"href":"https:\/\/vimaterial.de\/fr\/wp-json\/wp\/v2\/comments?post=1030969"}],"wp:featuredmedia":[{"embeddable":true,"href":"https:\/\/vimaterial.de\/fr\/wp-json\/wp\/v2\/media\/1034880"}],"wp:attachment":[{"href":"https:\/\/vimaterial.de\/fr\/wp-json\/wp\/v2\/media?parent=1030969"}],"wp:term":[{"taxonomy":"product_brand","embeddable":true,"href":"https:\/\/vimaterial.de\/fr\/wp-json\/wp\/v2\/product_brand?post=1030969"},{"taxonomy":"product_cat","embeddable":true,"href":"https:\/\/vimaterial.de\/fr\/wp-json\/wp\/v2\/product_cat?post=1030969"},{"taxonomy":"product_tag","embeddable":true,"href":"https:\/\/vimaterial.de\/fr\/wp-json\/wp\/v2\/product_tag?post=1030969"}],"curies":[{"name":"wp","href":"https:\/\/api.w.org\/{rel}","templated":true}]}}