{"id":1030907,"date":"2024-06-27T19:47:51","date_gmt":"2024-06-27T11:47:51","guid":{"rendered":"https:\/\/vimaterial.de\/product\/alliage-de-zinc-et-detain-2\/"},"modified":"2025-02-17T15:24:45","modified_gmt":"2025-02-17T07:24:45","slug":"alliage-de-zinc-et-detain-2","status":"publish","type":"product","link":"https:\/\/vimaterial.de\/fr\/product\/alliage-de-zinc-et-detain-2\/","title":{"rendered":"Alliage de zinc et d\u2019\u00e9tain"},"content":{"rendered":"<p>Les cibles \u00e0 tube en <span style=\"color: #0000ff;\"><a style=\"color: #0000ff;\" href=\"https:\/\/vimaterial.de\/fr\/product\/alliage-de-zinc-et-detain\/\">zinc et en \u00e9tain<\/a> <\/span> sont des cibles de pulv\u00e9risation tubulaires avec du zinc (Zn) et de l\u2019\u00e9tain (Sn) comme composants principaux. La combinaison des propri\u00e9t\u00e9s physicochimiques uniques du zinc et de l\u2019\u00e9tain rend les cibles de tube ZnSn importantes dans de nombreux domaines tels que l\u2019\u00e9lectronique, l\u2019optique et l\u2019\u00e9nergie.<\/p>\n<p>Nous fournissons un service personnalis\u00e9 et soutenons le service de reliure de cibles. Les produits VIMATERIAL sont emball\u00e9s dans de petits emballages, avec un petit MOQ et un stock suffisant, un prix bas et une bonne qualit\u00e9. Nous avons \u00e9galement un service apr\u00e8s-vente parfait et une \u00e9quipe technique professionnelle, veuillez <span style=\"color: #0000ff;\"><a style=\"color: #0000ff;\" href=\"https:\/\/vimaterial.de\/fr\/contact\/\">nous contacter<\/a><\/span> si vous en avez besoin.<\/p>\n<h2><span style=\"font-size: 14pt;\">Caract\u00e9ristiques<\/span><\/h2>\n<p>Formule mol\u00e9culaire : ZnSn<\/p>\n<p>Poids mol\u00e9culaire : environ 192,21<\/p>\n<p>Apparence\u00a0: Lustre m\u00e9tallique gris argent\u00e9, texture uniforme, surface m\u00e9tallique.<\/p>\n<p>Structure cristalline : structure cristalline en alliage<\/p>\n<h2><span style=\"font-size: 14pt;\">Applications<\/span><\/h2>\n<p>Pr\u00e9paration de films conducteurs transparents : Dans les \u00e9crans plats, les \u00e9crans tactiles et d\u2019autres produits, les films conducteurs transparents obtenus par pulv\u00e9risation cathodique sur les cibles de tube ZnSn ont \u00e0 la fois une bonne conductivit\u00e9 et une bonne transparence optique.<\/p>\n<p>Fabrication de cellules solaires\u00a0: Dans le processus de production de cellules solaires, des films minces form\u00e9s par pulv\u00e9risation avec des cibles de tube en zinc \u00e9tain peuvent \u00eatre utilis\u00e9s comme mat\u00e9riaux de couche tampon ou absorbante.<\/p>\n<p>Fabrication de capteurs : Dans le domaine des capteurs de gaz et des capteurs de pression, les films minces form\u00e9s par pulv\u00e9risation de cibles de tubes de zinc et d\u2019\u00e9tain ont des propri\u00e9t\u00e9s d\u2019adsorption et de r\u00e9ponse \u00e9lectrique sp\u00e9ciales pour certains gaz.<\/p>\n<h2><span style=\"font-size: 14pt;\">Contr\u00f4le qualit\u00e9<\/span><\/h2>\n<p><span style=\"color: #0000ff;\"><a style=\"color: #0000ff;\" href=\"https:\/\/vimaterial.de\/fr\/controle-qualite\/\">Nos produits<\/a> <\/span>suivent un syst\u00e8me d\u2019assurance qualit\u00e9 strict et complet. Les rapports de composition, l\u2019uniformit\u00e9 de la densit\u00e9, la consistance de la duret\u00e9, la plan\u00e9it\u00e9 et la rugosit\u00e9 de la surface sont strictement surveill\u00e9s. Des enregistrements d\u00e9taill\u00e9s de l\u2019ensemble du processus de production sont archiv\u00e9s afin d\u2019obtenir une tra\u00e7abilit\u00e9 compl\u00e8te du processus pour chaque lot de produit.<\/p>\n<h2><span style=\"font-size: 14pt;\">Emballage et stockage<\/span><\/h2>\n<p>Les cibles en tube d\u2019\u00e9tain de zinc sont emball\u00e9es dans des emballages professionnels de protection sous vide, puis plac\u00e9es dans des caisses en bois personnalis\u00e9es \u00e0 haute r\u00e9sistance remplies de mousse haute densit\u00e9 et d\u2019autres mat\u00e9riaux de rembourrage afin de s\u2019assurer qu\u2019elles ne seront pas endommag\u00e9es par collision et extrusion au cours du transport.<\/p>\n<p>Les cibles \u00e0 tube d\u2019\u00e9tain de zinc doivent \u00eatre stock\u00e9es dans un environnement sec et bien ventil\u00e9 o\u00f9 la temp\u00e9rature et l\u2019humidit\u00e9 doivent \u00eatre maintenues dans la plage appropri\u00e9e. Tenir \u00e0 l\u2019\u00e9cart des substances acides et alcalines et des agents oxydants puissants, et \u00e9viter tout contact avec l\u2019humidit\u00e9 et les gaz nocifs pour \u00e9viter une r\u00e9action chimique et affecter les performances de la cible.<\/p>\n","protected":false},"excerpt":{"rendered":"<p>Les cibles \u00e0 tube en <span style=\"color: #0000ff;\"><a style=\"color: #0000ff;\" href=\"https:\/\/vimaterial.de\/fr\/product\/alliage-de-zinc-et-detain\/\">zinc et en \u00e9tain<\/a> <\/span> sont des cibles de pulv\u00e9risation tubulaires avec du zinc (Zn) et de l\u2019\u00e9tain (Sn) comme composants principaux. La combinaison des propri\u00e9t\u00e9s physicochimiques uniques du zinc et de l\u2019\u00e9tain rend les cibles de tube ZnSn importantes dans de nombreux domaines tels que l\u2019\u00e9lectronique, l\u2019optique et l\u2019\u00e9nergie.<\/p>\n","protected":false},"featured_media":1034855,"comment_status":"open","ping_status":"closed","template":"","meta":{"_acf_changed":false},"product_brand":[],"product_cat":[247],"product_tag":[],"class_list":{"0":"post-1030907","1":"product","2":"type-product","3":"status-publish","4":"has-post-thumbnail","6":"product_cat-cibles-de-pulverisation-rotative","8":"first","9":"instock","10":"shipping-taxable","11":"product-type-variable"},"acf":[],"_links":{"self":[{"href":"https:\/\/vimaterial.de\/fr\/wp-json\/wp\/v2\/product\/1030907","targetHints":{"allow":["GET"]}}],"collection":[{"href":"https:\/\/vimaterial.de\/fr\/wp-json\/wp\/v2\/product"}],"about":[{"href":"https:\/\/vimaterial.de\/fr\/wp-json\/wp\/v2\/types\/product"}],"replies":[{"embeddable":true,"href":"https:\/\/vimaterial.de\/fr\/wp-json\/wp\/v2\/comments?post=1030907"}],"wp:featuredmedia":[{"embeddable":true,"href":"https:\/\/vimaterial.de\/fr\/wp-json\/wp\/v2\/media\/1034855"}],"wp:attachment":[{"href":"https:\/\/vimaterial.de\/fr\/wp-json\/wp\/v2\/media?parent=1030907"}],"wp:term":[{"taxonomy":"product_brand","embeddable":true,"href":"https:\/\/vimaterial.de\/fr\/wp-json\/wp\/v2\/product_brand?post=1030907"},{"taxonomy":"product_cat","embeddable":true,"href":"https:\/\/vimaterial.de\/fr\/wp-json\/wp\/v2\/product_cat?post=1030907"},{"taxonomy":"product_tag","embeddable":true,"href":"https:\/\/vimaterial.de\/fr\/wp-json\/wp\/v2\/product_tag?post=1030907"}],"curies":[{"name":"wp","href":"https:\/\/api.w.org\/{rel}","templated":true}]}}