{"id":1030875,"date":"2024-06-27T19:47:26","date_gmt":"2024-06-27T11:47:26","guid":{"rendered":"https:\/\/vimaterial.de\/product\/oxyde-de-zinc-dope-a-lalumine-3\/"},"modified":"2025-04-09T17:53:04","modified_gmt":"2025-04-09T09:53:04","slug":"oxyde-de-zinc-dope-a-lalumine-3","status":"publish","type":"product","link":"https:\/\/vimaterial.de\/fr\/product\/oxyde-de-zinc-dope-a-lalumine-3\/","title":{"rendered":"Oxyde de zinc dop\u00e9 \u00e0 l\u2019alumine (AZO)"},"content":{"rendered":"<p>Les cibles de tube <span style=\"color: #0000ff;\"><a style=\"color: #0000ff;\" href=\"https:\/\/vimaterial.de\/en\/product\/alumina-doped-zinc-oxide\/\">d\u2019oxyde de zinc dop\u00e9 \u00e0 l\u2019alumine<\/a> <\/span>(AZO) sont des cibles de pulv\u00e9risation tubulaires avec de l\u2019oxyde de zinc dop\u00e9 \u00e0 l\u2019aluminium comme composant principal. En raison des propri\u00e9t\u00e9s physiques et chimiques uniques de l\u2019AZO, ses principales applications se trouvent dans les domaines de l\u2019opto\u00e9lectronique et de l\u2019\u00e9nergie. <\/p>\n<p>Nous proposons des produits personnalis\u00e9s et des services de reliure cibl\u00e9e, et les produits VIMATERIAL se caract\u00e9risent par des emballages souples, de faibles quantit\u00e9s minimales de commande (MOQ) et des stocks suffisants. Nous offrons \u00e9galement un service apr\u00e8s-vente complet et une \u00e9quipe technique professionnelle, veuillez <span style=\"color: #0000ff;\"><a style=\"color: #0000ff;\" href=\"https:\/\/vimaterial.de\/en\/contact-us\/\">nous contacter<\/a><\/span>. <\/p>\n<h2><span style=\"font-size: 14pt;\">Caract\u00e9ristiques<\/span><\/h2>\n<p>Formule mol\u00e9culaire : ZnO-Al2O3<\/p>\n<p>Apparence&nbsp;: G\u00e9n\u00e9ralement gris argent\u00e9 lustr\u00e9 m\u00e9tallis\u00e9<\/p>\n<p>Densit\u00e9 : env. 5.606 g\/cm3 <\/p>\n<p>Point de fusion : env. 1975\u00b0C, le dopage a peu d\u2019effet sur le point de fusion <\/p>\n<p>Point d\u2019\u00e9bullition : environ 2360\u00b0C<\/p>\n<p>Structure cristalline : Structure hexagonale en zincite.<\/p>\n<h2><span style=\"font-size: 14pt;\">Applications<\/span><\/h2>\n<p>Pr\u00e9paration de films conducteurs transparents : Les films conducteurs transparents obtenus par pulv\u00e9risation cathodique de cibles de tube d\u2019oxyde de zinc dop\u00e9 \u00e0 l\u2019alumine sont largement utilis\u00e9s dans les dispositifs opto\u00e9lectroniques tels que les \u00e9crans plats, les \u00e9crans tactiles et les diodes \u00e9lectroluminescentes organiques (OLED). Son excellente conductivit\u00e9 et sa transparence optique peuvent non seulement r\u00e9duire efficacement la r\u00e9sistance de l\u2019appareil et am\u00e9liorer la mobilit\u00e9 des \u00e9lectrons, mais \u00e9galement am\u00e9liorer consid\u00e9rablement la clart\u00e9 de l\u2019image et la saturation des couleurs du panneau d\u2019affichage, qui est une alternative au mat\u00e9riau traditionnel de l\u2019oxyde d\u2019indium et d\u2019\u00e9tain (ITO). <\/p>\n<p>Fabrication de cellules solaires&nbsp;: Dans le domaine des cellules solaires, le film AZO peut \u00eatre utilis\u00e9 comme \u00e9lectrode conductrice transparente ou mat\u00e9riau de couche de fen\u00eatre. D\u2019une part, il peut collecter efficacement les porteurs photog\u00e9n\u00e9r\u00e9s et am\u00e9liorer l\u2019efficacit\u00e9 de conversion photo\u00e9lectrique de la batterie&nbsp;; D\u2019autre part, sa bonne stabilit\u00e9 chimique permet de prolonger la dur\u00e9e de vie de la batterie, de r\u00e9duire le co\u00fbt de production et de favoriser le d\u00e9veloppement de l\u2019industrie solaire photovolta\u00efque. <\/p>\n<p>Verre \u00e0 \u00e9conomie d\u2019\u00e9nergie pour la construction : Dans le domaine de la construction, le film AZO peut \u00eatre appliqu\u00e9 \u00e0 la pr\u00e9paration du verre \u00e0 \u00e9conomie d\u2019\u00e9nergie. En pulv\u00e9risant un film AZO sur la surface du verre, il peut obtenir un contr\u00f4le efficace du rayonnement solaire, ce qui assure non seulement l\u2019\u00e9clairage int\u00e9rieur, mais emp\u00eache \u00e9galement la chaleur excessive de p\u00e9n\u00e9trer dans la pi\u00e8ce, r\u00e9duit la consommation d\u2019\u00e9nergie du b\u00e2timent et atteint l\u2019objectif d\u2019\u00e9conomie d\u2019\u00e9nergie et de protection de l\u2019environnement. <\/p>\n<h2><span style=\"font-size: 14pt;\">Contr\u00f4le qualit\u00e9<\/span><\/h2>\n<p><a href=\"https:\/\/vimaterial.de\/en\/quality-control\/\"><span style=\"color: #0000ff;\">Nos produits <\/span>sont soumis \u00e0<\/a>un syst\u00e8me d\u2019assurance qualit\u00e9 strict et complet. Les rapports de composition, l\u2019uniformit\u00e9 de la densit\u00e9, la consistance de la duret\u00e9, la plan\u00e9it\u00e9 et la rugosit\u00e9 de la surface sont strictement surveill\u00e9s. Des enregistrements d\u00e9taill\u00e9s de l\u2019ensemble du processus de production sont archiv\u00e9s afin d\u2019obtenir une tra\u00e7abilit\u00e9 compl\u00e8te du processus pour chaque lot de produit.  <\/p>\n<h2><span style=\"font-size: 14pt;\">Emballage et stockage<\/span><\/h2>\n<p>Les cibles tubulaires en oxyde de zinc dop\u00e9 \u00e0 l\u2019alumine sont prot\u00e9g\u00e9es par des professionnels, emball\u00e9es sous vide dans des caisses en bois personnalis\u00e9es et remplies d\u2019un mat\u00e9riau de rembourrage pour garantir qu\u2019elles sont prot\u00e9g\u00e9es des chocs et de l\u2019humidit\u00e9 pendant le transport.<\/p>\n<p>Les cibles de tubes d\u2019oxyde de zinc dop\u00e9 \u00e0 l\u2019alumine doivent \u00eatre stock\u00e9es dans un environnement sec et bien ventil\u00e9, o\u00f9 la temp\u00e9rature et l\u2019humidit\u00e9 doivent \u00eatre maintenues dans une plage appropri\u00e9e. Tenir \u00e0 l\u2019\u00e9cart des substances acides, alcalines et autres substances corrosives ainsi que des oxydants forts, \u00e9viter le contact avec l\u2019humidit\u00e9 et les gaz nocifs pour \u00e9viter les r\u00e9actions chimiques et affecter les performances du mat\u00e9riau cible. <\/p>\n","protected":false},"excerpt":{"rendered":"<p>Les cibles de tube <span style=\"color: #0000ff;\"><a style=\"color: #0000ff;\" href=\"https:\/\/vimaterial.de\/en\/product\/alumina-doped-zinc-oxide\/\">d\u2019oxyde de zinc dop\u00e9 \u00e0 l\u2019alumine<\/a> <\/span>(AZO) sont des cibles de pulv\u00e9risation tubulaires avec de l\u2019oxyde de zinc dop\u00e9 \u00e0 l\u2019aluminium comme composant principal. En raison des propri\u00e9t\u00e9s physiques et chimiques uniques de l\u2019AZO, ses principales applications se trouvent dans les domaines de l\u2019opto\u00e9lectronique et de l\u2019\u00e9nergie. <\/p>\n","protected":false},"featured_media":1034845,"comment_status":"open","ping_status":"closed","template":"","meta":{"_acf_changed":false},"product_brand":[],"product_cat":[247],"product_tag":[],"class_list":{"0":"post-1030875","1":"product","2":"type-product","3":"status-publish","4":"has-post-thumbnail","6":"product_cat-cibles-de-pulverisation-rotative","8":"first","9":"instock","10":"shipping-taxable","11":"product-type-variable"},"acf":[],"_links":{"self":[{"href":"https:\/\/vimaterial.de\/fr\/wp-json\/wp\/v2\/product\/1030875","targetHints":{"allow":["GET"]}}],"collection":[{"href":"https:\/\/vimaterial.de\/fr\/wp-json\/wp\/v2\/product"}],"about":[{"href":"https:\/\/vimaterial.de\/fr\/wp-json\/wp\/v2\/types\/product"}],"replies":[{"embeddable":true,"href":"https:\/\/vimaterial.de\/fr\/wp-json\/wp\/v2\/comments?post=1030875"}],"wp:featuredmedia":[{"embeddable":true,"href":"https:\/\/vimaterial.de\/fr\/wp-json\/wp\/v2\/media\/1034845"}],"wp:attachment":[{"href":"https:\/\/vimaterial.de\/fr\/wp-json\/wp\/v2\/media?parent=1030875"}],"wp:term":[{"taxonomy":"product_brand","embeddable":true,"href":"https:\/\/vimaterial.de\/fr\/wp-json\/wp\/v2\/product_brand?post=1030875"},{"taxonomy":"product_cat","embeddable":true,"href":"https:\/\/vimaterial.de\/fr\/wp-json\/wp\/v2\/product_cat?post=1030875"},{"taxonomy":"product_tag","embeddable":true,"href":"https:\/\/vimaterial.de\/fr\/wp-json\/wp\/v2\/product_tag?post=1030875"}],"curies":[{"name":"wp","href":"https:\/\/api.w.org\/{rel}","templated":true}]}}