{"id":1030863,"date":"2024-06-27T19:47:20","date_gmt":"2024-06-27T11:47:20","guid":{"rendered":"https:\/\/vimaterial.de\/product\/alliage-daluminium-et-de-zinc-5\/"},"modified":"2025-02-17T18:00:26","modified_gmt":"2025-02-17T10:00:26","slug":"alliage-daluminium-et-de-zinc-5","status":"publish","type":"product","link":"https:\/\/vimaterial.de\/fr\/product\/alliage-daluminium-et-de-zinc-5\/","title":{"rendered":"Alliage de zinc et d&#8217;aluminium"},"content":{"rendered":"<p><span style=\"color: #0000ff;\"><a style=\"color: #0000ff;\" href=\"https:\/\/vimaterial.de\/fr\/product\/alliage-daluminium-et-de-zinc-3\/\">Zinc et d&#8217;aluminium <\/a><\/span>Les cibles tubulaires sont des cibles de pulv\u00e9risation tubulaires avec du zinc et de l&#8217;aluminium comme composants principaux, qui peuvent \u00eatre utilis\u00e9es pour la pr\u00e9paration de mat\u00e9riaux fonctionnels tels que des films minces aux propri\u00e9t\u00e9s sp\u00e9cifiques. En raison des caract\u00e9ristiques du zinc et de l\u2019aluminium, ils sont principalement utilis\u00e9s dans les domaines du rev\u00eatement optique, de la fabrication de semi-conducteurs, des \u00e9crans plats, des cellules solaires et des rev\u00eatements de protection pour les pi\u00e8ces automobiles.<\/p>\n<p>Nous proposons des produits personnalis\u00e9s et des services de reliure cibl\u00e9e, et les produits VIMATERIAL se caract\u00e9risent par des emballages souples, de faibles quantit\u00e9s minimales de commande (MOQ) et des stocks suffisants. Nous offrons \u00e9galement un service apr\u00e8s-vente complet et une \u00e9quipe technique professionnelle, veuillez <span style=\"color: #0000ff;\"><a style=\"color: #0000ff;\" href=\"https:\/\/vimaterial.de\/fr\/contact\/\">nous contacter<\/a><\/span>.<\/p>\n<h2><span style=\"font-size: 14pt;\">Caract\u00e9ristiques<\/span><\/h2>\n<p>Formule mol\u00e9culaire : ZnAl<\/p>\n<p>Poids mol\u00e9culaire : env. 107,37<\/p>\n<p>Apparence\u00a0: Cible tube lustr\u00e9 m\u00e9tallis\u00e9 gris argent\u00e9<\/p>\n<p>Structure cristalline : La structure cristalline de l\u2019alliage qui en r\u00e9sulte combine certaines des propri\u00e9t\u00e9s du zinc et de l\u2019aluminium, a une bonne ductilit\u00e9 et une certaine r\u00e9sistance \u00e0 la corrosion et, dans certaines conditions, peut pr\u00e9senter des propri\u00e9t\u00e9s \u00e9lectriques et optiques uniques.<\/p>\n<h2><span style=\"font-size: 14pt;\">Applications<\/span><\/h2>\n<p>Traitement de surface des pi\u00e8ces automobiles : Dans la fabrication de pi\u00e8ces automobiles, le rev\u00eatement en alliage Zinc et d&#8217;aluminium form\u00e9 par pulv\u00e9risation cathodique de cibles de tube zinc-aluminium peut am\u00e9liorer consid\u00e9rablement la r\u00e9sistance \u00e0 la corrosion et \u00e0 l\u2019usure des pi\u00e8ces. Par exemple, le bloc moteur automobile, le moyeu de roue et d\u2019autres pi\u00e8ces, apr\u00e8s traitement de rev\u00eatement, peuvent r\u00e9sister efficacement \u00e0 l\u2019humidit\u00e9, \u00e0 l\u2019acide et aux alcalis et \u00e0 d\u2019autres environnements hostiles, prolonger la dur\u00e9e de vie des pi\u00e8ces, am\u00e9liorer les performances globales et la fiabilit\u00e9 de la voiture.<\/p>\n<p>Mat\u00e9riaux de d\u00e9coration de b\u00e2timent\u00a0: Dans le domaine de la d\u00e9coration de b\u00e2timent, le rev\u00eatement de pulv\u00e9risation de cible de tube en aluminium de zinc peut \u00eatre appliqu\u00e9 sur la surface des portes, fen\u00eatres, murs-rideaux et autres mat\u00e9riaux en alliage d\u2019aluminium. Il peut non seulement am\u00e9liorer la r\u00e9sistance aux intemp\u00e9ries du mat\u00e9riau, le rendre difficile \u00e0 d\u00e9colorer et \u00e0 se d\u00e9former sous le soleil et la pluie \u00e0 long terme, mais \u00e9galement donner au mat\u00e9riau un lustre et une texture m\u00e9talliques uniques, et am\u00e9liorer l\u2019esth\u00e9tique et la qualit\u00e9 de l\u2019apparence du b\u00e2timent.<\/p>\n<p>Protection des appareils \u00e9lectroniques : dans la production d\u2019appareils \u00e9lectroniques, l\u2019utilisation d\u2019un film de pulv\u00e9risation cathodique cible de tube en aluminium zinc peut \u00eatre utilis\u00e9e comme couche protectrice pour prot\u00e9ger les composants \u00e9lectroniques des impacts environnementaux externes. Par exemple, sur les circuits imprim\u00e9s des t\u00e9l\u00e9phones portables, des ordinateurs et d\u2019autres produits \u00e9lectroniques, le rev\u00eatement ZnAl peut emp\u00eacher l\u2019oxydation des lignes et les courts-circuits, am\u00e9liorer la stabilit\u00e9 et la dur\u00e9e de vie des appareils \u00e9lectroniques, et en m\u00eame temps avoir un certain effet de blindage sur les interf\u00e9rences \u00e9lectromagn\u00e9tiques.<\/p>\n<h2><span style=\"font-size: 14pt;\">Contr\u00f4le qualit\u00e9<\/span><\/h2>\n<p><span style=\"color: #0000ff;\"><a style=\"color: #0000ff;\" href=\"https:\/\/vimaterial.de\/fr\/controle-qualite\/\">Nos produits<\/a><\/span> suivent un syst\u00e8me d\u2019assurance qualit\u00e9 strict et complet. Les rapports de composition, l\u2019uniformit\u00e9 de la densit\u00e9, la consistance de la duret\u00e9, la plan\u00e9it\u00e9 et la rugosit\u00e9 de la surface sont strictement surveill\u00e9s. Des enregistrements d\u00e9taill\u00e9s de l\u2019ensemble du processus de production sont archiv\u00e9s afin d\u2019obtenir une tra\u00e7abilit\u00e9 compl\u00e8te du processus pour chaque lot de produit.<\/p>\n<h2><span style=\"font-size: 14pt;\">Emballage et stockage<\/span><\/h2>\n<p>Les cibles tubulaires en Zinc et d&#8217;aluminium sont prot\u00e9g\u00e9es par des professionnels et emball\u00e9es sous vide dans des caisses en bois personnalis\u00e9es remplies d\u2019un mat\u00e9riau de rembourrage pour assurer une protection contre les chocs et l\u2019humidit\u00e9 pendant le transport.<\/p>\n<p>Les cibles en tube de Zinc et d&#8217;aluminium doivent \u00eatre stock\u00e9es dans un environnement sec et bien ventil\u00e9 o\u00f9 la temp\u00e9rature et l\u2019humidit\u00e9 sont maintenues dans des limites appropri\u00e9es. Tenir \u00e0 l\u2019\u00e9cart des substances acides, alcalines et autres substances corrosives ainsi que des oxydants forts, \u00e9viter le contact avec l\u2019humidit\u00e9 et les gaz nocifs pour \u00e9viter les r\u00e9actions chimiques et affecter les performances du mat\u00e9riau cible.<\/p>\n","protected":false},"excerpt":{"rendered":"<p><span style=\"color: #0000ff;\"><a style=\"color: #0000ff;\" href=\"https:\/\/vimaterial.de\/fr\/product\/alliage-daluminium-et-de-zinc-3\/\">Zinc et d&#8217;aluminium <\/a><\/span>Les cibles tubulaires sont des cibles de pulv\u00e9risation tubulaires avec du zinc et de l&#8217;aluminium comme composants principaux, qui peuvent \u00eatre utilis\u00e9es pour la pr\u00e9paration de mat\u00e9riaux fonctionnels tels que des films minces aux propri\u00e9t\u00e9s sp\u00e9cifiques. En raison des caract\u00e9ristiques du zinc et de l\u2019aluminium, ils sont principalement utilis\u00e9s dans les domaines du rev\u00eatement optique, de la fabrication de semi-conducteurs, des \u00e9crans plats, des cellules solaires et des rev\u00eatements de protection pour les pi\u00e8ces automobiles.<\/p>\n","protected":false},"featured_media":1034840,"comment_status":"open","ping_status":"closed","template":"","meta":{"_acf_changed":false},"product_brand":[],"product_cat":[247],"product_tag":[],"class_list":{"0":"post-1030863","1":"product","2":"type-product","3":"status-publish","4":"has-post-thumbnail","6":"product_cat-cibles-de-pulverisation-rotative","8":"first","9":"instock","10":"shipping-taxable","11":"product-type-variable"},"acf":[],"_links":{"self":[{"href":"https:\/\/vimaterial.de\/fr\/wp-json\/wp\/v2\/product\/1030863","targetHints":{"allow":["GET"]}}],"collection":[{"href":"https:\/\/vimaterial.de\/fr\/wp-json\/wp\/v2\/product"}],"about":[{"href":"https:\/\/vimaterial.de\/fr\/wp-json\/wp\/v2\/types\/product"}],"replies":[{"embeddable":true,"href":"https:\/\/vimaterial.de\/fr\/wp-json\/wp\/v2\/comments?post=1030863"}],"wp:featuredmedia":[{"embeddable":true,"href":"https:\/\/vimaterial.de\/fr\/wp-json\/wp\/v2\/media\/1034840"}],"wp:attachment":[{"href":"https:\/\/vimaterial.de\/fr\/wp-json\/wp\/v2\/media?parent=1030863"}],"wp:term":[{"taxonomy":"product_brand","embeddable":true,"href":"https:\/\/vimaterial.de\/fr\/wp-json\/wp\/v2\/product_brand?post=1030863"},{"taxonomy":"product_cat","embeddable":true,"href":"https:\/\/vimaterial.de\/fr\/wp-json\/wp\/v2\/product_cat?post=1030863"},{"taxonomy":"product_tag","embeddable":true,"href":"https:\/\/vimaterial.de\/fr\/wp-json\/wp\/v2\/product_tag?post=1030863"}],"curies":[{"name":"wp","href":"https:\/\/api.w.org\/{rel}","templated":true}]}}