{"id":1030846,"date":"2024-06-27T19:46:54","date_gmt":"2024-06-27T11:46:54","guid":{"rendered":"https:\/\/vimaterial.de\/product\/alliage-de-cuivre-et-detain-2\/"},"modified":"2025-02-18T16:59:38","modified_gmt":"2025-02-18T08:59:38","slug":"alliage-de-cuivre-et-detain-2","status":"publish","type":"product","link":"https:\/\/vimaterial.de\/fr\/product\/alliage-de-cuivre-et-detain-2\/","title":{"rendered":"Alliage de cuivre et d\u2019\u00e9tain"},"content":{"rendered":"<p>Les cibles de tube en <span style=\"color: #0000ff;\"><a style=\"color: #0000ff;\" href=\"https:\/\/vimaterial.de\/fr\/product\/alliage-de-cuivre-et-detain\/\">cuivre et en \u00e9tain<\/a><\/span> sont des alliages de cuivre (Cu) et d\u2019\u00e9tain (Sn) fondus dans un rapport sp\u00e9cifique, qui sont principalement utilis\u00e9s dans les domaines du d\u00e9p\u00f4t de couches minces, de la fabrication de semi-conducteurs et de la recherche et du d\u00e9veloppement de dispositifs \u00e9lectroniques haut de gamme en raison de leurs propri\u00e9t\u00e9s physicochimiques uniques.<\/p>\n<p>VIMATERIAL fournit des cibles en cuivre \u00e9tain de haute puret\u00e9, de composition homog\u00e8ne et de bonnes densit\u00e9s, et peut fournir des produits personnalis\u00e9s et des services de collage de cibles. Notre \u00e9quipe technique est exp\u00e9riment\u00e9e dans la fourniture d\u2019un support technique professionnel, veuillez <span style=\"color: #0000ff;\"><a style=\"color: #0000ff;\" href=\"https:\/\/vimaterial.de\/fr\/contact\/\">nous contacter<\/a><\/span>.<\/p>\n<h2><span style=\"font-size: 14pt;\">Applications<\/span><\/h2>\n<p>Champ d\u2019information \u00e9lectronique : Dans la fabrication de semi-conducteurs, il est utilis\u00e9 dans le processus de d\u00e9p\u00f4t physique en phase vapeur (PVD) pour pr\u00e9parer des films d\u2019alliage cuivre-\u00e9tain, qui peuvent \u00eatre utilis\u00e9s comme mat\u00e9riaux d\u2019interconnexion dans les circuits int\u00e9gr\u00e9s pour am\u00e9liorer la conductivit\u00e9 \u00e9lectrique et la stabilit\u00e9 des composants \u00e9lectroniques, r\u00e9duire la r\u00e9sistance et am\u00e9liorer les performances des puces.<\/p>\n<p>Champ optique : Des films CuSn pr\u00e9par\u00e9s par pulv\u00e9risation magn\u00e9tron et d\u2019autres m\u00e9thodes peuvent \u00eatre appliqu\u00e9s au rev\u00eatement des lentilles optiques pour am\u00e9liorer la r\u00e9sistance \u00e0 l\u2019usure et \u00e0 la corrosion des lentilles, tout en am\u00e9liorant les propri\u00e9t\u00e9s optiques, telles que la r\u00e9gulation de la r\u00e9flexion et de la transmission de la lumi\u00e8re.<\/p>\n<p>Capteurs : Les films en alliage CuSn pr\u00e9par\u00e9s peuvent \u00eatre utilis\u00e9s dans la fabrication de composants sensibles pour les capteurs, en utilisant leurs propri\u00e9t\u00e9s physico-chimiques sp\u00e9ciales pour produire une r\u00e9ponse sensible \u00e0 des gaz, des temp\u00e9ratures, des pressions et d\u2019autres facteurs environnementaux sp\u00e9cifiques, permettant ainsi une d\u00e9tection pr\u00e9cise des param\u00e8tres environnementaux.<\/p>\n<h2><span style=\"font-size: 14pt;\">Contr\u00f4le de la qualit\u00e9<\/span><\/h2>\n<p>Un syst\u00e8me de <span style=\"color: #0000ff;\"><a style=\"color: #0000ff;\" href=\"https:\/\/vimaterial.de\/fr\/controle-qualite\/\">contr\u00f4le de la qualit\u00e9 strict<\/a><\/span> est mis en \u0153uvre pour chaque lot de production, avec des tests d\u00e9taill\u00e9s de tous les aspects, du contenu des composants, des propri\u00e9t\u00e9s physiques \u00e0 la microstructure, et des rapports de test d\u00e9taill\u00e9s sont fournis en temps opportun et avec pr\u00e9cision.<\/p>\n<h2><span style=\"font-size: 14pt;\">Emballage et stockage<\/span><\/h2>\n<p>Les cibles en tube d&#8217;\u00e9tain en cuivre sont emball\u00e9es sous vide et renforc\u00e9es par des bo\u00eetes en bois personnalis\u00e9es pour garantir la s\u00e9curit\u00e9 et l\u2019int\u00e9grit\u00e9 des produits pendant le transport et le stockage.<\/p>\n<p>La cible du tube d&#8217;\u00e9tain en cuivre sera emball\u00e9e sous vide et stock\u00e9e dans un espace gazeux sec et non corrosif pour \u00e9viter l\u2019humidit\u00e9, l\u2019oxydation et d\u2019autres conditions.<\/p>\n","protected":false},"excerpt":{"rendered":"<p>Les cibles de tube en cuivre et d&#8217;\u00e9tain sont des alliages de cuivre (Cu) et d\u2019\u00e9tain (Sn) fondus dans un rapport sp\u00e9cifique, qui sont principalement utilis\u00e9s dans les domaines du d\u00e9p\u00f4t de couches minces, de la fabrication de semi-conducteurs et de la recherche et du d\u00e9veloppement de dispositifs \u00e9lectroniques haut de gamme en raison de leurs propri\u00e9t\u00e9s physicochimiques uniques.<\/p>\n","protected":false},"featured_media":1034835,"comment_status":"open","ping_status":"closed","template":"","meta":{"_acf_changed":false},"product_brand":[],"product_cat":[247],"product_tag":[],"class_list":{"0":"post-1030846","1":"product","2":"type-product","3":"status-publish","4":"has-post-thumbnail","6":"product_cat-cibles-de-pulverisation-rotative","8":"first","9":"instock","10":"shipping-taxable","11":"product-type-variable"},"acf":[],"_links":{"self":[{"href":"https:\/\/vimaterial.de\/fr\/wp-json\/wp\/v2\/product\/1030846","targetHints":{"allow":["GET"]}}],"collection":[{"href":"https:\/\/vimaterial.de\/fr\/wp-json\/wp\/v2\/product"}],"about":[{"href":"https:\/\/vimaterial.de\/fr\/wp-json\/wp\/v2\/types\/product"}],"replies":[{"embeddable":true,"href":"https:\/\/vimaterial.de\/fr\/wp-json\/wp\/v2\/comments?post=1030846"}],"wp:featuredmedia":[{"embeddable":true,"href":"https:\/\/vimaterial.de\/fr\/wp-json\/wp\/v2\/media\/1034835"}],"wp:attachment":[{"href":"https:\/\/vimaterial.de\/fr\/wp-json\/wp\/v2\/media?parent=1030846"}],"wp:term":[{"taxonomy":"product_brand","embeddable":true,"href":"https:\/\/vimaterial.de\/fr\/wp-json\/wp\/v2\/product_brand?post=1030846"},{"taxonomy":"product_cat","embeddable":true,"href":"https:\/\/vimaterial.de\/fr\/wp-json\/wp\/v2\/product_cat?post=1030846"},{"taxonomy":"product_tag","embeddable":true,"href":"https:\/\/vimaterial.de\/fr\/wp-json\/wp\/v2\/product_tag?post=1030846"}],"curies":[{"name":"wp","href":"https:\/\/api.w.org\/{rel}","templated":true}]}}