{"id":1030826,"date":"2024-06-27T19:46:21","date_gmt":"2024-06-27T11:46:21","guid":{"rendered":"https:\/\/vimaterial.de\/product\/metal-cuivre-7\/"},"modified":"2025-02-18T17:34:10","modified_gmt":"2025-02-18T09:34:10","slug":"metal-cuivre-7","status":"publish","type":"product","link":"https:\/\/vimaterial.de\/fr\/product\/metal-cuivre-7\/","title":{"rendered":"Cuivre M\u00e9tal"},"content":{"rendered":"<p><span style=\"color: #0000ff;\"><a style=\"color: #0000ff;\" href=\"https:\/\/vimaterial.de\/fr\/product\/metal-cuivre-6\/\">La<\/a> <span style=\"color: #000000;\"><span style=\"color: #0000ff;\">cible rotative en cuivre<\/span> est faite de cuivre de haute puret\u00e9 (Cu), qui a une excellente conductivit\u00e9 \u00e9lectrique et thermique et une bonne usinabilit\u00e9, et est principalement utilis\u00e9e dans l\u2019information \u00e9lectronique, l\u2019\u00e9nergie \u00e9lectrique, les nouvelles \u00e9nergies et d\u2019autres domaines.<\/span><\/span><\/p>\n<p>Les cibles en tube de Cu fournies par VIMATERIAL ont une tr\u00e8s grande puret\u00e9, une composition uniforme et stable, une excellente densification, et nous pouvons \u00e9galement fournir des produits personnalis\u00e9s et des services de liaison de cibles, offrant des solutions uniques pour les clients. Notre \u00e9quipe technique est exp\u00e9riment\u00e9e dans la fourniture d\u2019un support technique professionnel, veuillez <span style=\"color: #0000ff;\"><a style=\"color: #0000ff;\" href=\"https:\/\/vimaterial.de\/fr\/contact\/\">nous contacter<\/a><\/span>.<\/p>\n<h2><span style=\"font-size: 14pt;\">Caract\u00e9ristiques<\/span><\/h2>\n<p>Formule mol\u00e9culaire : Cu<\/p>\n<p>Poids mol\u00e9culaire : 63.546<\/p>\n<p>Apparence\u00a0: Lustre jaune cuivr\u00e9, avec une bonne texture m\u00e9tallique<\/p>\n<p>Densit\u00e9 : 8,96 g\/cm\u00b3<\/p>\n<p>Point de fusion : 1083,4\u00b0C<\/p>\n<p>Point d\u2019\u00e9bullition : 2567\u00b0C<\/p>\n<p>Structure cristalline : structure cubique centr\u00e9e sur la face (FCC), cette structure, les atomes de cuivre dans le cristal sont dispos\u00e9s de mani\u00e8re \u00e9troite et r\u00e9guli\u00e8re, chaque cellule contient 4 atomes, les atomes interagissent les uns avec les autres par le biais de la liaison m\u00e9tallique, de sorte que le cristal a un haut degr\u00e9 de sym\u00e9trie et d\u2019isotropie.<\/p>\n<p><span style=\"font-size: 14pt;\">Applications<\/span><\/p>\n<p>Dans le domaine de l\u2019\u00e9lectronique et des technologies de l\u2019information : Dans la fabrication de circuits imprim\u00e9s (PCB), le cuivre est utilis\u00e9 dans le processus de galvanoplastie pour fournir des lignes conductrices de haute qualit\u00e9 pour les circuits imprim\u00e9s et pour assurer la transmission stable des signaux \u00e9lectroniques. Dans le domaine de l\u2019emballage \u00e9lectronique, un film mince de cuivre pr\u00e9par\u00e9 par une cible rotative en cuivre peut \u00eatre utilis\u00e9 comme mat\u00e9riau d\u2019interconnexion entre la puce et le substrat, ce qui am\u00e9liore efficacement les performances de dissipation thermique des composants \u00e9lectroniques et la stabilit\u00e9 de la connexion \u00e9lectrique.<\/p>\n<p>Champ de transmission d\u2019\u00e9nergie\u00a0: utilis\u00e9 dans la fabrication de lignes de transmission \u00e0 ultra-haute tension dans les composants cl\u00e9s, gr\u00e2ce \u00e0 la technologie de d\u00e9p\u00f4t physique en phase vapeur dans le mat\u00e9riau appropri\u00e9, pour am\u00e9liorer sa conductivit\u00e9 \u00e9lectrique et sa r\u00e9sistance \u00e0 la corrosion, r\u00e9duire consid\u00e9rablement la perte de puissance dans le processus de transmission, am\u00e9liorer l\u2019efficacit\u00e9 de la transmission de puissance.<\/p>\n<p>Nouveau domaine d\u2019\u00e9nergie\u00a0: Dans la production de cellules solaires, la cible rotative en cuivre est utilis\u00e9e pour pr\u00e9parer la couche d\u2019\u00e9lectrode de cuivre des cellules solaires de s\u00e9l\u00e9niure de cuivre, d\u2019indium et de gallium (CIGS), ce qui contribue \u00e0 am\u00e9liorer l\u2019efficacit\u00e9 de la conversion photo\u00e9lectrique et la stabilit\u00e9 de la cellule, \u00e0 r\u00e9duire les co\u00fbts de production et \u00e0 promouvoir le d\u00e9veloppement de l\u2019industrie de l\u2019\u00e9nergie solaire.<\/p>\n<h2><span style=\"font-size: 14pt;\">Contr\u00f4le de la qualit\u00e9<\/span><\/h2>\n<p><span style=\"color: #0000ff;\"><a style=\"color: #0000ff;\" href=\"https:\/\/vimaterial.de\/fr\/controle-qualite\/\">Un syst\u00e8me strict de contr\u00f4le<\/a><\/span>de la qualit\u00e9 est mis en \u0153uvre pour chaque lot de production, avec des tests d\u00e9taill\u00e9s de tous les aspects, du contenu des composants, des propri\u00e9t\u00e9s physiques \u00e0 la microstructure, et des rapports de test d\u00e9taill\u00e9s sont fournis en temps opportun et avec pr\u00e9cision.<\/p>\n<h2><span style=\"font-size: 14pt;\">Emballage et stockage<\/span><\/h2>\n<p>Les cibles rotatives en cuivre sont emball\u00e9es sous vide, puis plac\u00e9es dans des caisses en bois personnalis\u00e9es pour \u00eatre renforc\u00e9es afin d\u2019assurer la s\u00e9curit\u00e9 et l\u2019int\u00e9grit\u00e9 des produits pendant le transport et le stockage.<\/p>\n<p>L\u2019emballage sous vide \u00e0 cible rotative en cuivre doit \u00eatre stock\u00e9 dans un environnement gazeux sec et non corrosif pour \u00e9viter l\u2019humidit\u00e9 et l\u2019oxydation, afin de maintenir ses excellentes performances.<\/p>\n","protected":false},"excerpt":{"rendered":"<p><span style=\"color: #0000ff;\"><a style=\"color: #0000ff;\" href=\"https:\/\/vimaterial.de\/fr\/product\/metal-cuivre-6\/\">La<\/a> <span style=\"color: #000000;\">cible rotative en cuivre est faite de cuivre de haute puret\u00e9 (Cu), qui a une excellente conductivit\u00e9 \u00e9lectrique et thermique et une bonne usinabilit\u00e9, et est principalement utilis\u00e9e dans l\u2019information \u00e9lectronique, l\u2019\u00e9nergie \u00e9lectrique, les nouvelles \u00e9nergies et d\u2019autres domaines.<\/span><\/span><\/p>\n","protected":false},"featured_media":1034826,"comment_status":"open","ping_status":"closed","template":"","meta":{"_acf_changed":false},"product_brand":[],"product_cat":[247],"product_tag":[],"class_list":{"0":"post-1030826","1":"product","2":"type-product","3":"status-publish","4":"has-post-thumbnail","6":"product_cat-cibles-de-pulverisation-rotative","8":"first","9":"instock","10":"shipping-taxable","11":"product-type-variable"},"acf":[],"_links":{"self":[{"href":"https:\/\/vimaterial.de\/fr\/wp-json\/wp\/v2\/product\/1030826","targetHints":{"allow":["GET"]}}],"collection":[{"href":"https:\/\/vimaterial.de\/fr\/wp-json\/wp\/v2\/product"}],"about":[{"href":"https:\/\/vimaterial.de\/fr\/wp-json\/wp\/v2\/types\/product"}],"replies":[{"embeddable":true,"href":"https:\/\/vimaterial.de\/fr\/wp-json\/wp\/v2\/comments?post=1030826"}],"wp:featuredmedia":[{"embeddable":true,"href":"https:\/\/vimaterial.de\/fr\/wp-json\/wp\/v2\/media\/1034826"}],"wp:attachment":[{"href":"https:\/\/vimaterial.de\/fr\/wp-json\/wp\/v2\/media?parent=1030826"}],"wp:term":[{"taxonomy":"product_brand","embeddable":true,"href":"https:\/\/vimaterial.de\/fr\/wp-json\/wp\/v2\/product_brand?post=1030826"},{"taxonomy":"product_cat","embeddable":true,"href":"https:\/\/vimaterial.de\/fr\/wp-json\/wp\/v2\/product_cat?post=1030826"},{"taxonomy":"product_tag","embeddable":true,"href":"https:\/\/vimaterial.de\/fr\/wp-json\/wp\/v2\/product_tag?post=1030826"}],"curies":[{"name":"wp","href":"https:\/\/api.w.org\/{rel}","templated":true}]}}