{"id":1030813,"date":"2024-06-27T19:46:14","date_gmt":"2024-06-27T11:46:14","guid":{"rendered":"https:\/\/vimaterial.de\/product\/alliage-de-nickel-et-de-titane-3\/"},"modified":"2025-02-18T17:55:20","modified_gmt":"2025-02-18T09:55:20","slug":"alliage-de-nickel-titane-3","status":"publish","type":"product","link":"https:\/\/vimaterial.de\/fr\/product\/alliage-de-nickel-titane-3\/","title":{"rendered":"Alliage nickel-titane"},"content":{"rendered":"<p>Les cibles rotatives <span style=\"color: #0000ff;\"><a style=\"color: #0000ff;\" href=\"https:\/\/vimaterial.de\/fr\/product\/alliage-de-nickel-et-de-titane\/\">en nickel et titane<\/a><\/span> sont des cibles en tube d\u2019alliage fabriqu\u00e9es en faisant fondre le nickel (Ni) et le titane (Ti) dans un rapport sp\u00e9cifique. La combinaison atomique unique de nickel et de titane conf\u00e8re aux cibles de tube NiTi d\u2019excellentes propri\u00e9t\u00e9s physicochimiques, qui sont principalement utilis\u00e9es dans le biom\u00e9dical, l\u2019a\u00e9rospatiale, les mat\u00e9riaux intelligents et d\u2019autres applications cl\u00e9s.<\/p>\n<p>Les cibles rotatives en nickel et titane fournies par VIMATERIAL se caract\u00e9risent par une grande puret\u00e9, une composition homog\u00e8ne et une bonne densification. Nous proposons des produits personnalis\u00e9s en fonction des besoins du client et des services de reliure cibl\u00e9s. Notre \u00e9quipe technique poss\u00e8de une grande exp\u00e9rience et peut vous fournir un support technique professionnel, alors <span style=\"color: #0000ff;\"><a style=\"color: #0000ff;\" href=\"https:\/\/vimaterial.de\/fr\/contact\/\">n\u2019h\u00e9sitez pas \u00e0 nous contacter<\/a><\/span>.<\/p>\n<h2><span style=\"font-size: 14pt;\">Caract\u00e9ristiques<\/span><\/h2>\n<p>Formule mol\u00e9culaire : NiTi<\/p>\n<p>Poids mol\u00e9culaire : environ 106,56<\/p>\n<p>Apparence\u00a0: Gris argent\u00e9 lustr\u00e9 m\u00e9tallis\u00e9<\/p>\n<p>Densit\u00e9 : environ 6,45 &#8211; 6,5 g\/cm\u00b3.<\/p>\n<p>Point de fusion : 1310 &#8211; 1330\u00b0C<\/p>\n<p>Point d\u2019\u00e9bullition : environ 2900\u00b0C<\/p>\n<p>Structure cristalline : G\u00e9n\u00e9ralement une structure cristalline cubique de type B2, cette structure conf\u00e8re aux alliages NiTi des propri\u00e9t\u00e9s uniques telles que l\u2019effet de m\u00e9moire de forme et la super\u00e9lasticit\u00e9.<\/p>\n<h2><span style=\"font-size: 14pt;\">Applications<\/span><\/h2>\n<p>Domaine biom\u00e9dical : Dans la fabrication de dispositifs m\u00e9dicaux, les films d\u2019alliage NiTi sont pr\u00e9par\u00e9s par le proc\u00e9d\u00e9 de d\u00e9p\u00f4t physique en phase vapeur (PVD) et utilis\u00e9s dans la fabrication de dispositifs implantables tels que les stents vasculaires et les valves cardiaques, etc. L\u2019effet de m\u00e9moire de forme et la super \u00e9lasticit\u00e9 des alliages NiTi leur permettent de maintenir une morphologie stable dans l\u2019environnement physiologique complexe du corps, r\u00e9duisant ainsi l\u2019irritation et les dommages aux tissus humains, et am\u00e9liorant l\u2019efficacit\u00e9 des traitements et la qualit\u00e9 de vie des patients.<\/p>\n<p>Domaine a\u00e9rospatial : utilis\u00e9 dans la fabrication de composants cl\u00e9s de moteurs d\u2019avion, tels que les pales, les joints, etc. La haute r\u00e9sistance, la r\u00e9sistance aux hautes temp\u00e9ratures et la bonne r\u00e9sistance \u00e0 la fatigue de l\u2019alliage NiTi peuvent am\u00e9liorer efficacement les performances et la fiabilit\u00e9 du moteur d\u2019avion, r\u00e9duire les co\u00fbts de maintenance et assurer la s\u00e9curit\u00e9 des vols.<\/p>\n<p>Mat\u00e9riaux intelligents\u00a0: Le film d\u2019alliage NiTi peut \u00eatre utilis\u00e9 dans la fabrication de structures intelligentes, en utilisant sa r\u00e9ponse sensible \u00e0 la temp\u00e9rature, au stress et \u00e0 d\u2019autres stimuli externes, pour obtenir une d\u00e9formation adaptative et un contr\u00f4le des vibrations de la structure, qui est largement utilis\u00e9 dans l\u2019a\u00e9rospatiale, la construction automobile et d\u2019autres domaines, pour am\u00e9liorer le niveau d\u2019intelligence du produit.<\/p>\n<h2><span style=\"font-size: 14pt;\">Contr\u00f4le de la qualit\u00e9<\/span><\/h2>\n<p>Un syst\u00e8me de <span style=\"color: #0000ff;\"><a style=\"color: #0000ff;\" href=\"https:\/\/vimaterial.de\/fr\/controle-qualite\/\">contr\u00f4le de la qualit\u00e9 strict<\/a><\/span> est mis en \u0153uvre pour chaque lot de production, avec des tests d\u00e9taill\u00e9s de tous les aspects, du contenu des composants, des propri\u00e9t\u00e9s physiques \u00e0 la microstructure, et des rapports de test d\u00e9taill\u00e9s sont fournis en temps opportun et avec pr\u00e9cision.<\/p>\n<h2><span style=\"font-size: 14pt;\">Emballage et stockage<\/span><\/h2>\n<p>Les cibles rotatives en nickel-titane sont emball\u00e9es sous vide, puis plac\u00e9es dans des caisses en bois personnalis\u00e9es pour le renforcement, afin d\u2019assurer la s\u00e9curit\u00e9 et l\u2019int\u00e9grit\u00e9 des produits pendant le transport et le stockage.<\/p>\n<p>Les cibles rotatives en nickel-titane doivent \u00eatre stock\u00e9es dans un environnement gazeux sec et non corrosif apr\u00e8s l\u2019emballage sous vide pour \u00e9viter l\u2019humidit\u00e9 et l\u2019oxydation afin de maintenir ses excellentes performances.<\/p>\n","protected":false},"excerpt":{"rendered":"<p>Les cibles rotatives <span style=\"color: #0000ff;\"><a style=\"color: #0000ff;\" href=\"https:\/\/vimaterial.de\/fr\/product\/alliage-de-nickel-et-de-titane\/\">en nickel-titane<\/a><\/span> sont des cibles en tube d\u2019alliage fabriqu\u00e9es en faisant fondre le nickel (Ni) et le titane (Ti) dans un rapport sp\u00e9cifique. La combinaison atomique unique de nickel et de titane conf\u00e8re aux cibles de tube NiTi d\u2019excellentes propri\u00e9t\u00e9s physicochimiques, qui sont principalement utilis\u00e9es dans le biom\u00e9dical, l\u2019a\u00e9rospatiale, les mat\u00e9riaux intelligents et d\u2019autres applications cl\u00e9s.<\/p>\n","protected":false},"featured_media":1034821,"comment_status":"open","ping_status":"closed","template":"","meta":{"_acf_changed":false},"product_brand":[],"product_cat":[247],"product_tag":[],"class_list":{"0":"post-1030813","1":"product","2":"type-product","3":"status-publish","4":"has-post-thumbnail","6":"product_cat-cibles-de-pulverisation-rotative","8":"first","9":"instock","10":"shipping-taxable","11":"product-type-variable"},"acf":[],"_links":{"self":[{"href":"https:\/\/vimaterial.de\/fr\/wp-json\/wp\/v2\/product\/1030813","targetHints":{"allow":["GET"]}}],"collection":[{"href":"https:\/\/vimaterial.de\/fr\/wp-json\/wp\/v2\/product"}],"about":[{"href":"https:\/\/vimaterial.de\/fr\/wp-json\/wp\/v2\/types\/product"}],"replies":[{"embeddable":true,"href":"https:\/\/vimaterial.de\/fr\/wp-json\/wp\/v2\/comments?post=1030813"}],"wp:featuredmedia":[{"embeddable":true,"href":"https:\/\/vimaterial.de\/fr\/wp-json\/wp\/v2\/media\/1034821"}],"wp:attachment":[{"href":"https:\/\/vimaterial.de\/fr\/wp-json\/wp\/v2\/media?parent=1030813"}],"wp:term":[{"taxonomy":"product_brand","embeddable":true,"href":"https:\/\/vimaterial.de\/fr\/wp-json\/wp\/v2\/product_brand?post=1030813"},{"taxonomy":"product_cat","embeddable":true,"href":"https:\/\/vimaterial.de\/fr\/wp-json\/wp\/v2\/product_cat?post=1030813"},{"taxonomy":"product_tag","embeddable":true,"href":"https:\/\/vimaterial.de\/fr\/wp-json\/wp\/v2\/product_tag?post=1030813"}],"curies":[{"name":"wp","href":"https:\/\/api.w.org\/{rel}","templated":true}]}}