{"id":1030799,"date":"2024-06-27T19:45:55","date_gmt":"2024-06-27T11:45:55","guid":{"rendered":"https:\/\/vimaterial.de\/product\/alliage-de-nickel-et-de-fer-5\/"},"modified":"2025-02-19T11:38:38","modified_gmt":"2025-02-19T03:38:38","slug":"alliage-de-fer-et-de-nickel","status":"publish","type":"product","link":"https:\/\/vimaterial.de\/fr\/product\/alliage-de-fer-et-de-nickel\/","title":{"rendered":"Alliage de fer et de nickel"},"content":{"rendered":"<p>Les cibles rotatives <span style=\"color: #0000ff;\"><a style=\"color: #0000ff;\" href=\"https:\/\/vimaterial.de\/fr\/product\/alliage-de-nickel-et-de-fer-4\/\">en nickel-fer<\/a> <\/span>sont des cibles rotatives en alliage fabriqu\u00e9es en faisant fondre du nickel (Ni) et du fer (Fe) dans des proportions sp\u00e9cifiques. La combinaison intelligente d\u2019atomes de nickel et de fer conf\u00e8re aux cibles rotatives nickel-fer d\u2019excellentes propri\u00e9t\u00e9s physiques et chimiques, principalement utilis\u00e9es dans l\u2019information \u00e9lectronique, l\u2019industrie automobile, l\u2019\u00e9nergie et d\u2019autres domaines.<\/p>\n<p>Les cibles rotatives en nickel-fer fournies par VIMATERIAL se caract\u00e9risent par une grande puret\u00e9, une composition homog\u00e8ne et une bonne densification. Nous pouvons fournir des produits personnalis\u00e9s en fonction des exigences des clients et du service de reliure cibl\u00e9. Notre \u00e9quipe technique a beaucoup d\u2019exp\u00e9rience et peut vous fournir un support technique professionnel, <span style=\"color: #0000ff;\"><a style=\"color: #0000ff;\" href=\"https:\/\/vimaterial.de\/fr\/contact\/\">contactez-nous<\/a><\/span>.<\/p>\n<h2><span style=\"font-size: 14pt;\">Caract\u00e9ristiques<\/span><\/h2>\n<p>Formule mol\u00e9culaire : NiFe<\/p>\n<p>Apparence\u00a0: Lustre gris argent\u00e9 avec texture m\u00e9tallique.<\/p>\n<p>Point d\u2019\u00e9bullition : environ 2730\u00b0C<\/p>\n<p>Structure cristalline : G\u00e9n\u00e9ralement cubique centr\u00e9 sur la face (FCC) ou cubique centr\u00e9 sur le corps (BCC).<\/p>\n<h2><span style=\"font-size: 14pt;\">Application<\/span><\/h2>\n<p>Domaine de l\u2019information \u00e9lectronique : dans la fabrication de semi-conducteurs, gr\u00e2ce \u00e0 la technologie de d\u00e9p\u00f4t physique en phase vapeur (PVD), l\u2019utilisation de la pr\u00e9paration de cibles rotatives nickel-fer de couches minces d\u2019alliage nickel-fer, utilis\u00e9e dans la fabrication de composants de stockage magn\u00e9tiques, de circuits int\u00e9gr\u00e9s, de fils d\u2019interconnexion, etc. Les bonnes propri\u00e9t\u00e9s magn\u00e9tiques et conductrices de l\u2019alliage nickel-fer contribuent \u00e0 am\u00e9liorer la densit\u00e9 de stockage et la vitesse de fonctionnement des appareils \u00e9lectroniques, et garantissent le fonctionnement efficace et stable des \u00e9quipements \u00e9lectroniques.<\/p>\n<p>Industrie automobile\u00a0: Il est utilis\u00e9 pour la production de pi\u00e8ces cl\u00e9s des moteurs automobiles, telles que les segments de piston, les segments de si\u00e8ge de soupape, etc. Les propri\u00e9t\u00e9s de haute r\u00e9sistance, de r\u00e9sistance \u00e0 l\u2019usure et de r\u00e9sistance aux hautes temp\u00e9ratures de l\u2019alliage nickel-fer peuvent am\u00e9liorer efficacement la durabilit\u00e9 et les performances \u00e9nerg\u00e9tiques du moteur, r\u00e9duire la consommation d\u2019\u00e9nergie et les \u00e9missions de la voiture et am\u00e9liorer les performances globales et la fiabilit\u00e9 de la voiture.<\/p>\n<p>Champ d\u2019\u00e9nergie\u00a0: Dans le processus de fabrication des panneaux solaires, le film d\u2019alliage pr\u00e9par\u00e9 par une cible rotative nickel-fer peut \u00eatre utilis\u00e9 comme mat\u00e9riau d\u2019\u00e9lectrode pour am\u00e9liorer l\u2019efficacit\u00e9 de la conversion photo\u00e9lectrique et la stabilit\u00e9 de la batterie. Pendant ce temps, dans certains dispositifs de stockage d\u2019\u00e9nergie, les alliages nickel-fer offrent \u00e9galement de bonnes perspectives d\u2019application, contribuant \u00e0 am\u00e9liorer l\u2019efficacit\u00e9 du stockage et de la conversion de l\u2019\u00e9nergie.<\/p>\n<h2><span style=\"font-size: 14pt;\">Contr\u00f4le de la qualit\u00e9<\/span><\/h2>\n<p><span style=\"color: #0000ff;\"><a style=\"color: #0000ff;\" href=\"https:\/\/vimaterial.de\/fr\/controle-qualite\/\">Un syst\u00e8me complet de contr\u00f4le de la qualit\u00e9<\/a> <\/span>est strictement mis en \u0153uvre lors de la production de chaque lot de produits. Des inspections strictes sont effectu\u00e9es des mati\u00e8res premi\u00e8res aux produits finis, et les tests de propri\u00e9t\u00e9s physiques et les analyses microstructurelles des produits apr\u00e8s que les produits finis sont m\u00e9ticuleusement inspect\u00e9s et enregistr\u00e9s, et nous fournirons aux clients des rapports d\u2019inspection d\u00e9taill\u00e9s en temps opportun et avec pr\u00e9cision.<\/p>\n<h2><span style=\"font-size: 14pt;\">Emballage et stockage<\/span><\/h2>\n<p>Les cibles rotatives en nickel-fer sont emball\u00e9es sous vide et plac\u00e9es dans des caisses en bois personnalis\u00e9es \u00e0 haute r\u00e9sistance pour le renforcement afin d\u2019assurer la s\u00e9curit\u00e9 et l\u2019int\u00e9grit\u00e9 des produits lors du transport longue distance et du stockage \u00e0 long terme.<\/p>\n<p>Apr\u00e8s l\u2019emballage sous vide, la cible rotative en nickel-fer doit \u00eatre stock\u00e9e dans un environnement sec et ventil\u00e9 sans gaz corrosifs pour \u00e9viter l\u2019humidit\u00e9 et l\u2019oxydation.<\/p>\n","protected":false},"excerpt":{"rendered":"<p class=\"serp-title\">Alliage de fer et de nickel\uff08Les cibles rotatives <span style=\"color: #0000ff;\"><a style=\"color: #0000ff;\" href=\"https:\/\/vimaterial.de\/fr\/product\/alliage-de-nickel-et-de-fer-4\/\">en nickel-fer<\/a>\u00a0\uff09<\/span>sont des cibles rotatives en alliage fabriqu\u00e9es en faisant fondre du nickel (Ni) et du fer (Fe) dans des proportions sp\u00e9cifiques. La combinaison intelligente d\u2019atomes de nickel et de fer conf\u00e8re aux cibles rotatives nickel-fer d\u2019excellentes propri\u00e9t\u00e9s physiques et chimiques, principalement utilis\u00e9es dans l\u2019information \u00e9lectronique, l\u2019industrie automobile, l\u2019\u00e9nergie et d\u2019autres domaines.<\/p>\n","protected":false},"featured_media":1034816,"comment_status":"open","ping_status":"closed","template":"","meta":{"_acf_changed":false},"product_brand":[],"product_cat":[247],"product_tag":[],"class_list":{"0":"post-1030799","1":"product","2":"type-product","3":"status-publish","4":"has-post-thumbnail","6":"product_cat-cibles-de-pulverisation-rotative","8":"first","9":"instock","10":"shipping-taxable","11":"purchasable","12":"product-type-variable"},"acf":[],"_links":{"self":[{"href":"https:\/\/vimaterial.de\/fr\/wp-json\/wp\/v2\/product\/1030799","targetHints":{"allow":["GET"]}}],"collection":[{"href":"https:\/\/vimaterial.de\/fr\/wp-json\/wp\/v2\/product"}],"about":[{"href":"https:\/\/vimaterial.de\/fr\/wp-json\/wp\/v2\/types\/product"}],"replies":[{"embeddable":true,"href":"https:\/\/vimaterial.de\/fr\/wp-json\/wp\/v2\/comments?post=1030799"}],"wp:featuredmedia":[{"embeddable":true,"href":"https:\/\/vimaterial.de\/fr\/wp-json\/wp\/v2\/media\/1034816"}],"wp:attachment":[{"href":"https:\/\/vimaterial.de\/fr\/wp-json\/wp\/v2\/media?parent=1030799"}],"wp:term":[{"taxonomy":"product_brand","embeddable":true,"href":"https:\/\/vimaterial.de\/fr\/wp-json\/wp\/v2\/product_brand?post=1030799"},{"taxonomy":"product_cat","embeddable":true,"href":"https:\/\/vimaterial.de\/fr\/wp-json\/wp\/v2\/product_cat?post=1030799"},{"taxonomy":"product_tag","embeddable":true,"href":"https:\/\/vimaterial.de\/fr\/wp-json\/wp\/v2\/product_tag?post=1030799"}],"curies":[{"name":"wp","href":"https:\/\/api.w.org\/{rel}","templated":true}]}}