{"id":1030791,"date":"2024-06-27T19:45:52","date_gmt":"2024-06-27T11:45:52","guid":{"rendered":"https:\/\/vimaterial.de\/product\/alliage-de-nickel-chrome-et-silicium\/"},"modified":"2025-02-19T14:40:28","modified_gmt":"2025-02-19T06:40:28","slug":"alliage-nickel-chrome-silicium","status":"publish","type":"product","link":"https:\/\/vimaterial.de\/fr\/product\/alliage-nickel-chrome-silicium\/","title":{"rendered":"Alliage nickel-chrome-silicium"},"content":{"rendered":"<p>Les cibles de pulv\u00e9risation en alliage nickel-chrome-silicium sont des cibles en m\u00e9tal gris argent\u00e9 fabriqu\u00e9es en faisant fondre du nickel (Ni), du chrome (Cr) et du silicium (Si) dans des proportions sp\u00e9cifiques. La combinaison atomique unique de nickel, de chrome et de silicium conf\u00e8re \u00e0 l\u2019alliage nickel-chrome-silicium d\u2019excellentes propri\u00e9t\u00e9s physiques et chimiques, qui sont principalement utilis\u00e9es dans les domaines de l\u2019industrie chimique, des appareils \u00e9lectroniques et \u00e9lectriques, de l\u2019a\u00e9rospatiale, etc.<\/p>\n<p>Les cibles fournies par VIMATERIAL se caract\u00e9risent par une grande puret\u00e9, une composition homog\u00e8ne et une bonne densification. Nous pouvons fournir des produits personnalis\u00e9s en fonction des exigences des clients et du service de reliure cibl\u00e9. Notre \u00e9quipe technique a beaucoup d\u2019exp\u00e9rience et peut vous fournir un support technique professionnel, <span style=\"color: #0000ff;\"><a style=\"color: #0000ff;\" href=\"https:\/\/vimaterial.de\/fr\/contact\/\">contactez-nous<\/a><\/span>.<\/p>\n<h2><span style=\"font-size: 14pt;\">Quels sont les avantages des cibles de pulv\u00e9risation en alliage nickel-chrome-silicium ?<\/span><\/h2>\n<p>Excellentes propri\u00e9t\u00e9s physiques et chimiques, excellente r\u00e9sistance aux hautes temp\u00e9ratures et forte r\u00e9sistance \u00e0 la corrosion, stable \u00e0 haute temp\u00e9rature et dans des environnements corrosifs, prolongeant sa dur\u00e9e de vie et assurant les performances du film.<\/p>\n<p>Bonne compatibilit\u00e9 avec le processus de pulv\u00e9risation, taux de pulv\u00e9risation appropri\u00e9 et peut \u00eatre efficacement pulv\u00e9ris\u00e9 \u00e0 basse tension, pour am\u00e9liorer l\u2019efficacit\u00e9 de la pr\u00e9paration tout en r\u00e9duisant les exigences en mati\u00e8re d\u2019\u00e9quipement et de consommation d\u2019\u00e9nergie\u00a0;<\/p>\n<p>De bonnes caract\u00e9ristiques de formation de film, la formation du film d\u2019alliage avec d\u2019excellentes propri\u00e9t\u00e9s \u00e9lectriques, les propri\u00e9t\u00e9s optiques peuvent \u00eatre ajust\u00e9es pour r\u00e9pondre aux besoins de diff\u00e9rents domaines, tels que les composants \u00e9lectroniques et les dispositifs optiques\u00a0;<\/p>\n<p>Faible co\u00fbt global, composition respectueuse de l\u2019environnement, longue dur\u00e9e de vie, efficacit\u00e9 de pulv\u00e9risation \u00e9lev\u00e9e, peut r\u00e9duire une vari\u00e9t\u00e9 de co\u00fbts dans le cycle de production, rentable.<\/p>\n<h2><span style=\"font-size: 14pt;\">Applications<\/span><\/h2>\n<p>Domaine \u00e9lectronique et \u00e9lectrique : couramment utilis\u00e9 dans la fabrication d\u2019\u00e9l\u00e9ments chauffants, tels que les fours \u00e9lectriques, les chauffe-eau \u00e9lectriques et autres fils chauffants pour appareils \u00e9lectriques. Sa valeur de r\u00e9sistance \u00e9lev\u00e9e et ses bonnes performances de r\u00e9sistance \u00e0 haute temp\u00e9rature peuvent rapidement g\u00e9n\u00e9rer de la chaleur lorsqu\u2019elles sont sous tension et fonctionner de mani\u00e8re stable dans des environnements \u00e0 haute temp\u00e9rature, pour assurer un chauffage efficace et une utilisation s\u00fbre des appareils \u00e9lectriques. Dans le m\u00eame temps, il existe \u00e9galement des applications dans les composants de protection des circuits des \u00e9quipements \u00e9lectroniques, en utilisant sa valeur de r\u00e9sistance \u00e0 des caract\u00e9ristiques de changement de temp\u00e9rature sp\u00e9cifiques, pour obtenir une fonction de protection contre les surintensit\u00e9s et la surchauffe.<\/p>\n<p>Domaine a\u00e9rospatial\u00a0: utilis\u00e9 dans la fabrication de pi\u00e8ces \u00e0 haute temp\u00e9rature de moteurs d\u2019avions, telles que les chambres de combustion, les aubes de turbine, etc. Les cibles de pulv\u00e9risation en alliage nickel-chrome-silicium ont une excellente r\u00e9sistance \u00e0 haute temp\u00e9rature, une r\u00e9sistance \u00e0 l\u2019oxydation et une r\u00e9sistance \u00e0 la fatigue thermique, et sont capables de r\u00e9sister aux tests difficiles des moteurs d\u2019avion \u00e0 des temp\u00e9ratures \u00e9lev\u00e9es, des pressions \u00e9lev\u00e9es, des vitesses de rotation \u00e9lev\u00e9es et d\u2019autres conditions extr\u00eames, ce qui peut am\u00e9liorer efficacement les performances et la fiabilit\u00e9 du moteur et assurer la s\u00e9curit\u00e9 des vols. Il peut am\u00e9liorer efficacement les performances et la fiabilit\u00e9 du moteur et garantir la s\u00e9curit\u00e9 du vol.<\/p>\n<p>Industrie chimique : en tant que mat\u00e9riau r\u00e9sistant \u00e0 la corrosion utilis\u00e9 dans la fabrication de r\u00e9acteurs chimiques, de pipelines et d\u2019autres \u00e9quipements. En raison de sa bonne r\u00e9sistance \u00e0 la corrosion \u00e0 une vari\u00e9t\u00e9 de milieux chimiques, il est capable de maintenir la stabilit\u00e9 dans des environnements difficiles tels que les acides forts et les alcalis, ce qui peut prolonger efficacement la dur\u00e9e de vie des \u00e9quipements chimiques, r\u00e9duire les co\u00fbts de maintenance des \u00e9quipements et am\u00e9liorer la s\u00e9curit\u00e9 et la stabilit\u00e9 de la production chimique.<\/p>\n<h2><span style=\"font-size: 14pt;\">Contr\u00f4le de la qualit\u00e9<\/span><\/h2>\n<p><span style=\"color: #0000ff;\"><a style=\"color: #0000ff;\" href=\"https:\/\/vimaterial.de\/fr\/controle-qualite\/\">Un syst\u00e8me complet de contr\u00f4le de la qualit\u00e9<\/a><\/span> est strictement mis en \u0153uvre lors de la production de chaque lot de produits. Des inspections strictes sont effectu\u00e9es des mati\u00e8res premi\u00e8res aux produits finis, et les tests de propri\u00e9t\u00e9s physiques et les analyses microstructurelles des produits apr\u00e8s que les produits finis sont m\u00e9ticuleusement inspect\u00e9s et enregistr\u00e9s, et nous fournirons aux clients des rapports d\u2019inspection d\u00e9taill\u00e9s en temps opportun et avec pr\u00e9cision.<\/p>\n<h2><span style=\"font-size: 14pt;\">Emballage et stockage<\/span><\/h2>\n<p>Les cibles de pulv\u00e9risation en alliage nickel-chrome-silicium sont emball\u00e9es sous vide et plac\u00e9es dans des caisses en bois \u00e0 haute r\u00e9sistance personnalis\u00e9es pour le renforcement, afin de garantir la s\u00e9curit\u00e9 et l\u2019int\u00e9grit\u00e9 du produit pendant le transport longue distance et le stockage \u00e0 long terme.<\/p>\n<p>Les cibles de pulv\u00e9risation en alliage nickel-chrome-silicium doivent \u00eatre stock\u00e9es dans un environnement sec et ventil\u00e9, exempt de gaz corrosifs et prot\u00e9g\u00e9es de l\u2019humidit\u00e9, de la pluie et du contact avec des produits chimiques pour maintenir leurs excellentes performances et r\u00e9pondre aux besoins des clients \u00e0 tout moment.<\/p>\n","protected":false},"excerpt":{"rendered":"<p>Les cibles de pulv\u00e9risation en alliage nickel-chrome-silicium sont des cibles en m\u00e9tal gris argent\u00e9 fabriqu\u00e9es en faisant fondre du nickel (Ni), du chrome (Cr) et du silicium (Si) dans des proportions sp\u00e9cifiques. La combinaison atomique unique de nickel, de chrome et de silicium conf\u00e8re \u00e0 l\u2019alliage nickel-chrome-silicium d\u2019excellentes propri\u00e9t\u00e9s physiques et chimiques, qui sont principalement utilis\u00e9es dans les domaines de l\u2019industrie chimique, des appareils \u00e9lectroniques et \u00e9lectriques, de l\u2019a\u00e9rospatiale, etc.<\/p>\n","protected":false},"featured_media":1037870,"comment_status":"open","ping_status":"closed","template":"","meta":{"_acf_changed":false},"product_brand":[],"product_cat":[235],"product_tag":[],"class_list":{"0":"post-1030791","1":"product","2":"type-product","3":"status-publish","4":"has-post-thumbnail","6":"product_cat-cibles-de-pulverisation-planaire","8":"first","9":"instock","10":"shipping-taxable","11":"product-type-variable"},"acf":[],"_links":{"self":[{"href":"https:\/\/vimaterial.de\/fr\/wp-json\/wp\/v2\/product\/1030791","targetHints":{"allow":["GET"]}}],"collection":[{"href":"https:\/\/vimaterial.de\/fr\/wp-json\/wp\/v2\/product"}],"about":[{"href":"https:\/\/vimaterial.de\/fr\/wp-json\/wp\/v2\/types\/product"}],"replies":[{"embeddable":true,"href":"https:\/\/vimaterial.de\/fr\/wp-json\/wp\/v2\/comments?post=1030791"}],"wp:featuredmedia":[{"embeddable":true,"href":"https:\/\/vimaterial.de\/fr\/wp-json\/wp\/v2\/media\/1037870"}],"wp:attachment":[{"href":"https:\/\/vimaterial.de\/fr\/wp-json\/wp\/v2\/media?parent=1030791"}],"wp:term":[{"taxonomy":"product_brand","embeddable":true,"href":"https:\/\/vimaterial.de\/fr\/wp-json\/wp\/v2\/product_brand?post=1030791"},{"taxonomy":"product_cat","embeddable":true,"href":"https:\/\/vimaterial.de\/fr\/wp-json\/wp\/v2\/product_cat?post=1030791"},{"taxonomy":"product_tag","embeddable":true,"href":"https:\/\/vimaterial.de\/fr\/wp-json\/wp\/v2\/product_tag?post=1030791"}],"curies":[{"name":"wp","href":"https:\/\/api.w.org\/{rel}","templated":true}]}}