{"id":1030779,"date":"2024-06-27T19:45:29","date_gmt":"2024-06-27T11:45:29","guid":{"rendered":"https:\/\/vimaterial.de\/product\/siliciure-de-nickel-3\/"},"modified":"2025-02-19T16:06:26","modified_gmt":"2025-02-19T08:06:26","slug":"siliciure-de-nickel-3","status":"publish","type":"product","link":"https:\/\/vimaterial.de\/fr\/product\/siliciure-de-nickel-3\/","title":{"rendered":"Siliciure de nickel"},"content":{"rendered":"<p>La poudre de <span style=\"color: #0000ff;\"><a style=\"color: #0000ff;\" href=\"https:\/\/vimaterial.de\/fr\/product\/siliciure-de-nickel-2\/\">siliciure de nickel Ni2Si<\/a> <\/span>est un mat\u00e9riau en poudre fabriqu\u00e9 par fusion et broyage du nickel (Ni) et du silicium (Si) dans un rapport atomique de 2:1. La combinaison atomique unique du nickel et du silicium lui conf\u00e8re d\u2019excellentes propri\u00e9t\u00e9s physiques et chimiques, et il est principalement utilis\u00e9 dans les mat\u00e9riaux \u00e9lectroniques, la catalyse, la m\u00e9tallurgie et d\u2019autres domaines.<\/p>\n<p>Les poudres fournies par VIMATERIAL se caract\u00e9risent par une grande puret\u00e9, une granulom\u00e9trie uniforme et une bonne stabilit\u00e9 chimique. Nous pouvons fournir un service de personnalisation de produit selon les exigences des clients, tandis que nos produits sont emball\u00e9s dans de petits emballages, avec de petits MOQ, un stock de produits suffisant et un d\u00e9lai de livraison court. Notre \u00e9quipe technique a beaucoup d\u2019exp\u00e9rience et peut vous fournir un support technique professionnel, <span style=\"color: #0000ff;\"><a style=\"color: #0000ff;\" href=\"https:\/\/vimaterial.de\/fr\/contact\/\">contactez-nous<\/a><\/span>.<\/p>\n<h2><span style=\"font-size: 14pt;\">Caract\u00e9ristiques<\/span><\/h2>\n<p>Formule mol\u00e9culaire : Ni2Si<\/p>\n<p>Poids mol\u00e9culaire : environ 129,41<\/p>\n<p>Apparence\u00a0: Poudre gris-noir<\/p>\n<p>Densit\u00e9 : environ 7,2 &#8211; 7,3 g\/cm\u00b3.<\/p>\n<p>Point de fusion : environ 1110\u00b0C<\/p>\n<p>Structure cristalline : Structure cristalline t\u00e9tragonale, cette structure d\u00e9termine ses performances uniques en termes d\u2019activit\u00e9 de r\u00e9action chimique, de propri\u00e9t\u00e9s \u00e9lectriques et d\u2019autres aspects.<\/p>\n<h2><span style=\"font-size: 14pt;\">Applications<\/span><\/h2>\n<p>Domaine des mat\u00e9riaux \u00e9lectroniques : En tant qu\u2019additif cl\u00e9 pour les p\u00e2tes \u00e9lectroniques, la poudre Ni2Si peut am\u00e9liorer consid\u00e9rablement la conductivit\u00e9 et l\u2019adh\u00e9rence des p\u00e2tes. Il est largement utilis\u00e9 dans la connexion d\u2019\u00e9lectrodes dans la fabrication de puces et la production de cartes de circuits imprim\u00e9s, etc. Il peut am\u00e9liorer la fiabilit\u00e9 de la connexion entre les composants \u00e9lectroniques, r\u00e9duire la r\u00e9sistance et am\u00e9liorer l\u2019efficacit\u00e9 de fonctionnement des \u00e9quipements \u00e9lectroniques.<\/p>\n<p>M\u00e9tallurgie : Dans la pr\u00e9paration d\u2019alliages sp\u00e9ciaux, l\u2019ajout de poudre Ni2Si peut am\u00e9liorer efficacement la r\u00e9sistance, la duret\u00e9 et la r\u00e9sistance \u00e0 la chaleur de l\u2019alliage. Par exemple, dans la production d\u2019alliages \u00e0 haute temp\u00e9rature, l\u2019ajout de poudre Ni2Si peut am\u00e9liorer la r\u00e9sistance \u00e0 l\u2019oxydation et la stabilit\u00e9 structurelle des alliages dans des environnements \u00e0 haute temp\u00e9rature, de sorte qu\u2019ils conviennent \u00e0 la fabrication de pi\u00e8ces \u00e0 haute temp\u00e9rature de moteurs d\u2019avion et de composants r\u00e9sistants \u00e0 la chaleur de fours industriels.<\/p>\n<p>Champ catalytique : La poudre Ni2Si a une certaine activit\u00e9 catalytique et peut \u00eatre utilis\u00e9e comme catalyseur ou support de catalyseur dans certaines r\u00e9actions de synth\u00e8se organique. Par exemple, dans la r\u00e9action d\u2019hydrog\u00e9nation, la r\u00e9action de d\u00e9shydrog\u00e9nation et d\u2019autres processus, il peut r\u00e9duire l\u2019\u00e9nergie d\u2019activation de la r\u00e9action, am\u00e9liorer la vitesse de r\u00e9action et la s\u00e9lectivit\u00e9, ce qui peut aider le processus de production chimique \u00e0 \u00eatre men\u00e9 efficacement et r\u00e9duire le co\u00fbt de production.<\/p>\n<h2><span style=\"font-size: 14pt;\">Contr\u00f4le de la qualit\u00e9<\/span><\/h2>\n<p><span style=\"color: #0000ff;\"><a style=\"color: #0000ff;\" href=\"https:\/\/vimaterial.de\/fr\/controle-qualite\/\">Le processus de production<\/a> <\/span>de chaque lot de poudre suit strictement le syst\u00e8me international de contr\u00f4le de qualit\u00e9 avanc\u00e9. Des inspections strictes sont effectu\u00e9es \u00e0 chaque \u00e9tape, des mati\u00e8res premi\u00e8res \u00e0 l\u2019inspection du produit fini, en passant par la production. L\u2019inspection comprend la diffraction des rayons X (XRD), le microscope \u00e9lectronique \u00e0 balayage (MEB), l\u2019analyse de la taille des particules laser, la composition de la poudre, les propri\u00e9t\u00e9s physiques (telles que la densit\u00e9 apparente, la densit\u00e9 de vibration, etc.), la composition chimique et la microstructure.<\/p>\n<h2><span style=\"font-size: 14pt;\">Emballage et stockage<\/span><\/h2>\n<p>Les poudres de siliciure de nickel Ni2Si sont emball\u00e9es sous vide dans des bouteilles, remplies de mousse, dans des cartons personnalis\u00e9s.<\/p>\n<p>La poudre de siliciure de nickel Ni2Si est emball\u00e9e sous vide et plac\u00e9e dans un environnement sec et ventil\u00e9, en \u00e9vitant la lumi\u00e8re directe du soleil, et la temp\u00e9rature doit \u00eatre maintenue basse et stable.<\/p>\n","protected":false},"excerpt":{"rendered":"<p>La poudre de <span style=\"color: #0000ff;\"><a style=\"color: #0000ff;\" href=\"https:\/\/vimaterial.de\/fr\/product\/siliciure-de-nickel-2\/\">siliciure de nickel Ni2Si<\/a> <\/span>est un mat\u00e9riau en poudre fabriqu\u00e9 par fusion et broyage du nickel (Ni) et du silicium (Si) dans un rapport atomique de 2:1. La combinaison atomique unique du nickel et du silicium lui conf\u00e8re d\u2019excellentes propri\u00e9t\u00e9s physiques et chimiques, et il est principalement utilis\u00e9 dans les mat\u00e9riaux \u00e9lectroniques, la catalyse, la m\u00e9tallurgie et d\u2019autres domaines.<\/p>\n","protected":false},"featured_media":1034806,"comment_status":"open","ping_status":"closed","template":"","meta":{"_acf_changed":false},"product_brand":[],"product_cat":[240],"product_tag":[],"class_list":{"0":"post-1030779","1":"product","2":"type-product","3":"status-publish","4":"has-post-thumbnail","6":"product_cat-materiaux-c-n-b-si","8":"first","9":"instock","10":"shipping-taxable","11":"product-type-variable"},"acf":[],"_links":{"self":[{"href":"https:\/\/vimaterial.de\/fr\/wp-json\/wp\/v2\/product\/1030779","targetHints":{"allow":["GET"]}}],"collection":[{"href":"https:\/\/vimaterial.de\/fr\/wp-json\/wp\/v2\/product"}],"about":[{"href":"https:\/\/vimaterial.de\/fr\/wp-json\/wp\/v2\/types\/product"}],"replies":[{"embeddable":true,"href":"https:\/\/vimaterial.de\/fr\/wp-json\/wp\/v2\/comments?post=1030779"}],"wp:featuredmedia":[{"embeddable":true,"href":"https:\/\/vimaterial.de\/fr\/wp-json\/wp\/v2\/media\/1034806"}],"wp:attachment":[{"href":"https:\/\/vimaterial.de\/fr\/wp-json\/wp\/v2\/media?parent=1030779"}],"wp:term":[{"taxonomy":"product_brand","embeddable":true,"href":"https:\/\/vimaterial.de\/fr\/wp-json\/wp\/v2\/product_brand?post=1030779"},{"taxonomy":"product_cat","embeddable":true,"href":"https:\/\/vimaterial.de\/fr\/wp-json\/wp\/v2\/product_cat?post=1030779"},{"taxonomy":"product_tag","embeddable":true,"href":"https:\/\/vimaterial.de\/fr\/wp-json\/wp\/v2\/product_tag?post=1030779"}],"curies":[{"name":"wp","href":"https:\/\/api.w.org\/{rel}","templated":true}]}}