{"id":1030770,"date":"2024-06-27T19:45:28","date_gmt":"2024-06-27T11:45:28","guid":{"rendered":"https:\/\/vimaterial.de\/product\/nickel-metal-9\/"},"modified":"2025-02-19T17:00:36","modified_gmt":"2025-02-19T09:00:36","slug":"nickel-metal-9","status":"publish","type":"product","link":"https:\/\/vimaterial.de\/fr\/product\/nickel-metal-9\/","title":{"rendered":"Nickel m\u00e9tal"},"content":{"rendered":"<p><span style=\"color: #0000ff;\"><a style=\"color: #0000ff;\" href=\"https:\/\/vimaterial.de\/fr\/product\/nickel-metal-7\/\">Les cibles rotatives en nickel<\/a><\/span> sont faites de nickel (Ni) de haute puret\u00e9, qui poss\u00e8de des propri\u00e9t\u00e9s telles qu\u2019une meilleure ductilit\u00e9, un meilleur magn\u00e9tisme, une bonne stabilit\u00e9 et une bonne conductivit\u00e9 \u00e9lectrique, et joue un r\u00f4le important dans de nombreux domaines critiques, principalement dans l\u2019information \u00e9lectronique, l\u2019optique et les batteries.<\/p>\n<p>Les cibles rotatives en nickel fournies par VIMATERIAL se caract\u00e9risent par une grande puret\u00e9, une composition homog\u00e8ne et une bonne densification. Nous pouvons fournir des produits personnalis\u00e9s en fonction des exigences des clients et cibler les services de reliure. Notre \u00e9quipe technique a beaucoup d\u2019exp\u00e9rience et peut vous fournir un support technique professionnel, <span style=\"color: #0000ff;\"><a style=\"color: #0000ff;\" href=\"https:\/\/vimaterial.de\/fr\/contact\/\">contactez-nous<\/a><\/span>.<\/p>\n<h2><span style=\"font-size: 14pt;\">Caract\u00e9ristiques<\/span><\/h2>\n<p>Formule mol\u00e9culaire : Ni<\/p>\n<p>Poids mol\u00e9culaire : environ 58,69<\/p>\n<p>Apparence\u00a0: Lustre blanc argent\u00e9 avec texture m\u00e9tallique<\/p>\n<p>Densit\u00e9 : environ 8,908 g\/cm\u00b3.<\/p>\n<p>Point de fusion : environ 1453\u00b0C<\/p>\n<p>Point d\u2019\u00e9bullition : environ 2913\u00b0C<\/p>\n<p>Structure cristalline : structure cristalline cubique \u00e0 face centr\u00e9e (FCC), cette structure conf\u00e8re au nickel une bonne ductilit\u00e9 et plasticit\u00e9, mais affecte \u00e9galement ses propri\u00e9t\u00e9s \u00e9lectriques et thermiques.<\/p>\n<h2><span style=\"font-size: 14pt;\">Application<\/span><\/h2>\n<p>Champ d\u2019information \u00e9lectronique : Dans la fabrication de semi-conducteurs, les couches minces de nickel sont pr\u00e9par\u00e9es par la technologie de d\u00e9p\u00f4t physique en phase vapeur (PVD) \u00e0 l\u2019aide de cibles rotatives en nickel, qui sont utilis\u00e9es pour fabriquer des couches d\u2019interconnexion m\u00e9tallique et des couches barri\u00e8res dans les circuits int\u00e9gr\u00e9s. La bonne conductivit\u00e9 et la stabilit\u00e9 du nickel contribuent \u00e0 am\u00e9liorer les performances et la fiabilit\u00e9 de la puce et garantissent le fonctionnement efficace des \u00e9quipements \u00e9lectroniques.<\/p>\n<p>Domaine du rev\u00eatement optique\u00a0: Il est utilis\u00e9 dans la pr\u00e9paration de lentilles optiques, de miroirs et d\u2019autres \u00e9l\u00e9ments optiques. Le film de nickel peut am\u00e9liorer la r\u00e9flectivit\u00e9, la r\u00e9sistance \u00e0 l\u2019usure et d\u2019autres propri\u00e9t\u00e9s des composants optiques, largement utilis\u00e9s dans les objectifs d\u2019appareil photo, les objectifs de t\u00e9lescope, etc., pour am\u00e9liorer la qualit\u00e9 d\u2019imagerie et la dur\u00e9e de vie des produits optiques.<\/p>\n<p>Domaine des batteries : Dans la pr\u00e9paration des mat\u00e9riaux d\u2019\u00e9lectrode pour les batteries nickel-hydrure m\u00e9tallique, les batteries nickel-cadmium et d\u2019autres batteries, les cibles rotatives en nickel jouent un r\u00f4le important. L\u2019\u00e9lectrode \u00e0 couche mince de nickel form\u00e9e par pulv\u00e9risation peut am\u00e9liorer les performances de charge et de d\u00e9charge, la dur\u00e9e de vie et la stabilit\u00e9 de la batterie, pour r\u00e9pondre aux besoins de diff\u00e9rents appareils sur les performances de la batterie.<\/p>\n<h2><span style=\"font-size: 14pt;\">Contr\u00f4le de la qualit\u00e9<\/span><\/h2>\n<p><span style=\"color: #0000ff;\"><a style=\"color: #0000ff;\" href=\"https:\/\/vimaterial.de\/fr\/controle-qualite\/\">Un syst\u00e8me complet de contr\u00f4le de la qualit\u00e9<\/a><\/span> est strictement mis en \u0153uvre pour chaque lot de cibles au cours du processus de production. Du criblage et des tests des mati\u00e8res premi\u00e8res au contr\u00f4le pr\u00e9cis de la composition et \u00e0 la surveillance des param\u00e8tres du processus pendant le processus de production, en passant par les tests de propri\u00e9t\u00e9s physiques (telles que la duret\u00e9, la densit\u00e9, la conductivit\u00e9 \u00e9lectrique, etc.), l\u2019analyse de la composition chimique et les tests de microstructure du produit fini, chaque \u00e9tape du processus est soumise \u00e0 des tests m\u00e9ticuleux.<\/p>\n<p>De plus, nous fournirons aux clients des rapports de test d\u00e9taill\u00e9s en temps opportun et de mani\u00e8re pr\u00e9cise pour nous assurer que les clients sont totalement assur\u00e9s de la qualit\u00e9 de nos produits.<\/p>\n<h2><span style=\"font-size: 14pt;\">Emballage et stockage<\/span><\/h2>\n<p>Les cibles rotatives en nickel sont ensach\u00e9es sous vide et plac\u00e9es dans des caisses en bois \u00e0 haute r\u00e9sistance personnalis\u00e9es pour le renforcement afin d\u2019assurer la s\u00e9curit\u00e9 et l\u2019int\u00e9grit\u00e9 du produit pendant le transport longue distance et le stockage \u00e0 long terme.<\/p>\n<p>Les cibles rotatives en nickel sont emball\u00e9es sous vide et doivent \u00eatre stock\u00e9es dans un environnement sec et ventil\u00e9 sans gaz corrosifs pour \u00e9viter l\u2019humidit\u00e9 et l\u2019oxydation.<\/p>\n","protected":false},"excerpt":{"rendered":"<p><span style=\"color: #0000ff;\"><a style=\"color: #0000ff;\" href=\"https:\/\/vimaterial.de\/fr\/product\/nickel-metal-7\/\">Les cibles rotatives en nickel<\/a><\/span> sont faites de nickel (Ni) de haute puret\u00e9, qui poss\u00e8de des propri\u00e9t\u00e9s telles qu\u2019une meilleure ductilit\u00e9, un meilleur magn\u00e9tisme, une bonne stabilit\u00e9 et une bonne conductivit\u00e9 \u00e9lectrique, et joue un r\u00f4le important dans de nombreux domaines critiques, principalement dans l\u2019information \u00e9lectronique, l\u2019optique et les batteries.<\/p>\n<p>&nbsp;<\/p>\n","protected":false},"featured_media":1034801,"comment_status":"open","ping_status":"closed","template":"","meta":{"_acf_changed":false},"product_brand":[],"product_cat":[247],"product_tag":[],"class_list":{"0":"post-1030770","1":"product","2":"type-product","3":"status-publish","4":"has-post-thumbnail","6":"product_cat-cibles-de-pulverisation-rotative","8":"first","9":"instock","10":"shipping-taxable","11":"product-type-variable"},"acf":[],"_links":{"self":[{"href":"https:\/\/vimaterial.de\/fr\/wp-json\/wp\/v2\/product\/1030770","targetHints":{"allow":["GET"]}}],"collection":[{"href":"https:\/\/vimaterial.de\/fr\/wp-json\/wp\/v2\/product"}],"about":[{"href":"https:\/\/vimaterial.de\/fr\/wp-json\/wp\/v2\/types\/product"}],"replies":[{"embeddable":true,"href":"https:\/\/vimaterial.de\/fr\/wp-json\/wp\/v2\/comments?post=1030770"}],"wp:featuredmedia":[{"embeddable":true,"href":"https:\/\/vimaterial.de\/fr\/wp-json\/wp\/v2\/media\/1034801"}],"wp:attachment":[{"href":"https:\/\/vimaterial.de\/fr\/wp-json\/wp\/v2\/media?parent=1030770"}],"wp:term":[{"taxonomy":"product_brand","embeddable":true,"href":"https:\/\/vimaterial.de\/fr\/wp-json\/wp\/v2\/product_brand?post=1030770"},{"taxonomy":"product_cat","embeddable":true,"href":"https:\/\/vimaterial.de\/fr\/wp-json\/wp\/v2\/product_cat?post=1030770"},{"taxonomy":"product_tag","embeddable":true,"href":"https:\/\/vimaterial.de\/fr\/wp-json\/wp\/v2\/product_tag?post=1030770"}],"curies":[{"name":"wp","href":"https:\/\/api.w.org\/{rel}","templated":true}]}}