{"id":1030749,"date":"2024-06-27T19:44:23","date_gmt":"2024-06-27T11:44:23","guid":{"rendered":"https:\/\/vimaterial.de\/product\/alliage-de-chrome-et-de-vanadium-2\/"},"modified":"2025-02-19T18:13:05","modified_gmt":"2025-02-19T10:13:05","slug":"alliage-de-chrome-et-de-vanadium-2","status":"publish","type":"product","link":"https:\/\/vimaterial.de\/fr\/product\/alliage-de-chrome-et-de-vanadium-2\/","title":{"rendered":"Alliage de chrome vanadium"},"content":{"rendered":"<p>La cible de pulv\u00e9risation en alliage de chrome vanadium est une sorte de cible de pulv\u00e9risation compos\u00e9e de deux \u00e9l\u00e9ments m\u00e9talliques, le chrome et le vanadium, qui pr\u00e9sente les caract\u00e9ristiques d\u2019une duret\u00e9 \u00e9lev\u00e9e, d\u2019une bonne conductivit\u00e9 thermique, d\u2019une densit\u00e9 plus \u00e9lev\u00e9e, d\u2019une bonne r\u00e9sistance \u00e0 la corrosion, d\u2019une uniformit\u00e9 de composition \u00e9lev\u00e9e, etc. Il est principalement utilis\u00e9 comme mat\u00e9riau cl\u00e9 pour le d\u00e9p\u00f4t physique en phase vapeur dans les domaines de la fabrication de puces \u00e0 semi-conducteurs, du rev\u00eatement optique, du rev\u00eatement du verre et des mat\u00e9riaux r\u00e9sistants \u00e0 l\u2019usure.<\/p>\n<p>Les cibles de pulv\u00e9risation au chrome-vanadium fournies par VIMATERIAL se caract\u00e9risent par une grande puret\u00e9, une composition homog\u00e8ne et une bonne densification. Nous proposons des produits personnalis\u00e9s en fonction des besoins du client et des services de reliure cibl\u00e9s. Notre \u00e9quipe technique poss\u00e8de une vaste exp\u00e9rience et peut vous fournir un support technique professionnel, <span style=\"color: #0000ff;\"><a style=\"color: #0000ff;\" href=\"https:\/\/vimaterial.de\/fr\/contact\/\"><span style=\"color: #0000ff;\">contactez-nous.<\/span><\/a><\/span><\/p>\n<h2><span style=\"font-size: 14pt;\">Quelles sont les propri\u00e9t\u00e9s particuli\u00e8res des cibles de pulv\u00e9risation au chrome vanadium ?<\/span><\/h2>\n<p>Duret\u00e9\u00a0: L\u2019alliage de chrome vanadium dans la formation de chrome, de vanadium et d\u2019autres \u00e9l\u00e9ments de carbure et d\u2019autres phases de renforcement de sorte qu\u2019il a une duret\u00e9 \u00e9lev\u00e9e, peut \u00eatre un processus de pulv\u00e9risation pour maintenir une bonne forme et une stabilit\u00e9 structurelle, n\u2019est pas facile en raison du bombardement d\u2019ions et d\u2019une d\u00e9formation ou d\u2019un dommage grave, peut assurer la qualit\u00e9 du film de pulv\u00e9risation et l\u2019uniformit\u00e9.<\/p>\n<p>Bonne conductivit\u00e9 thermique : les cibles de pulv\u00e9risation au chrome vanadium peuvent conduire efficacement la chaleur g\u00e9n\u00e9r\u00e9e pendant le processus de pulv\u00e9risation, \u00e9vitant ainsi la surchauffe localis\u00e9e de la cible et r\u00e9duisant le risque de modifications des performances et d\u2019endommagement de la cible en raison de l\u2019accumulation de chaleur, ce qui est tr\u00e8s important pour les op\u00e9rations de pulv\u00e9risation de longue dur\u00e9e et de haute puissance.<\/p>\n<p>Densit\u00e9 plus \u00e9lev\u00e9e\u00a0: Une densit\u00e9 plus \u00e9lev\u00e9e donne au mat\u00e9riau cible une meilleure stabilit\u00e9 physique, capable de r\u00e9sister \u00e0 diverses contraintes et impacts dans le processus de pulv\u00e9risation. Dans le m\u00eame temps, une densit\u00e9 plus \u00e9lev\u00e9e contribue \u00e9galement \u00e0 am\u00e9liorer l\u2019efficacit\u00e9 de la pulv\u00e9risation, de sorte que les particules pulv\u00e9ris\u00e9es peuvent \u00eatre d\u00e9pos\u00e9es plus efficacement sur le substrat, formant un film uniforme et dense.<\/p>\n<h2><span style=\"font-size: 14pt;\">Applications<\/span><\/h2>\n<p>Industrie de l\u2019\u00e9lectronique et de l\u2019information : Les cibles de pulv\u00e9risation de chrome vanadium sont utilis\u00e9es pour le d\u00e9p\u00f4t de couches minces dans la fabrication de puces \u00e0 semi-conducteurs. En pulv\u00e9risant un film mince en alliage de chrome-vanadium, il peut r\u00e9aliser les fonctions de conductivit\u00e9, d\u2019isolation et de blocage des dispositifs \u00e0 semi-conducteurs, ce qui est d\u2019une grande importance pour am\u00e9liorer les performances et la fiabilit\u00e9 des dispositifs \u00e0 semi-conducteurs.<\/p>\n<p>Champ optique\u00a0: les cibles de pulv\u00e9risation en alliage de chrome vanadium peuvent \u00eatre utilis\u00e9es dans le rev\u00eatement optique, ces films optiques peuvent am\u00e9liorer les performances des dispositifs optiques.<\/p>\n<p>Rev\u00eatement du verre\u00a0: Les cibles de pulv\u00e9risation en alliage de chrome vanadium sont utilis\u00e9es dans la production de produits en verre sp\u00e9ciaux tels que le verre \u00e0 couche \u00e0 faible \u00e9missivit\u00e9. Le verre \u00e0 couche Low-E a de bonnes propri\u00e9t\u00e9s d\u2019\u00e9conomie d\u2019\u00e9nergie, d\u2019isolation thermique et de conservation de la chaleur, et est largement utilis\u00e9 dans la construction, l\u2019automobile et d\u2019autres domaines. La cible de pulv\u00e9risation en alliage de chrome-vanadium peut former un film uniforme et dense \u00e0 la surface du verre, conf\u00e9rant au verre des propri\u00e9t\u00e9s particuli\u00e8res.<\/p>\n<h2><span style=\"font-size: 14pt;\">Contr\u00f4le de la qualit\u00e9<\/span><\/h2>\n<p><span style=\"color: #0000ff;\"><a style=\"color: #0000ff;\" href=\"https:\/\/vimaterial.de\/fr\/controle-qualite\/\">Un syst\u00e8me de contr\u00f4le de la qualit\u00e9 strict<\/a> <\/span>est mis en \u0153uvre pour chaque lot de production, et des tests d\u00e9taill\u00e9s sont effectu\u00e9s dans tous les aspects, du contenu de la composition, des propri\u00e9t\u00e9s physiques \u00e0 la microstructure, et des rapports de test d\u00e9taill\u00e9s sont fournis en temps opportun et avec pr\u00e9cision.<\/p>\n<h2><span style=\"font-size: 14pt;\">Emballage et stockage<\/span><\/h2>\n<p>Les cibles de pulv\u00e9risation au chrome vanadium sont emball\u00e9es sous vide dans des bo\u00eetes personnalis\u00e9es, qui sont ensuite plac\u00e9es dans des bo\u00eetes en carton et prot\u00e9g\u00e9es par de la mousse pour assurer un transport s\u00fbr des produits.<\/p>\n<p>Les cibles de pulv\u00e9risation au chrome vanadium doivent \u00eatre emball\u00e9es sous vide et stock\u00e9es dans un environnement sec et ventil\u00e9, exempt de gaz corrosifs et \u00e0 l\u2019abri de la lumi\u00e8re directe du soleil, avec une temp\u00e9rature et une humidit\u00e9 appropri\u00e9es.<\/p>\n","protected":false},"excerpt":{"rendered":"<p>La cible de pulv\u00e9risation en alliage de chrome vanadium est une sorte de cible de pulv\u00e9risation compos\u00e9e de deux \u00e9l\u00e9ments m\u00e9talliques, le chrome et le vanadium, qui pr\u00e9sente les caract\u00e9ristiques d\u2019une duret\u00e9 \u00e9lev\u00e9e, d\u2019une bonne conductivit\u00e9 thermique, d\u2019une densit\u00e9 plus \u00e9lev\u00e9e, d\u2019une bonne r\u00e9sistance \u00e0 la corrosion, d\u2019une uniformit\u00e9 de composition \u00e9lev\u00e9e, etc. Il est principalement utilis\u00e9 comme mat\u00e9riau cl\u00e9 pour le d\u00e9p\u00f4t physique en phase vapeur dans les domaines de la fabrication de puces \u00e0 semi-conducteurs, du rev\u00eatement optique, du rev\u00eatement du verre et des mat\u00e9riaux r\u00e9sistants \u00e0 l\u2019usure.<\/p>\n","protected":false},"featured_media":1034791,"comment_status":"open","ping_status":"closed","template":"","meta":{"_acf_changed":false},"product_brand":[],"product_cat":[235],"product_tag":[],"class_list":{"0":"post-1030749","1":"product","2":"type-product","3":"status-publish","4":"has-post-thumbnail","6":"product_cat-cibles-de-pulverisation-planaire","8":"first","9":"instock","10":"shipping-taxable","11":"product-type-variable"},"acf":[],"_links":{"self":[{"href":"https:\/\/vimaterial.de\/fr\/wp-json\/wp\/v2\/product\/1030749","targetHints":{"allow":["GET"]}}],"collection":[{"href":"https:\/\/vimaterial.de\/fr\/wp-json\/wp\/v2\/product"}],"about":[{"href":"https:\/\/vimaterial.de\/fr\/wp-json\/wp\/v2\/types\/product"}],"replies":[{"embeddable":true,"href":"https:\/\/vimaterial.de\/fr\/wp-json\/wp\/v2\/comments?post=1030749"}],"wp:featuredmedia":[{"embeddable":true,"href":"https:\/\/vimaterial.de\/fr\/wp-json\/wp\/v2\/media\/1034791"}],"wp:attachment":[{"href":"https:\/\/vimaterial.de\/fr\/wp-json\/wp\/v2\/media?parent=1030749"}],"wp:term":[{"taxonomy":"product_brand","embeddable":true,"href":"https:\/\/vimaterial.de\/fr\/wp-json\/wp\/v2\/product_brand?post=1030749"},{"taxonomy":"product_cat","embeddable":true,"href":"https:\/\/vimaterial.de\/fr\/wp-json\/wp\/v2\/product_cat?post=1030749"},{"taxonomy":"product_tag","embeddable":true,"href":"https:\/\/vimaterial.de\/fr\/wp-json\/wp\/v2\/product_tag?post=1030749"}],"curies":[{"name":"wp","href":"https:\/\/api.w.org\/{rel}","templated":true}]}}