{"id":1030735,"date":"2024-06-27T19:43:49","date_gmt":"2024-06-27T11:43:49","guid":{"rendered":"https:\/\/vimaterial.de\/product\/suboxyde-de-titane-4\/"},"modified":"2025-02-19T18:34:57","modified_gmt":"2025-02-19T10:34:57","slug":"suboxyde-de-titane-4","status":"publish","type":"product","link":"https:\/\/vimaterial.de\/fr\/product\/suboxyde-de-titane-4\/","title":{"rendered":"Sous-oxyde de titane"},"content":{"rendered":"<p>Les cibles rotatives <span style=\"color: #0000ff;\"><a style=\"color: #0000ff;\" href=\"https:\/\/vimaterial.de\/fr\/product\/suboxyde-de-titane-3\/\">de sous-oxyde de titane<\/a><\/span> sont synth\u00e9tis\u00e9es par un processus sp\u00e9cifique de titane et d\u2019oxyg\u00e8ne, avec un \u00e9clat m\u00e9tallique gris-noir et une structure cristalline cubique de type chlorure de sodium, et sont largement utilis\u00e9es dans les rev\u00eatements optiques, les mat\u00e9riaux \u00e9lectroniques, les rev\u00eatements r\u00e9sistants \u00e0 la corrosion et d\u2019autres domaines.<\/p>\n<p>Les cibles tubulaires fournies par VIMATERIAL se caract\u00e9risent par une grande puret\u00e9, une composition homog\u00e8ne et de bonnes densit\u00e9s. Nous pouvons fournir des services personnalis\u00e9s en fonction des exigences des clients, telles que l\u2019ajustement de la taille de la cible, l\u2019optimisation du rapport de composition, etc. Nous fournissons \u00e9galement des solutions professionnelles d\u2019emballage et d\u2019exp\u00e9dition. Notre \u00e9quipe technique poss\u00e8de une grande exp\u00e9rience et peut vous fournir un support technique professionnel, <span style=\"color: #0000ff;\"><a style=\"color: #0000ff;\" href=\"https:\/\/vimaterial.de\/fr\/contact\/\">contactez-nous<\/a><\/span>.<\/p>\n<h2><span style=\"font-size: 14pt;\">Caract\u00e9ristiques<\/span><\/h2>\n<p>Formule mol\u00e9culaire : TiO<\/p>\n<p>Poids mol\u00e9culaire : environ 63,87<\/p>\n<p>Aspect : lustre m\u00e9tallis\u00e9 gris-noir<\/p>\n<p>Densit\u00e9 : environ 4,93 g\/cm\u00b3.<\/p>\n<p>Point de fusion : environ 1750\u00b0C<\/p>\n<p>Structure cristalline : Il appartient \u00e0 la structure cristalline cubique de type chlorure de sodium, avec des atomes de titane et d\u2019oxyg\u00e8ne dispos\u00e9s de mani\u00e8re ordonn\u00e9e dans le r\u00e9seau cristallin. Cette structure a une influence importante sur la stabilit\u00e9 \u00e9lectrique, optique et chimique du monoxyde de titane.<\/p>\n<h2><span style=\"font-size: 14pt;\">Application<\/span><\/h2>\n<p>Rev\u00eatement optique : Gr\u00e2ce au proc\u00e9d\u00e9 de d\u00e9p\u00f4t physique en phase vapeur (PVD), des cibles rotatives de monoxyde de titane peuvent \u00eatre pr\u00e9par\u00e9es pour produire des films minces avec des propri\u00e9t\u00e9s optiques sp\u00e9ciales. Ces films ont un indice de r\u00e9fraction \u00e9lev\u00e9 et une bonne transmission de la lumi\u00e8re, et sont couramment utilis\u00e9s dans la fabrication de lentilles optiques, de filtres, de films d\u2019am\u00e9lioration de la transmittance et d\u2019autres composants optiques.<\/p>\n<p>Domaine des mat\u00e9riaux \u00e9lectroniques\u00a0: Le sous-oxyde de titane a un certain degr\u00e9 de conductivit\u00e9 et des propri\u00e9t\u00e9s \u00e9lectriques uniques, peut \u00eatre utilis\u00e9 dans la fabrication de dispositifs \u00e9lectroniques dans les mat\u00e9riaux d\u2019\u00e9lectrode, les mat\u00e9riaux r\u00e9sistifs et les dispositifs semi-conducteurs, tels que la couche tampon. Dans certains nouveaux appareils \u00e9lectroniques, l\u2019utilisation des caract\u00e9ristiques du monoxyde de titane peut optimiser les performances de l\u2019appareil.<\/p>\n<p>Rev\u00eatements r\u00e9sistants \u00e0 la corrosion : En raison de sa bonne stabilit\u00e9 chimique et de sa certaine duret\u00e9, les rev\u00eatements pr\u00e9par\u00e9s par des cibles rotatives de sous-oxyde de titane peuvent am\u00e9liorer efficacement la r\u00e9sistance \u00e0 la corrosion des mat\u00e9riaux m\u00e9talliques.<\/p>\n<h2><span style=\"font-size: 14pt;\">Contr\u00f4le de la qualit\u00e9<\/span><\/h2>\n<p><span style=\"color: #0000ff;\"><a style=\"color: #0000ff;\" href=\"https:\/\/vimaterial.de\/fr\/controle-qualite\/\">Un syst\u00e8me de contr\u00f4le de la qualit\u00e9 strict<\/a><\/span> est mis en \u0153uvre pour chaque lot de production, et des tests d\u00e9taill\u00e9s sont effectu\u00e9s dans tous les aspects, du contenu de la composition, des propri\u00e9t\u00e9s physiques \u00e0 la microstructure, et des rapports de test d\u00e9taill\u00e9s sont fournis en temps opportun et avec pr\u00e9cision.<\/p>\n<h2><span style=\"font-size: 14pt;\">Emballage et stockage<\/span><\/h2>\n<p>Les cibles rotatives en sous-oxyde de titane sont ensach\u00e9es et plac\u00e9es dans des caisses en bois personnalis\u00e9es par des professionnels, remplies de mousse pour assurer un transport en toute s\u00e9curit\u00e9.<\/p>\n<p>Les cibles rotatives en sous-oxyde de titane doivent \u00eatre stock\u00e9es dans un environnement sec et ventil\u00e9, \u00e0 l\u2019abri des gaz corrosifs et de la lumi\u00e8re directe du soleil, avec une temp\u00e9rature et une humidit\u00e9 appropri\u00e9es.<\/p>\n","protected":false},"excerpt":{"rendered":"<p>Les cibles rotatives <span style=\"color: #0000ff;\"><a style=\"color: #0000ff;\" href=\"https:\/\/vimaterial.de\/fr\/product\/suboxyde-de-titane-3\/\">de sous-oxyde de titane<\/a><\/span> sont synth\u00e9tis\u00e9es par un processus sp\u00e9cifique de titane et d\u2019oxyg\u00e8ne, avec un \u00e9clat m\u00e9tallique gris-noir et une structure cristalline cubique de type chlorure de sodium, et sont largement utilis\u00e9es dans les rev\u00eatements optiques, les mat\u00e9riaux \u00e9lectroniques, les rev\u00eatements r\u00e9sistants \u00e0 la corrosion et d\u2019autres domaines.<\/p>\n","protected":false},"featured_media":1034786,"comment_status":"open","ping_status":"closed","template":"","meta":{"_acf_changed":false},"product_brand":[],"product_cat":[247],"product_tag":[],"class_list":{"0":"post-1030735","1":"product","2":"type-product","3":"status-publish","4":"has-post-thumbnail","6":"product_cat-cibles-de-pulverisation-rotative","8":"first","9":"instock","10":"shipping-taxable","11":"product-type-variable"},"acf":[],"_links":{"self":[{"href":"https:\/\/vimaterial.de\/fr\/wp-json\/wp\/v2\/product\/1030735","targetHints":{"allow":["GET"]}}],"collection":[{"href":"https:\/\/vimaterial.de\/fr\/wp-json\/wp\/v2\/product"}],"about":[{"href":"https:\/\/vimaterial.de\/fr\/wp-json\/wp\/v2\/types\/product"}],"replies":[{"embeddable":true,"href":"https:\/\/vimaterial.de\/fr\/wp-json\/wp\/v2\/comments?post=1030735"}],"wp:featuredmedia":[{"embeddable":true,"href":"https:\/\/vimaterial.de\/fr\/wp-json\/wp\/v2\/media\/1034786"}],"wp:attachment":[{"href":"https:\/\/vimaterial.de\/fr\/wp-json\/wp\/v2\/media?parent=1030735"}],"wp:term":[{"taxonomy":"product_brand","embeddable":true,"href":"https:\/\/vimaterial.de\/fr\/wp-json\/wp\/v2\/product_brand?post=1030735"},{"taxonomy":"product_cat","embeddable":true,"href":"https:\/\/vimaterial.de\/fr\/wp-json\/wp\/v2\/product_cat?post=1030735"},{"taxonomy":"product_tag","embeddable":true,"href":"https:\/\/vimaterial.de\/fr\/wp-json\/wp\/v2\/product_tag?post=1030735"}],"curies":[{"name":"wp","href":"https:\/\/api.w.org\/{rel}","templated":true}]}}